{"id":1724,"date":"2023-12-14T19:11:30","date_gmt":"2023-12-14T23:11:30","guid":{"rendered":"https:\/\/delmetals.wpenginepowered.com\/product\/a-795-et-a-135-noir-galvanise\/"},"modified":"2024-05-23T16:42:56","modified_gmt":"2024-05-23T20:42:56","slug":"a-795-et-a-135-noir-galvanise","status":"publish","type":"product","link":"https:\/\/www.delmetals.com\/fr\/product\/a-795-et-a-135-noir-galvanise\/","title":{"rendered":"A-795 et A-135 Noirs &amp; Galvanis\u00e9s"},"content":{"rendered":"\r\n<section id=\"centered-content-block_08de8ea565c1ece2fe11f0d194260b7a\"\r\n         class=\"orange-block centered-content-block\"\r\n    >\r\n\r\n\r\n    \r\n    <div class=\"container\">\r\n        <div class=\"row\">\r\n            <div class=\"col-12 content-column\" tabindex=\"0\">\r\n                <div class=\"content-container\">\r\n                                            <h3>Explorez nos tuyaux de haute qualit\u00e9 A-795 &amp; A-135 noirs et galvanis\u00e9s.<\/h3>\n<p>Nous avons des tuyaux A-795 &amp; A-135 noirs et galvanis\u00e9s qui r\u00e9pondent aux normes de l&rsquo;industrie. Trouvez le stock pour r\u00e9pondre \u00e0 vos besoins. Nous stockons le mat\u00e9riel avec les extr\u00e9mit\u00e9s lisses rainur\u00e9es.<\/p>\n                <\/div>\r\n            <\/div>\r\n        <\/div>\r\n\r\n\t    \r\n    <\/div>\r\n    \r\n<\/section>\r\n\r\n    <section id=\"table-i18n-block_f156c4068fdf875a56b819b5d8d18a37\" class=\"orange-block table-i18n-block\" >\r\n\r\n    \r\n\t    <!-- Block title -->\r\n\t    <div class=\"container\">\r\n\t\t    <div class=\"row\">\r\n\t\t\t    <div class=\"col-12 block-title-wrap\">\r\n\t\t\t\t    \t\t\t\t\t    <h2 class=\"h2 block-title\">Sp\u00e9cifications des tuyaux A-795 noirs et galvanis\u00e9s<\/h2>\r\n\t\t\t\t    \t\t\t\t    \t\t\t    <\/div>\r\n\t\t    <\/div>\r\n\t    <\/div>\r\n\r\n    \r\n        <!-- Block content -->\r\n        <div class=\"table-container container\">\r\n\r\n            <div class=\"row table-row\">\r\n                <div class=\"col-12\">\r\n                    \n<table id=\"tablepress-70\" class=\"tablepress tablepress-id-70\">\n<thead>\n<tr class=\"row-1\">\n\t<th class=\"column-1\">\u00c9p. en po. &amp; Calibre<\/th><th class=\"column-2\">Lbs.\/pied<\/th><th class=\"column-3\">Fini<\/th>\n<\/tr>\n<\/thead>\n<tbody class=\"row-striping row-hover\">\n<tr class=\"row-2\">\n\t<td class=\"column-1\">1-1\/4\" SCHEDULE 10<\/td><td class=\"column-2\">1.806<\/td><td class=\"column-3\">GALV<\/td>\n<\/tr>\n<tr class=\"row-3\">\n\t<td class=\"column-1\">1-1\/2\" SCHEDULE 10<\/td><td class=\"column-2\">2.085<\/td><td class=\"column-3\">GALV<\/td>\n<\/tr>\n<tr class=\"row-4\">\n\t<td class=\"column-1\">2\" SCHEDULE 10<\/td><td class=\"column-2\">2.638<\/td><td class=\"column-3\">GALV<\/td>\n<\/tr>\n<tr class=\"row-5\">\n\t<td class=\"column-1\">2-1\/2\" SCHEDULE 10<\/td><td class=\"column-2\">3.531<\/td><td class=\"column-3\">GALV<\/td>\n<\/tr>\n<tr class=\"row-6\">\n\t<td class=\"column-1\">3\" SCHEDULE 10<\/td><td class=\"column-2\">4.332<\/td><td class=\"column-3\">GALV<\/td>\n<\/tr>\n<tr class=\"row-7\">\n\t<td class=\"column-1\">4\" SCHEDULE 10<\/td><td class=\"column-2\">5.613<\/td><td class=\"column-3\">GALV<\/td>\n<\/tr>\n<tr class=\"row-8\">\n\t<td class=\"column-1\">5\" SCHEDULE 10<\/td><td class=\"column-2\">7.77<\/td><td class=\"column-3\">GALV<\/td>\n<\/tr>\n<tr class=\"row-9\">\n\t<td class=\"column-1\">6\" SCHEDULE 10<\/td><td class=\"column-2\">9.289<\/td><td class=\"column-3\">GALV<\/td>\n<\/tr>\n<tr class=\"row-10\">\n\t<td class=\"column-1\">8\" SCHEDULE 10<\/td><td class=\"column-2\">16.94<\/td><td class=\"column-3\">GALV<\/td>\n<\/tr>\n<\/tbody>\n<\/table>\n<!-- #tablepress-70 from cache -->\r\n                <\/div>\r\n            <\/div>\r\n\r\n        \r\n        <\/div>\r\n\r\n    <\/section>\r\n\r\n\r\n    <section id=\"table-i18n-block_154194921a3e7379c9928ca834fd6497\" class=\"orange-block table-i18n-block\" >\r\n\r\n    \r\n\t    <!-- Block title -->\r\n\t    <div class=\"container\">\r\n\t\t    <div class=\"row\">\r\n\t\t\t    <div class=\"col-12 block-title-wrap\">\r\n\t\t\t\t    \t\t\t\t\t    <h2 class=\"h2 block-title\">Sp\u00e9cifications des tuyaux A-135 noirs et galvanis\u00e9s<\/h2>\r\n\t\t\t\t    \t\t\t\t    \t\t\t    <\/div>\r\n\t\t    <\/div>\r\n\t    <\/div>\r\n\r\n    \r\n        <!-- Block content -->\r\n        <div class=\"table-container container\">\r\n\r\n            <div class=\"row table-row\">\r\n                <div class=\"col-12\">\r\n                    \n<table id=\"tablepress-69\" class=\"tablepress tablepress-id-69\">\n<thead>\n<tr class=\"row-1\">\n\t<th class=\"column-1\">\u00c9p. en po. &amp; Calibre<\/th><th class=\"column-2\">Lbs.\/pied<\/th><th class=\"column-3\">Fini<\/th>\n<\/tr>\n<\/thead>\n<tbody class=\"row-striping row-hover\">\n<tr class=\"row-2\">\n\t<td class=\"column-1\">1-1\/4\" SCHEDULE 10<\/td><td class=\"column-2\">1.806<\/td><td class=\"column-3\">GALV<\/td>\n<\/tr>\n<tr class=\"row-3\">\n\t<td class=\"column-1\">1-1\/2\" SCHEDULE 10<\/td><td class=\"column-2\">2.085<\/td><td class=\"column-3\">GALV<\/td>\n<\/tr>\n<tr class=\"row-4\">\n\t<td class=\"column-1\">2\" SCHEDULE 10<\/td><td class=\"column-2\">2.638<\/td><td class=\"column-3\">GALV<\/td>\n<\/tr>\n<tr class=\"row-5\">\n\t<td class=\"column-1\">2-1\/2\" SCHEDULE 10<\/td><td class=\"column-2\">3.531<\/td><td class=\"column-3\">GALV<\/td>\n<\/tr>\n<tr class=\"row-6\">\n\t<td class=\"column-1\">3\" SCHEDULE 10<\/td><td class=\"column-2\">4.332<\/td><td class=\"column-3\">GALV<\/td>\n<\/tr>\n<tr class=\"row-7\">\n\t<td class=\"column-1\">4\" SCHEDULE 10<\/td><td class=\"column-2\">5.613<\/td><td class=\"column-3\">GALV<\/td>\n<\/tr>\n<tr class=\"row-8\">\n\t<td class=\"column-1\">5\" SCHEDULE 10<\/td><td class=\"column-2\">7.77<\/td><td class=\"column-3\">GALV<\/td>\n<\/tr>\n<tr class=\"row-9\">\n\t<td class=\"column-1\">6\" SCHEDULE 10<\/td><td class=\"column-2\">9.289<\/td><td class=\"column-3\">GALV<\/td>\n<\/tr>\n<tr class=\"row-10\">\n\t<td class=\"column-1\">8\" SCHEDULE 10<\/td><td class=\"column-2\">16.94<\/td><td class=\"column-3\">GALV<\/td>\n<\/tr>\n<\/tbody>\n<\/table>\n<!-- #tablepress-69 from cache -->\r\n                <\/div>\r\n            <\/div>\r\n\r\n        \r\n        <\/div>\r\n\r\n    <\/section>\r\n\r\n","protected":false},"featured_media":1612,"template":"","class_list":["post-1724","product","type-product","status-publish","has-post-thumbnail","hentry"],"acf":[],"yoast_head":"<!-- This site is optimized with the Yoast SEO plugin v27.0 - https:\/\/yoast.com\/product\/yoast-seo-wordpress\/ -->\n<title>A-795 et A-135 Noirs &amp; Galvanis\u00e9s - Del Metals<\/title>\n<meta name=\"robots\" content=\"index, follow, max-snippet:-1, max-image-preview:large, max-video-preview:-1\" \/>\n<link rel=\"canonical\" href=\"https:\/\/www.delmetals.com\/fr\/product\/a-795-et-a-135-noir-galvanise\/\" \/>\n<meta property=\"og:locale\" content=\"fr_FR\" \/>\n<meta property=\"og:type\" content=\"article\" \/>\n<meta property=\"og:title\" content=\"A-795 et A-135 Noirs &amp; Galvanis\u00e9s - Del Metals\" \/>\n<meta property=\"og:url\" content=\"https:\/\/www.delmetals.com\/fr\/product\/a-795-et-a-135-noir-galvanise\/\" \/>\n<meta property=\"og:site_name\" content=\"Del Metals\" \/>\n<meta property=\"article:modified_time\" content=\"2024-05-23T20:42:56+00:00\" \/>\n<meta property=\"og:image\" content=\"https:\/\/www.delmetals.com\/wp-content\/uploads\/2023\/12\/NZ9_7080-HDR-Edit-A-795-A-135-Black-Galvanized.jpg\" \/>\n\t<meta property=\"og:image:width\" content=\"1920\" \/>\n\t<meta property=\"og:image:height\" content=\"1280\" \/>\n\t<meta property=\"og:image:type\" content=\"image\/jpeg\" \/>\n<meta name=\"twitter:card\" content=\"summary_large_image\" \/>\n<script type=\"application\/ld+json\" class=\"yoast-schema-graph\">{\"@context\":\"https:\/\/schema.org\",\"@graph\":[{\"@type\":\"WebPage\",\"@id\":\"https:\/\/www.delmetals.com\/fr\/product\/a-795-et-a-135-noir-galvanise\/\",\"url\":\"https:\/\/www.delmetals.com\/fr\/product\/a-795-et-a-135-noir-galvanise\/\",\"name\":\"A-795 et A-135 Noirs &amp; Galvanis\u00e9s - Del Metals\",\"isPartOf\":{\"@id\":\"https:\/\/www.delmetals.com\/#website\"},\"primaryImageOfPage\":{\"@id\":\"https:\/\/www.delmetals.com\/fr\/product\/a-795-et-a-135-noir-galvanise\/#primaryimage\"},\"image\":{\"@id\":\"https:\/\/www.delmetals.com\/fr\/product\/a-795-et-a-135-noir-galvanise\/#primaryimage\"},\"thumbnailUrl\":\"https:\/\/www.delmetals.com\/wp-content\/uploads\/2023\/12\/NZ9_7080-HDR-Edit-A-795-A-135-Black-Galvanized.jpg\",\"datePublished\":\"2023-12-14T23:11:30+00:00\",\"dateModified\":\"2024-05-23T20:42:56+00:00\",\"breadcrumb\":{\"@id\":\"https:\/\/www.delmetals.com\/fr\/product\/a-795-et-a-135-noir-galvanise\/#breadcrumb\"},\"inLanguage\":\"fr-FR\",\"potentialAction\":[{\"@type\":\"ReadAction\",\"target\":[\"https:\/\/www.delmetals.com\/fr\/product\/a-795-et-a-135-noir-galvanise\/\"]}]},{\"@type\":\"ImageObject\",\"inLanguage\":\"fr-FR\",\"@id\":\"https:\/\/www.delmetals.com\/fr\/product\/a-795-et-a-135-noir-galvanise\/#primaryimage\",\"url\":\"https:\/\/www.delmetals.com\/wp-content\/uploads\/2023\/12\/NZ9_7080-HDR-Edit-A-795-A-135-Black-Galvanized.jpg\",\"contentUrl\":\"https:\/\/www.delmetals.com\/wp-content\/uploads\/2023\/12\/NZ9_7080-HDR-Edit-A-795-A-135-Black-Galvanized.jpg\",\"width\":1920,\"height\":1280},{\"@type\":\"BreadcrumbList\",\"@id\":\"https:\/\/www.delmetals.com\/fr\/product\/a-795-et-a-135-noir-galvanise\/#breadcrumb\",\"itemListElement\":[{\"@type\":\"ListItem\",\"position\":1,\"name\":\"Home\",\"item\":\"https:\/\/www.delmetals.com\/\"},{\"@type\":\"ListItem\",\"position\":2,\"name\":\"A-795 et A-135 Noirs &amp; Galvanis\u00e9s\"}]},{\"@type\":\"WebSite\",\"@id\":\"https:\/\/www.delmetals.com\/#website\",\"url\":\"https:\/\/www.delmetals.com\/\",\"name\":\"Del Metals\",\"description\":\"\",\"potentialAction\":[{\"@type\":\"SearchAction\",\"target\":{\"@type\":\"EntryPoint\",\"urlTemplate\":\"https:\/\/www.delmetals.com\/?s={search_term_string}\"},\"query-input\":{\"@type\":\"PropertyValueSpecification\",\"valueRequired\":true,\"valueName\":\"search_term_string\"}}],\"inLanguage\":\"fr-FR\"}]}<\/script>\n<!-- \/ Yoast SEO plugin. -->","yoast_head_json":{"title":"A-795 et A-135 Noirs &amp; Galvanis\u00e9s - Del Metals","robots":{"index":"index","follow":"follow","max-snippet":"max-snippet:-1","max-image-preview":"max-image-preview:large","max-video-preview":"max-video-preview:-1"},"canonical":"https:\/\/www.delmetals.com\/fr\/product\/a-795-et-a-135-noir-galvanise\/","og_locale":"fr_FR","og_type":"article","og_title":"A-795 et A-135 Noirs &amp; Galvanis\u00e9s - Del Metals","og_url":"https:\/\/www.delmetals.com\/fr\/product\/a-795-et-a-135-noir-galvanise\/","og_site_name":"Del Metals","article_modified_time":"2024-05-23T20:42:56+00:00","og_image":[{"width":1920,"height":1280,"url":"https:\/\/www.delmetals.com\/wp-content\/uploads\/2023\/12\/NZ9_7080-HDR-Edit-A-795-A-135-Black-Galvanized.jpg","type":"image\/jpeg"}],"twitter_card":"summary_large_image","schema":{"@context":"https:\/\/schema.org","@graph":[{"@type":"WebPage","@id":"https:\/\/www.delmetals.com\/fr\/product\/a-795-et-a-135-noir-galvanise\/","url":"https:\/\/www.delmetals.com\/fr\/product\/a-795-et-a-135-noir-galvanise\/","name":"A-795 et A-135 Noirs &amp; Galvanis\u00e9s - Del Metals","isPartOf":{"@id":"https:\/\/www.delmetals.com\/#website"},"primaryImageOfPage":{"@id":"https:\/\/www.delmetals.com\/fr\/product\/a-795-et-a-135-noir-galvanise\/#primaryimage"},"image":{"@id":"https:\/\/www.delmetals.com\/fr\/product\/a-795-et-a-135-noir-galvanise\/#primaryimage"},"thumbnailUrl":"https:\/\/www.delmetals.com\/wp-content\/uploads\/2023\/12\/NZ9_7080-HDR-Edit-A-795-A-135-Black-Galvanized.jpg","datePublished":"2023-12-14T23:11:30+00:00","dateModified":"2024-05-23T20:42:56+00:00","breadcrumb":{"@id":"https:\/\/www.delmetals.com\/fr\/product\/a-795-et-a-135-noir-galvanise\/#breadcrumb"},"inLanguage":"fr-FR","potentialAction":[{"@type":"ReadAction","target":["https:\/\/www.delmetals.com\/fr\/product\/a-795-et-a-135-noir-galvanise\/"]}]},{"@type":"ImageObject","inLanguage":"fr-FR","@id":"https:\/\/www.delmetals.com\/fr\/product\/a-795-et-a-135-noir-galvanise\/#primaryimage","url":"https:\/\/www.delmetals.com\/wp-content\/uploads\/2023\/12\/NZ9_7080-HDR-Edit-A-795-A-135-Black-Galvanized.jpg","contentUrl":"https:\/\/www.delmetals.com\/wp-content\/uploads\/2023\/12\/NZ9_7080-HDR-Edit-A-795-A-135-Black-Galvanized.jpg","width":1920,"height":1280},{"@type":"BreadcrumbList","@id":"https:\/\/www.delmetals.com\/fr\/product\/a-795-et-a-135-noir-galvanise\/#breadcrumb","itemListElement":[{"@type":"ListItem","position":1,"name":"Home","item":"https:\/\/www.delmetals.com\/"},{"@type":"ListItem","position":2,"name":"A-795 et A-135 Noirs &amp; Galvanis\u00e9s"}]},{"@type":"WebSite","@id":"https:\/\/www.delmetals.com\/#website","url":"https:\/\/www.delmetals.com\/","name":"Del Metals","description":"","potentialAction":[{"@type":"SearchAction","target":{"@type":"EntryPoint","urlTemplate":"https:\/\/www.delmetals.com\/?s={search_term_string}"},"query-input":{"@type":"PropertyValueSpecification","valueRequired":true,"valueName":"search_term_string"}}],"inLanguage":"fr-FR"}]}},"_links":{"self":[{"href":"https:\/\/www.delmetals.com\/fr\/wp-json\/wp\/v2\/product\/1724","targetHints":{"allow":["GET"]}}],"collection":[{"href":"https:\/\/www.delmetals.com\/fr\/wp-json\/wp\/v2\/product"}],"about":[{"href":"https:\/\/www.delmetals.com\/fr\/wp-json\/wp\/v2\/types\/product"}],"wp:featuredmedia":[{"embeddable":true,"href":"https:\/\/www.delmetals.com\/fr\/wp-json\/wp\/v2\/media\/1612"}],"wp:attachment":[{"href":"https:\/\/www.delmetals.com\/fr\/wp-json\/wp\/v2\/media?parent=1724"}],"curies":[{"name":"wp","href":"https:\/\/api.w.org\/{rel}","templated":true}]}}