{"id":1723,"date":"2023-12-14T19:10:38","date_gmt":"2023-12-14T19:10:38","guid":{"rendered":"https:\/\/delmetals.wpenginepowered.com\/product\/a-53-noir-galvanise\/"},"modified":"2024-05-23T16:35:02","modified_gmt":"2024-05-23T20:35:02","slug":"a-53-noir-galvanise","status":"publish","type":"product","link":"https:\/\/www.delmetals.com\/fr\/product\/a-53-noir-galvanise\/","title":{"rendered":"A-53 Noirs &amp; Galvanis\u00e9s"},"content":{"rendered":"\r\n<section id=\"centered-content-block_c7831b63adc3c049918be9e48b9b9e00\"\r\n         class=\"orange-block centered-content-block\"\r\n    >\r\n\r\n\r\n    \r\n    <div class=\"container\">\r\n        <div class=\"row\">\r\n            <div class=\"col-12 content-column\" tabindex=\"0\">\r\n                <div class=\"content-container\">\r\n                                            <h3>Comptez sur nous pour des tuyaux A-53 noirs et galvanis\u00e9s de haute qualit\u00e9<\/h3>\n<p>Nous proposons des tuyaux A-53 noirs et galvanis\u00e9s qui r\u00e9pondent aux normes de l&rsquo;industrie. Nous sommes un distributeur principal de tuyaux test\u00e9s, offrant des mat\u00e9riaux avec des extr\u00e9mit\u00e9s lisses, \u00e0 rainures roul\u00e9es et filet\u00e9es et accoupl\u00e9es. Servir nos clients avec des besoins et des exigences diff\u00e9rents et notre vaste gamme de stocks est ce que nous faisons de mieux !<\/p>\n                <\/div>\r\n            <\/div>\r\n        <\/div>\r\n\r\n\t    \r\n    <\/div>\r\n    \r\n<\/section>\r\n\r\n    <section id=\"table-i18n-block_7279321a712ad76fe73ad0e01e84bfd1\" class=\"orange-block table-i18n-block\" >\r\n\r\n    \r\n\t    <!-- Block title -->\r\n\t    <div class=\"container\">\r\n\t\t    <div class=\"row\">\r\n\t\t\t    <div class=\"col-12 block-title-wrap\">\r\n\t\t\t\t    \t\t\t\t\t    <h2 class=\"h2 block-title\">Sp\u00e9cifications des tuyaux A-53 noirs<\/h2>\r\n\t\t\t\t    \t\t\t\t    \t\t\t    <\/div>\r\n\t\t    <\/div>\r\n\t    <\/div>\r\n\r\n    \r\n        <!-- Block content -->\r\n        <div class=\"table-container container\">\r\n\r\n            <div class=\"row table-row\">\r\n                <div class=\"col-12\">\r\n                    \n<table id=\"tablepress-67\" class=\"tablepress tablepress-id-67\">\n<thead>\n<tr class=\"row-1\">\n\t<th class=\"column-1\">\u00c9p. en po. &amp; Calibre<\/th><th class=\"column-2\">Lbs.\/pied<\/th><th class=\"column-3\">Fini<\/th>\n<\/tr>\n<\/thead>\n<tbody class=\"row-striping row-hover\">\n<tr class=\"row-2\">\n\t<td class=\"column-1\">10\" SCHEDULE 10<\/td><td class=\"column-2\">21.21<\/td><td class=\"column-3\">BLACK<\/td>\n<\/tr>\n<tr class=\"row-3\">\n\t<td class=\"column-1\">12\" SCHEDULE 10<\/td><td class=\"column-2\">25.22<\/td><td class=\"column-3\">BLACK<\/td>\n<\/tr>\n<tr class=\"row-4\">\n\t<td class=\"column-1\">14\" SCHEDULE 10<\/td><td class=\"column-2\">36.71<\/td><td class=\"column-3\">BLACK<\/td>\n<\/tr>\n<tr class=\"row-5\">\n\t<td class=\"column-1\">8\" SCHEDULE 20<\/td><td class=\"column-2\">22.36<\/td><td class=\"column-3\">BLACK<\/td>\n<\/tr>\n<tr class=\"row-6\">\n\t<td class=\"column-1\">10\" SCHEDULE 20<\/td><td class=\"column-2\">28.04<\/td><td class=\"column-3\">BLACK<\/td>\n<\/tr>\n<tr class=\"row-7\">\n\t<td class=\"column-1\">12\" SCHEDULE 20<\/td><td class=\"column-2\">33.38<\/td><td class=\"column-3\">BLACK<\/td>\n<\/tr>\n<tr class=\"row-8\">\n\t<td class=\"column-1\">1\/8\" SCHEDULE 40<\/td><td class=\"column-2\">0.245<\/td><td class=\"column-3\">BLACK<\/td>\n<\/tr>\n<tr class=\"row-9\">\n\t<td class=\"column-1\">1\/4\" SCHEDULE 40<\/td><td class=\"column-2\">0.425<\/td><td class=\"column-3\">BLACK<\/td>\n<\/tr>\n<tr class=\"row-10\">\n\t<td class=\"column-1\">3\/8\" SCHEDULE 40<\/td><td class=\"column-2\">0.568<\/td><td class=\"column-3\">BLACK<\/td>\n<\/tr>\n<tr class=\"row-11\">\n\t<td class=\"column-1\">1\/2\" SCHEDULE 40<\/td><td class=\"column-2\">0.851<\/td><td class=\"column-3\">BLACK<\/td>\n<\/tr>\n<tr class=\"row-12\">\n\t<td class=\"column-1\">3\/4\" SCHEDULE 40<\/td><td class=\"column-2\">1.131<\/td><td class=\"column-3\">BLACK<\/td>\n<\/tr>\n<tr class=\"row-13\">\n\t<td class=\"column-1\">1\" SCHEDULE 40<\/td><td class=\"column-2\">1.679<\/td><td class=\"column-3\">BLACK<\/td>\n<\/tr>\n<tr class=\"row-14\">\n\t<td class=\"column-1\">1-1\/4\" SCHEDULE 40<\/td><td class=\"column-2\">2.273<\/td><td class=\"column-3\">BLACK<\/td>\n<\/tr>\n<tr class=\"row-15\">\n\t<td class=\"column-1\">1-1\/2\" SCHEDULE 40<\/td><td class=\"column-2\">2.718<\/td><td class=\"column-3\">BLACK<\/td>\n<\/tr>\n<tr class=\"row-16\">\n\t<td class=\"column-1\">2\" SCHEDULE 40<\/td><td class=\"column-2\">3.653<\/td><td class=\"column-3\">BLACK<\/td>\n<\/tr>\n<tr class=\"row-17\">\n\t<td class=\"column-1\">3\" SCHEDULE 40<\/td><td class=\"column-2\">7.576<\/td><td class=\"column-3\">BLACK<\/td>\n<\/tr>\n<tr class=\"row-18\">\n\t<td class=\"column-1\">3-1\/2\" SCHEDULE 40<\/td><td class=\"column-2\">9.109<\/td><td class=\"column-3\">BLACK<\/td>\n<\/tr>\n<tr class=\"row-19\">\n\t<td class=\"column-1\">4\" SCHEDULE 40<\/td><td class=\"column-2\">10.79<\/td><td class=\"column-3\">BLACK<\/td>\n<\/tr>\n<tr class=\"row-20\">\n\t<td class=\"column-1\">5\" SCHEDULE 40<\/td><td class=\"column-2\">14.62<\/td><td class=\"column-3\">BLACK<\/td>\n<\/tr>\n<tr class=\"row-21\">\n\t<td class=\"column-1\">6\" SCHEDULE 40<\/td><td class=\"column-2\">18.97<\/td><td class=\"column-3\">BLACK<\/td>\n<\/tr>\n<tr class=\"row-22\">\n\t<td class=\"column-1\">8\" SCHEDULE 40<\/td><td class=\"column-2\">28.55<\/td><td class=\"column-3\">BLACK<\/td>\n<\/tr>\n<tr class=\"row-23\">\n\t<td class=\"column-1\">10\" SCHEDULE 40<\/td><td class=\"column-2\">40.48<\/td><td class=\"column-3\">BLACK<\/td>\n<\/tr>\n<tr class=\"row-24\">\n\t<td class=\"column-1\">12\" SCHEDULE STD<\/td><td class=\"column-2\">49.56<\/td><td class=\"column-3\">BLACK<\/td>\n<\/tr>\n<tr class=\"row-25\">\n\t<td class=\"column-1\">14\" SCHEDULE STD<\/td><td class=\"column-2\">54.57<\/td><td class=\"column-3\">BLACK<\/td>\n<\/tr>\n<tr class=\"row-26\">\n\t<td class=\"column-1\">1\/4\" SCHEDULE 80<\/td><td class=\"column-2\">0.535<\/td><td class=\"column-3\">BLACK<\/td>\n<\/tr>\n<tr class=\"row-27\">\n\t<td class=\"column-1\">3\/8\" SCHEDULE 80 GR \"A\"<\/td><td class=\"column-2\">0.739<\/td><td class=\"column-3\">BLACK<\/td>\n<\/tr>\n<tr class=\"row-28\">\n\t<td class=\"column-1\">3\/8\" SCHEDULE 80 GR \"B\"<\/td><td class=\"column-2\">0.739<\/td><td class=\"column-3\">BLACK<\/td>\n<\/tr>\n<tr class=\"row-29\">\n\t<td class=\"column-1\">1\/2\" SCHEDULE 80 GR \"A\"<\/td><td class=\"column-2\">1.088<\/td><td class=\"column-3\">BLACK<\/td>\n<\/tr>\n<tr class=\"row-30\">\n\t<td class=\"column-1\">1\/2\" SCHEDULE 80 GR \"B\"<\/td><td class=\"column-2\">1.088<\/td><td class=\"column-3\">BLACK<\/td>\n<\/tr>\n<tr class=\"row-31\">\n\t<td class=\"column-1\">3\/4\" SCHEDULE 80 GR \"A\"<\/td><td class=\"column-2\">1.474<\/td><td class=\"column-3\">BLACK<\/td>\n<\/tr>\n<tr class=\"row-32\">\n\t<td class=\"column-1\">3\/4\" SCHEDULE 80 GR \"B\"<\/td><td class=\"column-2\">1.474<\/td><td class=\"column-3\">BLACK<\/td>\n<\/tr>\n<tr class=\"row-33\">\n\t<td class=\"column-1\">1\" SCHEDULE 80 GR \"A\"<\/td><td class=\"column-2\">2.172<\/td><td class=\"column-3\">BLACK<\/td>\n<\/tr>\n<tr class=\"row-34\">\n\t<td class=\"column-1\">1\" SCHEDULE 80 GR \"B\"<\/td><td class=\"column-2\">2.172<\/td><td class=\"column-3\">BLACK<\/td>\n<\/tr>\n<tr class=\"row-35\">\n\t<td class=\"column-1\">1-1\/4\" SCHEDULE 80 GR \"A\"<\/td><td class=\"column-2\">2.997<\/td><td class=\"column-3\">BLACK<\/td>\n<\/tr>\n<tr class=\"row-36\">\n\t<td class=\"column-1\">1-1\/4\" SCHEDULE 80 GR \"B\"<\/td><td class=\"column-2\">2.997<\/td><td class=\"column-3\">BLACK<\/td>\n<\/tr>\n<tr class=\"row-37\">\n\t<td class=\"column-1\">1-1\/2\" SCHEDULE 80 GR \"A\"<\/td><td class=\"column-2\">3.631<\/td><td class=\"column-3\">BLACK<\/td>\n<\/tr>\n<tr class=\"row-38\">\n\t<td class=\"column-1\">1-1\/2\" SCHEDULE 80 GR \"B\"<\/td><td class=\"column-2\">3.631<\/td><td class=\"column-3\">BLACK<\/td>\n<\/tr>\n<tr class=\"row-39\">\n\t<td class=\"column-1\">2\" SCHEDULE 80 GR \"A\"<\/td><td class=\"column-2\">5.022<\/td><td class=\"column-3\">BLACK<\/td>\n<\/tr>\n<tr class=\"row-40\">\n\t<td class=\"column-1\">2\" SCHEDULE 80 GR \"B\"<\/td><td class=\"column-2\">5.022<\/td><td class=\"column-3\">BLACK<\/td>\n<\/tr>\n<tr class=\"row-41\">\n\t<td class=\"column-1\">2-1\/2\" SCHEDULE GR \"A\"<\/td><td class=\"column-2\">7.661<\/td><td class=\"column-3\">BLACK<\/td>\n<\/tr>\n<tr class=\"row-42\">\n\t<td class=\"column-1\">2-1\/2\" SCHEDULE GR \"B\"<\/td><td class=\"column-2\">7.661<\/td><td class=\"column-3\">BLACK<\/td>\n<\/tr>\n<tr class=\"row-43\">\n\t<td class=\"column-1\">3\" SCHEDULE 80 GR \"A\"<\/td><td class=\"column-2\">10.25<\/td><td class=\"column-3\">BLACK<\/td>\n<\/tr>\n<tr class=\"row-44\">\n\t<td class=\"column-1\">3\" SCHEDULE 80 GR \"B\"<\/td><td class=\"column-2\">10.25<\/td><td class=\"column-3\">BLACK<\/td>\n<\/tr>\n<tr class=\"row-45\">\n\t<td class=\"column-1\">3-1\/2\" SCHEDULE 80 GR \"A\"<\/td><td class=\"column-2\">12.51<\/td><td class=\"column-3\">BLACK<\/td>\n<\/tr>\n<tr class=\"row-46\">\n\t<td class=\"column-1\">3-1\/2\" SCHEDULE 80 GR \"B\"<\/td><td class=\"column-2\">12.51<\/td><td class=\"column-3\">BLACK<\/td>\n<\/tr>\n<tr class=\"row-47\">\n\t<td class=\"column-1\">4\" SCHEDULE 80 GR \"A\"<\/td><td class=\"column-2\">14.98<\/td><td class=\"column-3\">BLACK<\/td>\n<\/tr>\n<tr class=\"row-48\">\n\t<td class=\"column-1\">4\" SCHEDULE 80 GR \"B\"<\/td><td class=\"column-2\">14.98<\/td><td class=\"column-3\">BLACK<\/td>\n<\/tr>\n<tr class=\"row-49\">\n\t<td class=\"column-1\">5\" SCHEDULE 80<\/td><td class=\"column-2\">20.78<\/td><td class=\"column-3\">BLACK<\/td>\n<\/tr>\n<tr class=\"row-50\">\n\t<td class=\"column-1\">6\" SCHEDULE 80 GR \"A\"<\/td><td class=\"column-2\">28.57<\/td><td class=\"column-3\">BLACK<\/td>\n<\/tr>\n<tr class=\"row-51\">\n\t<td class=\"column-1\">6\" SCHEDULE 80 GR \"B\"<\/td><td class=\"column-2\">28.57<\/td><td class=\"column-3\">BLACK<\/td>\n<\/tr>\n<tr class=\"row-52\">\n\t<td class=\"column-1\">8\" SCHEDULE 80 GR \"B\"<\/td><td class=\"column-2\">43.39<\/td><td class=\"column-3\">BLACK<\/td>\n<\/tr>\n<\/tbody>\n<\/table>\n<!-- #tablepress-67 from cache -->\r\n                <\/div>\r\n            <\/div>\r\n\r\n        \r\n        <\/div>\r\n\r\n    <\/section>\r\n\r\n\r\n    <section id=\"table-i18n-block_807962158b8a344fce1826b59d755f92\" class=\"orange-block table-i18n-block\" >\r\n\r\n    \r\n\t    <!-- Block title -->\r\n\t    <div class=\"container\">\r\n\t\t    <div class=\"row\">\r\n\t\t\t    <div class=\"col-12 block-title-wrap\">\r\n\t\t\t\t    \t\t\t\t\t    <h2 class=\"h2 block-title\">Sp\u00e9cifications des tuyaux galvanis\u00e9s<\/h2>\r\n\t\t\t\t    \t\t\t\t    \t\t\t    <\/div>\r\n\t\t    <\/div>\r\n\t    <\/div>\r\n\r\n    \r\n        <!-- Block content -->\r\n        <div class=\"table-container container\">\r\n\r\n            <div class=\"row table-row\">\r\n                <div class=\"col-12\">\r\n                    \n<table id=\"tablepress-68\" class=\"tablepress tablepress-id-68\">\n<thead>\n<tr class=\"row-1\">\n\t<th class=\"column-1\">\u00c9p. en po. &amp; Calibre<\/th><th class=\"column-2\">Lbs.\/pied<\/th><th class=\"column-3\">Fini<\/th>\n<\/tr>\n<\/thead>\n<tbody class=\"row-striping row-hover\">\n<tr class=\"row-2\">\n\t<td class=\"column-1\">10\" SCHEDULE 10<\/td><td class=\"column-2\">21.21<\/td><td class=\"column-3\">GALV<\/td>\n<\/tr>\n<tr class=\"row-3\">\n\t<td class=\"column-1\">3\/8\" SCHEDULE 40<\/td><td class=\"column-2\">0.568<\/td><td class=\"column-3\">GALV<\/td>\n<\/tr>\n<tr class=\"row-4\">\n\t<td class=\"column-1\">1\/2\" SCHEDULE 40<\/td><td class=\"column-2\">0.851<\/td><td class=\"column-3\">GALV<\/td>\n<\/tr>\n<tr class=\"row-5\">\n\t<td class=\"column-1\">3\/4\" SCHEDULE 40<\/td><td class=\"column-2\">1.131<\/td><td class=\"column-3\">GALV<\/td>\n<\/tr>\n<tr class=\"row-6\">\n\t<td class=\"column-1\">1\" SCHEDULE 40<\/td><td class=\"column-2\">1.679<\/td><td class=\"column-3\">GALV<\/td>\n<\/tr>\n<tr class=\"row-7\">\n\t<td class=\"column-1\">1-1\/4\" SCHEDULE 40<\/td><td class=\"column-2\">2.273<\/td><td class=\"column-3\">GALV<\/td>\n<\/tr>\n<tr class=\"row-8\">\n\t<td class=\"column-1\">1-1\/2\" SCHEDULE 40<\/td><td class=\"column-2\">2.718<\/td><td class=\"column-3\">GALV<\/td>\n<\/tr>\n<tr class=\"row-9\">\n\t<td class=\"column-1\">2\" SCHEDULE 40<\/td><td class=\"column-2\">3.653<\/td><td class=\"column-3\">GALV<\/td>\n<\/tr>\n<tr class=\"row-10\">\n\t<td class=\"column-1\">2-1\/2\" SCHEDULE 40<\/td><td class=\"column-2\">5.793<\/td><td class=\"column-3\">GALV<\/td>\n<\/tr>\n<tr class=\"row-11\">\n\t<td class=\"column-1\">3\" SCHEDULE 40<\/td><td class=\"column-2\">7.576<\/td><td class=\"column-3\">GALV<\/td>\n<\/tr>\n<tr class=\"row-12\">\n\t<td class=\"column-1\">3-1\/2\" SCHEDULE 40<\/td><td class=\"column-2\">9.109<\/td><td class=\"column-3\">GALV<\/td>\n<\/tr>\n<tr class=\"row-13\">\n\t<td class=\"column-1\">4\" SCHEDULE 40<\/td><td class=\"column-2\">10.79<\/td><td class=\"column-3\">GALV<\/td>\n<\/tr>\n<tr class=\"row-14\">\n\t<td class=\"column-1\">5\" SCHEDULE 40<\/td><td class=\"column-2\">14.62<\/td><td class=\"column-3\">GALV<\/td>\n<\/tr>\n<tr class=\"row-15\">\n\t<td class=\"column-1\">6\" SCHEDULE 40<\/td><td class=\"column-2\">18.97<\/td><td class=\"column-3\">GALV<\/td>\n<\/tr>\n<tr class=\"row-16\">\n\t<td class=\"column-1\">8\" SCHEDULE 40<\/td><td class=\"column-2\">28.55<\/td><td class=\"column-3\">GALV<\/td>\n<\/tr>\n<tr class=\"row-17\">\n\t<td class=\"column-1\">1\/2\" SCHEDULE 80<\/td><td class=\"column-2\">1.088<\/td><td class=\"column-3\">GALV<\/td>\n<\/tr>\n<tr class=\"row-18\">\n\t<td class=\"column-1\">3\/4\" SCHEDULE 80<\/td><td class=\"column-2\">1.474<\/td><td class=\"column-3\">GALV<\/td>\n<\/tr>\n<tr class=\"row-19\">\n\t<td class=\"column-1\">1\" SCHEDULE 80<\/td><td class=\"column-2\">2.172<\/td><td class=\"column-3\">GALV<\/td>\n<\/tr>\n<tr class=\"row-20\">\n\t<td class=\"column-1\">1-1\/4\" SCHEDULE 80<\/td><td class=\"column-2\">2.997<\/td><td class=\"column-3\">GALV<\/td>\n<\/tr>\n<tr class=\"row-21\">\n\t<td class=\"column-1\">1-1\/2\" SCHEDULE 80<\/td><td class=\"column-2\">3.631<\/td><td class=\"column-3\">GALV<\/td>\n<\/tr>\n<tr class=\"row-22\">\n\t<td class=\"column-1\">2\" SCHEDULE 80<\/td><td class=\"column-2\">5.022<\/td><td class=\"column-3\">GALV<\/td>\n<\/tr>\n<tr class=\"row-23\">\n\t<td class=\"column-1\">2-1\/2\" SCHEDULE 80<\/td><td class=\"column-2\">7.661<\/td><td class=\"column-3\">GALV<\/td>\n<\/tr>\n<tr class=\"row-24\">\n\t<td class=\"column-1\">4\" SCHEDULE 80<\/td><td class=\"column-2\">14.98<\/td><td class=\"column-3\">GALV<\/td>\n<\/tr>\n<\/tbody>\n<\/table>\n<!-- #tablepress-68 from cache -->\r\n                <\/div>\r\n            <\/div>\r\n\r\n        \r\n        <\/div>\r\n\r\n    <\/section>\r\n\r\n\r\n    <section id=\"gallery-block_11fae95b0a3371e40eaabe69b0c1f238\"\r\n             class=\"orange-block gallery-block\"\r\n             >\r\n\r\n    \r\n    \r\n        <!-- Block content -->\r\n        <div class=\"container-fluid  gallery-container\">\r\n\r\n            \r\n                <!-- Single row -->\r\n                <div class=\"row\">\r\n\r\n                                            <!-- Single column -->\r\n                        <div class=\"image-col col-12 col-sm-6 col-lg-6\">\r\n\r\n                            <!-- Modal link -->\r\n                            <a href=\"https:\/\/www.delmetals.com\/wp-content\/uploads\/2023\/12\/NZ9_7116-HDR-A-35-Black-Galvanized.jpg\"\r\n                               class=\"foobox\"\r\n                               rel=\"gallery-block_11fae95b0a3371e40eaabe69b0c1f238\"\r\n                               data-caption-title=\"NZ9_7116-HDR - A-35 - Black &#038; Galvanized\"\r\n                               data-caption-description=\"\"\r\n                               aria-label=\"Open this image in a modal: NZ9_7116-HDR - A-35 - Black &#038; Galvanized\"\r\n                               >\r\n\r\n                                <!-- Image -->\r\n                                <div class=\"image-container\">\r\n                                    <div class=\"gallery-image\"\r\n                                         style=\"background-image: url('https:\/\/www.delmetals.com\/wp-content\/uploads\/2023\/12\/NZ9_7116-HDR-A-35-Black-Galvanized-1024x652.jpg')\"><\/div>\r\n                                    <div class=\"gallery-overlay\">\r\n\r\n                                    <\/div>\r\n                                <\/div>\r\n                            <\/a>\r\n                        <\/div>\r\n\r\n                                            <!-- Single column -->\r\n                        <div class=\"image-col col-12 col-sm-6 col-lg-6\">\r\n\r\n                            <!-- Modal link -->\r\n                            <a href=\"https:\/\/www.delmetals.com\/wp-content\/uploads\/2023\/12\/NZ9_7143-HDR-A-35-Black-Galvanized.jpg\"\r\n                               class=\"foobox\"\r\n                               rel=\"gallery-block_11fae95b0a3371e40eaabe69b0c1f238\"\r\n                               data-caption-title=\"NZ9_7143-HDR - A-35 - Black &#038; Galvanized\"\r\n                               data-caption-description=\"\"\r\n                               aria-label=\"Open this image in a modal: NZ9_7143-HDR - A-35 - Black &#038; Galvanized\"\r\n                               >\r\n\r\n                                <!-- Image -->\r\n                                <div class=\"image-container\">\r\n                                    <div class=\"gallery-image\"\r\n                                         style=\"background-image: url('https:\/\/www.delmetals.com\/wp-content\/uploads\/2023\/12\/NZ9_7143-HDR-A-35-Black-Galvanized-1024x751.jpg')\"><\/div>\r\n                                    <div class=\"gallery-overlay\">\r\n\r\n                                    <\/div>\r\n                                <\/div>\r\n                            <\/a>\r\n                        <\/div>\r\n\r\n                    \r\n                <\/div>\r\n\r\n            \r\n        <\/div>\r\n    <\/section>\r\n\r\n","protected":false},"featured_media":1610,"template":"","class_list":["post-1723","product","type-product","status-publish","has-post-thumbnail","hentry"],"acf":[],"yoast_head":"<!-- This site is optimized with the Yoast SEO plugin v27.0 - https:\/\/yoast.com\/product\/yoast-seo-wordpress\/ -->\n<title>A-53 Noirs &amp; Galvanis\u00e9s - Del Metals<\/title>\n<meta name=\"robots\" content=\"index, follow, max-snippet:-1, max-image-preview:large, max-video-preview:-1\" \/>\n<link rel=\"canonical\" href=\"https:\/\/www.delmetals.com\/fr\/product\/a-53-noir-galvanise\/\" \/>\n<meta property=\"og:locale\" content=\"fr_FR\" \/>\n<meta property=\"og:type\" content=\"article\" \/>\n<meta property=\"og:title\" content=\"A-53 Noirs &amp; Galvanis\u00e9s - Del Metals\" \/>\n<meta property=\"og:url\" content=\"https:\/\/www.delmetals.com\/fr\/product\/a-53-noir-galvanise\/\" \/>\n<meta property=\"og:site_name\" content=\"Del Metals\" \/>\n<meta property=\"article:modified_time\" content=\"2024-05-23T20:35:02+00:00\" \/>\n<meta property=\"og:image\" content=\"https:\/\/www.delmetals.com\/wp-content\/uploads\/2023\/12\/NZ9_7143-HDR-A-35-Black-Galvanized.jpg\" \/>\n\t<meta property=\"og:image:width\" content=\"1920\" \/>\n\t<meta property=\"og:image:height\" content=\"1409\" \/>\n\t<meta property=\"og:image:type\" content=\"image\/jpeg\" \/>\n<meta name=\"twitter:card\" content=\"summary_large_image\" \/>\n<script type=\"application\/ld+json\" class=\"yoast-schema-graph\">{\"@context\":\"https:\/\/schema.org\",\"@graph\":[{\"@type\":\"WebPage\",\"@id\":\"https:\/\/www.delmetals.com\/fr\/product\/a-53-noir-galvanise\/\",\"url\":\"https:\/\/www.delmetals.com\/fr\/product\/a-53-noir-galvanise\/\",\"name\":\"A-53 Noirs &amp; Galvanis\u00e9s - Del Metals\",\"isPartOf\":{\"@id\":\"https:\/\/www.delmetals.com\/#website\"},\"primaryImageOfPage\":{\"@id\":\"https:\/\/www.delmetals.com\/fr\/product\/a-53-noir-galvanise\/#primaryimage\"},\"image\":{\"@id\":\"https:\/\/www.delmetals.com\/fr\/product\/a-53-noir-galvanise\/#primaryimage\"},\"thumbnailUrl\":\"https:\/\/www.delmetals.com\/wp-content\/uploads\/2023\/12\/NZ9_7143-HDR-A-35-Black-Galvanized.jpg\",\"datePublished\":\"2023-12-14T19:10:38+00:00\",\"dateModified\":\"2024-05-23T20:35:02+00:00\",\"breadcrumb\":{\"@id\":\"https:\/\/www.delmetals.com\/fr\/product\/a-53-noir-galvanise\/#breadcrumb\"},\"inLanguage\":\"fr-FR\",\"potentialAction\":[{\"@type\":\"ReadAction\",\"target\":[\"https:\/\/www.delmetals.com\/fr\/product\/a-53-noir-galvanise\/\"]}]},{\"@type\":\"ImageObject\",\"inLanguage\":\"fr-FR\",\"@id\":\"https:\/\/www.delmetals.com\/fr\/product\/a-53-noir-galvanise\/#primaryimage\",\"url\":\"https:\/\/www.delmetals.com\/wp-content\/uploads\/2023\/12\/NZ9_7143-HDR-A-35-Black-Galvanized.jpg\",\"contentUrl\":\"https:\/\/www.delmetals.com\/wp-content\/uploads\/2023\/12\/NZ9_7143-HDR-A-35-Black-Galvanized.jpg\",\"width\":1920,\"height\":1409},{\"@type\":\"BreadcrumbList\",\"@id\":\"https:\/\/www.delmetals.com\/fr\/product\/a-53-noir-galvanise\/#breadcrumb\",\"itemListElement\":[{\"@type\":\"ListItem\",\"position\":1,\"name\":\"Home\",\"item\":\"https:\/\/www.delmetals.com\/\"},{\"@type\":\"ListItem\",\"position\":2,\"name\":\"A-53 Noirs &amp; Galvanis\u00e9s\"}]},{\"@type\":\"WebSite\",\"@id\":\"https:\/\/www.delmetals.com\/#website\",\"url\":\"https:\/\/www.delmetals.com\/\",\"name\":\"Del Metals\",\"description\":\"\",\"potentialAction\":[{\"@type\":\"SearchAction\",\"target\":{\"@type\":\"EntryPoint\",\"urlTemplate\":\"https:\/\/www.delmetals.com\/?s={search_term_string}\"},\"query-input\":{\"@type\":\"PropertyValueSpecification\",\"valueRequired\":true,\"valueName\":\"search_term_string\"}}],\"inLanguage\":\"fr-FR\"}]}<\/script>\n<!-- \/ Yoast SEO plugin. -->","yoast_head_json":{"title":"A-53 Noirs &amp; Galvanis\u00e9s - Del Metals","robots":{"index":"index","follow":"follow","max-snippet":"max-snippet:-1","max-image-preview":"max-image-preview:large","max-video-preview":"max-video-preview:-1"},"canonical":"https:\/\/www.delmetals.com\/fr\/product\/a-53-noir-galvanise\/","og_locale":"fr_FR","og_type":"article","og_title":"A-53 Noirs &amp; Galvanis\u00e9s - Del Metals","og_url":"https:\/\/www.delmetals.com\/fr\/product\/a-53-noir-galvanise\/","og_site_name":"Del Metals","article_modified_time":"2024-05-23T20:35:02+00:00","og_image":[{"width":1920,"height":1409,"url":"https:\/\/www.delmetals.com\/wp-content\/uploads\/2023\/12\/NZ9_7143-HDR-A-35-Black-Galvanized.jpg","type":"image\/jpeg"}],"twitter_card":"summary_large_image","schema":{"@context":"https:\/\/schema.org","@graph":[{"@type":"WebPage","@id":"https:\/\/www.delmetals.com\/fr\/product\/a-53-noir-galvanise\/","url":"https:\/\/www.delmetals.com\/fr\/product\/a-53-noir-galvanise\/","name":"A-53 Noirs &amp; Galvanis\u00e9s - Del Metals","isPartOf":{"@id":"https:\/\/www.delmetals.com\/#website"},"primaryImageOfPage":{"@id":"https:\/\/www.delmetals.com\/fr\/product\/a-53-noir-galvanise\/#primaryimage"},"image":{"@id":"https:\/\/www.delmetals.com\/fr\/product\/a-53-noir-galvanise\/#primaryimage"},"thumbnailUrl":"https:\/\/www.delmetals.com\/wp-content\/uploads\/2023\/12\/NZ9_7143-HDR-A-35-Black-Galvanized.jpg","datePublished":"2023-12-14T19:10:38+00:00","dateModified":"2024-05-23T20:35:02+00:00","breadcrumb":{"@id":"https:\/\/www.delmetals.com\/fr\/product\/a-53-noir-galvanise\/#breadcrumb"},"inLanguage":"fr-FR","potentialAction":[{"@type":"ReadAction","target":["https:\/\/www.delmetals.com\/fr\/product\/a-53-noir-galvanise\/"]}]},{"@type":"ImageObject","inLanguage":"fr-FR","@id":"https:\/\/www.delmetals.com\/fr\/product\/a-53-noir-galvanise\/#primaryimage","url":"https:\/\/www.delmetals.com\/wp-content\/uploads\/2023\/12\/NZ9_7143-HDR-A-35-Black-Galvanized.jpg","contentUrl":"https:\/\/www.delmetals.com\/wp-content\/uploads\/2023\/12\/NZ9_7143-HDR-A-35-Black-Galvanized.jpg","width":1920,"height":1409},{"@type":"BreadcrumbList","@id":"https:\/\/www.delmetals.com\/fr\/product\/a-53-noir-galvanise\/#breadcrumb","itemListElement":[{"@type":"ListItem","position":1,"name":"Home","item":"https:\/\/www.delmetals.com\/"},{"@type":"ListItem","position":2,"name":"A-53 Noirs &amp; Galvanis\u00e9s"}]},{"@type":"WebSite","@id":"https:\/\/www.delmetals.com\/#website","url":"https:\/\/www.delmetals.com\/","name":"Del Metals","description":"","potentialAction":[{"@type":"SearchAction","target":{"@type":"EntryPoint","urlTemplate":"https:\/\/www.delmetals.com\/?s={search_term_string}"},"query-input":{"@type":"PropertyValueSpecification","valueRequired":true,"valueName":"search_term_string"}}],"inLanguage":"fr-FR"}]}},"_links":{"self":[{"href":"https:\/\/www.delmetals.com\/fr\/wp-json\/wp\/v2\/product\/1723","targetHints":{"allow":["GET"]}}],"collection":[{"href":"https:\/\/www.delmetals.com\/fr\/wp-json\/wp\/v2\/product"}],"about":[{"href":"https:\/\/www.delmetals.com\/fr\/wp-json\/wp\/v2\/types\/product"}],"wp:featuredmedia":[{"embeddable":true,"href":"https:\/\/www.delmetals.com\/fr\/wp-json\/wp\/v2\/media\/1610"}],"wp:attachment":[{"href":"https:\/\/www.delmetals.com\/fr\/wp-json\/wp\/v2\/media?parent=1723"}],"curies":[{"name":"wp","href":"https:\/\/api.w.org\/{rel}","templated":true}]}}