{"id":1722,"date":"2023-12-14T19:07:59","date_gmt":"2023-12-14T19:07:59","guid":{"rendered":"https:\/\/delmetals.wpenginepowered.com\/product\/tube-mecanique-rond\/"},"modified":"2024-05-23T16:27:59","modified_gmt":"2024-05-23T20:27:59","slug":"tube-mecanique-rond","status":"publish","type":"product","link":"https:\/\/www.delmetals.com\/fr\/product\/tube-mecanique-rond\/","title":{"rendered":"Tubes m\u00e9caniques ronds creux"},"content":{"rendered":"\r\n<section id=\"centered-content-block_dbc2ace32ef54cb2003a7d44b4977303\"\r\n         class=\"orange-block centered-content-block\"\r\n    >\r\n\r\n\r\n    \r\n    <div class=\"container\">\r\n        <div class=\"row\">\r\n            <div class=\"col-12 content-column\" tabindex=\"0\">\r\n                <div class=\"content-container\">\r\n                                            <h3>Explorez la force et la r\u00e9silience avec les tubes m\u00e9caniques ronds (HSS).<\/h3>\n<p>Notre inventaire de tubes m\u00e9caniques ronds est con\u00e7u pour la force et la durabilit\u00e9, en plus de leur finition soign\u00e9e. Trouvez le mat\u00e9riel adapt\u00e9 \u00e0 vos besoins sp\u00e9cifiques.<\/p>\n                <\/div>\r\n            <\/div>\r\n        <\/div>\r\n\r\n\t    \r\n    <\/div>\r\n    \r\n<\/section>\r\n\r\n    <section id=\"table-i18n-block_e731c95e6dd76d92c0de860de620a51d\" class=\"orange-block table-i18n-block\" >\r\n\r\n    \r\n\t    <!-- Block title -->\r\n\t    <div class=\"container\">\r\n\t\t    <div class=\"row\">\r\n\t\t\t    <div class=\"col-12 block-title-wrap\">\r\n\t\t\t\t    \t\t\t\t\t    <h2 class=\"h2 block-title\">Sp\u00e9cifications des tubes m\u00e9caniques ronds<\/h2>\r\n\t\t\t\t    \t\t\t\t    \t\t\t    <\/div>\r\n\t\t    <\/div>\r\n\t    <\/div>\r\n\r\n    \r\n        <!-- Block content -->\r\n        <div class=\"table-container container\">\r\n\r\n            <div class=\"row table-row\">\r\n                <div class=\"col-12\">\r\n                    \n<table id=\"tablepress-66\" class=\"tablepress tablepress-id-66\">\n<thead>\n<tr class=\"row-1\">\n\t<th class=\"column-1\">Dia. Ext. en po.<\/th><th class=\"column-2\">\u00c9p. nominale en po.<\/th><th class=\"column-3\">Lbs.\/pied<\/th>\n<\/tr>\n<\/thead>\n<tbody class=\"row-striping row-hover\">\n<tr class=\"row-2\">\n\t<td class=\"column-1\">1.05<\/td><td class=\"column-2\">.100\"<\/td><td class=\"column-3\">1.01<\/td>\n<\/tr>\n<tr class=\"row-3\">\n\t<td class=\"column-1\">1.05<\/td><td class=\"column-2\">.125\"<\/td><td class=\"column-3\">1.23<\/td>\n<\/tr>\n<tr class=\"row-4\">\n\t<td class=\"column-1\">1.315<\/td><td class=\"column-2\">.100\"<\/td><td class=\"column-3\">1.3<\/td>\n<\/tr>\n<tr class=\"row-5\">\n\t<td class=\"column-1\">1.315<\/td><td class=\"column-2\">.125\"<\/td><td class=\"column-3\">1.59<\/td>\n<\/tr>\n<tr class=\"row-6\">\n\t<td class=\"column-1\">1.66<\/td><td class=\"column-2\">.100\"<\/td><td class=\"column-3\">1.67<\/td>\n<\/tr>\n<tr class=\"row-7\">\n\t<td class=\"column-1\">1.66<\/td><td class=\"column-2\">.125\"<\/td><td class=\"column-3\">2.05<\/td>\n<\/tr>\n<tr class=\"row-8\">\n\t<td class=\"column-1\">1.66<\/td><td class=\"column-2\">.140\"<\/td><td class=\"column-3\">2.273<\/td>\n<\/tr>\n<tr class=\"row-9\">\n\t<td class=\"column-1\">1.9<\/td><td class=\"column-2\">.125\"<\/td><td class=\"column-3\">2.37<\/td>\n<\/tr>\n<tr class=\"row-10\">\n\t<td class=\"column-1\">1.9<\/td><td class=\"column-2\">.145\"<\/td><td class=\"column-3\">2.72<\/td>\n<\/tr>\n<tr class=\"row-11\">\n\t<td class=\"column-1\">1.9<\/td><td class=\"column-2\">.188\"<\/td><td class=\"column-3\">3.43<\/td>\n<\/tr>\n<tr class=\"row-12\">\n\t<td class=\"column-1\">2.375<\/td><td class=\"column-2\">.125\"<\/td><td class=\"column-3\">3<\/td>\n<\/tr>\n<tr class=\"row-13\">\n\t<td class=\"column-1\">2.375<\/td><td class=\"column-2\">.154\"<\/td><td class=\"column-3\">3.57<\/td>\n<\/tr>\n<tr class=\"row-14\">\n\t<td class=\"column-1\">2.375<\/td><td class=\"column-2\">.188\"<\/td><td class=\"column-3\">4.38<\/td>\n<\/tr>\n<tr class=\"row-15\">\n\t<td class=\"column-1\">2.375<\/td><td class=\"column-2\">.250\"<\/td><td class=\"column-3\">5.67<\/td>\n<\/tr>\n<tr class=\"row-16\">\n\t<td class=\"column-1\">2.875<\/td><td class=\"column-2\">.125\"<\/td><td class=\"column-3\">3.67<\/td>\n<\/tr>\n<tr class=\"row-17\">\n\t<td class=\"column-1\">2.875<\/td><td class=\"column-2\">.150\"<\/td><td class=\"column-3\">4.37<\/td>\n<\/tr>\n<tr class=\"row-18\">\n\t<td class=\"column-1\">2.875<\/td><td class=\"column-2\">.188\"<\/td><td class=\"column-3\">5.4<\/td>\n<\/tr>\n<tr class=\"row-19\">\n\t<td class=\"column-1\">2.875<\/td><td class=\"column-2\">.250\"<\/td><td class=\"column-3\">7.01<\/td>\n<\/tr>\n<tr class=\"row-20\">\n\t<td class=\"column-1\">3<\/td><td class=\"column-2\">.125\"<\/td><td class=\"column-3\">3.84<\/td>\n<\/tr>\n<tr class=\"row-21\">\n\t<td class=\"column-1\">3<\/td><td class=\"column-2\">.150\"<\/td><td class=\"column-3\">4.57<\/td>\n<\/tr>\n<tr class=\"row-22\">\n\t<td class=\"column-1\">3<\/td><td class=\"column-2\">.188\"<\/td><td class=\"column-3\">5.65<\/td>\n<\/tr>\n<tr class=\"row-23\">\n\t<td class=\"column-1\">3<\/td><td class=\"column-2\">.250\"<\/td><td class=\"column-3\">7.34<\/td>\n<\/tr>\n<tr class=\"row-24\">\n\t<td class=\"column-1\">3.5<\/td><td class=\"column-2\">.150\"<\/td><td class=\"column-3\">5.37<\/td>\n<\/tr>\n<tr class=\"row-25\">\n\t<td class=\"column-1\">3.5<\/td><td class=\"column-2\">.188\"<\/td><td class=\"column-3\">6.65<\/td>\n<\/tr>\n<tr class=\"row-26\">\n\t<td class=\"column-1\">3.5<\/td><td class=\"column-2\">.250\"<\/td><td class=\"column-3\">8.68<\/td>\n<\/tr>\n<tr class=\"row-27\">\n\t<td class=\"column-1\">3.5<\/td><td class=\"column-2\">.313\"<\/td><td class=\"column-3\">10.6<\/td>\n<\/tr>\n<tr class=\"row-28\">\n\t<td class=\"column-1\">3.75<\/td><td class=\"column-2\">.150\"<\/td><td class=\"column-3\">5.77<\/td>\n<\/tr>\n<tr class=\"row-29\">\n\t<td class=\"column-1\">3.75<\/td><td class=\"column-2\">.188\"<\/td><td class=\"column-3\">7.13<\/td>\n<\/tr>\n<tr class=\"row-30\">\n\t<td class=\"column-1\">3.75<\/td><td class=\"column-2\">.250\"<\/td><td class=\"column-3\">9.35<\/td>\n<\/tr>\n<tr class=\"row-31\">\n\t<td class=\"column-1\">3.75<\/td><td class=\"column-2\">.313\"<\/td><td class=\"column-3\">11.5<\/td>\n<\/tr>\n<tr class=\"row-32\">\n\t<td class=\"column-1\">4<\/td><td class=\"column-2\">.125\"<\/td><td class=\"column-3\">5.17<\/td>\n<\/tr>\n<tr class=\"row-33\">\n\t<td class=\"column-1\">4<\/td><td class=\"column-2\">.150\"<\/td><td class=\"column-3\">6.17<\/td>\n<\/tr>\n<tr class=\"row-34\">\n\t<td class=\"column-1\">4<\/td><td class=\"column-2\">.188'<\/td><td class=\"column-3\">7.64<\/td>\n<\/tr>\n<tr class=\"row-35\">\n\t<td class=\"column-1\">4<\/td><td class=\"column-2\">.250\"<\/td><td class=\"column-3\">10<\/td>\n<\/tr>\n<tr class=\"row-36\">\n\t<td class=\"column-1\">4<\/td><td class=\"column-2\">.313\"<\/td><td class=\"column-3\">12.3<\/td>\n<\/tr>\n<tr class=\"row-37\">\n\t<td class=\"column-1\">4.5<\/td><td class=\"column-2\">.188\"<\/td><td class=\"column-3\">8.64<\/td>\n<\/tr>\n<tr class=\"row-38\">\n\t<td class=\"column-1\">4.5<\/td><td class=\"column-2\">.250\"<\/td><td class=\"column-3\">11.4<\/td>\n<\/tr>\n<tr class=\"row-39\">\n\t<td class=\"column-1\">4.5<\/td><td class=\"column-2\">.313\"<\/td><td class=\"column-3\">14<\/td>\n<\/tr>\n<tr class=\"row-40\">\n\t<td class=\"column-1\">4.75<\/td><td class=\"column-2\">.188'<\/td><td class=\"column-3\">9.14<\/td>\n<\/tr>\n<tr class=\"row-41\">\n\t<td class=\"column-1\">4.75<\/td><td class=\"column-2\">.250\"<\/td><td class=\"column-3\">12<\/td>\n<\/tr>\n<tr class=\"row-42\">\n\t<td class=\"column-1\">4.75<\/td><td class=\"column-2\">.313\"<\/td><td class=\"column-3\">14.8<\/td>\n<\/tr>\n<tr class=\"row-43\">\n\t<td class=\"column-1\">5<\/td><td class=\"column-2\">.125\"<\/td><td class=\"column-3\">6.514<\/td>\n<\/tr>\n<tr class=\"row-44\">\n\t<td class=\"column-1\">5<\/td><td class=\"column-2\">.188\"<\/td><td class=\"column-3\">9.64<\/td>\n<\/tr>\n<tr class=\"row-45\">\n\t<td class=\"column-1\">5<\/td><td class=\"column-2\">.250\"<\/td><td class=\"column-3\">12.7<\/td>\n<\/tr>\n<tr class=\"row-46\">\n\t<td class=\"column-1\">5<\/td><td class=\"column-2\">.313\"<\/td><td class=\"column-3\">15.7<\/td>\n<\/tr>\n<tr class=\"row-47\">\n\t<td class=\"column-1\">5<\/td><td class=\"column-2\">.375\"<\/td><td class=\"column-3\">18.5<\/td>\n<\/tr>\n<tr class=\"row-48\">\n\t<td class=\"column-1\">5.5<\/td><td class=\"column-2\">.188\"<\/td><td class=\"column-3\">10.6<\/td>\n<\/tr>\n<tr class=\"row-49\">\n\t<td class=\"column-1\">5.5<\/td><td class=\"column-2\">.250\"<\/td><td class=\"column-3\">14<\/td>\n<\/tr>\n<tr class=\"row-50\">\n\t<td class=\"column-1\">5.5<\/td><td class=\"column-2\">.313\"<\/td><td class=\"column-3\">17.3<\/td>\n<\/tr>\n<tr class=\"row-51\">\n\t<td class=\"column-1\">5.5<\/td><td class=\"column-2\">.375\"<\/td><td class=\"column-3\">20.5<\/td>\n<\/tr>\n<tr class=\"row-52\">\n\t<td class=\"column-1\">5.562<\/td><td class=\"column-2\">.188\"<\/td><td class=\"column-3\">10.8<\/td>\n<\/tr>\n<tr class=\"row-53\">\n\t<td class=\"column-1\">5.562<\/td><td class=\"column-2\">.250\"<\/td><td class=\"column-3\">14.2<\/td>\n<\/tr>\n<tr class=\"row-54\">\n\t<td class=\"column-1\">5.562<\/td><td class=\"column-2\">.313\"<\/td><td class=\"column-3\">17.5<\/td>\n<\/tr>\n<tr class=\"row-55\">\n\t<td class=\"column-1\">5.562<\/td><td class=\"column-2\">.375\"<\/td><td class=\"column-3\">20.8<\/td>\n<\/tr>\n<tr class=\"row-56\">\n\t<td class=\"column-1\">6<\/td><td class=\"column-2\">.188\"<\/td><td class=\"column-3\">11.6<\/td>\n<\/tr>\n<tr class=\"row-57\">\n\t<td class=\"column-1\">6<\/td><td class=\"column-2\">.250\"<\/td><td class=\"column-3\">15.4<\/td>\n<\/tr>\n<tr class=\"row-58\">\n\t<td class=\"column-1\">6<\/td><td class=\"column-2\">.313\"<\/td><td class=\"column-3\">19<\/td>\n<\/tr>\n<tr class=\"row-59\">\n\t<td class=\"column-1\">6<\/td><td class=\"column-2\">.375\"<\/td><td class=\"column-3\">22.5<\/td>\n<\/tr>\n<tr class=\"row-60\">\n\t<td class=\"column-1\">6.625<\/td><td class=\"column-2\">.125\"<\/td><td class=\"column-3\">8.68<\/td>\n<\/tr>\n<tr class=\"row-61\">\n\t<td class=\"column-1\">6.625<\/td><td class=\"column-2\">.188\"<\/td><td class=\"column-3\">12.9<\/td>\n<\/tr>\n<tr class=\"row-62\">\n\t<td class=\"column-1\">6.625<\/td><td class=\"column-2\">.250\"<\/td><td class=\"column-3\">17<\/td>\n<\/tr>\n<tr class=\"row-63\">\n\t<td class=\"column-1\">6.625<\/td><td class=\"column-2\">.313\"<\/td><td class=\"column-3\">21.1<\/td>\n<\/tr>\n<tr class=\"row-64\">\n\t<td class=\"column-1\">6.625<\/td><td class=\"column-2\">.375\"<\/td><td class=\"column-3\">25<\/td>\n<\/tr>\n<tr class=\"row-65\">\n\t<td class=\"column-1\">7<\/td><td class=\"column-2\">.188\"<\/td><td class=\"column-3\">13.6<\/td>\n<\/tr>\n<tr class=\"row-66\">\n\t<td class=\"column-1\">7<\/td><td class=\"column-2\">.250\"<\/td><td class=\"column-3\">18<\/td>\n<\/tr>\n<tr class=\"row-67\">\n\t<td class=\"column-1\">7<\/td><td class=\"column-2\">.313\"<\/td><td class=\"column-3\">22.3<\/td>\n<\/tr>\n<tr class=\"row-68\">\n\t<td class=\"column-1\">7<\/td><td class=\"column-2\">.375\"<\/td><td class=\"column-3\">26.5<\/td>\n<\/tr>\n<tr class=\"row-69\">\n\t<td class=\"column-1\">7.5<\/td><td class=\"column-2\">.188\"<\/td><td class=\"column-3\">14.7<\/td>\n<\/tr>\n<tr class=\"row-70\">\n\t<td class=\"column-1\">7.5<\/td><td class=\"column-2\">.250\"<\/td><td class=\"column-3\">19.4<\/td>\n<\/tr>\n<tr class=\"row-71\">\n\t<td class=\"column-1\">7.5<\/td><td class=\"column-2\">.313\"<\/td><td class=\"column-3\">24<\/td>\n<\/tr>\n<tr class=\"row-72\">\n\t<td class=\"column-1\">7.5<\/td><td class=\"column-2\">.375\"<\/td><td class=\"column-3\">28.5<\/td>\n<\/tr>\n<tr class=\"row-73\">\n\t<td class=\"column-1\">7.625<\/td><td class=\"column-2\">.188\"<\/td><td class=\"column-3\">14.9<\/td>\n<\/tr>\n<tr class=\"row-74\">\n\t<td class=\"column-1\">7.625<\/td><td class=\"column-2\">.250\"<\/td><td class=\"column-3\">19.7<\/td>\n<\/tr>\n<tr class=\"row-75\">\n\t<td class=\"column-1\">7.625<\/td><td class=\"column-2\">.313\"<\/td><td class=\"column-3\">24.4<\/td>\n<\/tr>\n<tr class=\"row-76\">\n\t<td class=\"column-1\">7.625<\/td><td class=\"column-2\">.375\"<\/td><td class=\"column-3\">29<\/td>\n<\/tr>\n<tr class=\"row-77\">\n\t<td class=\"column-1\">8.625<\/td><td class=\"column-2\">.188\"<\/td><td class=\"column-3\">16.9<\/td>\n<\/tr>\n<tr class=\"row-78\">\n\t<td class=\"column-1\">8.625<\/td><td class=\"column-2\">.250\"<\/td><td class=\"column-3\">22.4<\/td>\n<\/tr>\n<tr class=\"row-79\">\n\t<td class=\"column-1\">8.625<\/td><td class=\"column-2\">.313\"<\/td><td class=\"column-3\">27.8<\/td>\n<\/tr>\n<tr class=\"row-80\">\n\t<td class=\"column-1\">8.625<\/td><td class=\"column-2\">.375\"<\/td><td class=\"column-3\">33<\/td>\n<\/tr>\n<tr class=\"row-81\">\n\t<td class=\"column-1\">8.625<\/td><td class=\"column-2\">.438\"<\/td><td class=\"column-3\">38.3<\/td>\n<\/tr>\n<tr class=\"row-82\">\n\t<td class=\"column-1\">8.625<\/td><td class=\"column-2\">.500\"<\/td><td class=\"column-3\">43.4<\/td>\n<\/tr>\n<tr class=\"row-83\">\n\t<td class=\"column-1\">10.75<\/td><td class=\"column-2\">.250\"<\/td><td class=\"column-3\">28<\/td>\n<\/tr>\n<tr class=\"row-84\">\n\t<td class=\"column-1\">10.75<\/td><td class=\"column-2\">.313\"<\/td><td class=\"column-3\">34.8<\/td>\n<\/tr>\n<tr class=\"row-85\">\n\t<td class=\"column-1\">10.75<\/td><td class=\"column-2\">.375\"<\/td><td class=\"column-3\">41.6<\/td>\n<\/tr>\n<tr class=\"row-86\">\n\t<td class=\"column-1\">10.75<\/td><td class=\"column-2\">.438\"<\/td><td class=\"column-3\">48.2<\/td>\n<\/tr>\n<tr class=\"row-87\">\n\t<td class=\"column-1\">10.75<\/td><td class=\"column-2\">.500\"<\/td><td class=\"column-3\">54.7<\/td>\n<\/tr>\n<tr class=\"row-88\">\n\t<td class=\"column-1\">12.75<\/td><td class=\"column-2\">.250\"<\/td><td class=\"column-3\">33.4<\/td>\n<\/tr>\n<tr class=\"row-89\">\n\t<td class=\"column-1\">12.75<\/td><td class=\"column-2\">.313\"<\/td><td class=\"column-3\">41.6<\/td>\n<\/tr>\n<tr class=\"row-90\">\n\t<td class=\"column-1\">12.75<\/td><td class=\"column-2\">.375\"<\/td><td class=\"column-3\">49.6<\/td>\n<\/tr>\n<tr class=\"row-91\">\n\t<td class=\"column-1\">12.75<\/td><td class=\"column-2\">.500\"<\/td><td class=\"column-3\">65.4<\/td>\n<\/tr>\n<tr class=\"row-92\">\n\t<td class=\"column-1\">14<\/td><td class=\"column-2\">.250\"<\/td><td class=\"column-3\">36.7<\/td>\n<\/tr>\n<tr class=\"row-93\">\n\t<td class=\"column-1\">14<\/td><td class=\"column-2\">.313\"<\/td><td class=\"column-3\">45.8<\/td>\n<\/tr>\n<tr class=\"row-94\">\n\t<td class=\"column-1\">14<\/td><td class=\"column-2\">.375\"<\/td><td class=\"column-3\">54.6<\/td>\n<\/tr>\n<tr class=\"row-95\">\n\t<td class=\"column-1\">14<\/td><td class=\"column-2\">.500\"<\/td><td class=\"column-3\">72.1<\/td>\n<\/tr>\n<tr class=\"row-96\">\n\t<td class=\"column-1\">16<\/td><td class=\"column-2\">.250\"<\/td><td class=\"column-3\">42.1<\/td>\n<\/tr>\n<tr class=\"row-97\">\n\t<td class=\"column-1\">16<\/td><td class=\"column-2\">.313\"<\/td><td class=\"column-3\">52.4<\/td>\n<\/tr>\n<tr class=\"row-98\">\n\t<td class=\"column-1\">16<\/td><td class=\"column-2\">.375\"<\/td><td class=\"column-3\">62.6<\/td>\n<\/tr>\n<tr class=\"row-99\">\n\t<td class=\"column-1\">16<\/td><td class=\"column-2\">.500\"<\/td><td class=\"column-3\">82.8<\/td>\n<\/tr>\n<\/tbody>\n<\/table>\n<!-- #tablepress-66 from cache -->\r\n                <\/div>\r\n            <\/div>\r\n\r\n        \r\n        <\/div>\r\n\r\n    <\/section>\r\n\r\n","protected":false},"featured_media":1603,"template":"","class_list":["post-1722","product","type-product","status-publish","has-post-thumbnail","hentry"],"acf":[],"yoast_head":"<!-- This site is optimized with the Yoast SEO plugin v27.0 - https:\/\/yoast.com\/product\/yoast-seo-wordpress\/ -->\n<title>Tubes m\u00e9caniques ronds creux - Del Metals<\/title>\n<meta name=\"robots\" content=\"index, follow, max-snippet:-1, max-image-preview:large, max-video-preview:-1\" \/>\n<link rel=\"canonical\" href=\"https:\/\/www.delmetals.com\/fr\/product\/tube-mecanique-rond\/\" \/>\n<meta property=\"og:locale\" content=\"fr_FR\" \/>\n<meta property=\"og:type\" content=\"article\" \/>\n<meta property=\"og:title\" content=\"Tubes m\u00e9caniques ronds creux - Del Metals\" \/>\n<meta property=\"og:url\" content=\"https:\/\/www.delmetals.com\/fr\/product\/tube-mecanique-rond\/\" \/>\n<meta property=\"og:site_name\" content=\"Del Metals\" \/>\n<meta property=\"article:modified_time\" content=\"2024-05-23T20:27:59+00:00\" \/>\n<meta property=\"og:image\" content=\"https:\/\/www.delmetals.com\/wp-content\/uploads\/2023\/12\/NZ9_6740-HDR-Edit-Round-Hollow-Structural-Sections.jpg\" \/>\n\t<meta property=\"og:image:width\" content=\"1920\" \/>\n\t<meta property=\"og:image:height\" content=\"1510\" \/>\n\t<meta property=\"og:image:type\" content=\"image\/jpeg\" \/>\n<meta name=\"twitter:card\" content=\"summary_large_image\" \/>\n<script type=\"application\/ld+json\" class=\"yoast-schema-graph\">{\"@context\":\"https:\/\/schema.org\",\"@graph\":[{\"@type\":\"WebPage\",\"@id\":\"https:\/\/www.delmetals.com\/fr\/product\/tube-mecanique-rond\/\",\"url\":\"https:\/\/www.delmetals.com\/fr\/product\/tube-mecanique-rond\/\",\"name\":\"Tubes m\u00e9caniques ronds creux - Del Metals\",\"isPartOf\":{\"@id\":\"https:\/\/www.delmetals.com\/#website\"},\"primaryImageOfPage\":{\"@id\":\"https:\/\/www.delmetals.com\/fr\/product\/tube-mecanique-rond\/#primaryimage\"},\"image\":{\"@id\":\"https:\/\/www.delmetals.com\/fr\/product\/tube-mecanique-rond\/#primaryimage\"},\"thumbnailUrl\":\"https:\/\/www.delmetals.com\/wp-content\/uploads\/2023\/12\/NZ9_6740-HDR-Edit-Round-Hollow-Structural-Sections.jpg\",\"datePublished\":\"2023-12-14T19:07:59+00:00\",\"dateModified\":\"2024-05-23T20:27:59+00:00\",\"breadcrumb\":{\"@id\":\"https:\/\/www.delmetals.com\/fr\/product\/tube-mecanique-rond\/#breadcrumb\"},\"inLanguage\":\"fr-FR\",\"potentialAction\":[{\"@type\":\"ReadAction\",\"target\":[\"https:\/\/www.delmetals.com\/fr\/product\/tube-mecanique-rond\/\"]}]},{\"@type\":\"ImageObject\",\"inLanguage\":\"fr-FR\",\"@id\":\"https:\/\/www.delmetals.com\/fr\/product\/tube-mecanique-rond\/#primaryimage\",\"url\":\"https:\/\/www.delmetals.com\/wp-content\/uploads\/2023\/12\/NZ9_6740-HDR-Edit-Round-Hollow-Structural-Sections.jpg\",\"contentUrl\":\"https:\/\/www.delmetals.com\/wp-content\/uploads\/2023\/12\/NZ9_6740-HDR-Edit-Round-Hollow-Structural-Sections.jpg\",\"width\":1920,\"height\":1510},{\"@type\":\"BreadcrumbList\",\"@id\":\"https:\/\/www.delmetals.com\/fr\/product\/tube-mecanique-rond\/#breadcrumb\",\"itemListElement\":[{\"@type\":\"ListItem\",\"position\":1,\"name\":\"Home\",\"item\":\"https:\/\/www.delmetals.com\/\"},{\"@type\":\"ListItem\",\"position\":2,\"name\":\"Tubes m\u00e9caniques ronds creux\"}]},{\"@type\":\"WebSite\",\"@id\":\"https:\/\/www.delmetals.com\/#website\",\"url\":\"https:\/\/www.delmetals.com\/\",\"name\":\"Del Metals\",\"description\":\"\",\"potentialAction\":[{\"@type\":\"SearchAction\",\"target\":{\"@type\":\"EntryPoint\",\"urlTemplate\":\"https:\/\/www.delmetals.com\/?s={search_term_string}\"},\"query-input\":{\"@type\":\"PropertyValueSpecification\",\"valueRequired\":true,\"valueName\":\"search_term_string\"}}],\"inLanguage\":\"fr-FR\"}]}<\/script>\n<!-- \/ Yoast SEO plugin. -->","yoast_head_json":{"title":"Tubes m\u00e9caniques ronds creux - Del Metals","robots":{"index":"index","follow":"follow","max-snippet":"max-snippet:-1","max-image-preview":"max-image-preview:large","max-video-preview":"max-video-preview:-1"},"canonical":"https:\/\/www.delmetals.com\/fr\/product\/tube-mecanique-rond\/","og_locale":"fr_FR","og_type":"article","og_title":"Tubes m\u00e9caniques ronds creux - Del Metals","og_url":"https:\/\/www.delmetals.com\/fr\/product\/tube-mecanique-rond\/","og_site_name":"Del Metals","article_modified_time":"2024-05-23T20:27:59+00:00","og_image":[{"width":1920,"height":1510,"url":"https:\/\/www.delmetals.com\/wp-content\/uploads\/2023\/12\/NZ9_6740-HDR-Edit-Round-Hollow-Structural-Sections.jpg","type":"image\/jpeg"}],"twitter_card":"summary_large_image","schema":{"@context":"https:\/\/schema.org","@graph":[{"@type":"WebPage","@id":"https:\/\/www.delmetals.com\/fr\/product\/tube-mecanique-rond\/","url":"https:\/\/www.delmetals.com\/fr\/product\/tube-mecanique-rond\/","name":"Tubes m\u00e9caniques ronds creux - Del Metals","isPartOf":{"@id":"https:\/\/www.delmetals.com\/#website"},"primaryImageOfPage":{"@id":"https:\/\/www.delmetals.com\/fr\/product\/tube-mecanique-rond\/#primaryimage"},"image":{"@id":"https:\/\/www.delmetals.com\/fr\/product\/tube-mecanique-rond\/#primaryimage"},"thumbnailUrl":"https:\/\/www.delmetals.com\/wp-content\/uploads\/2023\/12\/NZ9_6740-HDR-Edit-Round-Hollow-Structural-Sections.jpg","datePublished":"2023-12-14T19:07:59+00:00","dateModified":"2024-05-23T20:27:59+00:00","breadcrumb":{"@id":"https:\/\/www.delmetals.com\/fr\/product\/tube-mecanique-rond\/#breadcrumb"},"inLanguage":"fr-FR","potentialAction":[{"@type":"ReadAction","target":["https:\/\/www.delmetals.com\/fr\/product\/tube-mecanique-rond\/"]}]},{"@type":"ImageObject","inLanguage":"fr-FR","@id":"https:\/\/www.delmetals.com\/fr\/product\/tube-mecanique-rond\/#primaryimage","url":"https:\/\/www.delmetals.com\/wp-content\/uploads\/2023\/12\/NZ9_6740-HDR-Edit-Round-Hollow-Structural-Sections.jpg","contentUrl":"https:\/\/www.delmetals.com\/wp-content\/uploads\/2023\/12\/NZ9_6740-HDR-Edit-Round-Hollow-Structural-Sections.jpg","width":1920,"height":1510},{"@type":"BreadcrumbList","@id":"https:\/\/www.delmetals.com\/fr\/product\/tube-mecanique-rond\/#breadcrumb","itemListElement":[{"@type":"ListItem","position":1,"name":"Home","item":"https:\/\/www.delmetals.com\/"},{"@type":"ListItem","position":2,"name":"Tubes m\u00e9caniques ronds creux"}]},{"@type":"WebSite","@id":"https:\/\/www.delmetals.com\/#website","url":"https:\/\/www.delmetals.com\/","name":"Del Metals","description":"","potentialAction":[{"@type":"SearchAction","target":{"@type":"EntryPoint","urlTemplate":"https:\/\/www.delmetals.com\/?s={search_term_string}"},"query-input":{"@type":"PropertyValueSpecification","valueRequired":true,"valueName":"search_term_string"}}],"inLanguage":"fr-FR"}]}},"_links":{"self":[{"href":"https:\/\/www.delmetals.com\/fr\/wp-json\/wp\/v2\/product\/1722","targetHints":{"allow":["GET"]}}],"collection":[{"href":"https:\/\/www.delmetals.com\/fr\/wp-json\/wp\/v2\/product"}],"about":[{"href":"https:\/\/www.delmetals.com\/fr\/wp-json\/wp\/v2\/types\/product"}],"wp:featuredmedia":[{"embeddable":true,"href":"https:\/\/www.delmetals.com\/fr\/wp-json\/wp\/v2\/media\/1603"}],"wp:attachment":[{"href":"https:\/\/www.delmetals.com\/fr\/wp-json\/wp\/v2\/media?parent=1722"}],"curies":[{"name":"wp","href":"https:\/\/api.w.org\/{rel}","templated":true}]}}