{"id":1719,"date":"2023-12-14T19:05:42","date_gmt":"2023-12-14T19:05:42","guid":{"rendered":"https:\/\/delmetals.wpenginepowered.com\/product\/acier-darmature\/"},"modified":"2024-05-23T16:10:55","modified_gmt":"2024-05-23T20:10:55","slug":"acier-darmature","status":"publish","type":"product","link":"https:\/\/www.delmetals.com\/fr\/product\/acier-darmature\/","title":{"rendered":"Acier d&rsquo;armature"},"content":{"rendered":"\r\n<section id=\"centered-content-block_313c5f3e38aea2d4a69942fa688ebae3\"\r\n         class=\"orange-block centered-content-block\"\r\n    >\r\n\r\n\r\n    \r\n    <div class=\"container\">\r\n        <div class=\"row\">\r\n            <div class=\"col-12 content-column\" tabindex=\"0\">\r\n                <div class=\"content-container\">\r\n                                            <h3>Armatures de haute qualit\u00e9 pour tout projet<\/h3>\n<p>Nous savons que la rouille est l&rsquo;ennemi du m\u00e9tal, m\u00eame lorsqu&rsquo;il est int\u00e9gr\u00e9 dans le b\u00e9ton. En stockant tous nos mat\u00e9riaux \u00e0 l&rsquo;int\u00e9rieur de notre entrep\u00f4t de 120 000 pieds carr\u00e9s climatis\u00e9, nous nous assurons de fournir de l&rsquo;acier d&rsquo;armature de la plus haute qualit\u00e9 pour tout projet.<\/p>\n                <\/div>\r\n            <\/div>\r\n        <\/div>\r\n\r\n\t    \r\n    <\/div>\r\n    \r\n<\/section>\r\n\r\n    <section id=\"table-i18n-block_2f31f2f1a7759e3b014fb86b0bd49582\" class=\"orange-block table-i18n-block\" >\r\n\r\n    \r\n\t    <!-- Block title -->\r\n\t    <div class=\"container\">\r\n\t\t    <div class=\"row\">\r\n\t\t\t    <div class=\"col-12 block-title-wrap\">\r\n\t\t\t\t    \t\t\t\t\t    <h2 class=\"h2 block-title\">Sp\u00e9cifications \u2013 Acier d\u2019armature<\/h2>\r\n\t\t\t\t    \t\t\t\t    \t\t\t    <\/div>\r\n\t\t    <\/div>\r\n\t    <\/div>\r\n\r\n    \r\n        <!-- Block content -->\r\n        <div class=\"table-container container\">\r\n\r\n            <div class=\"row table-row\">\r\n                <div class=\"col-12\">\r\n                    \n<table id=\"tablepress-61\" class=\"tablepress tablepress-id-61\">\n<thead>\n<tr class=\"row-1\">\n\t<th class=\"column-1\">Dimensions des barres<\/th><th class=\"column-2\">Poids lb\/pied<\/th><th class=\"column-3\">Diam\u00e8tre<\/th><th class=\"column-4\">Croix sectionnelles en po.<\/th><th class=\"column-5\">P\u00e9rim\u00e8tre<\/th>\n<\/tr>\n<\/thead>\n<tbody class=\"row-striping row-hover\">\n<tr class=\"row-2\">\n\t<td class=\"column-1\">10M<\/td><td class=\"column-2\">0.527<\/td><td class=\"column-3\">0.445<\/td><td class=\"column-4\">0.16<\/td><td class=\"column-5\">1.398<\/td>\n<\/tr>\n<tr class=\"row-3\">\n\t<td class=\"column-1\">15M<\/td><td class=\"column-2\">1.055<\/td><td class=\"column-3\">0.63<\/td><td class=\"column-4\">0.31<\/td><td class=\"column-5\">1.972<\/td>\n<\/tr>\n<tr class=\"row-4\">\n\t<td class=\"column-1\">20M<\/td><td class=\"column-2\">1.582<\/td><td class=\"column-3\">0.768<\/td><td class=\"column-4\">0.47<\/td><td class=\"column-5\">2.413<\/td>\n<\/tr>\n<tr class=\"row-5\">\n\t<td class=\"column-1\">25M<\/td><td class=\"column-2\">2.637<\/td><td class=\"column-3\">0.992<\/td><td class=\"column-4\">0.78<\/td><td class=\"column-5\">3.118<\/td>\n<\/tr>\n<\/tbody>\n<\/table>\n<!-- #tablepress-61 from cache -->\r\n                <\/div>\r\n            <\/div>\r\n\r\n        \r\n        <\/div>\r\n\r\n    <\/section>\r\n\r\n\r\n    <section id=\"gallery-block_049daa10ddd1c00bd086a1aebf7bdfb2\"\r\n             class=\"orange-block gallery-block\"\r\n             >\r\n\r\n    \r\n    \r\n        <!-- Block content -->\r\n        <div class=\"container-fluid  gallery-container\">\r\n\r\n            \r\n                <!-- Single row -->\r\n                <div class=\"row\">\r\n\r\n                                            <!-- Single column -->\r\n                        <div class=\"image-col col-12 col-sm-6 col-lg-4\">\r\n\r\n                            <!-- Modal link -->\r\n                            <a href=\"https:\/\/www.delmetals.com\/wp-content\/uploads\/2023\/12\/NZ9_6939-HDR-Rebar.jpg\"\r\n                               class=\"foobox\"\r\n                               rel=\"gallery-block_049daa10ddd1c00bd086a1aebf7bdfb2\"\r\n                               data-caption-title=\"NZ9_6939-HDR - Rebar\"\r\n                               data-caption-description=\"\"\r\n                               aria-label=\"Open this image in a modal: NZ9_6939-HDR - Rebar\"\r\n                               >\r\n\r\n                                <!-- Image -->\r\n                                <div class=\"image-container\">\r\n                                    <div class=\"gallery-image\"\r\n                                         style=\"background-image: url('https:\/\/www.delmetals.com\/wp-content\/uploads\/2023\/12\/NZ9_6939-HDR-Rebar-1024x662.jpg')\"><\/div>\r\n                                    <div class=\"gallery-overlay\">\r\n\r\n                                    <\/div>\r\n                                <\/div>\r\n                            <\/a>\r\n                        <\/div>\r\n\r\n                                            <!-- Single column -->\r\n                        <div class=\"image-col col-12 col-sm-6 col-lg-4\">\r\n\r\n                            <!-- Modal link -->\r\n                            <a href=\"https:\/\/www.delmetals.com\/wp-content\/uploads\/2023\/12\/NZ9_6945-HDR-Edit-Rebar.jpg.jpg\"\r\n                               class=\"foobox\"\r\n                               rel=\"gallery-block_049daa10ddd1c00bd086a1aebf7bdfb2\"\r\n                               data-caption-title=\"NZ9_6945-HDR-Edit - Rebar.jpg\"\r\n                               data-caption-description=\"\"\r\n                               aria-label=\"Open this image in a modal: NZ9_6945-HDR-Edit - Rebar.jpg\"\r\n                               >\r\n\r\n                                <!-- Image -->\r\n                                <div class=\"image-container\">\r\n                                    <div class=\"gallery-image\"\r\n                                         style=\"background-image: url('https:\/\/www.delmetals.com\/wp-content\/uploads\/2023\/12\/NZ9_6945-HDR-Edit-Rebar.jpg-1024x719.jpg')\"><\/div>\r\n                                    <div class=\"gallery-overlay\">\r\n\r\n                                    <\/div>\r\n                                <\/div>\r\n                            <\/a>\r\n                        <\/div>\r\n\r\n                                            <!-- Single column -->\r\n                        <div class=\"image-col col-12 col-sm-6 col-lg-4\">\r\n\r\n                            <!-- Modal link -->\r\n                            <a href=\"https:\/\/www.delmetals.com\/wp-content\/uploads\/2023\/12\/untitled-7-of-36-rebar.jpg\"\r\n                               class=\"foobox\"\r\n                               rel=\"gallery-block_049daa10ddd1c00bd086a1aebf7bdfb2\"\r\n                               data-caption-title=\"untitled (7 of 36)-rebar\"\r\n                               data-caption-description=\"\"\r\n                               aria-label=\"Open this image in a modal: untitled (7 of 36)-rebar\"\r\n                               >\r\n\r\n                                <!-- Image -->\r\n                                <div class=\"image-container\">\r\n                                    <div class=\"gallery-image\"\r\n                                         style=\"background-image: url('https:\/\/www.delmetals.com\/wp-content\/uploads\/2023\/12\/untitled-7-of-36-rebar-1024x682.jpg')\"><\/div>\r\n                                    <div class=\"gallery-overlay\">\r\n\r\n                                    <\/div>\r\n                                <\/div>\r\n                            <\/a>\r\n                        <\/div>\r\n\r\n                    \r\n                <\/div>\r\n\r\n            \r\n        <\/div>\r\n    <\/section>\r\n\r\n","protected":false},"featured_media":1582,"template":"","class_list":["post-1719","product","type-product","status-publish","has-post-thumbnail","hentry"],"acf":[],"yoast_head":"<!-- This site is optimized with the Yoast SEO plugin v27.0 - https:\/\/yoast.com\/product\/yoast-seo-wordpress\/ -->\n<title>Acier d&#039;armature - Del Metals<\/title>\n<meta name=\"robots\" content=\"index, follow, max-snippet:-1, max-image-preview:large, max-video-preview:-1\" \/>\n<link rel=\"canonical\" href=\"https:\/\/www.delmetals.com\/fr\/product\/acier-darmature\/\" \/>\n<meta property=\"og:locale\" content=\"fr_FR\" \/>\n<meta property=\"og:type\" content=\"article\" \/>\n<meta property=\"og:title\" content=\"Acier d&#039;armature - Del Metals\" \/>\n<meta property=\"og:url\" content=\"https:\/\/www.delmetals.com\/fr\/product\/acier-darmature\/\" \/>\n<meta property=\"og:site_name\" content=\"Del Metals\" \/>\n<meta property=\"article:modified_time\" content=\"2024-05-23T20:10:55+00:00\" \/>\n<meta property=\"og:image\" content=\"https:\/\/www.delmetals.com\/wp-content\/uploads\/2023\/12\/NZ9_6957-HDR-Edit-Rebar-flip.jpg\" \/>\n\t<meta property=\"og:image:width\" content=\"1920\" \/>\n\t<meta property=\"og:image:height\" content=\"1290\" \/>\n\t<meta property=\"og:image:type\" content=\"image\/jpeg\" \/>\n<meta name=\"twitter:card\" content=\"summary_large_image\" \/>\n<script type=\"application\/ld+json\" class=\"yoast-schema-graph\">{\"@context\":\"https:\/\/schema.org\",\"@graph\":[{\"@type\":\"WebPage\",\"@id\":\"https:\/\/www.delmetals.com\/fr\/product\/acier-darmature\/\",\"url\":\"https:\/\/www.delmetals.com\/fr\/product\/acier-darmature\/\",\"name\":\"Acier d'armature - Del Metals\",\"isPartOf\":{\"@id\":\"https:\/\/www.delmetals.com\/#website\"},\"primaryImageOfPage\":{\"@id\":\"https:\/\/www.delmetals.com\/fr\/product\/acier-darmature\/#primaryimage\"},\"image\":{\"@id\":\"https:\/\/www.delmetals.com\/fr\/product\/acier-darmature\/#primaryimage\"},\"thumbnailUrl\":\"https:\/\/www.delmetals.com\/wp-content\/uploads\/2023\/12\/NZ9_6957-HDR-Edit-Rebar-flip.jpg\",\"datePublished\":\"2023-12-14T19:05:42+00:00\",\"dateModified\":\"2024-05-23T20:10:55+00:00\",\"breadcrumb\":{\"@id\":\"https:\/\/www.delmetals.com\/fr\/product\/acier-darmature\/#breadcrumb\"},\"inLanguage\":\"fr-FR\",\"potentialAction\":[{\"@type\":\"ReadAction\",\"target\":[\"https:\/\/www.delmetals.com\/fr\/product\/acier-darmature\/\"]}]},{\"@type\":\"ImageObject\",\"inLanguage\":\"fr-FR\",\"@id\":\"https:\/\/www.delmetals.com\/fr\/product\/acier-darmature\/#primaryimage\",\"url\":\"https:\/\/www.delmetals.com\/wp-content\/uploads\/2023\/12\/NZ9_6957-HDR-Edit-Rebar-flip.jpg\",\"contentUrl\":\"https:\/\/www.delmetals.com\/wp-content\/uploads\/2023\/12\/NZ9_6957-HDR-Edit-Rebar-flip.jpg\",\"width\":1920,\"height\":1290},{\"@type\":\"BreadcrumbList\",\"@id\":\"https:\/\/www.delmetals.com\/fr\/product\/acier-darmature\/#breadcrumb\",\"itemListElement\":[{\"@type\":\"ListItem\",\"position\":1,\"name\":\"Home\",\"item\":\"https:\/\/www.delmetals.com\/\"},{\"@type\":\"ListItem\",\"position\":2,\"name\":\"Acier d&#8217;armature\"}]},{\"@type\":\"WebSite\",\"@id\":\"https:\/\/www.delmetals.com\/#website\",\"url\":\"https:\/\/www.delmetals.com\/\",\"name\":\"Del Metals\",\"description\":\"\",\"potentialAction\":[{\"@type\":\"SearchAction\",\"target\":{\"@type\":\"EntryPoint\",\"urlTemplate\":\"https:\/\/www.delmetals.com\/?s={search_term_string}\"},\"query-input\":{\"@type\":\"PropertyValueSpecification\",\"valueRequired\":true,\"valueName\":\"search_term_string\"}}],\"inLanguage\":\"fr-FR\"}]}<\/script>\n<!-- \/ Yoast SEO plugin. -->","yoast_head_json":{"title":"Acier d'armature - Del Metals","robots":{"index":"index","follow":"follow","max-snippet":"max-snippet:-1","max-image-preview":"max-image-preview:large","max-video-preview":"max-video-preview:-1"},"canonical":"https:\/\/www.delmetals.com\/fr\/product\/acier-darmature\/","og_locale":"fr_FR","og_type":"article","og_title":"Acier d'armature - Del Metals","og_url":"https:\/\/www.delmetals.com\/fr\/product\/acier-darmature\/","og_site_name":"Del Metals","article_modified_time":"2024-05-23T20:10:55+00:00","og_image":[{"width":1920,"height":1290,"url":"https:\/\/www.delmetals.com\/wp-content\/uploads\/2023\/12\/NZ9_6957-HDR-Edit-Rebar-flip.jpg","type":"image\/jpeg"}],"twitter_card":"summary_large_image","schema":{"@context":"https:\/\/schema.org","@graph":[{"@type":"WebPage","@id":"https:\/\/www.delmetals.com\/fr\/product\/acier-darmature\/","url":"https:\/\/www.delmetals.com\/fr\/product\/acier-darmature\/","name":"Acier d'armature - Del Metals","isPartOf":{"@id":"https:\/\/www.delmetals.com\/#website"},"primaryImageOfPage":{"@id":"https:\/\/www.delmetals.com\/fr\/product\/acier-darmature\/#primaryimage"},"image":{"@id":"https:\/\/www.delmetals.com\/fr\/product\/acier-darmature\/#primaryimage"},"thumbnailUrl":"https:\/\/www.delmetals.com\/wp-content\/uploads\/2023\/12\/NZ9_6957-HDR-Edit-Rebar-flip.jpg","datePublished":"2023-12-14T19:05:42+00:00","dateModified":"2024-05-23T20:10:55+00:00","breadcrumb":{"@id":"https:\/\/www.delmetals.com\/fr\/product\/acier-darmature\/#breadcrumb"},"inLanguage":"fr-FR","potentialAction":[{"@type":"ReadAction","target":["https:\/\/www.delmetals.com\/fr\/product\/acier-darmature\/"]}]},{"@type":"ImageObject","inLanguage":"fr-FR","@id":"https:\/\/www.delmetals.com\/fr\/product\/acier-darmature\/#primaryimage","url":"https:\/\/www.delmetals.com\/wp-content\/uploads\/2023\/12\/NZ9_6957-HDR-Edit-Rebar-flip.jpg","contentUrl":"https:\/\/www.delmetals.com\/wp-content\/uploads\/2023\/12\/NZ9_6957-HDR-Edit-Rebar-flip.jpg","width":1920,"height":1290},{"@type":"BreadcrumbList","@id":"https:\/\/www.delmetals.com\/fr\/product\/acier-darmature\/#breadcrumb","itemListElement":[{"@type":"ListItem","position":1,"name":"Home","item":"https:\/\/www.delmetals.com\/"},{"@type":"ListItem","position":2,"name":"Acier d&#8217;armature"}]},{"@type":"WebSite","@id":"https:\/\/www.delmetals.com\/#website","url":"https:\/\/www.delmetals.com\/","name":"Del Metals","description":"","potentialAction":[{"@type":"SearchAction","target":{"@type":"EntryPoint","urlTemplate":"https:\/\/www.delmetals.com\/?s={search_term_string}"},"query-input":{"@type":"PropertyValueSpecification","valueRequired":true,"valueName":"search_term_string"}}],"inLanguage":"fr-FR"}]}},"_links":{"self":[{"href":"https:\/\/www.delmetals.com\/fr\/wp-json\/wp\/v2\/product\/1719","targetHints":{"allow":["GET"]}}],"collection":[{"href":"https:\/\/www.delmetals.com\/fr\/wp-json\/wp\/v2\/product"}],"about":[{"href":"https:\/\/www.delmetals.com\/fr\/wp-json\/wp\/v2\/types\/product"}],"wp:featuredmedia":[{"embeddable":true,"href":"https:\/\/www.delmetals.com\/fr\/wp-json\/wp\/v2\/media\/1582"}],"wp:attachment":[{"href":"https:\/\/www.delmetals.com\/fr\/wp-json\/wp\/v2\/media?parent=1719"}],"curies":[{"name":"wp","href":"https:\/\/api.w.org\/{rel}","templated":true}]}}