{"id":1718,"date":"2023-12-14T19:05:28","date_gmt":"2023-12-14T23:05:28","guid":{"rendered":"https:\/\/delmetals.wpenginepowered.com\/product\/barre-carree\/"},"modified":"2024-05-23T16:04:17","modified_gmt":"2024-05-23T20:04:17","slug":"barre-carree","status":"publish","type":"product","link":"https:\/\/www.delmetals.com\/fr\/product\/barre-carree\/","title":{"rendered":"Barres carr\u00e9es"},"content":{"rendered":"\r\n<section id=\"centered-content-block_426e4fff34b1431f8d4e1cf3d943852e\"\r\n         class=\"orange-block centered-content-block\"\r\n    >\r\n\r\n\r\n    \r\n    <div class=\"container\">\r\n        <div class=\"row\">\r\n            <div class=\"col-12 content-column\" tabindex=\"0\">\r\n                <div class=\"content-container\">\r\n                                            <h3>D\u00e9couvrez la force et la polyvalence avec les barres carr\u00e9es en acier structural.<\/h3>\n<p>Nous disposons d&rsquo;une vari\u00e9t\u00e9 de tailles de barres carr\u00e9es pour vos projets. Nous stockons nos barres carr\u00e9es dans un entrep\u00f4t climatis\u00e9 pour garantir les niveaux de qualit\u00e9 de votre barre carr\u00e9e.<\/p>\n                <\/div>\r\n            <\/div>\r\n        <\/div>\r\n\r\n\t    \r\n    <\/div>\r\n    \r\n<\/section>\r\n\r\n    <section id=\"table-i18n-block_e4562ededcbc6275f94a878fa47ef6c8\" class=\"orange-block table-i18n-block\" >\r\n\r\n    \r\n\t    <!-- Block title -->\r\n\t    <div class=\"container\">\r\n\t\t    <div class=\"row\">\r\n\t\t\t    <div class=\"col-12 block-title-wrap\">\r\n\t\t\t\t    \t\t\t\t\t    <h2 class=\"h2 block-title\">Sp\u00e9cifications \u2013 barres carr\u00e9es<\/h2>\r\n\t\t\t\t    \t\t\t\t    \t\t\t    <\/div>\r\n\t\t    <\/div>\r\n\t    <\/div>\r\n\r\n    \r\n        <!-- Block content -->\r\n        <div class=\"table-container container\">\r\n\r\n            <div class=\"row table-row\">\r\n                <div class=\"col-12\">\r\n                    \n<table id=\"tablepress-60\" class=\"tablepress tablepress-id-60\">\n<thead>\n<tr class=\"row-1\">\n\t<th class=\"column-1\">\u00c9p. de la bride en po.<\/th><th class=\"column-2\">Lbs.\/pied<\/th><th class=\"column-3\">Fini<\/th>\n<\/tr>\n<\/thead>\n<tbody class=\"row-striping row-hover\">\n<tr class=\"row-2\">\n\t<td class=\"column-1\">3\/8\"<\/td><td class=\"column-2\">0.4781<\/td><td class=\"column-3\">HOT ROLLED<\/td>\n<\/tr>\n<tr class=\"row-3\">\n\t<td class=\"column-1\">7\/16\"<\/td><td class=\"column-2\">0.6508<\/td><td class=\"column-3\">HOT ROLLED<\/td>\n<\/tr>\n<tr class=\"row-4\">\n\t<td class=\"column-1\">1\/2\"<\/td><td class=\"column-2\">0.85<\/td><td class=\"column-3\">HOT ROLLED<\/td>\n<\/tr>\n<tr class=\"row-5\">\n\t<td class=\"column-1\">5\/8\"<\/td><td class=\"column-2\">1.328<\/td><td class=\"column-3\">HOT ROLLED<\/td>\n<\/tr>\n<tr class=\"row-6\">\n\t<td class=\"column-1\">3\/4\"<\/td><td class=\"column-2\">1.913<\/td><td class=\"column-3\">HOT ROLLED<\/td>\n<\/tr>\n<tr class=\"row-7\">\n\t<td class=\"column-1\">1\"<\/td><td class=\"column-2\">3.4<\/td><td class=\"column-3\">HOT ROLLED<\/td>\n<\/tr>\n<tr class=\"row-8\">\n\t<td class=\"column-1\">1-1\/4\"<\/td><td class=\"column-2\">5.313<\/td><td class=\"column-3\">HOT ROLLED<\/td>\n<\/tr>\n<tr class=\"row-9\">\n\t<td class=\"column-1\">1-1\/2\"<\/td><td class=\"column-2\">7.65<\/td><td class=\"column-3\">HOT ROLLED<\/td>\n<\/tr>\n<tr class=\"row-10\">\n\t<td class=\"column-1\">1-3\/4\"<\/td><td class=\"column-2\">10.41<\/td><td class=\"column-3\">HOT ROLLED<\/td>\n<\/tr>\n<tr class=\"row-11\">\n\t<td class=\"column-1\">2\"<\/td><td class=\"column-2\">13.6<\/td><td class=\"column-3\">HOT ROLLED<\/td>\n<\/tr>\n<tr class=\"row-12\">\n\t<td class=\"column-1\">2-1\/2\"<\/td><td class=\"column-2\">21.25<\/td><td class=\"column-3\">HOT ROLLED<\/td>\n<\/tr>\n<tr class=\"row-13\">\n\t<td class=\"column-1\">3\"<\/td><td class=\"column-2\">30.6<\/td><td class=\"column-3\">HOT ROLLED<\/td>\n<\/tr>\n<\/tbody>\n<\/table>\n\r\n                <\/div>\r\n            <\/div>\r\n\r\n        \r\n        <\/div>\r\n\r\n    <\/section>\r\n\r\n\r\n    <section id=\"gallery-block_d7a6c984f0bf2b5448fdc3250202dc88\"\r\n             class=\"orange-block gallery-block\"\r\n             >\r\n\r\n    \r\n    \r\n        <!-- Block content -->\r\n        <div class=\"container-fluid  gallery-container\">\r\n\r\n            \r\n                <!-- Single row -->\r\n                <div class=\"row\">\r\n\r\n                                            <!-- Single column -->\r\n                        <div class=\"image-col col-12 col-sm-6 col-lg-3\">\r\n\r\n                            <!-- Modal link -->\r\n                            <a href=\"https:\/\/www.delmetals.com\/wp-content\/uploads\/2023\/12\/Square-Bar-Copy.jpg\"\r\n                               class=\"foobox\"\r\n                               rel=\"gallery-block_d7a6c984f0bf2b5448fdc3250202dc88\"\r\n                               data-caption-title=\"Square Bar - Copy\"\r\n                               data-caption-description=\"\"\r\n                               aria-label=\"Open this image in a modal: Square Bar - Copy\"\r\n                               >\r\n\r\n                                <!-- Image -->\r\n                                <div class=\"image-container\">\r\n                                    <div class=\"gallery-image\"\r\n                                         style=\"background-image: url('https:\/\/www.delmetals.com\/wp-content\/uploads\/2023\/12\/Square-Bar-Copy-1024x682.jpg')\"><\/div>\r\n                                    <div class=\"gallery-overlay\">\r\n\r\n                                    <\/div>\r\n                                <\/div>\r\n                            <\/a>\r\n                        <\/div>\r\n\r\n                                            <!-- Single column -->\r\n                        <div class=\"image-col col-12 col-sm-6 col-lg-3\">\r\n\r\n                            <!-- Modal link -->\r\n                            <a href=\"https:\/\/www.delmetals.com\/wp-content\/uploads\/2023\/12\/Square-Bar-3.jpg\"\r\n                               class=\"foobox\"\r\n                               rel=\"gallery-block_d7a6c984f0bf2b5448fdc3250202dc88\"\r\n                               data-caption-title=\"Square Bar (3)\"\r\n                               data-caption-description=\"\"\r\n                               aria-label=\"Open this image in a modal: Square Bar (3)\"\r\n                               >\r\n\r\n                                <!-- Image -->\r\n                                <div class=\"image-container\">\r\n                                    <div class=\"gallery-image\"\r\n                                         style=\"background-image: url('https:\/\/www.delmetals.com\/wp-content\/uploads\/2023\/12\/Square-Bar-3-1024x595.jpg')\"><\/div>\r\n                                    <div class=\"gallery-overlay\">\r\n\r\n                                    <\/div>\r\n                                <\/div>\r\n                            <\/a>\r\n                        <\/div>\r\n\r\n                                            <!-- Single column -->\r\n                        <div class=\"image-col col-12 col-sm-6 col-lg-3\">\r\n\r\n                            <!-- Modal link -->\r\n                            <a href=\"https:\/\/www.delmetals.com\/wp-content\/uploads\/2023\/12\/Square-Bar-4.jpg\"\r\n                               class=\"foobox\"\r\n                               rel=\"gallery-block_d7a6c984f0bf2b5448fdc3250202dc88\"\r\n                               data-caption-title=\"Square Bar (4)\"\r\n                               data-caption-description=\"\"\r\n                               aria-label=\"Open this image in a modal: Square Bar (4)\"\r\n                               >\r\n\r\n                                <!-- Image -->\r\n                                <div class=\"image-container\">\r\n                                    <div class=\"gallery-image\"\r\n                                         style=\"background-image: url('https:\/\/www.delmetals.com\/wp-content\/uploads\/2023\/12\/Square-Bar-4-1024x600.jpg')\"><\/div>\r\n                                    <div class=\"gallery-overlay\">\r\n\r\n                                    <\/div>\r\n                                <\/div>\r\n                            <\/a>\r\n                        <\/div>\r\n\r\n                                            <!-- Single column -->\r\n                        <div class=\"image-col col-12 col-sm-6 col-lg-3\">\r\n\r\n                            <!-- Modal link -->\r\n                            <a href=\"https:\/\/www.delmetals.com\/wp-content\/uploads\/2023\/12\/Square-Bar-5.jpg\"\r\n                               class=\"foobox\"\r\n                               rel=\"gallery-block_d7a6c984f0bf2b5448fdc3250202dc88\"\r\n                               data-caption-title=\"Square Bar (5)\"\r\n                               data-caption-description=\"\"\r\n                               aria-label=\"Open this image in a modal: Square Bar (5)\"\r\n                               >\r\n\r\n                                <!-- Image -->\r\n                                <div class=\"image-container\">\r\n                                    <div class=\"gallery-image\"\r\n                                         style=\"background-image: url('https:\/\/www.delmetals.com\/wp-content\/uploads\/2023\/12\/Square-Bar-5-1024x682.jpg')\"><\/div>\r\n                                    <div class=\"gallery-overlay\">\r\n\r\n                                    <\/div>\r\n                                <\/div>\r\n                            <\/a>\r\n                        <\/div>\r\n\r\n                    \r\n                <\/div>\r\n\r\n            \r\n        <\/div>\r\n    <\/section>\r\n\r\n","protected":false},"featured_media":1562,"template":"","class_list":["post-1718","product","type-product","status-publish","has-post-thumbnail","hentry"],"acf":[],"yoast_head":"<!-- This site is optimized with the Yoast SEO plugin v27.0 - https:\/\/yoast.com\/product\/yoast-seo-wordpress\/ -->\n<title>Barres carr\u00e9es - Del Metals<\/title>\n<meta name=\"robots\" content=\"index, follow, max-snippet:-1, max-image-preview:large, max-video-preview:-1\" \/>\n<link rel=\"canonical\" href=\"https:\/\/www.delmetals.com\/fr\/product\/barre-carree\/\" \/>\n<meta property=\"og:locale\" content=\"fr_FR\" \/>\n<meta property=\"og:type\" content=\"article\" \/>\n<meta property=\"og:title\" content=\"Barres carr\u00e9es - Del Metals\" \/>\n<meta property=\"og:url\" content=\"https:\/\/www.delmetals.com\/fr\/product\/barre-carree\/\" \/>\n<meta property=\"og:site_name\" content=\"Del Metals\" \/>\n<meta property=\"article:modified_time\" content=\"2024-05-23T20:04:17+00:00\" \/>\n<meta property=\"og:image\" content=\"https:\/\/www.delmetals.com\/wp-content\/uploads\/2023\/12\/NZ9_6746-HDR-Square-Bar.jpg\" \/>\n\t<meta property=\"og:image:width\" content=\"1920\" \/>\n\t<meta property=\"og:image:height\" content=\"1280\" \/>\n\t<meta property=\"og:image:type\" content=\"image\/jpeg\" \/>\n<meta name=\"twitter:card\" content=\"summary_large_image\" \/>\n<script type=\"application\/ld+json\" class=\"yoast-schema-graph\">{\"@context\":\"https:\/\/schema.org\",\"@graph\":[{\"@type\":\"WebPage\",\"@id\":\"https:\/\/www.delmetals.com\/fr\/product\/barre-carree\/\",\"url\":\"https:\/\/www.delmetals.com\/fr\/product\/barre-carree\/\",\"name\":\"Barres carr\u00e9es - Del Metals\",\"isPartOf\":{\"@id\":\"https:\/\/www.delmetals.com\/#website\"},\"primaryImageOfPage\":{\"@id\":\"https:\/\/www.delmetals.com\/fr\/product\/barre-carree\/#primaryimage\"},\"image\":{\"@id\":\"https:\/\/www.delmetals.com\/fr\/product\/barre-carree\/#primaryimage\"},\"thumbnailUrl\":\"https:\/\/www.delmetals.com\/wp-content\/uploads\/2023\/12\/NZ9_6746-HDR-Square-Bar.jpg\",\"datePublished\":\"2023-12-14T23:05:28+00:00\",\"dateModified\":\"2024-05-23T20:04:17+00:00\",\"breadcrumb\":{\"@id\":\"https:\/\/www.delmetals.com\/fr\/product\/barre-carree\/#breadcrumb\"},\"inLanguage\":\"fr-FR\",\"potentialAction\":[{\"@type\":\"ReadAction\",\"target\":[\"https:\/\/www.delmetals.com\/fr\/product\/barre-carree\/\"]}]},{\"@type\":\"ImageObject\",\"inLanguage\":\"fr-FR\",\"@id\":\"https:\/\/www.delmetals.com\/fr\/product\/barre-carree\/#primaryimage\",\"url\":\"https:\/\/www.delmetals.com\/wp-content\/uploads\/2023\/12\/NZ9_6746-HDR-Square-Bar.jpg\",\"contentUrl\":\"https:\/\/www.delmetals.com\/wp-content\/uploads\/2023\/12\/NZ9_6746-HDR-Square-Bar.jpg\",\"width\":1920,\"height\":1280},{\"@type\":\"BreadcrumbList\",\"@id\":\"https:\/\/www.delmetals.com\/fr\/product\/barre-carree\/#breadcrumb\",\"itemListElement\":[{\"@type\":\"ListItem\",\"position\":1,\"name\":\"Home\",\"item\":\"https:\/\/www.delmetals.com\/\"},{\"@type\":\"ListItem\",\"position\":2,\"name\":\"Barres carr\u00e9es\"}]},{\"@type\":\"WebSite\",\"@id\":\"https:\/\/www.delmetals.com\/#website\",\"url\":\"https:\/\/www.delmetals.com\/\",\"name\":\"Del Metals\",\"description\":\"\",\"potentialAction\":[{\"@type\":\"SearchAction\",\"target\":{\"@type\":\"EntryPoint\",\"urlTemplate\":\"https:\/\/www.delmetals.com\/?s={search_term_string}\"},\"query-input\":{\"@type\":\"PropertyValueSpecification\",\"valueRequired\":true,\"valueName\":\"search_term_string\"}}],\"inLanguage\":\"fr-FR\"}]}<\/script>\n<!-- \/ Yoast SEO plugin. -->","yoast_head_json":{"title":"Barres carr\u00e9es - Del Metals","robots":{"index":"index","follow":"follow","max-snippet":"max-snippet:-1","max-image-preview":"max-image-preview:large","max-video-preview":"max-video-preview:-1"},"canonical":"https:\/\/www.delmetals.com\/fr\/product\/barre-carree\/","og_locale":"fr_FR","og_type":"article","og_title":"Barres carr\u00e9es - Del Metals","og_url":"https:\/\/www.delmetals.com\/fr\/product\/barre-carree\/","og_site_name":"Del Metals","article_modified_time":"2024-05-23T20:04:17+00:00","og_image":[{"width":1920,"height":1280,"url":"https:\/\/www.delmetals.com\/wp-content\/uploads\/2023\/12\/NZ9_6746-HDR-Square-Bar.jpg","type":"image\/jpeg"}],"twitter_card":"summary_large_image","schema":{"@context":"https:\/\/schema.org","@graph":[{"@type":"WebPage","@id":"https:\/\/www.delmetals.com\/fr\/product\/barre-carree\/","url":"https:\/\/www.delmetals.com\/fr\/product\/barre-carree\/","name":"Barres carr\u00e9es - Del Metals","isPartOf":{"@id":"https:\/\/www.delmetals.com\/#website"},"primaryImageOfPage":{"@id":"https:\/\/www.delmetals.com\/fr\/product\/barre-carree\/#primaryimage"},"image":{"@id":"https:\/\/www.delmetals.com\/fr\/product\/barre-carree\/#primaryimage"},"thumbnailUrl":"https:\/\/www.delmetals.com\/wp-content\/uploads\/2023\/12\/NZ9_6746-HDR-Square-Bar.jpg","datePublished":"2023-12-14T23:05:28+00:00","dateModified":"2024-05-23T20:04:17+00:00","breadcrumb":{"@id":"https:\/\/www.delmetals.com\/fr\/product\/barre-carree\/#breadcrumb"},"inLanguage":"fr-FR","potentialAction":[{"@type":"ReadAction","target":["https:\/\/www.delmetals.com\/fr\/product\/barre-carree\/"]}]},{"@type":"ImageObject","inLanguage":"fr-FR","@id":"https:\/\/www.delmetals.com\/fr\/product\/barre-carree\/#primaryimage","url":"https:\/\/www.delmetals.com\/wp-content\/uploads\/2023\/12\/NZ9_6746-HDR-Square-Bar.jpg","contentUrl":"https:\/\/www.delmetals.com\/wp-content\/uploads\/2023\/12\/NZ9_6746-HDR-Square-Bar.jpg","width":1920,"height":1280},{"@type":"BreadcrumbList","@id":"https:\/\/www.delmetals.com\/fr\/product\/barre-carree\/#breadcrumb","itemListElement":[{"@type":"ListItem","position":1,"name":"Home","item":"https:\/\/www.delmetals.com\/"},{"@type":"ListItem","position":2,"name":"Barres carr\u00e9es"}]},{"@type":"WebSite","@id":"https:\/\/www.delmetals.com\/#website","url":"https:\/\/www.delmetals.com\/","name":"Del Metals","description":"","potentialAction":[{"@type":"SearchAction","target":{"@type":"EntryPoint","urlTemplate":"https:\/\/www.delmetals.com\/?s={search_term_string}"},"query-input":{"@type":"PropertyValueSpecification","valueRequired":true,"valueName":"search_term_string"}}],"inLanguage":"fr-FR"}]}},"_links":{"self":[{"href":"https:\/\/www.delmetals.com\/fr\/wp-json\/wp\/v2\/product\/1718","targetHints":{"allow":["GET"]}}],"collection":[{"href":"https:\/\/www.delmetals.com\/fr\/wp-json\/wp\/v2\/product"}],"about":[{"href":"https:\/\/www.delmetals.com\/fr\/wp-json\/wp\/v2\/types\/product"}],"wp:featuredmedia":[{"embeddable":true,"href":"https:\/\/www.delmetals.com\/fr\/wp-json\/wp\/v2\/media\/1562"}],"wp:attachment":[{"href":"https:\/\/www.delmetals.com\/fr\/wp-json\/wp\/v2\/media?parent=1718"}],"curies":[{"name":"wp","href":"https:\/\/api.w.org\/{rel}","templated":true}]}}