{"id":1713,"date":"2023-12-14T19:02:33","date_gmt":"2023-12-14T19:02:33","guid":{"rendered":"https:\/\/delmetals.wpenginepowered.com\/product\/feuilles-dacier-inoxydable\/"},"modified":"2024-05-22T17:04:36","modified_gmt":"2024-05-22T21:04:36","slug":"feuilles-dacier-inoxydable","status":"publish","type":"product","link":"https:\/\/www.delmetals.com\/fr\/product\/feuilles-dacier-inoxydable\/","title":{"rendered":"Feuilles d&rsquo;acier inoxydable"},"content":{"rendered":"\r\n<section id=\"centered-content-block_1025efce6b79a1a70b1ae50034fd8f6f\"\r\n         class=\"orange-block centered-content-block\"\r\n    >\r\n\r\n\r\n    \r\n    <div class=\"container\">\r\n        <div class=\"row\">\r\n            <div class=\"col-12 content-column\" tabindex=\"0\">\r\n                <div class=\"content-container\">\r\n                                            <h3>Une s\u00e9lection compl\u00e8te d&rsquo;\u00e9paisseurs, de largeurs et de finitions de feuilles d&rsquo;acier inoxydable.<\/h3>\n<p>Recherchez-vous des feuilles d&rsquo;acier inoxydable pour vos sp\u00e9cifications exactes ? Nos feuilles d&rsquo;acier inoxydable en 304-2b, 316-2B, 304-#4, et 430-#4 sont coup\u00e9es \u00e0 des longueurs sp\u00e9cifiques avec notre ligne de coupe avanc\u00e9e. Nous adaptons les feuilles d&rsquo;acier inoxydable pour r\u00e9pondre \u00e0 vos exigences de 12 pouces jusqu&rsquo;\u00e0 240 pouces de long. Ajoutez une finition en PVC pour une protection de surface, un retrait facile et des membranes adh\u00e9sives pour coupage au lasers.<\/p>\n                <\/div>\r\n            <\/div>\r\n        <\/div>\r\n\r\n\t    \r\n    <\/div>\r\n    \r\n<\/section>\r\n\r\n    <section id=\"table-i18n-block_75d2c7bf30f4eb01a68112c0c8cd5c1e\" class=\"orange-block table-i18n-block\" >\r\n\r\n    \r\n\t    <!-- Block title -->\r\n\t    <div class=\"container\">\r\n\t\t    <div class=\"row\">\r\n\t\t\t    <div class=\"col-12 block-title-wrap\">\r\n\t\t\t\t    \t\t\t\t\t    <h2 class=\"h2 block-title\">Sp\u00e9cifications \u2013 Feuilles d&#039;acier inoxydable<\/h2>\r\n\t\t\t\t    \t\t\t\t    \t\t\t    <\/div>\r\n\t\t    <\/div>\r\n\t    <\/div>\r\n\r\n    \r\n        <!-- Block content -->\r\n        <div class=\"table-container container\">\r\n\r\n            <div class=\"row table-row\">\r\n                <div class=\"col-12\">\r\n                    \n<table id=\"tablepress-53\" class=\"tablepress tablepress-id-53\">\n<thead>\n<tr class=\"row-1\">\n\t<th class=\"column-1\">No Du calibre<\/th><th class=\"column-2\">Alliage<\/th><th class=\"column-3\">Fini<\/th><th class=\"column-4\">\u00c9p. \u00c9quiv. en d\u00e9cimale<\/th><th class=\"column-5\">Poids Au Pied Carr\u00e9<\/th>\n<\/tr>\n<\/thead>\n<tbody class=\"row-striping row-hover\">\n<tr class=\"row-2\">\n\t<td class=\"column-1\">0.25<\/td><td class=\"column-2\">304\/304L<\/td><td class=\"column-3\">HRAP<\/td><td class=\"column-4\">0.2500\"<\/td><td class=\"column-5\">11.162<\/td>\n<\/tr>\n<tr class=\"row-3\">\n\t<td class=\"column-1\">0.188<\/td><td class=\"column-2\">304\/304L<\/td><td class=\"column-3\">HRAP<\/td><td class=\"column-4\">0.1880\"<\/td><td class=\"column-5\">8.579<\/td>\n<\/tr>\n<tr class=\"row-4\">\n\t<td class=\"column-1\">10<\/td><td class=\"column-2\">304\/304L<\/td><td class=\"column-3\">2B<\/td><td class=\"column-4\">0.1380\"<\/td><td class=\"column-5\">5.67<\/td>\n<\/tr>\n<tr class=\"row-5\">\n\t<td class=\"column-1\">11<\/td><td class=\"column-2\">304\/304L<\/td><td class=\"column-3\">2B, #4<\/td><td class=\"column-4\">0.1200\"<\/td><td class=\"column-5\">5.04<\/td>\n<\/tr>\n<tr class=\"row-6\">\n\t<td class=\"column-1\">12<\/td><td class=\"column-2\">304\/304L<\/td><td class=\"column-3\">2B, #4<\/td><td class=\"column-4\">0.1050\"<\/td><td class=\"column-5\">4.427<\/td>\n<\/tr>\n<tr class=\"row-7\">\n\t<td class=\"column-1\">14<\/td><td class=\"column-2\">304\/304L<\/td><td class=\"column-3\">2B, #4<\/td><td class=\"column-4\">0.0750\"<\/td><td class=\"column-5\">3.154<\/td>\n<\/tr>\n<tr class=\"row-8\">\n\t<td class=\"column-1\">16<\/td><td class=\"column-2\">304\/304L<\/td><td class=\"column-3\">2B, #4<\/td><td class=\"column-4\">0.0600\"<\/td><td class=\"column-5\">2.52<\/td>\n<\/tr>\n<tr class=\"row-9\">\n\t<td class=\"column-1\">18<\/td><td class=\"column-2\">304\/304L<\/td><td class=\"column-3\">2B, #4<\/td><td class=\"column-4\">0.0480\"<\/td><td class=\"column-5\">2.016<\/td>\n<\/tr>\n<tr class=\"row-10\">\n\t<td class=\"column-1\">20<\/td><td class=\"column-2\">304\/304L<\/td><td class=\"column-3\">2B, #4<\/td><td class=\"column-4\">0.0360\"<\/td><td class=\"column-5\">1.491<\/td>\n<\/tr>\n<tr class=\"row-11\">\n\t<td class=\"column-1\">22<\/td><td class=\"column-2\">304\/304L<\/td><td class=\"column-3\">2B, #4<\/td><td class=\"column-4\">0.0300\"<\/td><td class=\"column-5\">1.26<\/td>\n<\/tr>\n<tr class=\"row-12\">\n\t<td class=\"column-1\">24<\/td><td class=\"column-2\">304\/304L<\/td><td class=\"column-3\">2B, #4<\/td><td class=\"column-4\">0.0240\"<\/td><td class=\"column-5\">1.008<\/td>\n<\/tr>\n<tr class=\"row-13\">\n\t<td class=\"column-1\">18<\/td><td class=\"column-2\">430<\/td><td class=\"column-3\">#4<\/td><td class=\"column-4\">0.0480\"<\/td><td class=\"column-5\">2.016<\/td>\n<\/tr>\n<tr class=\"row-14\">\n\t<td class=\"column-1\">20<\/td><td class=\"column-2\">430<\/td><td class=\"column-3\">#4<\/td><td class=\"column-4\">0.0360\"<\/td><td class=\"column-5\">1.47<\/td>\n<\/tr>\n<tr class=\"row-15\">\n\t<td class=\"column-1\">22<\/td><td class=\"column-2\">430<\/td><td class=\"column-3\">#4<\/td><td class=\"column-4\">0.0300\"<\/td><td class=\"column-5\">1.26<\/td>\n<\/tr>\n<tr class=\"row-16\">\n\t<td class=\"column-1\">24<\/td><td class=\"column-2\">430<\/td><td class=\"column-3\">#4<\/td><td class=\"column-4\">0.0240\"<\/td><td class=\"column-5\">1.008<\/td>\n<\/tr>\n<\/tbody>\n<\/table>\n<!-- #tablepress-53 from cache -->\r\n                <\/div>\r\n            <\/div>\r\n\r\n        \r\n        <\/div>\r\n\r\n    <\/section>\r\n\r\n\r\n    <section id=\"gallery-block_94971d61cc2242af07267f587f3b7fce\"\r\n             class=\"orange-block gallery-block\"\r\n             >\r\n\r\n    \r\n    \r\n        <!-- Block content -->\r\n        <div class=\"container-fluid  gallery-container\">\r\n\r\n            \r\n                <!-- Single row -->\r\n                <div class=\"row\">\r\n\r\n                                            <!-- Single column -->\r\n                        <div class=\"image-col col-12 col-sm-6 col-lg-3\">\r\n\r\n                            <!-- Modal link -->\r\n                            <a href=\"https:\/\/www.delmetals.com\/wp-content\/uploads\/2023\/12\/IMG_2578_Web.jpg\"\r\n                               class=\"foobox\"\r\n                               rel=\"gallery-block_94971d61cc2242af07267f587f3b7fce\"\r\n                               data-caption-title=\"IMG_2578_Web\"\r\n                               data-caption-description=\"\"\r\n                               aria-label=\"Open this image in a modal: IMG_2578_Web\"\r\n                               >\r\n\r\n                                <!-- Image -->\r\n                                <div class=\"image-container\">\r\n                                    <div class=\"gallery-image\"\r\n                                         style=\"background-image: url('https:\/\/www.delmetals.com\/wp-content\/uploads\/2023\/12\/IMG_2578_Web-768x1024.jpg')\"><\/div>\r\n                                    <div class=\"gallery-overlay\">\r\n\r\n                                    <\/div>\r\n                                <\/div>\r\n                            <\/a>\r\n                        <\/div>\r\n\r\n                                            <!-- Single column -->\r\n                        <div class=\"image-col col-12 col-sm-6 col-lg-3\">\r\n\r\n                            <!-- Modal link -->\r\n                            <a href=\"https:\/\/www.delmetals.com\/wp-content\/uploads\/2023\/12\/IMG_2573_Web.jpg\"\r\n                               class=\"foobox\"\r\n                               rel=\"gallery-block_94971d61cc2242af07267f587f3b7fce\"\r\n                               data-caption-title=\"IMG_2573_Web\"\r\n                               data-caption-description=\"\"\r\n                               aria-label=\"Open this image in a modal: IMG_2573_Web\"\r\n                               >\r\n\r\n                                <!-- Image -->\r\n                                <div class=\"image-container\">\r\n                                    <div class=\"gallery-image\"\r\n                                         style=\"background-image: url('https:\/\/www.delmetals.com\/wp-content\/uploads\/2023\/12\/IMG_2573_Web-768x1024.jpg')\"><\/div>\r\n                                    <div class=\"gallery-overlay\">\r\n\r\n                                    <\/div>\r\n                                <\/div>\r\n                            <\/a>\r\n                        <\/div>\r\n\r\n                                            <!-- Single column -->\r\n                        <div class=\"image-col col-12 col-sm-6 col-lg-3\">\r\n\r\n                            <!-- Modal link -->\r\n                            <a href=\"https:\/\/www.delmetals.com\/wp-content\/uploads\/2023\/12\/NZ9_6386-HDR-Stainless-304-2B.jpg\"\r\n                               class=\"foobox\"\r\n                               rel=\"gallery-block_94971d61cc2242af07267f587f3b7fce\"\r\n                               data-caption-title=\"NZ9_6386-HDR - Stainless 304 - 2B\"\r\n                               data-caption-description=\"\"\r\n                               aria-label=\"Open this image in a modal: NZ9_6386-HDR - Stainless 304 - 2B\"\r\n                               >\r\n\r\n                                <!-- Image -->\r\n                                <div class=\"image-container\">\r\n                                    <div class=\"gallery-image\"\r\n                                         style=\"background-image: url('https:\/\/www.delmetals.com\/wp-content\/uploads\/2023\/12\/NZ9_6386-HDR-Stainless-304-2B-1024x690.jpg')\"><\/div>\r\n                                    <div class=\"gallery-overlay\">\r\n\r\n                                    <\/div>\r\n                                <\/div>\r\n                            <\/a>\r\n                        <\/div>\r\n\r\n                                            <!-- Single column -->\r\n                        <div class=\"image-col col-12 col-sm-6 col-lg-3\">\r\n\r\n                            <!-- Modal link -->\r\n                            <a href=\"https:\/\/www.delmetals.com\/wp-content\/uploads\/2023\/12\/NZ9_6443-HDR-Edit-Stainless-4-Finish.jpg\"\r\n                               class=\"foobox\"\r\n                               rel=\"gallery-block_94971d61cc2242af07267f587f3b7fce\"\r\n                               data-caption-title=\"NZ9_6443-HDR-Edit - Stainless #4 Finish\"\r\n                               data-caption-description=\"\"\r\n                               aria-label=\"Open this image in a modal: NZ9_6443-HDR-Edit - Stainless #4 Finish\"\r\n                               >\r\n\r\n                                <!-- Image -->\r\n                                <div class=\"image-container\">\r\n                                    <div class=\"gallery-image\"\r\n                                         style=\"background-image: url('https:\/\/www.delmetals.com\/wp-content\/uploads\/2023\/12\/NZ9_6443-HDR-Edit-Stainless-4-Finish-1024x741.jpg')\"><\/div>\r\n                                    <div class=\"gallery-overlay\">\r\n\r\n                                    <\/div>\r\n                                <\/div>\r\n                            <\/a>\r\n                        <\/div>\r\n\r\n                    \r\n                <\/div>\r\n\r\n            \r\n        <\/div>\r\n    <\/section>\r\n\r\n","protected":false},"featured_media":1537,"template":"","class_list":["post-1713","product","type-product","status-publish","has-post-thumbnail","hentry"],"acf":[],"yoast_head":"<!-- This site is optimized with the Yoast SEO plugin v27.0 - https:\/\/yoast.com\/product\/yoast-seo-wordpress\/ -->\n<title>Feuilles d&#039;acier inoxydable - Del Metals<\/title>\n<meta name=\"robots\" content=\"index, follow, max-snippet:-1, max-image-preview:large, max-video-preview:-1\" \/>\n<link rel=\"canonical\" href=\"https:\/\/www.delmetals.com\/fr\/product\/feuilles-dacier-inoxydable\/\" \/>\n<meta property=\"og:locale\" content=\"fr_FR\" \/>\n<meta property=\"og:type\" content=\"article\" \/>\n<meta property=\"og:title\" content=\"Feuilles d&#039;acier inoxydable - Del Metals\" \/>\n<meta property=\"og:url\" content=\"https:\/\/www.delmetals.com\/fr\/product\/feuilles-dacier-inoxydable\/\" \/>\n<meta property=\"og:site_name\" content=\"Del Metals\" \/>\n<meta property=\"article:modified_time\" content=\"2024-05-22T21:04:36+00:00\" \/>\n<meta property=\"og:image\" content=\"https:\/\/www.delmetals.com\/wp-content\/uploads\/2023\/12\/NZ9_6413-HDR-Stainless-sheet.jpg\" \/>\n\t<meta property=\"og:image:width\" content=\"1920\" \/>\n\t<meta property=\"og:image:height\" content=\"1334\" \/>\n\t<meta property=\"og:image:type\" content=\"image\/jpeg\" \/>\n<meta name=\"twitter:card\" content=\"summary_large_image\" \/>\n<script type=\"application\/ld+json\" class=\"yoast-schema-graph\">{\"@context\":\"https:\/\/schema.org\",\"@graph\":[{\"@type\":\"WebPage\",\"@id\":\"https:\/\/www.delmetals.com\/fr\/product\/feuilles-dacier-inoxydable\/\",\"url\":\"https:\/\/www.delmetals.com\/fr\/product\/feuilles-dacier-inoxydable\/\",\"name\":\"Feuilles d'acier inoxydable - Del Metals\",\"isPartOf\":{\"@id\":\"https:\/\/www.delmetals.com\/#website\"},\"primaryImageOfPage\":{\"@id\":\"https:\/\/www.delmetals.com\/fr\/product\/feuilles-dacier-inoxydable\/#primaryimage\"},\"image\":{\"@id\":\"https:\/\/www.delmetals.com\/fr\/product\/feuilles-dacier-inoxydable\/#primaryimage\"},\"thumbnailUrl\":\"https:\/\/www.delmetals.com\/wp-content\/uploads\/2023\/12\/NZ9_6413-HDR-Stainless-sheet.jpg\",\"datePublished\":\"2023-12-14T19:02:33+00:00\",\"dateModified\":\"2024-05-22T21:04:36+00:00\",\"breadcrumb\":{\"@id\":\"https:\/\/www.delmetals.com\/fr\/product\/feuilles-dacier-inoxydable\/#breadcrumb\"},\"inLanguage\":\"fr-FR\",\"potentialAction\":[{\"@type\":\"ReadAction\",\"target\":[\"https:\/\/www.delmetals.com\/fr\/product\/feuilles-dacier-inoxydable\/\"]}]},{\"@type\":\"ImageObject\",\"inLanguage\":\"fr-FR\",\"@id\":\"https:\/\/www.delmetals.com\/fr\/product\/feuilles-dacier-inoxydable\/#primaryimage\",\"url\":\"https:\/\/www.delmetals.com\/wp-content\/uploads\/2023\/12\/NZ9_6413-HDR-Stainless-sheet.jpg\",\"contentUrl\":\"https:\/\/www.delmetals.com\/wp-content\/uploads\/2023\/12\/NZ9_6413-HDR-Stainless-sheet.jpg\",\"width\":1920,\"height\":1334},{\"@type\":\"BreadcrumbList\",\"@id\":\"https:\/\/www.delmetals.com\/fr\/product\/feuilles-dacier-inoxydable\/#breadcrumb\",\"itemListElement\":[{\"@type\":\"ListItem\",\"position\":1,\"name\":\"Home\",\"item\":\"https:\/\/www.delmetals.com\/\"},{\"@type\":\"ListItem\",\"position\":2,\"name\":\"Feuilles d&#8217;acier inoxydable\"}]},{\"@type\":\"WebSite\",\"@id\":\"https:\/\/www.delmetals.com\/#website\",\"url\":\"https:\/\/www.delmetals.com\/\",\"name\":\"Del Metals\",\"description\":\"\",\"potentialAction\":[{\"@type\":\"SearchAction\",\"target\":{\"@type\":\"EntryPoint\",\"urlTemplate\":\"https:\/\/www.delmetals.com\/?s={search_term_string}\"},\"query-input\":{\"@type\":\"PropertyValueSpecification\",\"valueRequired\":true,\"valueName\":\"search_term_string\"}}],\"inLanguage\":\"fr-FR\"}]}<\/script>\n<!-- \/ Yoast SEO plugin. -->","yoast_head_json":{"title":"Feuilles d'acier inoxydable - Del Metals","robots":{"index":"index","follow":"follow","max-snippet":"max-snippet:-1","max-image-preview":"max-image-preview:large","max-video-preview":"max-video-preview:-1"},"canonical":"https:\/\/www.delmetals.com\/fr\/product\/feuilles-dacier-inoxydable\/","og_locale":"fr_FR","og_type":"article","og_title":"Feuilles d'acier inoxydable - Del Metals","og_url":"https:\/\/www.delmetals.com\/fr\/product\/feuilles-dacier-inoxydable\/","og_site_name":"Del Metals","article_modified_time":"2024-05-22T21:04:36+00:00","og_image":[{"width":1920,"height":1334,"url":"https:\/\/www.delmetals.com\/wp-content\/uploads\/2023\/12\/NZ9_6413-HDR-Stainless-sheet.jpg","type":"image\/jpeg"}],"twitter_card":"summary_large_image","schema":{"@context":"https:\/\/schema.org","@graph":[{"@type":"WebPage","@id":"https:\/\/www.delmetals.com\/fr\/product\/feuilles-dacier-inoxydable\/","url":"https:\/\/www.delmetals.com\/fr\/product\/feuilles-dacier-inoxydable\/","name":"Feuilles d'acier inoxydable - Del Metals","isPartOf":{"@id":"https:\/\/www.delmetals.com\/#website"},"primaryImageOfPage":{"@id":"https:\/\/www.delmetals.com\/fr\/product\/feuilles-dacier-inoxydable\/#primaryimage"},"image":{"@id":"https:\/\/www.delmetals.com\/fr\/product\/feuilles-dacier-inoxydable\/#primaryimage"},"thumbnailUrl":"https:\/\/www.delmetals.com\/wp-content\/uploads\/2023\/12\/NZ9_6413-HDR-Stainless-sheet.jpg","datePublished":"2023-12-14T19:02:33+00:00","dateModified":"2024-05-22T21:04:36+00:00","breadcrumb":{"@id":"https:\/\/www.delmetals.com\/fr\/product\/feuilles-dacier-inoxydable\/#breadcrumb"},"inLanguage":"fr-FR","potentialAction":[{"@type":"ReadAction","target":["https:\/\/www.delmetals.com\/fr\/product\/feuilles-dacier-inoxydable\/"]}]},{"@type":"ImageObject","inLanguage":"fr-FR","@id":"https:\/\/www.delmetals.com\/fr\/product\/feuilles-dacier-inoxydable\/#primaryimage","url":"https:\/\/www.delmetals.com\/wp-content\/uploads\/2023\/12\/NZ9_6413-HDR-Stainless-sheet.jpg","contentUrl":"https:\/\/www.delmetals.com\/wp-content\/uploads\/2023\/12\/NZ9_6413-HDR-Stainless-sheet.jpg","width":1920,"height":1334},{"@type":"BreadcrumbList","@id":"https:\/\/www.delmetals.com\/fr\/product\/feuilles-dacier-inoxydable\/#breadcrumb","itemListElement":[{"@type":"ListItem","position":1,"name":"Home","item":"https:\/\/www.delmetals.com\/"},{"@type":"ListItem","position":2,"name":"Feuilles d&#8217;acier inoxydable"}]},{"@type":"WebSite","@id":"https:\/\/www.delmetals.com\/#website","url":"https:\/\/www.delmetals.com\/","name":"Del Metals","description":"","potentialAction":[{"@type":"SearchAction","target":{"@type":"EntryPoint","urlTemplate":"https:\/\/www.delmetals.com\/?s={search_term_string}"},"query-input":{"@type":"PropertyValueSpecification","valueRequired":true,"valueName":"search_term_string"}}],"inLanguage":"fr-FR"}]}},"_links":{"self":[{"href":"https:\/\/www.delmetals.com\/fr\/wp-json\/wp\/v2\/product\/1713","targetHints":{"allow":["GET"]}}],"collection":[{"href":"https:\/\/www.delmetals.com\/fr\/wp-json\/wp\/v2\/product"}],"about":[{"href":"https:\/\/www.delmetals.com\/fr\/wp-json\/wp\/v2\/types\/product"}],"wp:featuredmedia":[{"embeddable":true,"href":"https:\/\/www.delmetals.com\/fr\/wp-json\/wp\/v2\/media\/1537"}],"wp:attachment":[{"href":"https:\/\/www.delmetals.com\/fr\/wp-json\/wp\/v2\/media?parent=1713"}],"curies":[{"name":"wp","href":"https:\/\/api.w.org\/{rel}","templated":true}]}}