{"id":1712,"date":"2023-12-14T19:02:14","date_gmt":"2023-12-14T23:02:14","guid":{"rendered":"https:\/\/delmetals.wpenginepowered.com\/product\/feuille-daluminium\/"},"modified":"2024-05-22T12:49:15","modified_gmt":"2024-05-22T16:49:15","slug":"feuille-daluminium","status":"publish","type":"product","link":"https:\/\/www.delmetals.com\/fr\/product\/feuille-daluminium\/","title":{"rendered":"Feuilles d&rsquo;aluminium"},"content":{"rendered":"\r\n<section id=\"centered-content-block_da681570fc66a2eac2f1c5a97fbb547e\"\r\n         class=\"orange-block centered-content-block\"\r\n    >\r\n\r\n\r\n    \r\n    <div class=\"container\">\r\n        <div class=\"row\">\r\n            <div class=\"col-12 content-column\" tabindex=\"0\">\r\n                <div class=\"content-container\">\r\n                                            <h3>Nous avons en stock une gamme de feuilles d&rsquo;aluminium dans de nombreuses \u00e9paisseurs, largeurs et qualit\u00e9s pour votre application.<\/h3>\n<p>Notre inventaire de feuilles d&rsquo;aluminium comprend des qualit\u00e9s telles que 3003 et 5052. En utilisant notre ligne multi-coupe et refente \u00e0 la pointe de la technologie, nous pouvons adapter nos feuilles d&rsquo;aluminium \u00e0 vos besoins de 12 pouces jusqu&rsquo;\u00e0 240 pouces de long. Des finitions en PVC sont disponibles pour la protection de surface dans des rubans adh\u00e9sifs \u00e0 faible adh\u00e9rence facile \u00e0 retirer et \u00e0 haute adh\u00e9rence pour les lasers.<\/p>\n                <\/div>\r\n            <\/div>\r\n        <\/div>\r\n\r\n\t    \r\n    <\/div>\r\n    \r\n<\/section>\r\n\r\n    <section id=\"table-i18n-block_a306f58a76ad50a1c87b7f817f3fd116\" class=\"orange-block table-i18n-block\" >\r\n\r\n    \r\n\t    <!-- Block title -->\r\n\t    <div class=\"container\">\r\n\t\t    <div class=\"row\">\r\n\t\t\t    <div class=\"col-12 block-title-wrap\">\r\n\t\t\t\t    \t\t\t\t\t    <h2 class=\"h2 block-title\">Sp\u00e9cifications \u2013 Feuilles d\u2019aluminium<\/h2>\r\n\t\t\t\t    \t\t\t\t    \t\t\t    <\/div>\r\n\t\t    <\/div>\r\n\t    <\/div>\r\n\r\n    \r\n        <!-- Block content -->\r\n        <div class=\"table-container container\">\r\n\r\n            <div class=\"row table-row\">\r\n                <div class=\"col-12\">\r\n                    \n<table id=\"tablepress-52\" class=\"tablepress tablepress-id-52\">\n<thead>\n<tr class=\"row-1\">\n\t<th class=\"column-1\">\u00c9paisseur<\/th><th class=\"column-2\">Alliage<\/th><th class=\"column-3\">Poid Theorique Au Pied Carr\u00e9<\/th>\n<\/tr>\n<\/thead>\n<tbody class=\"row-striping row-hover\">\n<tr class=\"row-2\">\n\t<td class=\"column-1\">0.032<\/td><td class=\"column-2\">5052 H32<\/td><td class=\"column-3\">0.46<\/td>\n<\/tr>\n<tr class=\"row-3\">\n\t<td class=\"column-1\">0.05<\/td><td class=\"column-2\">5052  H32<\/td><td class=\"column-3\">0.72<\/td>\n<\/tr>\n<tr class=\"row-4\">\n\t<td class=\"column-1\">0.063<\/td><td class=\"column-2\">5052 H32<\/td><td class=\"column-3\">0.907<\/td>\n<\/tr>\n<tr class=\"row-5\">\n\t<td class=\"column-1\">0.08<\/td><td class=\"column-2\">5052 H32<\/td><td class=\"column-3\">1.15<\/td>\n<\/tr>\n<tr class=\"row-6\">\n\t<td class=\"column-1\">0.1<\/td><td class=\"column-2\">5052 H32<\/td><td class=\"column-3\">1.44<\/td>\n<\/tr>\n<tr class=\"row-7\">\n\t<td class=\"column-1\">0.125<\/td><td class=\"column-2\">5052 H32<\/td><td class=\"column-3\">1.8<\/td>\n<\/tr>\n<tr class=\"row-8\">\n\t<td class=\"column-1\">0.032<\/td><td class=\"column-2\">3003  H14<\/td><td class=\"column-3\">0.46<\/td>\n<\/tr>\n<tr class=\"row-9\">\n\t<td class=\"column-1\">0.05<\/td><td class=\"column-2\">3003 H14<\/td><td class=\"column-3\">0.72<\/td>\n<\/tr>\n<tr class=\"row-10\">\n\t<td class=\"column-1\">0.063<\/td><td class=\"column-2\">3003  H14<\/td><td class=\"column-3\">0.907<\/td>\n<\/tr>\n<tr class=\"row-11\">\n\t<td class=\"column-1\">0.08<\/td><td class=\"column-2\">3003  H14<\/td><td class=\"column-3\">1.15<\/td>\n<\/tr>\n<tr class=\"row-12\">\n\t<td class=\"column-1\">0.09<\/td><td class=\"column-2\">3003  H14<\/td><td class=\"column-3\">1.3<\/td>\n<\/tr>\n<tr class=\"row-13\">\n\t<td class=\"column-1\">0.125<\/td><td class=\"column-2\">3003  H14<\/td><td class=\"column-3\">1.8<\/td>\n<\/tr>\n<tr class=\"row-14\">\n\t<td class=\"column-1\">0.063<\/td><td class=\"column-2\">Plaque Antid\u00e9rapant En Aluminium Fini Brilliant  3003 H22<\/td><td class=\"column-3\">0.983<\/td>\n<\/tr>\n<tr class=\"row-15\">\n\t<td class=\"column-1\">0.1<\/td><td class=\"column-2\">Plaque Antid\u00e9rapant En Aluminium Fini Brilliant  3003 H22<\/td><td class=\"column-3\">1.575<\/td>\n<\/tr>\n<tr class=\"row-16\">\n\t<td class=\"column-1\">0.125<\/td><td class=\"column-2\">Plaque Antid\u00e9rapant En Aluminium Fini Brilliant  3003 H22<\/td><td class=\"column-3\">1.9<\/td>\n<\/tr>\n<\/tbody>\n<\/table>\n<!-- #tablepress-52 from cache -->\r\n                <\/div>\r\n            <\/div>\r\n\r\n        \r\n        <\/div>\r\n\r\n    <\/section>\r\n\r\n\r\n    <section id=\"gallery-block_929541ac66ae9e969c65b53fb11db03a\"\r\n             class=\"orange-block gallery-block\"\r\n             >\r\n\r\n    \r\n    \r\n        <!-- Block content -->\r\n        <div class=\"container-fluid  gallery-container\">\r\n\r\n            \r\n                <!-- Single row -->\r\n                <div class=\"row\">\r\n\r\n                                            <!-- Single column -->\r\n                        <div class=\"image-col col-12 col-sm-6 col-lg-4\">\r\n\r\n                            <!-- Modal link -->\r\n                            <a href=\"https:\/\/www.delmetals.com\/wp-content\/uploads\/2023\/12\/NZ9_6476-HDR-Aluminum-Sheet.jpg\"\r\n                               class=\"foobox\"\r\n                               rel=\"gallery-block_929541ac66ae9e969c65b53fb11db03a\"\r\n                               data-caption-title=\"NZ9_6476-HDR - Aluminum Sheet\"\r\n                               data-caption-description=\"\"\r\n                               aria-label=\"Open this image in a modal: NZ9_6476-HDR - Aluminum Sheet\"\r\n                               >\r\n\r\n                                <!-- Image -->\r\n                                <div class=\"image-container\">\r\n                                    <div class=\"gallery-image\"\r\n                                         style=\"background-image: url('https:\/\/www.delmetals.com\/wp-content\/uploads\/2023\/12\/NZ9_6476-HDR-Aluminum-Sheet-1024x679.jpg')\"><\/div>\r\n                                    <div class=\"gallery-overlay\">\r\n\r\n                                    <\/div>\r\n                                <\/div>\r\n                            <\/a>\r\n                        <\/div>\r\n\r\n                                            <!-- Single column -->\r\n                        <div class=\"image-col col-12 col-sm-6 col-lg-4\">\r\n\r\n                            <!-- Modal link -->\r\n                            <a href=\"https:\/\/www.delmetals.com\/wp-content\/uploads\/2023\/12\/DJI_0179-Aluminum-coils.jpg\"\r\n                               class=\"foobox\"\r\n                               rel=\"gallery-block_929541ac66ae9e969c65b53fb11db03a\"\r\n                               data-caption-title=\"default\"\r\n                               data-caption-description=\"default\"\r\n                               aria-label=\"Open this image in a modal: default\"\r\n                               >\r\n\r\n                                <!-- Image -->\r\n                                <div class=\"image-container\">\r\n                                    <div class=\"gallery-image\"\r\n                                         style=\"background-image: url('https:\/\/www.delmetals.com\/wp-content\/uploads\/2023\/12\/DJI_0179-Aluminum-coils-1024x750.jpg')\"><\/div>\r\n                                    <div class=\"gallery-overlay\">\r\n\r\n                                    <\/div>\r\n                                <\/div>\r\n                            <\/a>\r\n                        <\/div>\r\n\r\n                                            <!-- Single column -->\r\n                        <div class=\"image-col col-12 col-sm-6 col-lg-4\">\r\n\r\n                            <!-- Modal link -->\r\n                            <a href=\"https:\/\/www.delmetals.com\/wp-content\/uploads\/2023\/12\/NZ9_6542-HDR-Aluminum-Treadplate.jpg\"\r\n                               class=\"foobox\"\r\n                               rel=\"gallery-block_929541ac66ae9e969c65b53fb11db03a\"\r\n                               data-caption-title=\"NZ9_6542-HDR-Aluminum Treadplate\"\r\n                               data-caption-description=\"\"\r\n                               aria-label=\"Open this image in a modal: NZ9_6542-HDR-Aluminum Treadplate\"\r\n                               >\r\n\r\n                                <!-- Image -->\r\n                                <div class=\"image-container\">\r\n                                    <div class=\"gallery-image\"\r\n                                         style=\"background-image: url('https:\/\/www.delmetals.com\/wp-content\/uploads\/2023\/12\/NZ9_6542-HDR-Aluminum-Treadplate-1024x691.jpg')\"><\/div>\r\n                                    <div class=\"gallery-overlay\">\r\n\r\n                                    <\/div>\r\n                                <\/div>\r\n                            <\/a>\r\n                        <\/div>\r\n\r\n                    \r\n                <\/div>\r\n\r\n            \r\n        <\/div>\r\n    <\/section>\r\n\r\n","protected":false},"featured_media":1529,"template":"","class_list":["post-1712","product","type-product","status-publish","has-post-thumbnail","hentry"],"acf":[],"yoast_head":"<!-- This site is optimized with the Yoast SEO plugin v27.0 - https:\/\/yoast.com\/product\/yoast-seo-wordpress\/ -->\n<title>Feuilles d&#039;aluminium - Del Metals<\/title>\n<meta name=\"robots\" content=\"index, follow, max-snippet:-1, max-image-preview:large, max-video-preview:-1\" \/>\n<link rel=\"canonical\" href=\"https:\/\/www.delmetals.com\/fr\/product\/feuille-daluminium\/\" \/>\n<meta property=\"og:locale\" content=\"fr_FR\" \/>\n<meta property=\"og:type\" content=\"article\" \/>\n<meta property=\"og:title\" content=\"Feuilles d&#039;aluminium - Del Metals\" \/>\n<meta property=\"og:url\" content=\"https:\/\/www.delmetals.com\/fr\/product\/feuille-daluminium\/\" \/>\n<meta property=\"og:site_name\" content=\"Del Metals\" \/>\n<meta property=\"article:modified_time\" content=\"2024-05-22T16:49:15+00:00\" \/>\n<meta property=\"og:image\" content=\"https:\/\/www.delmetals.com\/wp-content\/uploads\/2023\/12\/NZ9_6599-HDR-alum-check.jpg\" \/>\n\t<meta property=\"og:image:width\" content=\"1920\" \/>\n\t<meta property=\"og:image:height\" content=\"1274\" \/>\n\t<meta property=\"og:image:type\" content=\"image\/jpeg\" \/>\n<meta name=\"twitter:card\" content=\"summary_large_image\" \/>\n<meta name=\"twitter:label1\" content=\"Dur\u00e9e de lecture estim\u00e9e\" \/>\n\t<meta name=\"twitter:data1\" content=\"1 minute\" \/>\n<script type=\"application\/ld+json\" class=\"yoast-schema-graph\">{\"@context\":\"https:\/\/schema.org\",\"@graph\":[{\"@type\":\"WebPage\",\"@id\":\"https:\/\/www.delmetals.com\/fr\/product\/feuille-daluminium\/\",\"url\":\"https:\/\/www.delmetals.com\/fr\/product\/feuille-daluminium\/\",\"name\":\"Feuilles d'aluminium - Del Metals\",\"isPartOf\":{\"@id\":\"https:\/\/www.delmetals.com\/#website\"},\"primaryImageOfPage\":{\"@id\":\"https:\/\/www.delmetals.com\/fr\/product\/feuille-daluminium\/#primaryimage\"},\"image\":{\"@id\":\"https:\/\/www.delmetals.com\/fr\/product\/feuille-daluminium\/#primaryimage\"},\"thumbnailUrl\":\"https:\/\/www.delmetals.com\/wp-content\/uploads\/2023\/12\/NZ9_6599-HDR-alum-check.jpg\",\"datePublished\":\"2023-12-14T23:02:14+00:00\",\"dateModified\":\"2024-05-22T16:49:15+00:00\",\"breadcrumb\":{\"@id\":\"https:\/\/www.delmetals.com\/fr\/product\/feuille-daluminium\/#breadcrumb\"},\"inLanguage\":\"fr-FR\",\"potentialAction\":[{\"@type\":\"ReadAction\",\"target\":[\"https:\/\/www.delmetals.com\/fr\/product\/feuille-daluminium\/\"]}]},{\"@type\":\"ImageObject\",\"inLanguage\":\"fr-FR\",\"@id\":\"https:\/\/www.delmetals.com\/fr\/product\/feuille-daluminium\/#primaryimage\",\"url\":\"https:\/\/www.delmetals.com\/wp-content\/uploads\/2023\/12\/NZ9_6599-HDR-alum-check.jpg\",\"contentUrl\":\"https:\/\/www.delmetals.com\/wp-content\/uploads\/2023\/12\/NZ9_6599-HDR-alum-check.jpg\",\"width\":1920,\"height\":1274},{\"@type\":\"BreadcrumbList\",\"@id\":\"https:\/\/www.delmetals.com\/fr\/product\/feuille-daluminium\/#breadcrumb\",\"itemListElement\":[{\"@type\":\"ListItem\",\"position\":1,\"name\":\"Home\",\"item\":\"https:\/\/www.delmetals.com\/\"},{\"@type\":\"ListItem\",\"position\":2,\"name\":\"Feuilles d&#8217;aluminium\"}]},{\"@type\":\"WebSite\",\"@id\":\"https:\/\/www.delmetals.com\/#website\",\"url\":\"https:\/\/www.delmetals.com\/\",\"name\":\"Del Metals\",\"description\":\"\",\"potentialAction\":[{\"@type\":\"SearchAction\",\"target\":{\"@type\":\"EntryPoint\",\"urlTemplate\":\"https:\/\/www.delmetals.com\/?s={search_term_string}\"},\"query-input\":{\"@type\":\"PropertyValueSpecification\",\"valueRequired\":true,\"valueName\":\"search_term_string\"}}],\"inLanguage\":\"fr-FR\"}]}<\/script>\n<!-- \/ Yoast SEO plugin. -->","yoast_head_json":{"title":"Feuilles d'aluminium - Del Metals","robots":{"index":"index","follow":"follow","max-snippet":"max-snippet:-1","max-image-preview":"max-image-preview:large","max-video-preview":"max-video-preview:-1"},"canonical":"https:\/\/www.delmetals.com\/fr\/product\/feuille-daluminium\/","og_locale":"fr_FR","og_type":"article","og_title":"Feuilles d'aluminium - Del Metals","og_url":"https:\/\/www.delmetals.com\/fr\/product\/feuille-daluminium\/","og_site_name":"Del Metals","article_modified_time":"2024-05-22T16:49:15+00:00","og_image":[{"width":1920,"height":1274,"url":"https:\/\/www.delmetals.com\/wp-content\/uploads\/2023\/12\/NZ9_6599-HDR-alum-check.jpg","type":"image\/jpeg"}],"twitter_card":"summary_large_image","twitter_misc":{"Dur\u00e9e de lecture estim\u00e9e":"1 minute"},"schema":{"@context":"https:\/\/schema.org","@graph":[{"@type":"WebPage","@id":"https:\/\/www.delmetals.com\/fr\/product\/feuille-daluminium\/","url":"https:\/\/www.delmetals.com\/fr\/product\/feuille-daluminium\/","name":"Feuilles d'aluminium - Del Metals","isPartOf":{"@id":"https:\/\/www.delmetals.com\/#website"},"primaryImageOfPage":{"@id":"https:\/\/www.delmetals.com\/fr\/product\/feuille-daluminium\/#primaryimage"},"image":{"@id":"https:\/\/www.delmetals.com\/fr\/product\/feuille-daluminium\/#primaryimage"},"thumbnailUrl":"https:\/\/www.delmetals.com\/wp-content\/uploads\/2023\/12\/NZ9_6599-HDR-alum-check.jpg","datePublished":"2023-12-14T23:02:14+00:00","dateModified":"2024-05-22T16:49:15+00:00","breadcrumb":{"@id":"https:\/\/www.delmetals.com\/fr\/product\/feuille-daluminium\/#breadcrumb"},"inLanguage":"fr-FR","potentialAction":[{"@type":"ReadAction","target":["https:\/\/www.delmetals.com\/fr\/product\/feuille-daluminium\/"]}]},{"@type":"ImageObject","inLanguage":"fr-FR","@id":"https:\/\/www.delmetals.com\/fr\/product\/feuille-daluminium\/#primaryimage","url":"https:\/\/www.delmetals.com\/wp-content\/uploads\/2023\/12\/NZ9_6599-HDR-alum-check.jpg","contentUrl":"https:\/\/www.delmetals.com\/wp-content\/uploads\/2023\/12\/NZ9_6599-HDR-alum-check.jpg","width":1920,"height":1274},{"@type":"BreadcrumbList","@id":"https:\/\/www.delmetals.com\/fr\/product\/feuille-daluminium\/#breadcrumb","itemListElement":[{"@type":"ListItem","position":1,"name":"Home","item":"https:\/\/www.delmetals.com\/"},{"@type":"ListItem","position":2,"name":"Feuilles d&#8217;aluminium"}]},{"@type":"WebSite","@id":"https:\/\/www.delmetals.com\/#website","url":"https:\/\/www.delmetals.com\/","name":"Del Metals","description":"","potentialAction":[{"@type":"SearchAction","target":{"@type":"EntryPoint","urlTemplate":"https:\/\/www.delmetals.com\/?s={search_term_string}"},"query-input":{"@type":"PropertyValueSpecification","valueRequired":true,"valueName":"search_term_string"}}],"inLanguage":"fr-FR"}]}},"_links":{"self":[{"href":"https:\/\/www.delmetals.com\/fr\/wp-json\/wp\/v2\/product\/1712","targetHints":{"allow":["GET"]}}],"collection":[{"href":"https:\/\/www.delmetals.com\/fr\/wp-json\/wp\/v2\/product"}],"about":[{"href":"https:\/\/www.delmetals.com\/fr\/wp-json\/wp\/v2\/types\/product"}],"wp:featuredmedia":[{"embeddable":true,"href":"https:\/\/www.delmetals.com\/fr\/wp-json\/wp\/v2\/media\/1529"}],"wp:attachment":[{"href":"https:\/\/www.delmetals.com\/fr\/wp-json\/wp\/v2\/media?parent=1712"}],"curies":[{"name":"wp","href":"https:\/\/api.w.org\/{rel}","templated":true}]}}