{"id":1691,"date":"2023-12-14T19:00:21","date_gmt":"2023-12-14T19:00:21","guid":{"rendered":"https:\/\/delmetals.wpenginepowered.com\/product\/plaque-de-grande-dimension\/"},"modified":"2024-05-22T16:54:13","modified_gmt":"2024-05-22T20:54:13","slug":"plaque-de-grande-dimension","status":"publish","type":"product","link":"https:\/\/www.delmetals.com\/fr\/product\/plaque-de-grande-dimension\/","title":{"rendered":"Plaques de Grandes Dimensions"},"content":{"rendered":"\r\n<section id=\"centered-content-block_b162ef6f515606652a6be5f25f002584\"\r\n         class=\"orange-block centered-content-block\"\r\n    >\r\n\r\n\r\n    \r\n    <div class=\"container\">\r\n        <div class=\"row\">\r\n            <div class=\"col-12 content-column\" tabindex=\"0\">\r\n                <div class=\"content-container\">\r\n                                            <h3>Plaques de Grandes Dimensions.<\/h3>\n<p>\u00c0 la recherche de plaques de grandes dimensions ? Nous disposons d&rsquo;une grande vari\u00e9t\u00e9 d&rsquo;\u00e9paisseurs, de largeurs, de longueurs et de qualit\u00e9s diff\u00e9rentes. Trouvez le bon format pour vos besoins.<\/p>\n                <\/div>\r\n            <\/div>\r\n        <\/div>\r\n\r\n\t    \r\n    <\/div>\r\n    \r\n<\/section>\r\n\r\n    <section id=\"table-i18n-block_c5b7263b1307b5bad0e4afe54dabfb55\" class=\"orange-block table-i18n-block\" >\r\n\r\n    \r\n\t    <!-- Block title -->\r\n\t    <div class=\"container\">\r\n\t\t    <div class=\"row\">\r\n\t\t\t    <div class=\"col-12 block-title-wrap\">\r\n\t\t\t\t    \t\t\t\t\t    <h2 class=\"h2 block-title\">Sp\u00e9cifications \u2013 Plaques De Grandes Dimensions<\/h2>\r\n\t\t\t\t    \t\t\t\t    \t\t\t    <\/div>\r\n\t\t    <\/div>\r\n\t    <\/div>\r\n\r\n    \r\n        <!-- Block content -->\r\n        <div class=\"table-container container\">\r\n\r\n            <div class=\"row table-row\">\r\n                <div class=\"col-12\">\r\n                    \n<table id=\"tablepress-51\" class=\"tablepress tablepress-id-51\">\n<thead>\n<tr class=\"row-1\">\n\t<th class=\"column-1\">No Du calibre<\/th><th class=\"column-2\">\u00c9p. \u00c9quiv. en d\u00e9cimale<\/th><th class=\"column-3\">Poids Au Pied Carr\u00e9<\/th>\n<\/tr>\n<\/thead>\n<tbody class=\"row-striping row-hover\">\n<tr class=\"row-2\">\n\t<td class=\"column-1\">  3\/16<\/td><td class=\"column-2\">0.188<\/td><td class=\"column-3\">7.66<\/td>\n<\/tr>\n<tr class=\"row-3\">\n\t<td class=\"column-1\">  1\/4 <\/td><td class=\"column-2\">0.25<\/td><td class=\"column-3\">10.21<\/td>\n<\/tr>\n<tr class=\"row-4\">\n\t<td class=\"column-1\">  5\/16<\/td><td class=\"column-2\">0.312<\/td><td class=\"column-3\">12.76<\/td>\n<\/tr>\n<tr class=\"row-5\">\n\t<td class=\"column-1\">  3\/8 <\/td><td class=\"column-2\">0.375<\/td><td class=\"column-3\">15.31<\/td>\n<\/tr>\n<tr class=\"row-6\">\n\t<td class=\"column-1\">  1\/2 <\/td><td class=\"column-2\">0.5<\/td><td class=\"column-3\">20.42<\/td>\n<\/tr>\n<tr class=\"row-7\">\n\t<td class=\"column-1\">  5\/8 <\/td><td class=\"column-2\">0.625<\/td><td class=\"column-3\">25.52<\/td>\n<\/tr>\n<tr class=\"row-8\">\n\t<td class=\"column-1\">  3\/4 <\/td><td class=\"column-2\">0.75<\/td><td class=\"column-3\">30.63<\/td>\n<\/tr>\n<tr class=\"row-9\">\n\t<td class=\"column-1\">  7\/8 <\/td><td class=\"column-2\">0.875<\/td><td class=\"column-3\">35.73<\/td>\n<\/tr>\n<tr class=\"row-10\">\n\t<td class=\"column-1\">1<\/td><td class=\"column-2\">1<\/td><td class=\"column-3\">40.84<\/td>\n<\/tr>\n<tr class=\"row-11\">\n\t<td class=\"column-1\">1 1\/4<\/td><td class=\"column-2\">1.25<\/td><td class=\"column-3\">51.05<\/td>\n<\/tr>\n<tr class=\"row-12\">\n\t<td class=\"column-1\">1 1\/2<\/td><td class=\"column-2\">1.5<\/td><td class=\"column-3\">61.26<\/td>\n<\/tr>\n<tr class=\"row-13\">\n\t<td class=\"column-1\">2<\/td><td class=\"column-2\">2.0<\/td><td class=\"column-3\">81.68<\/td>\n<\/tr>\n<\/tbody>\n<\/table>\n<!-- #tablepress-51 from cache -->\r\n                <\/div>\r\n            <\/div>\r\n\r\n        \r\n        <\/div>\r\n\r\n    <\/section>\r\n\r\n","protected":false},"featured_media":1469,"template":"","class_list":["post-1691","product","type-product","status-publish","has-post-thumbnail","hentry"],"acf":[],"yoast_head":"<!-- This site is optimized with the Yoast SEO plugin v27.0 - https:\/\/yoast.com\/product\/yoast-seo-wordpress\/ -->\n<title>Plaques de Grandes Dimensions - Del Metals<\/title>\n<meta name=\"robots\" content=\"index, follow, max-snippet:-1, max-image-preview:large, max-video-preview:-1\" \/>\n<link rel=\"canonical\" href=\"https:\/\/www.delmetals.com\/fr\/product\/plaque-de-grande-dimension\/\" \/>\n<meta property=\"og:locale\" content=\"fr_FR\" \/>\n<meta property=\"og:type\" content=\"article\" \/>\n<meta property=\"og:title\" content=\"Plaques de Grandes Dimensions - Del Metals\" \/>\n<meta property=\"og:url\" content=\"https:\/\/www.delmetals.com\/fr\/product\/plaque-de-grande-dimension\/\" \/>\n<meta property=\"og:site_name\" content=\"Del Metals\" \/>\n<meta property=\"article:modified_time\" content=\"2024-05-22T20:54:13+00:00\" \/>\n<meta property=\"og:image\" content=\"https:\/\/www.delmetals.com\/wp-content\/uploads\/2024\/03\/NZ9_7020-HDR-Edit-Discrete-plate.jpg\" \/>\n\t<meta property=\"og:image:width\" content=\"1920\" \/>\n\t<meta property=\"og:image:height\" content=\"1288\" \/>\n\t<meta property=\"og:image:type\" content=\"image\/jpeg\" \/>\n<meta name=\"twitter:card\" content=\"summary_large_image\" \/>\n<script type=\"application\/ld+json\" class=\"yoast-schema-graph\">{\"@context\":\"https:\/\/schema.org\",\"@graph\":[{\"@type\":\"WebPage\",\"@id\":\"https:\/\/www.delmetals.com\/fr\/product\/plaque-de-grande-dimension\/\",\"url\":\"https:\/\/www.delmetals.com\/fr\/product\/plaque-de-grande-dimension\/\",\"name\":\"Plaques de Grandes Dimensions - Del Metals\",\"isPartOf\":{\"@id\":\"https:\/\/www.delmetals.com\/#website\"},\"primaryImageOfPage\":{\"@id\":\"https:\/\/www.delmetals.com\/fr\/product\/plaque-de-grande-dimension\/#primaryimage\"},\"image\":{\"@id\":\"https:\/\/www.delmetals.com\/fr\/product\/plaque-de-grande-dimension\/#primaryimage\"},\"thumbnailUrl\":\"https:\/\/www.delmetals.com\/wp-content\/uploads\/2024\/03\/NZ9_7020-HDR-Edit-Discrete-plate.jpg\",\"datePublished\":\"2023-12-14T19:00:21+00:00\",\"dateModified\":\"2024-05-22T20:54:13+00:00\",\"breadcrumb\":{\"@id\":\"https:\/\/www.delmetals.com\/fr\/product\/plaque-de-grande-dimension\/#breadcrumb\"},\"inLanguage\":\"fr-FR\",\"potentialAction\":[{\"@type\":\"ReadAction\",\"target\":[\"https:\/\/www.delmetals.com\/fr\/product\/plaque-de-grande-dimension\/\"]}]},{\"@type\":\"ImageObject\",\"inLanguage\":\"fr-FR\",\"@id\":\"https:\/\/www.delmetals.com\/fr\/product\/plaque-de-grande-dimension\/#primaryimage\",\"url\":\"https:\/\/www.delmetals.com\/wp-content\/uploads\/2024\/03\/NZ9_7020-HDR-Edit-Discrete-plate.jpg\",\"contentUrl\":\"https:\/\/www.delmetals.com\/wp-content\/uploads\/2024\/03\/NZ9_7020-HDR-Edit-Discrete-plate.jpg\",\"width\":1920,\"height\":1288},{\"@type\":\"BreadcrumbList\",\"@id\":\"https:\/\/www.delmetals.com\/fr\/product\/plaque-de-grande-dimension\/#breadcrumb\",\"itemListElement\":[{\"@type\":\"ListItem\",\"position\":1,\"name\":\"Home\",\"item\":\"https:\/\/www.delmetals.com\/\"},{\"@type\":\"ListItem\",\"position\":2,\"name\":\"Plaques de Grandes Dimensions\"}]},{\"@type\":\"WebSite\",\"@id\":\"https:\/\/www.delmetals.com\/#website\",\"url\":\"https:\/\/www.delmetals.com\/\",\"name\":\"Del Metals\",\"description\":\"\",\"potentialAction\":[{\"@type\":\"SearchAction\",\"target\":{\"@type\":\"EntryPoint\",\"urlTemplate\":\"https:\/\/www.delmetals.com\/?s={search_term_string}\"},\"query-input\":{\"@type\":\"PropertyValueSpecification\",\"valueRequired\":true,\"valueName\":\"search_term_string\"}}],\"inLanguage\":\"fr-FR\"}]}<\/script>\n<!-- \/ Yoast SEO plugin. -->","yoast_head_json":{"title":"Plaques de Grandes Dimensions - Del Metals","robots":{"index":"index","follow":"follow","max-snippet":"max-snippet:-1","max-image-preview":"max-image-preview:large","max-video-preview":"max-video-preview:-1"},"canonical":"https:\/\/www.delmetals.com\/fr\/product\/plaque-de-grande-dimension\/","og_locale":"fr_FR","og_type":"article","og_title":"Plaques de Grandes Dimensions - Del Metals","og_url":"https:\/\/www.delmetals.com\/fr\/product\/plaque-de-grande-dimension\/","og_site_name":"Del Metals","article_modified_time":"2024-05-22T20:54:13+00:00","og_image":[{"width":1920,"height":1288,"url":"https:\/\/www.delmetals.com\/wp-content\/uploads\/2024\/03\/NZ9_7020-HDR-Edit-Discrete-plate.jpg","type":"image\/jpeg"}],"twitter_card":"summary_large_image","schema":{"@context":"https:\/\/schema.org","@graph":[{"@type":"WebPage","@id":"https:\/\/www.delmetals.com\/fr\/product\/plaque-de-grande-dimension\/","url":"https:\/\/www.delmetals.com\/fr\/product\/plaque-de-grande-dimension\/","name":"Plaques de Grandes Dimensions - Del Metals","isPartOf":{"@id":"https:\/\/www.delmetals.com\/#website"},"primaryImageOfPage":{"@id":"https:\/\/www.delmetals.com\/fr\/product\/plaque-de-grande-dimension\/#primaryimage"},"image":{"@id":"https:\/\/www.delmetals.com\/fr\/product\/plaque-de-grande-dimension\/#primaryimage"},"thumbnailUrl":"https:\/\/www.delmetals.com\/wp-content\/uploads\/2024\/03\/NZ9_7020-HDR-Edit-Discrete-plate.jpg","datePublished":"2023-12-14T19:00:21+00:00","dateModified":"2024-05-22T20:54:13+00:00","breadcrumb":{"@id":"https:\/\/www.delmetals.com\/fr\/product\/plaque-de-grande-dimension\/#breadcrumb"},"inLanguage":"fr-FR","potentialAction":[{"@type":"ReadAction","target":["https:\/\/www.delmetals.com\/fr\/product\/plaque-de-grande-dimension\/"]}]},{"@type":"ImageObject","inLanguage":"fr-FR","@id":"https:\/\/www.delmetals.com\/fr\/product\/plaque-de-grande-dimension\/#primaryimage","url":"https:\/\/www.delmetals.com\/wp-content\/uploads\/2024\/03\/NZ9_7020-HDR-Edit-Discrete-plate.jpg","contentUrl":"https:\/\/www.delmetals.com\/wp-content\/uploads\/2024\/03\/NZ9_7020-HDR-Edit-Discrete-plate.jpg","width":1920,"height":1288},{"@type":"BreadcrumbList","@id":"https:\/\/www.delmetals.com\/fr\/product\/plaque-de-grande-dimension\/#breadcrumb","itemListElement":[{"@type":"ListItem","position":1,"name":"Home","item":"https:\/\/www.delmetals.com\/"},{"@type":"ListItem","position":2,"name":"Plaques de Grandes Dimensions"}]},{"@type":"WebSite","@id":"https:\/\/www.delmetals.com\/#website","url":"https:\/\/www.delmetals.com\/","name":"Del Metals","description":"","potentialAction":[{"@type":"SearchAction","target":{"@type":"EntryPoint","urlTemplate":"https:\/\/www.delmetals.com\/?s={search_term_string}"},"query-input":{"@type":"PropertyValueSpecification","valueRequired":true,"valueName":"search_term_string"}}],"inLanguage":"fr-FR"}]}},"_links":{"self":[{"href":"https:\/\/www.delmetals.com\/fr\/wp-json\/wp\/v2\/product\/1691","targetHints":{"allow":["GET"]}}],"collection":[{"href":"https:\/\/www.delmetals.com\/fr\/wp-json\/wp\/v2\/product"}],"about":[{"href":"https:\/\/www.delmetals.com\/fr\/wp-json\/wp\/v2\/types\/product"}],"wp:featuredmedia":[{"embeddable":true,"href":"https:\/\/www.delmetals.com\/fr\/wp-json\/wp\/v2\/media\/1469"}],"wp:attachment":[{"href":"https:\/\/www.delmetals.com\/fr\/wp-json\/wp\/v2\/media?parent=1691"}],"curies":[{"name":"wp","href":"https:\/\/api.w.org\/{rel}","templated":true}]}}