{"id":1690,"date":"2023-12-14T19:00:07","date_gmt":"2023-12-14T19:00:07","guid":{"rendered":"https:\/\/delmetals.wpenginepowered.com\/product\/galvanneal-revetement-satine\/"},"modified":"2024-05-22T16:42:29","modified_gmt":"2024-05-22T20:42:29","slug":"galvanneal-revetement-satine","status":"publish","type":"product","link":"https:\/\/www.delmetals.com\/fr\/product\/galvanneal-revetement-satine\/","title":{"rendered":"Galvanneal \/ Rev\u00eatement satin\u00e9"},"content":{"rendered":"\r\n<section id=\"centered-content-block_4a73d8edf8f8b99d0a36b30948cc5af4\"\r\n         class=\"orange-block centered-content-block\"\r\n    >\r\n\r\n\r\n    \r\n    <div class=\"container\">\r\n        <div class=\"row\">\r\n            <div class=\"col-12 content-column\" tabindex=\"0\">\r\n                <div class=\"content-container\">\r\n                                            <h3>Explorez notre gamme compl\u00e8te de feuilles d&rsquo;acier galvanneal\/rev\u00eatement satin\u00e9 pour votre application.<\/h3>\n<p>\u00c0 la recherche de mat\u00e9riaux de premier plan dans l&rsquo;industrie ? Nos feuilles de galvanneal\/rev\u00eatement satin\u00e9 sont trait\u00e9es sur notre ligne de nivellement \u00e0 tension de calibre l\u00e9ger, offrant certains des produits rev\u00eatus de la plus haute qualit\u00e9 de l&rsquo;industrie. Nous nous concentrons sur une plan\u00e9it\u00e9, une \u00e9querrage et une finition de surface optimales.<\/p>\n                <\/div>\r\n            <\/div>\r\n        <\/div>\r\n\r\n\t    \r\n    <\/div>\r\n    \r\n<\/section>\r\n\r\n    <section id=\"table-i18n-block_d8095eb33d06082cc0373897823f5491\" class=\"orange-block table-i18n-block\" >\r\n\r\n    \r\n\t    <!-- Block title -->\r\n\t    <div class=\"container\">\r\n\t\t    <div class=\"row\">\r\n\t\t\t    <div class=\"col-12 block-title-wrap\">\r\n\t\t\t\t    \t\t\t\t\t    <h2 class=\"h2 block-title\">Sp\u00e9cifications Galvanneal \/ Rev\u00eatement satin\u00e9<\/h2>\r\n\t\t\t\t    \t\t\t\t    \t\t\t    <\/div>\r\n\t\t    <\/div>\r\n\t    <\/div>\r\n\r\n    \r\n        <!-- Block content -->\r\n        <div class=\"table-container container\">\r\n\r\n            <div class=\"row table-row\">\r\n                <div class=\"col-12\">\r\n                    \n<table id=\"tablepress-50\" class=\"tablepress tablepress-id-50\">\n<thead>\n<tr class=\"row-1\">\n\t<th class=\"column-1\">No Du calibre<\/th><th class=\"column-2\">\t\u00c9p. \u00c9quiv. en d\u00e9cimale<\/th><th class=\"column-3\">\tTol. sur l\u2019\u00e9p.<\/th><th class=\"column-4\">Poids Au Pied Carr\u00e9<\/th>\n<\/tr>\n<\/thead>\n<tbody class=\"row-striping row-hover\">\n<tr class=\"row-2\">\n\t<td class=\"column-1\">8<\/td><td class=\"column-2\">0.1681<\/td><td class=\"column-3\">0.1756-0.1607<\/td><td class=\"column-4\">7.031<\/td>\n<\/tr>\n<tr class=\"row-3\">\n\t<td class=\"column-1\">9<\/td><td class=\"column-2\">0.1532<\/td><td class=\"column-3\">0.1606-0.1458<\/td><td class=\"column-4\">6.406<\/td>\n<\/tr>\n<tr class=\"row-4\">\n\t<td class=\"column-1\">10<\/td><td class=\"column-2\">0.1382<\/td><td class=\"column-3\">0.1457-0.1308<\/td><td class=\"column-4\">5.781<\/td>\n<\/tr>\n<tr class=\"row-5\">\n\t<td class=\"column-1\">11<\/td><td class=\"column-2\">0.1233<\/td><td class=\"column-3\">0.1307-0.1159<\/td><td class=\"column-4\">5.156<\/td>\n<\/tr>\n<tr class=\"row-6\">\n\t<td class=\"column-1\">12<\/td><td class=\"column-2\">0.1084<\/td><td class=\"column-3\">0.1158-0.1009<\/td><td class=\"column-4\">4.531<\/td>\n<\/tr>\n<tr class=\"row-7\">\n\t<td class=\"column-1\">13<\/td><td class=\"column-2\">0.0934<\/td><td class=\"column-3\">0.1008-0.086<\/td><td class=\"column-4\">3.906<\/td>\n<\/tr>\n<tr class=\"row-8\">\n\t<td class=\"column-1\">14<\/td><td class=\"column-2\">0.0785<\/td><td class=\"column-3\">0.0859-0.0748<\/td><td class=\"column-4\">3.281<\/td>\n<\/tr>\n<tr class=\"row-9\">\n\t<td class=\"column-1\">15<\/td><td class=\"column-2\">0.071<\/td><td class=\"column-3\">0.0747-0.0673<\/td><td class=\"column-4\">2.969<\/td>\n<\/tr>\n<tr class=\"row-10\">\n\t<td class=\"column-1\">16<\/td><td class=\"column-2\">0.0635<\/td><td class=\"column-3\">0.0672-0.0806<\/td><td class=\"column-4\">2.656<\/td>\n<\/tr>\n<tr class=\"row-11\">\n\t<td class=\"column-1\">17<\/td><td class=\"column-2\">0.0575<\/td><td class=\"column-3\">0.0605-0.0546<\/td><td class=\"column-4\">2.406<\/td>\n<\/tr>\n<tr class=\"row-12\">\n\t<td class=\"column-1\">18<\/td><td class=\"column-2\">0.0516<\/td><td class=\"column-3\">0.0545-0.0486<\/td><td class=\"column-4\">2.156<\/td>\n<\/tr>\n<tr class=\"row-13\">\n\t<td class=\"column-1\">19<\/td><td class=\"column-2\">0.0456<\/td><td class=\"column-3\">0.0485-0.0426<\/td><td class=\"column-4\">1.906<\/td>\n<\/tr>\n<tr class=\"row-14\">\n\t<td class=\"column-1\">20<\/td><td class=\"column-2\">0.0396<\/td><td class=\"column-3\">0.0425-0.0382<\/td><td class=\"column-4\">1.656<\/td>\n<\/tr>\n<tr class=\"row-15\">\n\t<td class=\"column-1\">21<\/td><td class=\"column-2\">0.0366<\/td><td class=\"column-3\">0.0381-0.0352<\/td><td class=\"column-4\">1.531<\/td>\n<\/tr>\n<tr class=\"row-16\">\n\t<td class=\"column-1\">22<\/td><td class=\"column-2\">0.0336<\/td><td class=\"column-3\">0.0351-0.0322<\/td><td class=\"column-4\">1.406<\/td>\n<\/tr>\n<tr class=\"row-17\">\n\t<td class=\"column-1\">23<\/td><td class=\"column-2\">0.0306<\/td><td class=\"column-3\">0.0321-0.0292<\/td><td class=\"column-4\">1.281<\/td>\n<\/tr>\n<tr class=\"row-18\">\n\t<td class=\"column-1\">24<\/td><td class=\"column-2\">0.0276<\/td><td class=\"column-3\">0.0291-0.0262<\/td><td class=\"column-4\">1.156<\/td>\n<\/tr>\n<tr class=\"row-19\">\n\t<td class=\"column-1\">25<\/td><td class=\"column-2\">0.0247<\/td><td class=\"column-3\">0.0261-0.0232<\/td><td class=\"column-4\">1.031<\/td>\n<\/tr>\n<tr class=\"row-20\">\n\t<td class=\"column-1\">26<\/td><td class=\"column-2\">0.0217<\/td><td class=\"column-3\">0.0231-0.021<\/td><td class=\"column-4\">0.906<\/td>\n<\/tr>\n<tr class=\"row-21\">\n\t<td class=\"column-1\">27<\/td><td class=\"column-2\">0.0202<\/td><td class=\"column-3\">0.0209-0.0195<\/td><td class=\"column-4\">0.844<\/td>\n<\/tr>\n<tr class=\"row-22\">\n\t<td class=\"column-1\">28<\/td><td class=\"column-2\">0.0187<\/td><td class=\"column-3\">0.0194-0.018<\/td><td class=\"column-4\">0.781<\/td>\n<\/tr>\n<tr class=\"row-23\">\n\t<td class=\"column-1\">29<\/td><td class=\"column-2\">0.0172<\/td><td class=\"column-3\">0.0179-0.0165<\/td><td class=\"column-4\">0.719<\/td>\n<\/tr>\n<tr class=\"row-24\">\n\t<td class=\"column-1\">30<\/td><td class=\"column-2\">0.0157<\/td><td class=\"column-3\">0.0164-0.015<\/td><td class=\"column-4\">0.656<\/td>\n<\/tr>\n<tr class=\"row-25\">\n\t<td class=\"column-1\">31<\/td><td class=\"column-2\">0.0142<\/td><td class=\"column-3\">0.0149-0.0138<\/td><td class=\"column-4\">0.594<\/td>\n<\/tr>\n<\/tbody>\n<\/table>\n<!-- #tablepress-50 from cache -->\r\n                <\/div>\r\n            <\/div>\r\n\r\n        \r\n        <\/div>\r\n\r\n    <\/section>\r\n\r\n\r\n    <section id=\"gallery-block_be14f5acc56a5d933d1526df0ee8a9db\"\r\n             class=\"orange-block gallery-block\"\r\n             >\r\n\r\n    \r\n    \r\n        <!-- Block content -->\r\n        <div class=\"container-fluid  gallery-container\">\r\n\r\n            \r\n                <!-- Single row -->\r\n                <div class=\"row\">\r\n\r\n                                            <!-- Single column -->\r\n                        <div class=\"image-col col-12 col-sm-6 col-lg-4\">\r\n\r\n                            <!-- Modal link -->\r\n                            <a href=\"https:\/\/www.delmetals.com\/wp-content\/uploads\/2023\/12\/DJI_0116-HDR-Edit-Galvanzed-Galvanneal-Satin-Coat.jpg\"\r\n                               class=\"foobox\"\r\n                               rel=\"gallery-block_be14f5acc56a5d933d1526df0ee8a9db\"\r\n                               data-caption-title=\"default\"\r\n                               data-caption-description=\"default\"\r\n                               aria-label=\"Open this image in a modal: default\"\r\n                               >\r\n\r\n                                <!-- Image -->\r\n                                <div class=\"image-container\">\r\n                                    <div class=\"gallery-image\"\r\n                                         style=\"background-image: url('https:\/\/www.delmetals.com\/wp-content\/uploads\/2023\/12\/DJI_0116-HDR-Edit-Galvanzed-Galvanneal-Satin-Coat-1024x711.jpg')\"><\/div>\r\n                                    <div class=\"gallery-overlay\">\r\n\r\n                                    <\/div>\r\n                                <\/div>\r\n                            <\/a>\r\n                        <\/div>\r\n\r\n                                            <!-- Single column -->\r\n                        <div class=\"image-col col-12 col-sm-6 col-lg-4\">\r\n\r\n                            <!-- Modal link -->\r\n                            <a href=\"https:\/\/www.delmetals.com\/wp-content\/uploads\/2023\/12\/NZ9_6314-HDR-Satin-Coil.jpg\"\r\n                               class=\"foobox\"\r\n                               rel=\"gallery-block_be14f5acc56a5d933d1526df0ee8a9db\"\r\n                               data-caption-title=\"NZ9_6314-HDR - Satin Coil\"\r\n                               data-caption-description=\"\"\r\n                               aria-label=\"Open this image in a modal: NZ9_6314-HDR - Satin Coil\"\r\n                               >\r\n\r\n                                <!-- Image -->\r\n                                <div class=\"image-container\">\r\n                                    <div class=\"gallery-image\"\r\n                                         style=\"background-image: url('https:\/\/www.delmetals.com\/wp-content\/uploads\/2023\/12\/NZ9_6314-HDR-Satin-Coil-1024x655.jpg')\"><\/div>\r\n                                    <div class=\"gallery-overlay\">\r\n\r\n                                    <\/div>\r\n                                <\/div>\r\n                            <\/a>\r\n                        <\/div>\r\n\r\n                                            <!-- Single column -->\r\n                        <div class=\"image-col col-12 col-sm-6 col-lg-4\">\r\n\r\n                            <!-- Modal link -->\r\n                            <a href=\"https:\/\/www.delmetals.com\/wp-content\/uploads\/2023\/12\/DJI_0187-HDR-Satin-Coat-coils.jpg\"\r\n                               class=\"foobox\"\r\n                               rel=\"gallery-block_be14f5acc56a5d933d1526df0ee8a9db\"\r\n                               data-caption-title=\"default\"\r\n                               data-caption-description=\"default\"\r\n                               aria-label=\"Open this image in a modal: default\"\r\n                               >\r\n\r\n                                <!-- Image -->\r\n                                <div class=\"image-container\">\r\n                                    <div class=\"gallery-image\"\r\n                                         style=\"background-image: url('https:\/\/www.delmetals.com\/wp-content\/uploads\/2023\/12\/DJI_0187-HDR-Satin-Coat-coils-1024x722.jpg')\"><\/div>\r\n                                    <div class=\"gallery-overlay\">\r\n\r\n                                    <\/div>\r\n                                <\/div>\r\n                            <\/a>\r\n                        <\/div>\r\n\r\n                    \r\n                <\/div>\r\n\r\n            \r\n        <\/div>\r\n    <\/section>\r\n\r\n","protected":false},"featured_media":1519,"template":"","class_list":["post-1690","product","type-product","status-publish","has-post-thumbnail","hentry"],"acf":[],"yoast_head":"<!-- This site is optimized with the Yoast SEO plugin v27.0 - https:\/\/yoast.com\/product\/yoast-seo-wordpress\/ -->\n<title>Galvanneal \/ Rev\u00eatement satin\u00e9 - Del Metals<\/title>\n<meta name=\"robots\" content=\"index, follow, max-snippet:-1, max-image-preview:large, max-video-preview:-1\" \/>\n<link rel=\"canonical\" href=\"https:\/\/www.delmetals.com\/fr\/product\/galvanneal-revetement-satine\/\" \/>\n<meta property=\"og:locale\" content=\"fr_FR\" \/>\n<meta property=\"og:type\" content=\"article\" \/>\n<meta property=\"og:title\" content=\"Galvanneal \/ Rev\u00eatement satin\u00e9 - Del Metals\" \/>\n<meta property=\"og:url\" content=\"https:\/\/www.delmetals.com\/fr\/product\/galvanneal-revetement-satine\/\" \/>\n<meta property=\"og:site_name\" content=\"Del Metals\" \/>\n<meta property=\"article:modified_time\" content=\"2024-05-22T20:42:29+00:00\" \/>\n<meta property=\"og:image\" content=\"https:\/\/www.delmetals.com\/wp-content\/uploads\/2023\/12\/NZ9_6326-HDR-Edit-Satin-Coil.jpg\" \/>\n\t<meta property=\"og:image:width\" content=\"1920\" \/>\n\t<meta property=\"og:image:height\" content=\"1278\" \/>\n\t<meta property=\"og:image:type\" content=\"image\/jpeg\" \/>\n<meta name=\"twitter:card\" content=\"summary_large_image\" \/>\n<script type=\"application\/ld+json\" class=\"yoast-schema-graph\">{\"@context\":\"https:\/\/schema.org\",\"@graph\":[{\"@type\":\"WebPage\",\"@id\":\"https:\/\/www.delmetals.com\/fr\/product\/galvanneal-revetement-satine\/\",\"url\":\"https:\/\/www.delmetals.com\/fr\/product\/galvanneal-revetement-satine\/\",\"name\":\"Galvanneal \/ Rev\u00eatement satin\u00e9 - Del Metals\",\"isPartOf\":{\"@id\":\"https:\/\/www.delmetals.com\/#website\"},\"primaryImageOfPage\":{\"@id\":\"https:\/\/www.delmetals.com\/fr\/product\/galvanneal-revetement-satine\/#primaryimage\"},\"image\":{\"@id\":\"https:\/\/www.delmetals.com\/fr\/product\/galvanneal-revetement-satine\/#primaryimage\"},\"thumbnailUrl\":\"https:\/\/www.delmetals.com\/wp-content\/uploads\/2023\/12\/NZ9_6326-HDR-Edit-Satin-Coil.jpg\",\"datePublished\":\"2023-12-14T19:00:07+00:00\",\"dateModified\":\"2024-05-22T20:42:29+00:00\",\"breadcrumb\":{\"@id\":\"https:\/\/www.delmetals.com\/fr\/product\/galvanneal-revetement-satine\/#breadcrumb\"},\"inLanguage\":\"fr-FR\",\"potentialAction\":[{\"@type\":\"ReadAction\",\"target\":[\"https:\/\/www.delmetals.com\/fr\/product\/galvanneal-revetement-satine\/\"]}]},{\"@type\":\"ImageObject\",\"inLanguage\":\"fr-FR\",\"@id\":\"https:\/\/www.delmetals.com\/fr\/product\/galvanneal-revetement-satine\/#primaryimage\",\"url\":\"https:\/\/www.delmetals.com\/wp-content\/uploads\/2023\/12\/NZ9_6326-HDR-Edit-Satin-Coil.jpg\",\"contentUrl\":\"https:\/\/www.delmetals.com\/wp-content\/uploads\/2023\/12\/NZ9_6326-HDR-Edit-Satin-Coil.jpg\",\"width\":1920,\"height\":1278},{\"@type\":\"BreadcrumbList\",\"@id\":\"https:\/\/www.delmetals.com\/fr\/product\/galvanneal-revetement-satine\/#breadcrumb\",\"itemListElement\":[{\"@type\":\"ListItem\",\"position\":1,\"name\":\"Home\",\"item\":\"https:\/\/www.delmetals.com\/\"},{\"@type\":\"ListItem\",\"position\":2,\"name\":\"Galvanneal \/ Rev\u00eatement satin\u00e9\"}]},{\"@type\":\"WebSite\",\"@id\":\"https:\/\/www.delmetals.com\/#website\",\"url\":\"https:\/\/www.delmetals.com\/\",\"name\":\"Del Metals\",\"description\":\"\",\"potentialAction\":[{\"@type\":\"SearchAction\",\"target\":{\"@type\":\"EntryPoint\",\"urlTemplate\":\"https:\/\/www.delmetals.com\/?s={search_term_string}\"},\"query-input\":{\"@type\":\"PropertyValueSpecification\",\"valueRequired\":true,\"valueName\":\"search_term_string\"}}],\"inLanguage\":\"fr-FR\"}]}<\/script>\n<!-- \/ Yoast SEO plugin. -->","yoast_head_json":{"title":"Galvanneal \/ Rev\u00eatement satin\u00e9 - Del Metals","robots":{"index":"index","follow":"follow","max-snippet":"max-snippet:-1","max-image-preview":"max-image-preview:large","max-video-preview":"max-video-preview:-1"},"canonical":"https:\/\/www.delmetals.com\/fr\/product\/galvanneal-revetement-satine\/","og_locale":"fr_FR","og_type":"article","og_title":"Galvanneal \/ Rev\u00eatement satin\u00e9 - Del Metals","og_url":"https:\/\/www.delmetals.com\/fr\/product\/galvanneal-revetement-satine\/","og_site_name":"Del Metals","article_modified_time":"2024-05-22T20:42:29+00:00","og_image":[{"width":1920,"height":1278,"url":"https:\/\/www.delmetals.com\/wp-content\/uploads\/2023\/12\/NZ9_6326-HDR-Edit-Satin-Coil.jpg","type":"image\/jpeg"}],"twitter_card":"summary_large_image","schema":{"@context":"https:\/\/schema.org","@graph":[{"@type":"WebPage","@id":"https:\/\/www.delmetals.com\/fr\/product\/galvanneal-revetement-satine\/","url":"https:\/\/www.delmetals.com\/fr\/product\/galvanneal-revetement-satine\/","name":"Galvanneal \/ Rev\u00eatement satin\u00e9 - Del Metals","isPartOf":{"@id":"https:\/\/www.delmetals.com\/#website"},"primaryImageOfPage":{"@id":"https:\/\/www.delmetals.com\/fr\/product\/galvanneal-revetement-satine\/#primaryimage"},"image":{"@id":"https:\/\/www.delmetals.com\/fr\/product\/galvanneal-revetement-satine\/#primaryimage"},"thumbnailUrl":"https:\/\/www.delmetals.com\/wp-content\/uploads\/2023\/12\/NZ9_6326-HDR-Edit-Satin-Coil.jpg","datePublished":"2023-12-14T19:00:07+00:00","dateModified":"2024-05-22T20:42:29+00:00","breadcrumb":{"@id":"https:\/\/www.delmetals.com\/fr\/product\/galvanneal-revetement-satine\/#breadcrumb"},"inLanguage":"fr-FR","potentialAction":[{"@type":"ReadAction","target":["https:\/\/www.delmetals.com\/fr\/product\/galvanneal-revetement-satine\/"]}]},{"@type":"ImageObject","inLanguage":"fr-FR","@id":"https:\/\/www.delmetals.com\/fr\/product\/galvanneal-revetement-satine\/#primaryimage","url":"https:\/\/www.delmetals.com\/wp-content\/uploads\/2023\/12\/NZ9_6326-HDR-Edit-Satin-Coil.jpg","contentUrl":"https:\/\/www.delmetals.com\/wp-content\/uploads\/2023\/12\/NZ9_6326-HDR-Edit-Satin-Coil.jpg","width":1920,"height":1278},{"@type":"BreadcrumbList","@id":"https:\/\/www.delmetals.com\/fr\/product\/galvanneal-revetement-satine\/#breadcrumb","itemListElement":[{"@type":"ListItem","position":1,"name":"Home","item":"https:\/\/www.delmetals.com\/"},{"@type":"ListItem","position":2,"name":"Galvanneal \/ Rev\u00eatement satin\u00e9"}]},{"@type":"WebSite","@id":"https:\/\/www.delmetals.com\/#website","url":"https:\/\/www.delmetals.com\/","name":"Del Metals","description":"","potentialAction":[{"@type":"SearchAction","target":{"@type":"EntryPoint","urlTemplate":"https:\/\/www.delmetals.com\/?s={search_term_string}"},"query-input":{"@type":"PropertyValueSpecification","valueRequired":true,"valueName":"search_term_string"}}],"inLanguage":"fr-FR"}]}},"_links":{"self":[{"href":"https:\/\/www.delmetals.com\/fr\/wp-json\/wp\/v2\/product\/1690","targetHints":{"allow":["GET"]}}],"collection":[{"href":"https:\/\/www.delmetals.com\/fr\/wp-json\/wp\/v2\/product"}],"about":[{"href":"https:\/\/www.delmetals.com\/fr\/wp-json\/wp\/v2\/types\/product"}],"wp:featuredmedia":[{"embeddable":true,"href":"https:\/\/www.delmetals.com\/fr\/wp-json\/wp\/v2\/media\/1519"}],"wp:attachment":[{"href":"https:\/\/www.delmetals.com\/fr\/wp-json\/wp\/v2\/media?parent=1690"}],"curies":[{"name":"wp","href":"https:\/\/api.w.org\/{rel}","templated":true}]}}