{"id":1687,"date":"2023-12-14T18:59:19","date_gmt":"2023-12-14T18:59:19","guid":{"rendered":"https:\/\/delmetals.wpenginepowered.com\/product\/plaque-antiderapante\/"},"modified":"2024-05-22T16:22:04","modified_gmt":"2024-05-22T20:22:04","slug":"plaque-antiderapante","status":"publish","type":"product","link":"https:\/\/www.delmetals.com\/fr\/product\/plaque-antiderapante\/","title":{"rendered":"Plaques antid\u00e9rapante"},"content":{"rendered":"\r\n<section id=\"centered-content-block_f8d32086405fc03c5070b87bb454eeb9\"\r\n         class=\"orange-block centered-content-block\"\r\n    >\r\n\r\n\r\n    \r\n    <div class=\"container\">\r\n        <div class=\"row\">\r\n            <div class=\"col-12 content-column\" tabindex=\"0\">\r\n                <div class=\"content-container\">\r\n                                            <h3>Une grande vari\u00e9t\u00e9 de calibres et de largeurs de plaques antid\u00e9rapante pour tout projet.<\/h3>\n<p>Nous proposons l&rsquo;une des gammes de produits de plaques antid\u00e9rapante les plus vastes et les plus diversifi\u00e9es de l&rsquo;industrie. Notre inventaire comprend une vari\u00e9t\u00e9 de calibres et de largeurs pour r\u00e9pondre \u00e0 vos besoins de projet. Les feuilles sont produites \u00e0 partir de notre ligne de nivellement aplatisseur avec une plan\u00e9it\u00e9, une \u00e9querrage et une finition de surface optimales et peut \u00eatre adapt\u00e9 aux longueurs personnalis\u00e9es pour r\u00e9pondre \u00e0 vos besoins de projet.<\/p>\n                <\/div>\r\n            <\/div>\r\n        <\/div>\r\n\r\n\t    \r\n    <\/div>\r\n    \r\n<\/section>\r\n\r\n    <section id=\"table-i18n-block_fc41fdf2bc5e567fb98e17b1063005dd\" class=\"orange-block table-i18n-block\" >\r\n\r\n    \r\n\t    <!-- Block title -->\r\n\t    <div class=\"container\">\r\n\t\t    <div class=\"row\">\r\n\t\t\t    <div class=\"col-12 block-title-wrap\">\r\n\t\t\t\t    \t\t\t\t\t    <h2 class=\"h2 block-title\">Sp\u00e9cifications de la plaque \u00e0 carreaux<\/h2>\r\n\t\t\t\t    \t\t\t\t    \t\t\t    <\/div>\r\n\t\t    <\/div>\r\n\t    <\/div>\r\n\r\n    \r\n        <!-- Block content -->\r\n        <div class=\"table-container container\">\r\n\r\n            <div class=\"row table-row\">\r\n                <div class=\"col-12\">\r\n                    \n<table id=\"tablepress-47\" class=\"tablepress tablepress-id-47\">\n<thead>\n<tr class=\"row-1\">\n\t<th class=\"column-1\">No Du calibre<\/th><th class=\"column-2\">\u00c9p. \u00c9quiv. en d\u00e9cimale<\/th><th class=\"column-3\">Poids Au Pied Carr\u00e9<\/th>\n<\/tr>\n<\/thead>\n<tbody class=\"row-striping row-hover\">\n<tr class=\"row-2\">\n\t<td class=\"column-1\">14 jauge<\/td><td class=\"column-2\">0.079<\/td><td class=\"column-3\">3.75<\/td>\n<\/tr>\n<tr class=\"row-3\">\n\t<td class=\"column-1\">12 jauge<\/td><td class=\"column-2\">0.11<\/td><td class=\"column-3\">5.25<\/td>\n<\/tr>\n<tr class=\"row-4\">\n\t<td class=\"column-1\">1\/8\"<\/td><td class=\"column-2\">0.125<\/td><td class=\"column-3\">6.15<\/td>\n<\/tr>\n<tr class=\"row-5\">\n\t<td class=\"column-1\">3\/16\"<\/td><td class=\"column-2\">0.1875<\/td><td class=\"column-3\">8.75<\/td>\n<\/tr>\n<tr class=\"row-6\">\n\t<td class=\"column-1\">1\/4\"<\/td><td class=\"column-2\">0.25<\/td><td class=\"column-3\">11.25<\/td>\n<\/tr>\n<tr class=\"row-7\">\n\t<td class=\"column-1\">5\/16\"<\/td><td class=\"column-2\">0.3125<\/td><td class=\"column-3\">13.16<\/td>\n<\/tr>\n<tr class=\"row-8\">\n\t<td class=\"column-1\">3\/8\"<\/td><td class=\"column-2\">0.375<\/td><td class=\"column-3\">16.37<\/td>\n<\/tr>\n<tr class=\"row-9\">\n\t<td class=\"column-1\">1\/2\"<\/td><td class=\"column-2\">0.5<\/td><td class=\"column-3\">21.45<\/td>\n<\/tr>\n<\/tbody>\n<\/table>\n<!-- #tablepress-47 from cache -->\r\n                <\/div>\r\n            <\/div>\r\n\r\n        \r\n        <\/div>\r\n\r\n    <\/section>\r\n\r\n\r\n    <section id=\"gallery-block_573c3313e556beb2e1f5a2f9075c75f7\"\r\n             class=\"orange-block gallery-block\"\r\n             >\r\n\r\n    \r\n    \r\n        <!-- Block content -->\r\n        <div class=\"container-fluid  gallery-container\">\r\n\r\n            \r\n                <!-- Single row -->\r\n                <div class=\"row\">\r\n\r\n                                            <!-- Single column -->\r\n                        <div class=\"image-col col-12 col-sm-6 col-lg-4\">\r\n\r\n                            <!-- Modal link -->\r\n                            <a href=\"https:\/\/www.delmetals.com\/wp-content\/uploads\/2023\/12\/Checker-Plate-Sheet.jpg\"\r\n                               class=\"foobox\"\r\n                               rel=\"gallery-block_573c3313e556beb2e1f5a2f9075c75f7\"\r\n                               data-caption-title=\"Checker Plate Sheet\"\r\n                               data-caption-description=\"\"\r\n                               aria-label=\"Open this image in a modal: Checker Plate Sheet\"\r\n                               >\r\n\r\n                                <!-- Image -->\r\n                                <div class=\"image-container\">\r\n                                    <div class=\"gallery-image\"\r\n                                         style=\"background-image: url('https:\/\/www.delmetals.com\/wp-content\/uploads\/2023\/12\/Checker-Plate-Sheet-1024x652.jpg')\"><\/div>\r\n                                    <div class=\"gallery-overlay\">\r\n\r\n                                    <\/div>\r\n                                <\/div>\r\n                            <\/a>\r\n                        <\/div>\r\n\r\n                                            <!-- Single column -->\r\n                        <div class=\"image-col col-12 col-sm-6 col-lg-4\">\r\n\r\n                            <!-- Modal link -->\r\n                            <a href=\"https:\/\/www.delmetals.com\/wp-content\/uploads\/2024\/03\/Checker-Plate-Coil.jpg\"\r\n                               class=\"foobox\"\r\n                               rel=\"gallery-block_573c3313e556beb2e1f5a2f9075c75f7\"\r\n                               data-caption-title=\"Checker Plate Coil\"\r\n                               data-caption-description=\"\"\r\n                               aria-label=\"Open this image in a modal: Checker Plate Coil\"\r\n                               >\r\n\r\n                                <!-- Image -->\r\n                                <div class=\"image-container\">\r\n                                    <div class=\"gallery-image\"\r\n                                         style=\"background-image: url('https:\/\/www.delmetals.com\/wp-content\/uploads\/2024\/03\/Checker-Plate-Coil-1024x636.jpg')\"><\/div>\r\n                                    <div class=\"gallery-overlay\">\r\n\r\n                                    <\/div>\r\n                                <\/div>\r\n                            <\/a>\r\n                        <\/div>\r\n\r\n                                            <!-- Single column -->\r\n                        <div class=\"image-col col-12 col-sm-6 col-lg-4\">\r\n\r\n                            <!-- Modal link -->\r\n                            <a href=\"https:\/\/www.delmetals.com\/wp-content\/uploads\/2023\/12\/Checker-Plate-Coil-5.jpg\"\r\n                               class=\"foobox\"\r\n                               rel=\"gallery-block_573c3313e556beb2e1f5a2f9075c75f7\"\r\n                               data-caption-title=\"Checker Plate Coil (5)\"\r\n                               data-caption-description=\"\"\r\n                               aria-label=\"Open this image in a modal: Checker Plate Coil (5)\"\r\n                               >\r\n\r\n                                <!-- Image -->\r\n                                <div class=\"image-container\">\r\n                                    <div class=\"gallery-image\"\r\n                                         style=\"background-image: url('https:\/\/www.delmetals.com\/wp-content\/uploads\/2023\/12\/Checker-Plate-Coil-5-1024x753.jpg')\"><\/div>\r\n                                    <div class=\"gallery-overlay\">\r\n\r\n                                    <\/div>\r\n                                <\/div>\r\n                            <\/a>\r\n                        <\/div>\r\n\r\n                    \r\n                <\/div>\r\n\r\n            \r\n        <\/div>\r\n    <\/section>\r\n\r\n","protected":false},"featured_media":1499,"template":"","class_list":["post-1687","product","type-product","status-publish","has-post-thumbnail","hentry"],"acf":[],"yoast_head":"<!-- This site is optimized with the Yoast SEO plugin v27.0 - https:\/\/yoast.com\/product\/yoast-seo-wordpress\/ -->\n<title>Plaques antid\u00e9rapante - Del Metals<\/title>\n<meta name=\"robots\" content=\"index, follow, max-snippet:-1, max-image-preview:large, max-video-preview:-1\" \/>\n<link rel=\"canonical\" href=\"https:\/\/www.delmetals.com\/fr\/product\/plaque-antiderapante\/\" \/>\n<meta property=\"og:locale\" content=\"fr_FR\" \/>\n<meta property=\"og:type\" content=\"article\" \/>\n<meta property=\"og:title\" content=\"Plaques antid\u00e9rapante - Del Metals\" \/>\n<meta property=\"og:url\" content=\"https:\/\/www.delmetals.com\/fr\/product\/plaque-antiderapante\/\" \/>\n<meta property=\"og:site_name\" content=\"Del Metals\" \/>\n<meta property=\"article:modified_time\" content=\"2024-05-22T20:22:04+00:00\" \/>\n<meta property=\"og:image\" content=\"https:\/\/www.delmetals.com\/wp-content\/uploads\/2023\/12\/Checker-Plate-Sheet-3.jpg\" \/>\n\t<meta property=\"og:image:width\" content=\"1920\" \/>\n\t<meta property=\"og:image:height\" content=\"1305\" \/>\n\t<meta property=\"og:image:type\" content=\"image\/jpeg\" \/>\n<meta name=\"twitter:card\" content=\"summary_large_image\" \/>\n<script type=\"application\/ld+json\" class=\"yoast-schema-graph\">{\"@context\":\"https:\/\/schema.org\",\"@graph\":[{\"@type\":\"WebPage\",\"@id\":\"https:\/\/www.delmetals.com\/fr\/product\/plaque-antiderapante\/\",\"url\":\"https:\/\/www.delmetals.com\/fr\/product\/plaque-antiderapante\/\",\"name\":\"Plaques antid\u00e9rapante - Del Metals\",\"isPartOf\":{\"@id\":\"https:\/\/www.delmetals.com\/#website\"},\"primaryImageOfPage\":{\"@id\":\"https:\/\/www.delmetals.com\/fr\/product\/plaque-antiderapante\/#primaryimage\"},\"image\":{\"@id\":\"https:\/\/www.delmetals.com\/fr\/product\/plaque-antiderapante\/#primaryimage\"},\"thumbnailUrl\":\"https:\/\/www.delmetals.com\/wp-content\/uploads\/2023\/12\/Checker-Plate-Sheet-3.jpg\",\"datePublished\":\"2023-12-14T18:59:19+00:00\",\"dateModified\":\"2024-05-22T20:22:04+00:00\",\"breadcrumb\":{\"@id\":\"https:\/\/www.delmetals.com\/fr\/product\/plaque-antiderapante\/#breadcrumb\"},\"inLanguage\":\"fr-FR\",\"potentialAction\":[{\"@type\":\"ReadAction\",\"target\":[\"https:\/\/www.delmetals.com\/fr\/product\/plaque-antiderapante\/\"]}]},{\"@type\":\"ImageObject\",\"inLanguage\":\"fr-FR\",\"@id\":\"https:\/\/www.delmetals.com\/fr\/product\/plaque-antiderapante\/#primaryimage\",\"url\":\"https:\/\/www.delmetals.com\/wp-content\/uploads\/2023\/12\/Checker-Plate-Sheet-3.jpg\",\"contentUrl\":\"https:\/\/www.delmetals.com\/wp-content\/uploads\/2023\/12\/Checker-Plate-Sheet-3.jpg\",\"width\":1920,\"height\":1305},{\"@type\":\"BreadcrumbList\",\"@id\":\"https:\/\/www.delmetals.com\/fr\/product\/plaque-antiderapante\/#breadcrumb\",\"itemListElement\":[{\"@type\":\"ListItem\",\"position\":1,\"name\":\"Home\",\"item\":\"https:\/\/www.delmetals.com\/\"},{\"@type\":\"ListItem\",\"position\":2,\"name\":\"Plaques antid\u00e9rapante\"}]},{\"@type\":\"WebSite\",\"@id\":\"https:\/\/www.delmetals.com\/#website\",\"url\":\"https:\/\/www.delmetals.com\/\",\"name\":\"Del Metals\",\"description\":\"\",\"potentialAction\":[{\"@type\":\"SearchAction\",\"target\":{\"@type\":\"EntryPoint\",\"urlTemplate\":\"https:\/\/www.delmetals.com\/?s={search_term_string}\"},\"query-input\":{\"@type\":\"PropertyValueSpecification\",\"valueRequired\":true,\"valueName\":\"search_term_string\"}}],\"inLanguage\":\"fr-FR\"}]}<\/script>\n<!-- \/ Yoast SEO plugin. -->","yoast_head_json":{"title":"Plaques antid\u00e9rapante - Del Metals","robots":{"index":"index","follow":"follow","max-snippet":"max-snippet:-1","max-image-preview":"max-image-preview:large","max-video-preview":"max-video-preview:-1"},"canonical":"https:\/\/www.delmetals.com\/fr\/product\/plaque-antiderapante\/","og_locale":"fr_FR","og_type":"article","og_title":"Plaques antid\u00e9rapante - Del Metals","og_url":"https:\/\/www.delmetals.com\/fr\/product\/plaque-antiderapante\/","og_site_name":"Del Metals","article_modified_time":"2024-05-22T20:22:04+00:00","og_image":[{"width":1920,"height":1305,"url":"https:\/\/www.delmetals.com\/wp-content\/uploads\/2023\/12\/Checker-Plate-Sheet-3.jpg","type":"image\/jpeg"}],"twitter_card":"summary_large_image","schema":{"@context":"https:\/\/schema.org","@graph":[{"@type":"WebPage","@id":"https:\/\/www.delmetals.com\/fr\/product\/plaque-antiderapante\/","url":"https:\/\/www.delmetals.com\/fr\/product\/plaque-antiderapante\/","name":"Plaques antid\u00e9rapante - Del Metals","isPartOf":{"@id":"https:\/\/www.delmetals.com\/#website"},"primaryImageOfPage":{"@id":"https:\/\/www.delmetals.com\/fr\/product\/plaque-antiderapante\/#primaryimage"},"image":{"@id":"https:\/\/www.delmetals.com\/fr\/product\/plaque-antiderapante\/#primaryimage"},"thumbnailUrl":"https:\/\/www.delmetals.com\/wp-content\/uploads\/2023\/12\/Checker-Plate-Sheet-3.jpg","datePublished":"2023-12-14T18:59:19+00:00","dateModified":"2024-05-22T20:22:04+00:00","breadcrumb":{"@id":"https:\/\/www.delmetals.com\/fr\/product\/plaque-antiderapante\/#breadcrumb"},"inLanguage":"fr-FR","potentialAction":[{"@type":"ReadAction","target":["https:\/\/www.delmetals.com\/fr\/product\/plaque-antiderapante\/"]}]},{"@type":"ImageObject","inLanguage":"fr-FR","@id":"https:\/\/www.delmetals.com\/fr\/product\/plaque-antiderapante\/#primaryimage","url":"https:\/\/www.delmetals.com\/wp-content\/uploads\/2023\/12\/Checker-Plate-Sheet-3.jpg","contentUrl":"https:\/\/www.delmetals.com\/wp-content\/uploads\/2023\/12\/Checker-Plate-Sheet-3.jpg","width":1920,"height":1305},{"@type":"BreadcrumbList","@id":"https:\/\/www.delmetals.com\/fr\/product\/plaque-antiderapante\/#breadcrumb","itemListElement":[{"@type":"ListItem","position":1,"name":"Home","item":"https:\/\/www.delmetals.com\/"},{"@type":"ListItem","position":2,"name":"Plaques antid\u00e9rapante"}]},{"@type":"WebSite","@id":"https:\/\/www.delmetals.com\/#website","url":"https:\/\/www.delmetals.com\/","name":"Del Metals","description":"","potentialAction":[{"@type":"SearchAction","target":{"@type":"EntryPoint","urlTemplate":"https:\/\/www.delmetals.com\/?s={search_term_string}"},"query-input":{"@type":"PropertyValueSpecification","valueRequired":true,"valueName":"search_term_string"}}],"inLanguage":"fr-FR"}]}},"_links":{"self":[{"href":"https:\/\/www.delmetals.com\/fr\/wp-json\/wp\/v2\/product\/1687","targetHints":{"allow":["GET"]}}],"collection":[{"href":"https:\/\/www.delmetals.com\/fr\/wp-json\/wp\/v2\/product"}],"about":[{"href":"https:\/\/www.delmetals.com\/fr\/wp-json\/wp\/v2\/types\/product"}],"wp:featuredmedia":[{"embeddable":true,"href":"https:\/\/www.delmetals.com\/fr\/wp-json\/wp\/v2\/media\/1499"}],"wp:attachment":[{"href":"https:\/\/www.delmetals.com\/fr\/wp-json\/wp\/v2\/media?parent=1687"}],"curies":[{"name":"wp","href":"https:\/\/api.w.org\/{rel}","templated":true}]}}