{"id":1686,"date":"2023-12-14T18:59:00","date_gmt":"2023-12-14T18:59:00","guid":{"rendered":"https:\/\/delmetals.wpenginepowered.com\/product\/decape-et-huile\/"},"modified":"2024-05-22T16:16:05","modified_gmt":"2024-05-22T20:16:05","slug":"decape-et-huile","status":"publish","type":"product","link":"https:\/\/www.delmetals.com\/fr\/product\/decape-et-huile\/","title":{"rendered":"D\u00e9cap\u00e9 et huil\u00e9"},"content":{"rendered":"\r\n<section id=\"centered-content-block_71e9908797ce94fa69299733bab4d9e5\"\r\n         class=\"orange-block centered-content-block\"\r\n    >\r\n\r\n\r\n    \r\n    <div class=\"container\">\r\n        <div class=\"row\">\r\n            <div class=\"col-12 content-column\" tabindex=\"0\">\r\n                <div class=\"content-container\">\r\n                                            <h3>Assurez une protection contre la corrosion avec l&rsquo;acier d\u00e9cap\u00e9 et huil\u00e9.<\/h3>\n<p>Nous stockons une vari\u00e9t\u00e9 de diff\u00e9rentes qualit\u00e9s, largeurs et \u00e9paisseurs d&rsquo;acier d\u00e9cap\u00e9 et huil\u00e9 (P&amp;O). Les \u00e9l\u00e9ments cl\u00e9s incluent la qualit\u00e9 commerciale A1011 CS type B, 44w\/50w et A36. Le mat\u00e9riau est d\u00e9coup\u00e9 de la bobine sur notre ligne de nivellement \u00e0 l&rsquo;aplatisseur avec une plan\u00e9it\u00e9, une \u00e9querrage et une finition de surface optimales.<\/p>\n<p>Trouvez des feuilles P&amp;O dans des longueurs personnalis\u00e9es pour les besoins de votre projet.<\/p>\n                <\/div>\r\n            <\/div>\r\n        <\/div>\r\n\r\n\t    \r\n    <\/div>\r\n    \r\n<\/section>\r\n\r\n    <section id=\"table-i18n-block_4d0b0c1ae233cabe5da8b9982a3a21a7\" class=\"orange-block table-i18n-block\" >\r\n\r\n    \r\n\t    <!-- Block title -->\r\n\t    <div class=\"container\">\r\n\t\t    <div class=\"row\">\r\n\t\t\t    <div class=\"col-12 block-title-wrap\">\r\n\t\t\t\t    \t\t\t\t\t    <h2 class=\"h2 block-title\">Sp\u00e9cifications de l&#039;acier d\u00e9cap\u00e9 et huil\u00e9 (P&amp;O)<\/h2>\r\n\t\t\t\t    \t\t\t\t    \t\t\t    <\/div>\r\n\t\t    <\/div>\r\n\t    <\/div>\r\n\r\n    \r\n        <!-- Block content -->\r\n        <div class=\"table-container container\">\r\n\r\n            <div class=\"row table-row\">\r\n                <div class=\"col-12\">\r\n                    \n<table id=\"tablepress-46\" class=\"tablepress tablepress-id-46\">\n<thead>\n<tr class=\"row-1\">\n\t<th class=\"column-1\">No Du calibre<\/th><th class=\"column-2\">\u00c9p. \u00c9quiv. en d\u00e9cimale<\/th><th class=\"column-3\">Tol. sur l\u2019\u00e9p.<\/th><th class=\"column-4\">Poids Au Pied Carr\u00e9<\/th><th class=\"column-5\">Tol. sur l\u2019\u00e9p.<\/th>\n<\/tr>\n<\/thead>\n<tbody class=\"row-striping row-hover\">\n<tr class=\"row-2\">\n\t<td class=\"column-1\">  1\/2 <\/td><td class=\"column-2\">0.5<\/td><td class=\"column-3\">0.4900 - 0.5300<\/td><td class=\"column-4\">20.42<\/td><td class=\"column-5\">20.42<\/td>\n<\/tr>\n<tr class=\"row-3\">\n\t<td class=\"column-1\">  3\/8 <\/td><td class=\"column-2\">0.375<\/td><td class=\"column-3\">0.3600 - 0.4050<\/td><td class=\"column-4\">15.31<\/td><td class=\"column-5\">15.31<\/td>\n<\/tr>\n<tr class=\"row-4\">\n\t<td class=\"column-1\">  5\/16<\/td><td class=\"column-2\">0.312<\/td><td class=\"column-3\">0.3000 - 0.3300<\/td><td class=\"column-4\">12.76<\/td><td class=\"column-5\">12.76<\/td>\n<\/tr>\n<tr class=\"row-5\">\n\t<td class=\"column-1\">  1\/4 <\/td><td class=\"column-2\">0.25<\/td><td class=\"column-3\">0.2400 - 0.2650<\/td><td class=\"column-4\">10.21<\/td><td class=\"column-5\">10.21<\/td>\n<\/tr>\n<tr class=\"row-6\">\n\t<td class=\"column-1\">4<\/td><td class=\"column-2\">0.2242<\/td><td class=\"column-3\">0.2316 - 0.2168<\/td><td class=\"column-4\">9.375<\/td><td class=\"column-5\">9.687  - 9.063<\/td>\n<\/tr>\n<tr class=\"row-7\">\n\t<td class=\"column-1\">5<\/td><td class=\"column-2\">0.2092<\/td><td class=\"column-3\">0.2167  -0.2018<\/td><td class=\"column-4\">8.75<\/td><td class=\"column-5\">9.062 - 8.438<\/td>\n<\/tr>\n<tr class=\"row-8\">\n\t<td class=\"column-1\">6<\/td><td class=\"column-2\">0.1943<\/td><td class=\"column-3\">0.2017 - 0.1869<\/td><td class=\"column-4\">8.125<\/td><td class=\"column-5\">8.437 - 7.813<\/td>\n<\/tr>\n<tr class=\"row-9\">\n\t<td class=\"column-1\">  3\/16<\/td><td class=\"column-2\">0.188<\/td><td class=\"column-3\">0.1810 - .1960<\/td><td class=\"column-4\">7.66<\/td><td class=\"column-5\">7.66<\/td>\n<\/tr>\n<tr class=\"row-10\">\n\t<td class=\"column-1\">7<\/td><td class=\"column-2\">0.1793<\/td><td class=\"column-3\">0.1868 - 0.1719<\/td><td class=\"column-4\">7.5<\/td><td class=\"column-5\">7.812 - 7.188<\/td>\n<\/tr>\n<tr class=\"row-11\">\n\t<td class=\"column-1\">8<\/td><td class=\"column-2\">0.1644<\/td><td class=\"column-3\">0.1718 - 0.1570<\/td><td class=\"column-4\">6.875<\/td><td class=\"column-5\">7.187 - 6.563<\/td>\n<\/tr>\n<tr class=\"row-12\">\n\t<td class=\"column-1\">9<\/td><td class=\"column-2\">0.1495<\/td><td class=\"column-3\">0.1569 - 0.1420<\/td><td class=\"column-4\">6.25<\/td><td class=\"column-5\">6.562 - 5.938<\/td>\n<\/tr>\n<tr class=\"row-13\">\n\t<td class=\"column-1\">10<\/td><td class=\"column-2\">0.1345<\/td><td class=\"column-3\">0.1419 - 0.1271<\/td><td class=\"column-4\">5.625<\/td><td class=\"column-5\">5.937 - 5.313<\/td>\n<\/tr>\n<tr class=\"row-14\">\n\t<td class=\"column-1\">11<\/td><td class=\"column-2\">0.1196<\/td><td class=\"column-3\">0.127 - 0.1121<\/td><td class=\"column-4\">5<\/td><td class=\"column-5\">5.312 - 4.688<\/td>\n<\/tr>\n<tr class=\"row-15\">\n\t<td class=\"column-1\">12<\/td><td class=\"column-2\">0.1046<\/td><td class=\"column-3\">0.112 - 0.0972<\/td><td class=\"column-4\">4.375<\/td><td class=\"column-5\">4.687 - 4.063<\/td>\n<\/tr>\n<tr class=\"row-16\">\n\t<td class=\"column-1\">13<\/td><td class=\"column-2\">0.0897<\/td><td class=\"column-3\">0.0971 - 0.0822<\/td><td class=\"column-4\">3.75<\/td><td class=\"column-5\">4.062 - 3.438<\/td>\n<\/tr>\n<tr class=\"row-17\">\n\t<td class=\"column-1\">14<\/td><td class=\"column-2\">0.0747<\/td><td class=\"column-3\">0.0821 - 0.0710<\/td><td class=\"column-4\">3.125<\/td><td class=\"column-5\">3.437 - 2.969<\/td>\n<\/tr>\n<tr class=\"row-18\">\n\t<td class=\"column-1\">15<\/td><td class=\"column-2\">0.0673<\/td><td class=\"column-3\">0.0709 - 0.0636<\/td><td class=\"column-4\">2.812<\/td><td class=\"column-5\">2.968 - 2.657<\/td>\n<\/tr>\n<tr class=\"row-19\">\n\t<td class=\"column-1\">16<\/td><td class=\"column-2\">0.0598<\/td><td class=\"column-3\">0.0635 - 0.0568<\/td><td class=\"column-4\">2.5<\/td><td class=\"column-5\">2.656 - 2.375<\/td>\n<\/tr>\n<tr class=\"row-20\">\n\t<td class=\"column-1\">17<\/td><td class=\"column-2\">0.0538<\/td><td class=\"column-3\">0.0567 - 0.0509<\/td><td class=\"column-4\">2.25<\/td><td class=\"column-5\">2.374 - 2.125<\/td>\n<\/tr>\n<tr class=\"row-21\">\n\t<td class=\"column-1\">18<\/td><td class=\"column-2\">0.0478<\/td><td class=\"column-3\">0.0508 - 0.0449<\/td><td class=\"column-4\">2<\/td><td class=\"column-5\">2.124 - 1.875<\/td>\n<\/tr>\n<tr class=\"row-22\">\n\t<td class=\"column-1\">19<\/td><td class=\"column-2\">0.0418<\/td><td class=\"column-3\">0.0448 - 0.0389<\/td><td class=\"column-4\">1.75<\/td><td class=\"column-5\">1.874 - 1.625<\/td>\n<\/tr>\n<tr class=\"row-23\">\n\t<td class=\"column-1\">20<\/td><td class=\"column-2\">0.0359<\/td><td class=\"column-3\">0.0388 - 0.0344<\/td><td class=\"column-4\">1.5<\/td><td class=\"column-5\">1.624 - 1.438<\/td>\n<\/tr>\n<tr class=\"row-24\">\n\t<td class=\"column-1\">21<\/td><td class=\"column-2\">0.0329<\/td><td class=\"column-3\">0.0343 - 0.0314<\/td><td class=\"column-4\">1.375<\/td><td class=\"column-5\">1.437 - 1.313<\/td>\n<\/tr>\n<tr class=\"row-25\">\n\t<td class=\"column-1\">22<\/td><td class=\"column-2\">0.0299<\/td><td class=\"column-3\">0.0313 - 0.0284<\/td><td class=\"column-4\">1.25<\/td><td class=\"column-5\">1.312 - 1.188<\/td>\n<\/tr>\n<tr class=\"row-26\">\n\t<td class=\"column-1\">23<\/td><td class=\"column-2\">0.0269<\/td><td class=\"column-3\">0.0283 - 0.0255<\/td><td class=\"column-4\">1.125<\/td><td class=\"column-5\">1.187 - 1.063<\/td>\n<\/tr>\n<tr class=\"row-27\">\n\t<td class=\"column-1\">24<\/td><td class=\"column-2\">0.0239<\/td><td class=\"column-3\">0.0254 - .0225<\/td><td class=\"column-4\">1<\/td><td class=\"column-5\">1.062 - 0.938<\/td>\n<\/tr>\n<tr class=\"row-28\">\n\t<td class=\"column-1\">25<\/td><td class=\"column-2\">0.0209<\/td><td class=\"column-3\">0.0224 - 0.0195<\/td><td class=\"column-4\">0.875<\/td><td class=\"column-5\">0.937 - .0813<\/td>\n<\/tr>\n<tr class=\"row-29\">\n\t<td class=\"column-1\">26<\/td><td class=\"column-2\">0.0179<\/td><td class=\"column-3\">0.0194 - 0.0172<\/td><td class=\"column-4\">0.75<\/td><td class=\"column-5\">0.812 - 0.719<\/td>\n<\/tr>\n<tr class=\"row-30\">\n\t<td class=\"column-1\">27<\/td><td class=\"column-2\">0.0164<\/td><td class=\"column-3\">0.0171 - 0.0157<\/td><td class=\"column-4\">0.688<\/td><td class=\"column-5\">0.718 - 0.657<\/td>\n<\/tr>\n<tr class=\"row-31\">\n\t<td class=\"column-1\">28<\/td><td class=\"column-2\">0.0149<\/td><td class=\"column-3\">0.0156 - 0.0142<\/td><td class=\"column-4\">0.625<\/td><td class=\"column-5\">0.656 - 0.594<\/td>\n<\/tr>\n<tr class=\"row-32\">\n\t<td class=\"column-1\">29<\/td><td class=\"column-2\">0.0135<\/td><td class=\"column-3\">0.0141 - 0.0128<\/td><td class=\"column-4\">0.562<\/td><td class=\"column-5\">0.593 - 0.532<\/td>\n<\/tr>\n<tr class=\"row-33\">\n\t<td class=\"column-1\">30<\/td><td class=\"column-2\">0.012<\/td><td class=\"column-3\">0.0127 - 0.0113<\/td><td class=\"column-4\">0.5<\/td><td class=\"column-5\">0.531 - 0.469<\/td>\n<\/tr>\n<tr class=\"row-34\">\n\t<td class=\"column-1\">31<\/td><td class=\"column-2\">0.0105<\/td><td class=\"column-3\">0.0112 - 0.0101<\/td><td class=\"column-4\">0.4375<\/td><td class=\"column-5\">0.468 - 0.422<\/td>\n<\/tr>\n<\/tbody>\n<\/table>\n<!-- #tablepress-46 from cache -->\r\n                <\/div>\r\n            <\/div>\r\n\r\n        \r\n        <\/div>\r\n\r\n    <\/section>\r\n\r\n\r\n    <section id=\"gallery-block_8fe6153bdda265efc43b99fc6088acb3\"\r\n             class=\"orange-block gallery-block\"\r\n             >\r\n\r\n    \r\n    \r\n        <!-- Block content -->\r\n        <div class=\"container-fluid  gallery-container\">\r\n\r\n            \r\n                <!-- Single row -->\r\n                <div class=\"row\">\r\n\r\n                                            <!-- Single column -->\r\n                        <div class=\"image-col col-12 col-sm-6 col-lg-6\">\r\n\r\n                            <!-- Modal link -->\r\n                            <a href=\"https:\/\/www.delmetals.com\/wp-content\/uploads\/2023\/12\/PO-Sheet.jpg\"\r\n                               class=\"foobox\"\r\n                               rel=\"gallery-block_8fe6153bdda265efc43b99fc6088acb3\"\r\n                               data-caption-title=\"P&#038;O Sheet\"\r\n                               data-caption-description=\"\"\r\n                               aria-label=\"Open this image in a modal: P&#038;O Sheet\"\r\n                               >\r\n\r\n                                <!-- Image -->\r\n                                <div class=\"image-container\">\r\n                                    <div class=\"gallery-image\"\r\n                                         style=\"background-image: url('https:\/\/www.delmetals.com\/wp-content\/uploads\/2023\/12\/PO-Sheet-1024x648.jpg')\"><\/div>\r\n                                    <div class=\"gallery-overlay\">\r\n\r\n                                    <\/div>\r\n                                <\/div>\r\n                            <\/a>\r\n                        <\/div>\r\n\r\n                                            <!-- Single column -->\r\n                        <div class=\"image-col col-12 col-sm-6 col-lg-6\">\r\n\r\n                            <!-- Modal link -->\r\n                            <a href=\"https:\/\/www.delmetals.com\/wp-content\/uploads\/2023\/12\/PO-Coil-6.jpg\"\r\n                               class=\"foobox\"\r\n                               rel=\"gallery-block_8fe6153bdda265efc43b99fc6088acb3\"\r\n                               data-caption-title=\"P&#038;O Coil (6)\"\r\n                               data-caption-description=\"\"\r\n                               aria-label=\"Open this image in a modal: P&#038;O Coil (6)\"\r\n                               >\r\n\r\n                                <!-- Image -->\r\n                                <div class=\"image-container\">\r\n                                    <div class=\"gallery-image\"\r\n                                         style=\"background-image: url('https:\/\/www.delmetals.com\/wp-content\/uploads\/2023\/12\/PO-Coil-6-1024x692.jpg')\"><\/div>\r\n                                    <div class=\"gallery-overlay\">\r\n\r\n                                    <\/div>\r\n                                <\/div>\r\n                            <\/a>\r\n                        <\/div>\r\n\r\n                    \r\n                <\/div>\r\n\r\n            \r\n        <\/div>\r\n    <\/section>\r\n\r\n","protected":false},"featured_media":1492,"template":"","class_list":["post-1686","product","type-product","status-publish","has-post-thumbnail","hentry"],"acf":[],"yoast_head":"<!-- This site is optimized with the Yoast SEO plugin v27.0 - https:\/\/yoast.com\/product\/yoast-seo-wordpress\/ -->\n<title>D\u00e9cap\u00e9 et huil\u00e9 - Del Metals<\/title>\n<meta name=\"robots\" content=\"index, follow, max-snippet:-1, max-image-preview:large, max-video-preview:-1\" \/>\n<link rel=\"canonical\" href=\"https:\/\/www.delmetals.com\/fr\/product\/decape-et-huile\/\" \/>\n<meta property=\"og:locale\" content=\"fr_FR\" \/>\n<meta property=\"og:type\" content=\"article\" \/>\n<meta property=\"og:title\" content=\"D\u00e9cap\u00e9 et huil\u00e9 - Del Metals\" \/>\n<meta property=\"og:url\" content=\"https:\/\/www.delmetals.com\/fr\/product\/decape-et-huile\/\" \/>\n<meta property=\"og:site_name\" content=\"Del Metals\" \/>\n<meta property=\"article:modified_time\" content=\"2024-05-22T20:16:05+00:00\" \/>\n<meta property=\"og:image\" content=\"https:\/\/www.delmetals.com\/wp-content\/uploads\/2023\/12\/PO-Sheet-best.jpg\" \/>\n\t<meta property=\"og:image:width\" content=\"1920\" \/>\n\t<meta property=\"og:image:height\" content=\"1270\" \/>\n\t<meta property=\"og:image:type\" content=\"image\/jpeg\" \/>\n<meta name=\"twitter:card\" content=\"summary_large_image\" \/>\n<script type=\"application\/ld+json\" class=\"yoast-schema-graph\">{\"@context\":\"https:\/\/schema.org\",\"@graph\":[{\"@type\":\"WebPage\",\"@id\":\"https:\/\/www.delmetals.com\/fr\/product\/decape-et-huile\/\",\"url\":\"https:\/\/www.delmetals.com\/fr\/product\/decape-et-huile\/\",\"name\":\"D\u00e9cap\u00e9 et huil\u00e9 - Del Metals\",\"isPartOf\":{\"@id\":\"https:\/\/www.delmetals.com\/#website\"},\"primaryImageOfPage\":{\"@id\":\"https:\/\/www.delmetals.com\/fr\/product\/decape-et-huile\/#primaryimage\"},\"image\":{\"@id\":\"https:\/\/www.delmetals.com\/fr\/product\/decape-et-huile\/#primaryimage\"},\"thumbnailUrl\":\"https:\/\/www.delmetals.com\/wp-content\/uploads\/2023\/12\/PO-Sheet-best.jpg\",\"datePublished\":\"2023-12-14T18:59:00+00:00\",\"dateModified\":\"2024-05-22T20:16:05+00:00\",\"breadcrumb\":{\"@id\":\"https:\/\/www.delmetals.com\/fr\/product\/decape-et-huile\/#breadcrumb\"},\"inLanguage\":\"fr-FR\",\"potentialAction\":[{\"@type\":\"ReadAction\",\"target\":[\"https:\/\/www.delmetals.com\/fr\/product\/decape-et-huile\/\"]}]},{\"@type\":\"ImageObject\",\"inLanguage\":\"fr-FR\",\"@id\":\"https:\/\/www.delmetals.com\/fr\/product\/decape-et-huile\/#primaryimage\",\"url\":\"https:\/\/www.delmetals.com\/wp-content\/uploads\/2023\/12\/PO-Sheet-best.jpg\",\"contentUrl\":\"https:\/\/www.delmetals.com\/wp-content\/uploads\/2023\/12\/PO-Sheet-best.jpg\",\"width\":1920,\"height\":1270},{\"@type\":\"BreadcrumbList\",\"@id\":\"https:\/\/www.delmetals.com\/fr\/product\/decape-et-huile\/#breadcrumb\",\"itemListElement\":[{\"@type\":\"ListItem\",\"position\":1,\"name\":\"Home\",\"item\":\"https:\/\/www.delmetals.com\/\"},{\"@type\":\"ListItem\",\"position\":2,\"name\":\"D\u00e9cap\u00e9 et huil\u00e9\"}]},{\"@type\":\"WebSite\",\"@id\":\"https:\/\/www.delmetals.com\/#website\",\"url\":\"https:\/\/www.delmetals.com\/\",\"name\":\"Del Metals\",\"description\":\"\",\"potentialAction\":[{\"@type\":\"SearchAction\",\"target\":{\"@type\":\"EntryPoint\",\"urlTemplate\":\"https:\/\/www.delmetals.com\/?s={search_term_string}\"},\"query-input\":{\"@type\":\"PropertyValueSpecification\",\"valueRequired\":true,\"valueName\":\"search_term_string\"}}],\"inLanguage\":\"fr-FR\"}]}<\/script>\n<!-- \/ Yoast SEO plugin. -->","yoast_head_json":{"title":"D\u00e9cap\u00e9 et huil\u00e9 - Del Metals","robots":{"index":"index","follow":"follow","max-snippet":"max-snippet:-1","max-image-preview":"max-image-preview:large","max-video-preview":"max-video-preview:-1"},"canonical":"https:\/\/www.delmetals.com\/fr\/product\/decape-et-huile\/","og_locale":"fr_FR","og_type":"article","og_title":"D\u00e9cap\u00e9 et huil\u00e9 - Del Metals","og_url":"https:\/\/www.delmetals.com\/fr\/product\/decape-et-huile\/","og_site_name":"Del Metals","article_modified_time":"2024-05-22T20:16:05+00:00","og_image":[{"width":1920,"height":1270,"url":"https:\/\/www.delmetals.com\/wp-content\/uploads\/2023\/12\/PO-Sheet-best.jpg","type":"image\/jpeg"}],"twitter_card":"summary_large_image","schema":{"@context":"https:\/\/schema.org","@graph":[{"@type":"WebPage","@id":"https:\/\/www.delmetals.com\/fr\/product\/decape-et-huile\/","url":"https:\/\/www.delmetals.com\/fr\/product\/decape-et-huile\/","name":"D\u00e9cap\u00e9 et huil\u00e9 - Del Metals","isPartOf":{"@id":"https:\/\/www.delmetals.com\/#website"},"primaryImageOfPage":{"@id":"https:\/\/www.delmetals.com\/fr\/product\/decape-et-huile\/#primaryimage"},"image":{"@id":"https:\/\/www.delmetals.com\/fr\/product\/decape-et-huile\/#primaryimage"},"thumbnailUrl":"https:\/\/www.delmetals.com\/wp-content\/uploads\/2023\/12\/PO-Sheet-best.jpg","datePublished":"2023-12-14T18:59:00+00:00","dateModified":"2024-05-22T20:16:05+00:00","breadcrumb":{"@id":"https:\/\/www.delmetals.com\/fr\/product\/decape-et-huile\/#breadcrumb"},"inLanguage":"fr-FR","potentialAction":[{"@type":"ReadAction","target":["https:\/\/www.delmetals.com\/fr\/product\/decape-et-huile\/"]}]},{"@type":"ImageObject","inLanguage":"fr-FR","@id":"https:\/\/www.delmetals.com\/fr\/product\/decape-et-huile\/#primaryimage","url":"https:\/\/www.delmetals.com\/wp-content\/uploads\/2023\/12\/PO-Sheet-best.jpg","contentUrl":"https:\/\/www.delmetals.com\/wp-content\/uploads\/2023\/12\/PO-Sheet-best.jpg","width":1920,"height":1270},{"@type":"BreadcrumbList","@id":"https:\/\/www.delmetals.com\/fr\/product\/decape-et-huile\/#breadcrumb","itemListElement":[{"@type":"ListItem","position":1,"name":"Home","item":"https:\/\/www.delmetals.com\/"},{"@type":"ListItem","position":2,"name":"D\u00e9cap\u00e9 et huil\u00e9"}]},{"@type":"WebSite","@id":"https:\/\/www.delmetals.com\/#website","url":"https:\/\/www.delmetals.com\/","name":"Del Metals","description":"","potentialAction":[{"@type":"SearchAction","target":{"@type":"EntryPoint","urlTemplate":"https:\/\/www.delmetals.com\/?s={search_term_string}"},"query-input":{"@type":"PropertyValueSpecification","valueRequired":true,"valueName":"search_term_string"}}],"inLanguage":"fr-FR"}]}},"_links":{"self":[{"href":"https:\/\/www.delmetals.com\/fr\/wp-json\/wp\/v2\/product\/1686","targetHints":{"allow":["GET"]}}],"collection":[{"href":"https:\/\/www.delmetals.com\/fr\/wp-json\/wp\/v2\/product"}],"about":[{"href":"https:\/\/www.delmetals.com\/fr\/wp-json\/wp\/v2\/types\/product"}],"wp:featuredmedia":[{"embeddable":true,"href":"https:\/\/www.delmetals.com\/fr\/wp-json\/wp\/v2\/media\/1492"}],"wp:attachment":[{"href":"https:\/\/www.delmetals.com\/fr\/wp-json\/wp\/v2\/media?parent=1686"}],"curies":[{"name":"wp","href":"https:\/\/api.w.org\/{rel}","templated":true}]}}