{"id":1195,"date":"2023-10-24T18:38:04","date_gmt":"2023-10-24T18:38:04","guid":{"rendered":"https:\/\/delmetals.wpenginepowered.com\/privacy-policy\/"},"modified":"2024-05-15T20:33:40","modified_gmt":"2024-05-15T20:33:40","slug":"privacy-policy","status":"publish","type":"page","link":"https:\/\/www.delmetals.com\/fr\/privacy-policy\/","title":{"rendered":"Politique de confidentialit\u00e9"},"content":{"rendered":"\r\n<section id=\"centered-content-block_0b0efd0cbb3b75ab7d3d8e9f66ef7467\"\r\n         class=\"orange-block centered-content-block\"\r\n    >\r\n\r\n\r\n    \r\n    <div class=\"container\">\r\n        <div class=\"row\">\r\n            <div class=\"col-12 content-column\" tabindex=\"0\">\r\n                <div class=\"content-container\">\r\n                                            <p>La politique de confidentialit\u00e9 suivante r\u00e9git la mani\u00e8re dont nous collectons, utilisons et prot\u00e9geons vos donn\u00e9es.<\/p>\n<p>(Mise \u00e0 jour novembre 2023)<\/p>\n<h2>Politique de confidentialit\u00e9 de Del Metals<\/h2>\n<h4>Cette politique de confidentialit\u00e9 r\u00e9v\u00e8le comment nous recueillons, utilisons et prot\u00e9geons vos donn\u00e9es personnelles. Cette politique de confidentialit\u00e9 s&rsquo;applique aux donn\u00e9es personnelles collect\u00e9es par Del Metals Inc. via son site web www.delmetals.com ou, comme d\u00e9crit ci-dessous, par d&rsquo;autres moyens dans le cadre de ses activit\u00e9s.<\/h4>\n<h6>1. Responsable du traitement<\/h6>\n<p>Le responsable du traitement des donn\u00e9es au sens de l&rsquo;article 4, point 7 du RGPD est :<\/p>\n<p>Del Metals Inc., 7653 Bramalea Road, Brampton, Ontario, L6T 5V3, Canada ;<br \/>\nT\u00e9l\u00e9phone : <a href=\"tel:9055951444\">+1905 595-1444<\/a>; E-mail : <a href=\"mailto:info@delmetals.com\">info@delmetals.com<\/a> ; Site Web : www.delmetals.com<\/p>\n<p>Vous pouvez contacter le d\u00e9l\u00e9gu\u00e9 \u00e0 la protection des donn\u00e9es par e-mail \u00e0 l&rsquo;adresse suivante : <a href=\"mailto:privacy@delmetals.com\">privacy@delmetals.com<\/a><\/p>\n<h6>2. Informations g\u00e9n\u00e9rales<\/h6>\n<p>Dans le cadre de l&rsquo;exercice de nos activit\u00e9s et de la prestation de nos services, Del Metals collecte des donn\u00e9es personnelles pour mener nos activit\u00e9s, fournir et commercialiser nos services, et respecter nos obligations l\u00e9gales. De m\u00eame, nous pouvons \u00e9galement collecter des donn\u00e9es personnelles \u00e0 d&rsquo;autres fins, que nous d\u00e9cririons plus en d\u00e9tail au moment de la collecte des donn\u00e9es personnelles.<\/p>\n<p>Vous pouvez refuser de nous fournir tout ou partie de vos donn\u00e9es personnelles ; cependant, cela peut limiter les moyens par lesquels nous pouvons interagir avec vous, y compris en vous fournissant nos services.<\/p>\n<h6>3. Fichiers journaux<\/h6>\n<p>Nous collectons des donn\u00e9es personnelles via nos fichiers journaux d&rsquo;acc\u00e8s Internet. Lorsque vous acc\u00e9dez \u00e0 notre site Web, votre adresse Internet est automatiquement collect\u00e9e et plac\u00e9e dans nos fichiers journaux d&rsquo;acc\u00e8s Internet (c&rsquo;est-\u00e0-dire, les fichiers journaux sur le serveur). Nous enregistrons \u00e9galement les URL des sites Web et des pages que vous visitez, les heures et les dates de ces visites, ainsi que des informations sur le mat\u00e9riel informatique et le logiciel que vous utilisez.<\/p>\n<p>Ces informations peuvent inclure des adresses de protocole Internet (IP), le type et la version du navigateur, le fournisseur de services Internet (ISP), les pages de r\u00e9f\u00e9rence\/sortie, le syst\u00e8me d&rsquo;exploitation, l&rsquo;horodatage et\/ou les donn\u00e9es de flux de clics, le nombre de visites, les sites Web \u00e0 partir desquels vous avez acc\u00e9d\u00e9 \u00e0 notre site (R\u00e9f\u00e9rent), et les sites Web qui sont accessibles par votre syst\u00e8me via notre site.<\/p>\n<p>Le traitement de ces donn\u00e9es est n\u00e9cessaire pour la fourniture et la s\u00e9curit\u00e9 de notre site Web. La base l\u00e9gale de ce traitement est l&rsquo;art. 6, paragraphe 1, point f du RGPD. Nous ne relions pas ces donn\u00e9es \u00e0 des individus sp\u00e9cifiques. Apr\u00e8s le traitement aux fins mentionn\u00e9es, les donn\u00e9es seront supprim\u00e9es.<\/p>\n<h6>4. Contact<\/h6>\n<p>Sur notre site Web, nous utilisons plusieurs formulaires de contact qui peuvent \u00eatre utilis\u00e9s pour nous contacter \u00e9lectroniquement. Pour traiter votre demande, il est n\u00e9cessaire de nous fournir une adresse e-mail valide, et, en outre, nous stockons votre adresse IP et l&rsquo;heure de votre demande pour pr\u00e9venir tout abus de nos formulaires de contact. Alternativement, vous pouvez nous contacter via les adresses e-mail cit\u00e9es ci-dessus (Section 1). Si vous utilisez l&rsquo;un de ces canaux, les donn\u00e9es personnelles transmises seront automatiquement stock\u00e9es par Del Metals en tant que responsable du traitement pour g\u00e9rer notre contact avec vous. La base l\u00e9gale de ce traitement est l&rsquo;art. 6, paragraphe 1, point f du RGPD.<\/p>\n<p>Dans certains cas, nous pouvons vous demander des informations suppl\u00e9mentaires, telles que votre nom, votre profession, votre adresse ou votre num\u00e9ro de t\u00e9l\u00e9phone. En ce qui concerne le traitement de ces donn\u00e9es personnelles, vous serez invit\u00e9 \u00e0 donner votre consentement explicite. La base l\u00e9gale de ce traitement est l&rsquo;art. 6, paragraphe 1, point a du RGPD.<\/p>\n<h6>5. Donn\u00e9es personnelles sensibles non sollicit\u00e9es<\/h6>\n<p>Mis \u00e0 part les informations que vous fournissez lorsque vous postulez \u00e0 un emploi chez Del Metals, nous ne cherchons g\u00e9n\u00e9ralement pas \u00e0 collecter des cat\u00e9gories sp\u00e9ciales de donn\u00e9es personnelles via ce site. Les \u00ab\u00a0cat\u00e9gories sp\u00e9ciales de donn\u00e9es personnelles\u00a0\u00bb comprennent les diff\u00e9rentes cat\u00e9gories d&rsquo;informations personnelles identifi\u00e9es par les lois sur la confidentialit\u00e9 des \u00c9tats-Unis, de l&rsquo;Union europ\u00e9enne et d&rsquo;autres juridictions comme n\u00e9cessitant un traitement sp\u00e9cial, y compris dans certains cas la n\u00e9cessit\u00e9 d&rsquo;obtenir un consentement explicite. Ces cat\u00e9gories peuvent inclure des donn\u00e9es personnelles r\u00e9v\u00e9lant l&rsquo;origine raciale ou ethnique, les opinions politiques, les croyances religieuses ou philosophiques, ou l&rsquo;adh\u00e9sion \u00e0 un syndicat, les donn\u00e9es g\u00e9n\u00e9tiques, les donn\u00e9es biom\u00e9triques, les donn\u00e9es concernant la sant\u00e9 ou les donn\u00e9es concernant l&rsquo;orientation sexuelle (Art. 9 GDPR).<\/p>\n<p>Par cons\u00e9quent, nous vous conseillons de ne pas fournir de donn\u00e9es personnelles sensibles non sollicit\u00e9es.<\/p>\n<h6>6. Cookies (Informations g\u00e9n\u00e9rales)<\/h6>\n<p>Les sites Web de Del Metals utilisent des cookies pour sauvegarder et r\u00e9cup\u00e9rer des informations sur votre visite sur notre site Web. Les cookies sont de petits fichiers logiciels qui sauvegardent et r\u00e9cup\u00e8rent des informations sur votre visite sur un site Web ou une application. Ils r\u00e9sident dans votre navigateur Internet pour aider \u00e0 m\u00e9moriser vos pr\u00e9f\u00e9rences et vos activit\u00e9s pr\u00e9c\u00e9dentes. Vous pouvez trouver plus d&rsquo;informations sur les cookies sur www.allaboutcookies.org et www.youronlinechoices.eu.<\/p>\n<p>Les cookies actuellement utilis\u00e9s sur notre site vous identifient sous forme de num\u00e9ro anonymis\u00e9. Nous et nos partenaires (par exemple, partenaires marketing, affili\u00e9s ou fournisseurs d&rsquo;analyse) utilisons des cookies et des fichiers journaux pour analyser les tendances, administrer le site Web, suivre les mouvements des utilisateurs autour du site Web et recueillir des informations d\u00e9mographiques sur notre base d&rsquo;utilisateurs. Nous pouvons recevoir des rapports anonymis\u00e9s bas\u00e9s sur l&rsquo;utilisation de ces technologies par nos partenaires sur une base agr\u00e9g\u00e9e. Nous utilisons \u00e9galement ces donn\u00e9es pour fournir le contenu du site, assurer la fonctionnalit\u00e9 de nos syst\u00e8mes d&rsquo;information et optimiser notre site Web. La base l\u00e9gale de ce traitement est l&rsquo;art. 6, paragraphe 1, point f du RGPD. Les donn\u00e9es des fichiers journaux seront stock\u00e9es s\u00e9par\u00e9ment de vos autres donn\u00e9es personnelles.<\/p>\n<p>Les utilisateurs peuvent contr\u00f4ler et refuser l&rsquo;utilisation de cookies au niveau du navigateur individuel. Les cookies install\u00e9s peuvent \u00eatre supprim\u00e9s. Si vous refusez les cookies, vous pouvez toujours utiliser notre site Web, mais votre capacit\u00e9 \u00e0 utiliser certaines fonctionnalit\u00e9s ou zones de notre site Web peut \u00eatre limit\u00e9e. Lorsque vous visitez notre site Web, les cat\u00e9gories de cookies suivantes seront d\u00e9finies dans votre navigateur :<\/p>\n<h6>11.1 Cookies strictement n\u00e9cessaires<\/h6>\n<p>Ces cookies sont essentiels pour vous permettre de naviguer sur un site et d&rsquo;utiliser ses fonctionnalit\u00e9s. Sans ces cookies, les services que vous avez demand\u00e9s ne peuvent pas \u00eatre fournis. Cookie de visiteur enregistr\u00e9 &#8211; Un identifiant unique attribu\u00e9 \u00e0 chaque utilisateur enregistr\u00e9, utilis\u00e9 pour vous reconna\u00eetre de mani\u00e8re anonyme lors de votre visite et lorsque vous revenez sur le site.<\/p>\n<h6>11.2 Cookies de performance<\/h6>\n<p>Ces cookies collectent des informations afin que nous puissions analyser comment nos visiteurs utilisent notre site. Ces cookies ne collectent pas d&rsquo;informations qui vous identifient. Toutes les informations collect\u00e9es par ces cookies sont anonymes et ne sont utilis\u00e9es que pour am\u00e9liorer le fonctionnement de notre site.<\/p>\n<h6>11.3 Cookies fonctionnels<\/h6>\n<p>Ces cookies permettent aux sites Web et aux applications de se souvenir des choix que vous faites (par exemple, votre nom d&rsquo;utilisateur ou la r\u00e9gion dans laquelle vous vous trouvez) et de fournir des fonctionnalit\u00e9s am\u00e9lior\u00e9es et plus personnelles. Nous pouvons utiliser les informations collect\u00e9es \u00e0 partir de cookies fonctionnels pour identifier le comportement de l&rsquo;utilisateur et proposer du contenu en fonction du profil de l&rsquo;utilisateur. Ces cookies ne peuvent pas suivre votre activit\u00e9 de navigation sur d&rsquo;autres sites Web. Ils ne recueillent aucune information vous concernant qui pourrait \u00eatre utilis\u00e9e \u00e0 des fins publicitaires ou pour enregistrer les sites que vous avez visit\u00e9s sur Internet en dehors de notre site.<\/p>\n<h6>11.4 Cookies d&rsquo;analyse<\/h6>\n<p>Afin de maintenir nos services de site Web pertinents, faciles \u00e0 utiliser et \u00e0 jour, nous utilisons des services d&rsquo;analyse Web pour nous aider \u00e0 comprendre comment les gens utilisent le site. Les cookies permettent aux services d&rsquo;analyse Web de reconna\u00eetre votre navigateur ou votre appareil et, par exemple, de savoir si vous avez d\u00e9j\u00e0 visit\u00e9 notre site Web, ce que vous avez pr\u00e9c\u00e9demment consult\u00e9 ou cliqu\u00e9, et comment vous nous avez trouv\u00e9. Les informations sont anonymes et ne sont utilis\u00e9es que \u00e0 des fins statistiques, elles nous aident \u00e0 analyser les mod\u00e8les d&rsquo;activit\u00e9 des utilisateurs et \u00e0 d\u00e9velopper une meilleure exp\u00e9rience utilisateur.<\/p>\n<h6>12. Applications tierces<\/h6>\n<p>Nous respecterons et prot\u00e9gerons votre vie priv\u00e9e conform\u00e9ment \u00e0 cette politique de confidentialit\u00e9. Nous ne partagerons vos donn\u00e9es personnelles avec des tiers que de la mani\u00e8re d\u00e9crite dans cette politique de confidentialit\u00e9 &#8211; et nous ne vendons pas et ne vendrons pas vos donn\u00e9es personnelles.<\/p>\n<p>Del Metals partage vos donn\u00e9es personnelles avec des tiers, en particulier des tiers non li\u00e9s \u00e0 Del Metals, uniquement avec votre consentement expr\u00e8s ou en vertu d&rsquo;une autre base l\u00e9gale de traitement en vertu de la loi applicable.<\/p>\n<p>Les cat\u00e9gories de tiers non li\u00e9s \u00e0 Del Metals avec lesquels nous partageons vos donn\u00e9es personnelles comprennent des fournisseurs tels que des h\u00e9bergeurs et des prestataires de services cloud, des agences de marketing et de publipostage, et des sous-traitants impliqu\u00e9s dans l&rsquo;ex\u00e9cution de nos obligations contractuelles envers nos clients. La base l\u00e9gale de ce traitement est l&rsquo;art. 6, paragraphe 1, point f du RGPD.<\/p>\n<h6>12.1 Google Analytics<\/h6>\n<p>Notre site Web utilise Google Analytics, un service d&rsquo;analyse Web de Google, Inc., 1600 Amphitheatre Parkway, Mountain View, CA 94043 USA, www.google.com (\u00ab\u00a0Google Analytics\u00a0\u00bb ou \u00ab\u00a0Google\u00a0\u00bb). Google Analytics utilise des cookies qui sont stock\u00e9s sur votre ordinateur afin de faciliter l&rsquo;analyse de votre utilisation du site. Les informations g\u00e9n\u00e9r\u00e9es par ces cookies, telles que l&rsquo;heure, le lieu et la fr\u00e9quence de vos visites sur notre site, y compris votre adresse IP, sont transmises \u00e0 l&#8217;emplacement de Google aux \u00c9tats-Unis et y sont stock\u00e9es.<\/p>\n<p>En utilisant Google Analytics, notre site Web utilise l&rsquo;extension \u00ab\u00a0anonymizeIp\u00a0\u00bb. Ce faisant, Google abr\u00e8ge et anonymise votre adresse IP avant de la transf\u00e9rer \u00e0 partir des \u00c9tats membres de l&rsquo;UE\/AELE. Google utilise ces informations pour analyser votre utilisation de notre site, pour compiler des rapports sur l&rsquo;activit\u00e9 Internet pour nous et pour fournir d&rsquo;autres services relatifs \u00e0 notre site Web.<\/p>\n<p>Google peut \u00e9galement transf\u00e9rer ces informations \u00e0 des tiers lorsque la loi l&rsquo;exige ou lorsque ces tiers traitent ces donn\u00e9es pour le compte de Google. Google d\u00e9clare qu&rsquo;il n&rsquo;associera jamais votre adresse IP \u00e0 d&rsquo;autres donn\u00e9es d\u00e9tenues par Google. Vous pouvez emp\u00eacher l&rsquo;installation de cookies en ajustant les param\u00e8tres de votre logiciel de navigation comme indiqu\u00e9 ailleurs dans cette politique de confidentialit\u00e9. Vous devez cependant savoir que, ce faisant, vous risquez de ne pas pouvoir utiliser toutes les fonctionnalit\u00e9s de notre site Web.<\/p>\n<p>Google Analytics propose \u00e9galement un module compl\u00e9mentaire de d\u00e9sactivation pour la plupart des navigateurs actuels, qui vous offre un meilleur contr\u00f4le sur les donn\u00e9es que Google peut collecter sur les sites Web auxquels vous acc\u00e9dez. Le module compl\u00e9mentaire indique au JavaScript (ga.js) utilis\u00e9 par Google Analytics de ne pas transmettre d&rsquo;informations sur les visites de sites Web \u00e0 Google Analytics. Cependant, le module compl\u00e9mentaire de d\u00e9sactivation du navigateur offert par Google Analytics n&#8217;emp\u00eache pas la transmission d&rsquo;informations vers nous ou vers d&rsquo;autres services d&rsquo;analyse Web que nous pourrions engager.<\/p>\n<p>Google Analytics utilise \u00e9galement des images \u00e9lectroniques appel\u00e9es balises Web (parfois appel\u00e9es gifs \u00e0 pixel unique) qui sont utilis\u00e9es avec des cookies pour compiler des statistiques agr\u00e9g\u00e9es afin d&rsquo;analyser l&rsquo;utilisation de notre site. Vous pouvez trouver des informations suppl\u00e9mentaires sur la mani\u00e8re d&rsquo;installer le module compl\u00e9mentaire de navigateur r\u00e9f\u00e9renc\u00e9 ci-dessus \u00e0 l&rsquo;adresse suivante : https:\/\/tools.google.com\/dlpage\/gaoptout?hl=en.<\/p>\n<p>Dans les cas o\u00f9 des donn\u00e9es personnelles sont transf\u00e9r\u00e9es vers les \u00c9tats-Unis, Google s&rsquo;est auto-certifi\u00e9 conform\u00e9ment au Bouclier de protection des donn\u00e9es UE-\u00c9tats-Unis (<a href=\"https:\/\/www.privacyshield.gov\/EU-US-Framework\" target=\"_blank\" rel=\"noopener\">https:\/\/www.privacyshield.gov\/EU-US-Framework<\/a>).<\/p>\n<h6>12.2 Google Tag Manager (GTM)<\/h6>\n<p>Google Tag Manager (GTM) est un syst\u00e8me de gestion des balises pour g\u00e9rer les balises JavaScript et HTML utilis\u00e9es pour le suivi et l&rsquo;analyse sur les sites Web. Les balises sont de petits \u00e9l\u00e9ments de code qui servent, entre autres choses, \u00e0 mesurer le trafic et le comportement des visiteurs : comprendre l&rsquo;effet de la publicit\u00e9 en ligne et des canaux sociaux ; mettre en place le reciblage et l&rsquo;orientation vers des groupes cibles ; et tester et optimiser les sites Web. GTM facilite l&rsquo;int\u00e9gration et la gestion de nos balises. Nous utilisons GTM sur notre site Web pour inclure les outils de suivi suivants (comme d\u00e9crit en d\u00e9tail dans cette Section 12) :<\/p>\n<ul>\n<li>Google Analytics<br \/>\nSi vous avez effectu\u00e9 une d\u00e9sactivation, GTM prend en compte cette d\u00e9sactivation. Pour plus d&rsquo;informations sur les pratiques de confidentialit\u00e9 de GTM, vous pouvez consulter https:\/\/policies.google.com\/privacy?hl=en et les conditions d&rsquo;utilisation sur https:\/\/www.google.com\/analytics\/tag-manager\/use-policy\/<\/li>\n<\/ul>\n<h6>13. Liens vers les r\u00e9seaux sociaux<\/h6>\n<p>Vous pouvez trouver Del Metals sur les r\u00e9seaux sociaux suivants :<\/p>\n<ul>\n<li>Twitter<\/li>\n<li>Facebook<\/li>\n<li>LinkedIn<\/li>\n<li>Instagram<\/li>\n<\/ul>\n<p>Ces fournisseurs sont des responsables du traitement des donn\u00e9es pertinentes.<\/p>\n<h6>14. Suppression et dur\u00e9e de stockage<\/h6>\n<p>Del Metals traite et stocke vos donn\u00e9es personnelles uniquement pendant le temps n\u00e9cessaire pour atteindre l&rsquo;objectif d\u00e9clar\u00e9 (sauf indication contraire dans cette Politique de confidentialit\u00e9) et comme permis par les lois ou r\u00e9glementations applicables.<\/p>\n<p>D\u00e8s que l&rsquo;objectif du stockage des donn\u00e9es est atteint, ou que le d\u00e9lai de stockage appropri\u00e9 pr\u00e9vu par les lois ou r\u00e9glementations applicables expire, vos donn\u00e9es personnelles seront supprim\u00e9es conform\u00e9ment \u00e0 cette politique et \u00e0 toute autre politique applicable de Del Metals (par exemple, la politique de conservation des documents et\/ou de gestion des dossiers) sauf si vos donn\u00e9es personnelles sont n\u00e9cessaires \u00e0 la conclusion ou \u00e0 l&rsquo;ex\u00e9cution d&rsquo;un contrat.<\/p>\n<h6>15. Vos droits en tant que personne concern\u00e9e<\/h6>\n<p>Vous avez les droits suivants :<\/p>\n<ul>\n<li>Droit d&rsquo;acc\u00e8s ;<\/li>\n<li>Droit de rectification ou d&rsquo;effacement ;<\/li>\n<li>Droit \u00e0 la limitation du traitement ;<\/li>\n<li>Droit d&rsquo;opposition ;<\/li>\n<li>Droit \u00e0 la portabilit\u00e9 des donn\u00e9es.<\/li>\n<\/ul>\n<p>Vous pouvez exercer ces droits en nous envoyant un e-mail \u00e0 <a href=\"mailto:privacy@delmetals.com\">privacy@delmetals.com<\/a>.<\/p>\n<p>Sans pr\u00e9judice de tout autre recours administratif ou judiciaire, vous avez le droit de d\u00e9poser une plainte aupr\u00e8s d&rsquo;une autorit\u00e9 de contr\u00f4le, en particulier dans le lieu de votre r\u00e9sidence habituelle, lieu de travail ou lieu de l&rsquo;infraction pr\u00e9sum\u00e9e, si vous estimez que le traitement des donn\u00e9es personnelles vous concernant viole les lois et r\u00e9glementations applicables en mati\u00e8re de protection des donn\u00e9es.<\/p>\n<h6>16. Modifications de la politique<\/h6>\n<p>Cette Politique de confidentialit\u00e9 peut \u00eatre mise \u00e0 jour de temps \u00e0 autre et notera la date de toute mise \u00e0 jour. En cas de modifications importantes et significatives, nous nous efforcerons de fournir un avis plus visible des modifications apport\u00e9es \u00e0 cette Politique de confidentialit\u00e9.<\/p>\n                <\/div>\r\n            <\/div>\r\n        <\/div>\r\n\r\n\t    \r\n    <\/div>\r\n    \r\n<\/section>\r\n","protected":false},"excerpt":{"rendered":"","protected":false},"author":2,"featured_media":1529,"parent":0,"menu_order":37,"comment_status":"closed","ping_status":"open","template":"","meta":{"footnotes":""},"class_list":["post-1195","page","type-page","status-publish","has-post-thumbnail","hentry"],"acf":[],"yoast_head":"<!-- This site is optimized with the Yoast SEO plugin v27.0 - https:\/\/yoast.com\/product\/yoast-seo-wordpress\/ -->\n<title>Politique de confidentialit\u00e9 - Del Metals<\/title>\n<meta name=\"description\" content=\"Del Metals privacy policy.\" \/>\n<meta name=\"robots\" content=\"index, follow, max-snippet:-1, max-image-preview:large, max-video-preview:-1\" \/>\n<link rel=\"canonical\" href=\"https:\/\/www.delmetals.com\/privacy-policy\/\" \/>\n<meta property=\"og:locale\" content=\"fr_FR\" \/>\n<meta property=\"og:type\" content=\"article\" \/>\n<meta property=\"og:title\" content=\"Politique de confidentialit\u00e9 - Del Metals\" \/>\n<meta property=\"og:description\" content=\"Del Metals privacy policy.\" \/>\n<meta property=\"og:url\" content=\"https:\/\/www.delmetals.com\/privacy-policy\/\" \/>\n<meta property=\"og:site_name\" content=\"Del Metals\" \/>\n<meta property=\"article:modified_time\" content=\"2024-05-15T20:33:40+00:00\" \/>\n<meta property=\"og:image\" content=\"https:\/\/www.delmetals.com\/wp-content\/uploads\/2023\/12\/NZ9_6599-HDR-alum-check.jpg\" \/>\n\t<meta property=\"og:image:width\" content=\"1920\" \/>\n\t<meta property=\"og:image:height\" content=\"1274\" \/>\n\t<meta property=\"og:image:type\" content=\"image\/jpeg\" \/>\n<meta name=\"twitter:card\" content=\"summary_large_image\" \/>\n<script type=\"application\/ld+json\" class=\"yoast-schema-graph\">{\"@context\":\"https:\/\/schema.org\",\"@graph\":[{\"@type\":\"WebPage\",\"@id\":\"https:\/\/www.delmetals.com\/privacy-policy\/\",\"url\":\"https:\/\/www.delmetals.com\/privacy-policy\/\",\"name\":\"Politique de confidentialit\u00e9 - Del Metals\",\"isPartOf\":{\"@id\":\"https:\/\/www.delmetals.com\/#website\"},\"primaryImageOfPage\":{\"@id\":\"https:\/\/www.delmetals.com\/privacy-policy\/#primaryimage\"},\"image\":{\"@id\":\"https:\/\/www.delmetals.com\/privacy-policy\/#primaryimage\"},\"thumbnailUrl\":\"https:\/\/www.delmetals.com\/wp-content\/uploads\/2023\/12\/NZ9_6599-HDR-alum-check.jpg\",\"datePublished\":\"2023-10-24T18:38:04+00:00\",\"dateModified\":\"2024-05-15T20:33:40+00:00\",\"description\":\"Del Metals privacy policy.\",\"breadcrumb\":{\"@id\":\"https:\/\/www.delmetals.com\/privacy-policy\/#breadcrumb\"},\"inLanguage\":\"fr-FR\",\"potentialAction\":[{\"@type\":\"ReadAction\",\"target\":[\"https:\/\/www.delmetals.com\/privacy-policy\/\"]}]},{\"@type\":\"ImageObject\",\"inLanguage\":\"fr-FR\",\"@id\":\"https:\/\/www.delmetals.com\/privacy-policy\/#primaryimage\",\"url\":\"https:\/\/www.delmetals.com\/wp-content\/uploads\/2023\/12\/NZ9_6599-HDR-alum-check.jpg\",\"contentUrl\":\"https:\/\/www.delmetals.com\/wp-content\/uploads\/2023\/12\/NZ9_6599-HDR-alum-check.jpg\",\"width\":1920,\"height\":1274},{\"@type\":\"BreadcrumbList\",\"@id\":\"https:\/\/www.delmetals.com\/privacy-policy\/#breadcrumb\",\"itemListElement\":[{\"@type\":\"ListItem\",\"position\":1,\"name\":\"Home\",\"item\":\"https:\/\/www.delmetals.com\/\"},{\"@type\":\"ListItem\",\"position\":2,\"name\":\"Politique de confidentialit\u00e9\"}]},{\"@type\":\"WebSite\",\"@id\":\"https:\/\/www.delmetals.com\/#website\",\"url\":\"https:\/\/www.delmetals.com\/\",\"name\":\"Del Metals\",\"description\":\"\",\"potentialAction\":[{\"@type\":\"SearchAction\",\"target\":{\"@type\":\"EntryPoint\",\"urlTemplate\":\"https:\/\/www.delmetals.com\/?s={search_term_string}\"},\"query-input\":{\"@type\":\"PropertyValueSpecification\",\"valueRequired\":true,\"valueName\":\"search_term_string\"}}],\"inLanguage\":\"fr-FR\"}]}<\/script>\n<!-- \/ Yoast SEO plugin. -->","yoast_head_json":{"title":"Politique de confidentialit\u00e9 - Del Metals","description":"Del Metals privacy policy.","robots":{"index":"index","follow":"follow","max-snippet":"max-snippet:-1","max-image-preview":"max-image-preview:large","max-video-preview":"max-video-preview:-1"},"canonical":"https:\/\/www.delmetals.com\/privacy-policy\/","og_locale":"fr_FR","og_type":"article","og_title":"Politique de confidentialit\u00e9 - Del Metals","og_description":"Del Metals privacy policy.","og_url":"https:\/\/www.delmetals.com\/privacy-policy\/","og_site_name":"Del Metals","article_modified_time":"2024-05-15T20:33:40+00:00","og_image":[{"width":1920,"height":1274,"url":"https:\/\/www.delmetals.com\/wp-content\/uploads\/2023\/12\/NZ9_6599-HDR-alum-check.jpg","type":"image\/jpeg"}],"twitter_card":"summary_large_image","schema":{"@context":"https:\/\/schema.org","@graph":[{"@type":"WebPage","@id":"https:\/\/www.delmetals.com\/privacy-policy\/","url":"https:\/\/www.delmetals.com\/privacy-policy\/","name":"Politique de confidentialit\u00e9 - Del Metals","isPartOf":{"@id":"https:\/\/www.delmetals.com\/#website"},"primaryImageOfPage":{"@id":"https:\/\/www.delmetals.com\/privacy-policy\/#primaryimage"},"image":{"@id":"https:\/\/www.delmetals.com\/privacy-policy\/#primaryimage"},"thumbnailUrl":"https:\/\/www.delmetals.com\/wp-content\/uploads\/2023\/12\/NZ9_6599-HDR-alum-check.jpg","datePublished":"2023-10-24T18:38:04+00:00","dateModified":"2024-05-15T20:33:40+00:00","description":"Del Metals privacy policy.","breadcrumb":{"@id":"https:\/\/www.delmetals.com\/privacy-policy\/#breadcrumb"},"inLanguage":"fr-FR","potentialAction":[{"@type":"ReadAction","target":["https:\/\/www.delmetals.com\/privacy-policy\/"]}]},{"@type":"ImageObject","inLanguage":"fr-FR","@id":"https:\/\/www.delmetals.com\/privacy-policy\/#primaryimage","url":"https:\/\/www.delmetals.com\/wp-content\/uploads\/2023\/12\/NZ9_6599-HDR-alum-check.jpg","contentUrl":"https:\/\/www.delmetals.com\/wp-content\/uploads\/2023\/12\/NZ9_6599-HDR-alum-check.jpg","width":1920,"height":1274},{"@type":"BreadcrumbList","@id":"https:\/\/www.delmetals.com\/privacy-policy\/#breadcrumb","itemListElement":[{"@type":"ListItem","position":1,"name":"Home","item":"https:\/\/www.delmetals.com\/"},{"@type":"ListItem","position":2,"name":"Politique de confidentialit\u00e9"}]},{"@type":"WebSite","@id":"https:\/\/www.delmetals.com\/#website","url":"https:\/\/www.delmetals.com\/","name":"Del Metals","description":"","potentialAction":[{"@type":"SearchAction","target":{"@type":"EntryPoint","urlTemplate":"https:\/\/www.delmetals.com\/?s={search_term_string}"},"query-input":{"@type":"PropertyValueSpecification","valueRequired":true,"valueName":"search_term_string"}}],"inLanguage":"fr-FR"}]}},"_links":{"self":[{"href":"https:\/\/www.delmetals.com\/fr\/wp-json\/wp\/v2\/pages\/1195","targetHints":{"allow":["GET"]}}],"collection":[{"href":"https:\/\/www.delmetals.com\/fr\/wp-json\/wp\/v2\/pages"}],"about":[{"href":"https:\/\/www.delmetals.com\/fr\/wp-json\/wp\/v2\/types\/page"}],"author":[{"embeddable":true,"href":"https:\/\/www.delmetals.com\/fr\/wp-json\/wp\/v2\/users\/2"}],"replies":[{"embeddable":true,"href":"https:\/\/www.delmetals.com\/fr\/wp-json\/wp\/v2\/comments?post=1195"}],"version-history":[{"count":0,"href":"https:\/\/www.delmetals.com\/fr\/wp-json\/wp\/v2\/pages\/1195\/revisions"}],"wp:featuredmedia":[{"embeddable":true,"href":"https:\/\/www.delmetals.com\/fr\/wp-json\/wp\/v2\/media\/1529"}],"wp:attachment":[{"href":"https:\/\/www.delmetals.com\/fr\/wp-json\/wp\/v2\/media?parent=1195"}],"curies":[{"name":"wp","href":"https:\/\/api.w.org\/{rel}","templated":true}]}}