{"id":1192,"date":"2023-11-22T20:05:05","date_gmt":"2023-11-23T00:05:05","guid":{"rendered":"https:\/\/delmetals.wpenginepowered.com\/carbon-sheet\/"},"modified":"2024-05-15T20:30:12","modified_gmt":"2024-05-15T20:30:12","slug":"carbon-sheet","status":"publish","type":"page","link":"https:\/\/www.delmetals.com\/fr\/carbon-sheet\/","title":{"rendered":"Feuilles d\u2019acier au Carbone"},"content":{"rendered":"\r\n<section id=\"centered-content-block_2a9b81bc849e5f51955da7b6cfa48c19\"\r\n         class=\"orange-block centered-content-block\"\r\n    >\r\n\r\n\r\n    \r\n    <div class=\"container\">\r\n        <div class=\"row\">\r\n            <div class=\"col-12 col-md-10 offset-md-1 col-lg-8 offset-lg-2 content-column\" tabindex=\"0\">\r\n                <div class=\"content-container\">\r\n                                            <h3 style=\"text-align: center;\">Les feuilles d\u2019acier au carbone sont produites avec la plus haute qualit\u00e9 pour r\u00e9pondre \u00e0 vos exigences.<\/h3>\n<p style=\"text-align: center;\">Nous proposons une gamme compl\u00e8te de produits en feuilles d\u2019acier au carbone pour r\u00e9pondre \u00e0 tous les besoins de projet. Nos mat\u00e9riaux sont disponibles dans de nombreuses tailles et longueurs. Trouvez le produit adapt\u00e9 \u00e0 vos besoins.<\/p>\n                <\/div>\r\n            <\/div>\r\n        <\/div>\r\n\r\n\t    \r\n    <\/div>\r\n    \r\n<\/section>\r\n\t<section id=\"product-image-links-block_46b4eb7910e0255e12440085618aaa19\"\n\t         class=\"image-link-block orange-block product-image-links-block\" >\n\n\t\t\n\t\t\t\t\n\t\t<div class=\"image-row-container container-fluid\">\n\t\t\t<div class=\"images-wrap row\">\n\t\t\t\t\t\t\t\t\t<a href=\"https:\/\/www.delmetals.com\/fr\/product\/lamine-a-chaud\/\" class=\"single-image-link-block has-3-items\">\n\t\t\t\t\t\t<div class=\"background-container\">\n\t\t\t\t\t\t\t<img decoding=\"async\" class=\"box-background\" src=\"https:\/\/www.delmetals.com\/wp-content\/uploads\/2023\/11\/untitled-14-of-36-hot-rolled-sheet.jpg\" alt=\"Lamin\u00e9 \u00e0 chaud\" \/>\n\t\t\t\t\t\t\t<div class=\"overlay\"><\/div>\n\t\t\t\t\t\t<\/div>\n                                                ?>\n\t\t\t\t\t\t\n\t\t\t\t\t\t<p class=\"h2 image-text \">Lamin\u00e9 \u00e0 chaud<\/p>\n\t\t\t\t\t\t\t\t\t\t\t\t\t<div class=\"learn-more-link-container\">\n\t\t\t\t\t\t\t\t<p class=\"learn-more-link fancy-link\">\n\t\t\t\t\t\t\t\t\tVoir les Produits\t\t\t\t\t\t\t\t<\/p>\n\t\t\t\t\t\t\t<\/div>\n\t\t\t\t\t\t\t\t\t\t\t\t\t\t\t\t\t\t\t\t<div class=\"category-icon-container\">\n\t\t\t\t\t\t\t\t<span class=\"category\">Feuilles d\u2019acier au Carbone<\/span>\n\t\t\t\t\t\t\t<\/div>\n\t\t\t\t\t\t\t\n\n\t\t\t\t\t<\/a>\n\t\t\t\t\t\t\t\t\t\t<a href=\"https:\/\/www.delmetals.com\/fr\/product\/decape-et-huile\/\" class=\"single-image-link-block has-3-items\">\n\t\t\t\t\t\t<div class=\"background-container\">\n\t\t\t\t\t\t\t<img decoding=\"async\" class=\"box-background\" src=\"https:\/\/www.delmetals.com\/wp-content\/uploads\/2023\/12\/PO-Sheet-best.jpg\" alt=\"D\u00e9cap\u00e9 et huil\u00e9\" \/>\n\t\t\t\t\t\t\t<div class=\"overlay\"><\/div>\n\t\t\t\t\t\t<\/div>\n                                                ?>\n\t\t\t\t\t\t\n\t\t\t\t\t\t<p class=\"h2 image-text \">D\u00e9cap\u00e9 et huil\u00e9<\/p>\n\t\t\t\t\t\t\t\t\t\t\t\t\t<div class=\"learn-more-link-container\">\n\t\t\t\t\t\t\t\t<p class=\"learn-more-link fancy-link\">\n\t\t\t\t\t\t\t\t\tVoir les Produits\t\t\t\t\t\t\t\t<\/p>\n\t\t\t\t\t\t\t<\/div>\n\t\t\t\t\t\t\t\t\t\t\t\t\t\t\t\t\t\t\t\t<div class=\"category-icon-container\">\n\t\t\t\t\t\t\t\t<span class=\"category\">Feuilles d\u2019acier au Carbone<\/span>\n\t\t\t\t\t\t\t<\/div>\n\t\t\t\t\t\t\t\n\n\t\t\t\t\t<\/a>\n\t\t\t\t\t\t\t\t\t\t<a href=\"https:\/\/www.delmetals.com\/fr\/product\/plaque-antiderapante\/\" class=\"single-image-link-block has-3-items\">\n\t\t\t\t\t\t<div class=\"background-container\">\n\t\t\t\t\t\t\t<img decoding=\"async\" class=\"box-background\" src=\"https:\/\/www.delmetals.com\/wp-content\/uploads\/2023\/12\/Checker-Plate-Sheet-3.jpg\" alt=\"Plaques antid\u00e9rapante\" \/>\n\t\t\t\t\t\t\t<div class=\"overlay\"><\/div>\n\t\t\t\t\t\t<\/div>\n                                                ?>\n\t\t\t\t\t\t\n\t\t\t\t\t\t<p class=\"h2 image-text \">Plaques antid\u00e9rapante<\/p>\n\t\t\t\t\t\t\t\t\t\t\t\t\t<div class=\"learn-more-link-container\">\n\t\t\t\t\t\t\t\t<p class=\"learn-more-link fancy-link\">\n\t\t\t\t\t\t\t\t\tVoir les Produits\t\t\t\t\t\t\t\t<\/p>\n\t\t\t\t\t\t\t<\/div>\n\t\t\t\t\t\t\t\t\t\t\t\t\t\t\t\t\t\t\t\t<div class=\"category-icon-container\">\n\t\t\t\t\t\t\t\t<span class=\"category\">Feuilles d\u2019acier au Carbone<\/span>\n\t\t\t\t\t\t\t<\/div>\n\t\t\t\t\t\t\t\n\n\t\t\t\t\t<\/a>\n\t\t\t\t\t\t\t\t<\/div>\n\t\t<\/div>\n\n\t<\/section>\n\n\t\t<section id=\"product-image-links-block_3d3a1b1eb7ec4ea0f5c0ed78d9ee3522\"\n\t         class=\"image-link-block orange-block product-image-links-block\" >\n\n\t\t\n\t\t\t\t\n\t\t<div class=\"image-row-container container-fluid\">\n\t\t\t<div class=\"images-wrap row\">\n\t\t\t\t\t\t\t\t\t<a href=\"https:\/\/www.delmetals.com\/fr\/product\/lamine-a-froid\/\" class=\"single-image-link-block has-3-items\">\n\t\t\t\t\t\t<div class=\"background-container\">\n\t\t\t\t\t\t\t<img decoding=\"async\" class=\"box-background\" src=\"https:\/\/www.delmetals.com\/wp-content\/uploads\/2023\/12\/NZ9_6338-HDR-Cold-Rolled.jpg\" alt=\"Lamin\u00e9 \u00e0 froid\" \/>\n\t\t\t\t\t\t\t<div class=\"overlay\"><\/div>\n\t\t\t\t\t\t<\/div>\n                                                ?>\n\t\t\t\t\t\t\n\t\t\t\t\t\t<p class=\"h2 image-text \">Lamin\u00e9 \u00e0 froid<\/p>\n\t\t\t\t\t\t\t\t\t\t\t\t\t<div class=\"learn-more-link-container\">\n\t\t\t\t\t\t\t\t<p class=\"learn-more-link fancy-link\">\n\t\t\t\t\t\t\t\t\tVoir les Produits\t\t\t\t\t\t\t\t<\/p>\n\t\t\t\t\t\t\t<\/div>\n\t\t\t\t\t\t\t\t\t\t\t\t\t\t\t\t\t\t\t\t<div class=\"category-icon-container\">\n\t\t\t\t\t\t\t\t<span class=\"category\">Feuilles d\u2019acier au Carbone<\/span>\n\t\t\t\t\t\t\t<\/div>\n\t\t\t\t\t\t\t\n\n\t\t\t\t\t<\/a>\n\t\t\t\t\t\t\t\t\t\t<a href=\"https:\/\/www.delmetals.com\/fr\/product\/galvanise\/\" class=\"single-image-link-block has-3-items\">\n\t\t\t\t\t\t<div class=\"background-container\">\n\t\t\t\t\t\t\t<img decoding=\"async\" class=\"box-background\" src=\"https:\/\/www.delmetals.com\/wp-content\/uploads\/2023\/12\/NZ9_7200-HDR-Edit-Edit-Galvanized-Sheet.jpg\" alt=\"Galvanis\u00e9\" \/>\n\t\t\t\t\t\t\t<div class=\"overlay\"><\/div>\n\t\t\t\t\t\t<\/div>\n                                                ?>\n\t\t\t\t\t\t\n\t\t\t\t\t\t<p class=\"h2 image-text \">Galvanis\u00e9<\/p>\n\t\t\t\t\t\t\t\t\t\t\t\t\t<div class=\"learn-more-link-container\">\n\t\t\t\t\t\t\t\t<p class=\"learn-more-link fancy-link\">\n\t\t\t\t\t\t\t\t\tVoir les Produits\t\t\t\t\t\t\t\t<\/p>\n\t\t\t\t\t\t\t<\/div>\n\t\t\t\t\t\t\t\t\t\t\t\t\t\t\t\t\t\t\t\t<div class=\"category-icon-container\">\n\t\t\t\t\t\t\t\t<span class=\"category\">Feuilles d\u2019acier au Carbone<\/span>\n\t\t\t\t\t\t\t<\/div>\n\t\t\t\t\t\t\t\n\n\t\t\t\t\t<\/a>\n\t\t\t\t\t\t\t\t\t\t<a href=\"https:\/\/www.delmetals.com\/fr\/product\/galvanneal-revetement-satine\/\" class=\"single-image-link-block has-3-items\">\n\t\t\t\t\t\t<div class=\"background-container\">\n\t\t\t\t\t\t\t<img decoding=\"async\" class=\"box-background\" src=\"https:\/\/www.delmetals.com\/wp-content\/uploads\/2023\/12\/NZ9_6326-HDR-Edit-Satin-Coil.jpg\" alt=\"Galvanneal \/ Rev\u00eatement satin\u00e9\" \/>\n\t\t\t\t\t\t\t<div class=\"overlay\"><\/div>\n\t\t\t\t\t\t<\/div>\n                                                ?>\n\t\t\t\t\t\t\n\t\t\t\t\t\t<p class=\"h2 image-text \">Galvanneal \/ Rev\u00eatement satin\u00e9<\/p>\n\t\t\t\t\t\t\t\t\t\t\t\t\t<div class=\"learn-more-link-container\">\n\t\t\t\t\t\t\t\t<p class=\"learn-more-link fancy-link\">\n\t\t\t\t\t\t\t\t\tVoir les Produits\t\t\t\t\t\t\t\t<\/p>\n\t\t\t\t\t\t\t<\/div>\n\t\t\t\t\t\t\t\t\t\t\t\t\t\t\t\t\t\t\t\t<div class=\"category-icon-container\">\n\t\t\t\t\t\t\t\t<span class=\"category\">Feuilles d\u2019acier au Carbone<\/span>\n\t\t\t\t\t\t\t<\/div>\n\t\t\t\t\t\t\t\n\n\t\t\t\t\t<\/a>\n\t\t\t\t\t\t\t\t<\/div>\n\t\t<\/div>\n\n\t<\/section>\n\n\t\t<section id=\"product-image-links-block_9a50deb1a1736e6bb070fe3040a2e4a1\"\n\t         class=\"image-link-block orange-block product-image-links-block\" >\n\n\t\t\n\t\t\t\t\n\t\t<div class=\"image-row-container container-fluid\">\n\t\t\t<div class=\"images-wrap row\">\n\t\t\t\t\t\t\t\t\t<a href=\"https:\/\/www.delmetals.com\/fr\/product\/plaque-de-grande-dimension\/\" class=\"single-image-link-block has-1-items\">\n\t\t\t\t\t\t<div class=\"background-container\">\n\t\t\t\t\t\t\t<img decoding=\"async\" class=\"box-background\" src=\"https:\/\/www.delmetals.com\/wp-content\/uploads\/2024\/03\/NZ9_7020-HDR-Edit-Discrete-plate.jpg\" alt=\"Plaques de Grandes Dimensions\" \/>\n\t\t\t\t\t\t\t<div class=\"overlay\"><\/div>\n\t\t\t\t\t\t<\/div>\n                                                ?>\n\t\t\t\t\t\t\n\t\t\t\t\t\t<p class=\"h2 image-text \">Plaques de Grandes Dimensions<\/p>\n\t\t\t\t\t\t\t\t\t\t\t\t\t<div class=\"learn-more-link-container\">\n\t\t\t\t\t\t\t\t<p class=\"learn-more-link fancy-link\">\n\t\t\t\t\t\t\t\t\tVoir les Produits\t\t\t\t\t\t\t\t<\/p>\n\t\t\t\t\t\t\t<\/div>\n\t\t\t\t\t\t\t\t\t\t\t\t\t\t\t\t\t\t\t\t<div class=\"category-icon-container\">\n\t\t\t\t\t\t\t\t<span class=\"category\">Feuilles d\u2019acier au Carbone<\/span>\n\t\t\t\t\t\t\t<\/div>\n\t\t\t\t\t\t\t\n\n\t\t\t\t\t<\/a>\n\t\t\t\t\t\t\t\t<\/div>\n\t\t<\/div>\n\n\t<\/section>\n\n\t","protected":false},"excerpt":{"rendered":"","protected":false},"author":2,"featured_media":1490,"parent":0,"menu_order":9,"comment_status":"closed","ping_status":"closed","template":"","meta":{"footnotes":""},"class_list":["post-1192","page","type-page","status-publish","has-post-thumbnail","hentry"],"acf":[],"yoast_head":"<!-- This site is optimized with the Yoast SEO plugin v27.0 - https:\/\/yoast.com\/product\/yoast-seo-wordpress\/ -->\n<title>Feuilles d\u2019acier au Carbone - Del Metals<\/title>\n<meta name=\"description\" content=\"Les feuilles d\u2019acier au carbone sont produites avec la plus haute qualit\u00e9 pour r\u00e9pondre \u00e0 vos exigences. Nos mat\u00e9riaux sont disponibles dans de nombreuses tailles et longueurs. Trouvez le produit adapt\u00e9 \u00e0 vos besoins.\" \/>\n<meta name=\"robots\" content=\"index, follow, max-snippet:-1, max-image-preview:large, max-video-preview:-1\" \/>\n<link rel=\"canonical\" href=\"https:\/\/www.delmetals.com\/carbon-sheet\/\" \/>\n<meta property=\"og:locale\" content=\"fr_FR\" \/>\n<meta property=\"og:type\" content=\"article\" \/>\n<meta property=\"og:title\" content=\"Feuilles d\u2019acier au Carbone - Del Metals\" \/>\n<meta property=\"og:description\" content=\"Les feuilles d\u2019acier au carbone sont produites avec la plus haute qualit\u00e9 pour r\u00e9pondre \u00e0 vos exigences. Nos mat\u00e9riaux sont disponibles dans de nombreuses tailles et longueurs. Trouvez le produit adapt\u00e9 \u00e0 vos besoins.\" \/>\n<meta property=\"og:url\" content=\"https:\/\/www.delmetals.com\/carbon-sheet\/\" \/>\n<meta property=\"og:site_name\" content=\"Del Metals\" \/>\n<meta property=\"article:modified_time\" content=\"2024-05-15T20:30:12+00:00\" \/>\n<meta property=\"og:image\" content=\"https:\/\/www.delmetals.com\/wp-content\/uploads\/2024\/03\/Checker-Plate-Sheet-2.jpg\" \/>\n\t<meta property=\"og:image:width\" content=\"1920\" \/>\n\t<meta property=\"og:image:height\" content=\"911\" \/>\n\t<meta property=\"og:image:type\" content=\"image\/jpeg\" \/>\n<meta name=\"twitter:card\" content=\"summary_large_image\" \/>\n<script type=\"application\/ld+json\" class=\"yoast-schema-graph\">{\"@context\":\"https:\/\/schema.org\",\"@graph\":[{\"@type\":\"WebPage\",\"@id\":\"https:\/\/www.delmetals.com\/carbon-sheet\/\",\"url\":\"https:\/\/www.delmetals.com\/carbon-sheet\/\",\"name\":\"Feuilles d\u2019acier au Carbone - Del Metals\",\"isPartOf\":{\"@id\":\"https:\/\/www.delmetals.com\/#website\"},\"primaryImageOfPage\":{\"@id\":\"https:\/\/www.delmetals.com\/carbon-sheet\/#primaryimage\"},\"image\":{\"@id\":\"https:\/\/www.delmetals.com\/carbon-sheet\/#primaryimage\"},\"thumbnailUrl\":\"https:\/\/www.delmetals.com\/wp-content\/uploads\/2024\/03\/Checker-Plate-Sheet-2.jpg\",\"datePublished\":\"2023-11-23T00:05:05+00:00\",\"dateModified\":\"2024-05-15T20:30:12+00:00\",\"description\":\"Les feuilles d\u2019acier au carbone sont produites avec la plus haute qualit\u00e9 pour r\u00e9pondre \u00e0 vos exigences. Nos mat\u00e9riaux sont disponibles dans de nombreuses tailles et longueurs. Trouvez le produit adapt\u00e9 \u00e0 vos besoins.\",\"breadcrumb\":{\"@id\":\"https:\/\/www.delmetals.com\/carbon-sheet\/#breadcrumb\"},\"inLanguage\":\"fr-FR\",\"potentialAction\":[{\"@type\":\"ReadAction\",\"target\":[\"https:\/\/www.delmetals.com\/carbon-sheet\/\"]}]},{\"@type\":\"ImageObject\",\"inLanguage\":\"fr-FR\",\"@id\":\"https:\/\/www.delmetals.com\/carbon-sheet\/#primaryimage\",\"url\":\"https:\/\/www.delmetals.com\/wp-content\/uploads\/2024\/03\/Checker-Plate-Sheet-2.jpg\",\"contentUrl\":\"https:\/\/www.delmetals.com\/wp-content\/uploads\/2024\/03\/Checker-Plate-Sheet-2.jpg\",\"width\":1920,\"height\":911},{\"@type\":\"BreadcrumbList\",\"@id\":\"https:\/\/www.delmetals.com\/carbon-sheet\/#breadcrumb\",\"itemListElement\":[{\"@type\":\"ListItem\",\"position\":1,\"name\":\"Home\",\"item\":\"https:\/\/www.delmetals.com\/\"},{\"@type\":\"ListItem\",\"position\":2,\"name\":\"Feuilles d\u2019acier au Carbone\"}]},{\"@type\":\"WebSite\",\"@id\":\"https:\/\/www.delmetals.com\/#website\",\"url\":\"https:\/\/www.delmetals.com\/\",\"name\":\"Del Metals\",\"description\":\"\",\"potentialAction\":[{\"@type\":\"SearchAction\",\"target\":{\"@type\":\"EntryPoint\",\"urlTemplate\":\"https:\/\/www.delmetals.com\/?s={search_term_string}\"},\"query-input\":{\"@type\":\"PropertyValueSpecification\",\"valueRequired\":true,\"valueName\":\"search_term_string\"}}],\"inLanguage\":\"fr-FR\"}]}<\/script>\n<!-- \/ Yoast SEO plugin. -->","yoast_head_json":{"title":"Feuilles d\u2019acier au Carbone - Del Metals","description":"Les feuilles d\u2019acier au carbone sont produites avec la plus haute qualit\u00e9 pour r\u00e9pondre \u00e0 vos exigences. Nos mat\u00e9riaux sont disponibles dans de nombreuses tailles et longueurs. Trouvez le produit adapt\u00e9 \u00e0 vos besoins.","robots":{"index":"index","follow":"follow","max-snippet":"max-snippet:-1","max-image-preview":"max-image-preview:large","max-video-preview":"max-video-preview:-1"},"canonical":"https:\/\/www.delmetals.com\/carbon-sheet\/","og_locale":"fr_FR","og_type":"article","og_title":"Feuilles d\u2019acier au Carbone - Del Metals","og_description":"Les feuilles d\u2019acier au carbone sont produites avec la plus haute qualit\u00e9 pour r\u00e9pondre \u00e0 vos exigences. Nos mat\u00e9riaux sont disponibles dans de nombreuses tailles et longueurs. Trouvez le produit adapt\u00e9 \u00e0 vos besoins.","og_url":"https:\/\/www.delmetals.com\/carbon-sheet\/","og_site_name":"Del Metals","article_modified_time":"2024-05-15T20:30:12+00:00","og_image":[{"width":1920,"height":911,"url":"https:\/\/www.delmetals.com\/wp-content\/uploads\/2024\/03\/Checker-Plate-Sheet-2.jpg","type":"image\/jpeg"}],"twitter_card":"summary_large_image","schema":{"@context":"https:\/\/schema.org","@graph":[{"@type":"WebPage","@id":"https:\/\/www.delmetals.com\/carbon-sheet\/","url":"https:\/\/www.delmetals.com\/carbon-sheet\/","name":"Feuilles d\u2019acier au Carbone - Del Metals","isPartOf":{"@id":"https:\/\/www.delmetals.com\/#website"},"primaryImageOfPage":{"@id":"https:\/\/www.delmetals.com\/carbon-sheet\/#primaryimage"},"image":{"@id":"https:\/\/www.delmetals.com\/carbon-sheet\/#primaryimage"},"thumbnailUrl":"https:\/\/www.delmetals.com\/wp-content\/uploads\/2024\/03\/Checker-Plate-Sheet-2.jpg","datePublished":"2023-11-23T00:05:05+00:00","dateModified":"2024-05-15T20:30:12+00:00","description":"Les feuilles d\u2019acier au carbone sont produites avec la plus haute qualit\u00e9 pour r\u00e9pondre \u00e0 vos exigences. Nos mat\u00e9riaux sont disponibles dans de nombreuses tailles et longueurs. Trouvez le produit adapt\u00e9 \u00e0 vos besoins.","breadcrumb":{"@id":"https:\/\/www.delmetals.com\/carbon-sheet\/#breadcrumb"},"inLanguage":"fr-FR","potentialAction":[{"@type":"ReadAction","target":["https:\/\/www.delmetals.com\/carbon-sheet\/"]}]},{"@type":"ImageObject","inLanguage":"fr-FR","@id":"https:\/\/www.delmetals.com\/carbon-sheet\/#primaryimage","url":"https:\/\/www.delmetals.com\/wp-content\/uploads\/2024\/03\/Checker-Plate-Sheet-2.jpg","contentUrl":"https:\/\/www.delmetals.com\/wp-content\/uploads\/2024\/03\/Checker-Plate-Sheet-2.jpg","width":1920,"height":911},{"@type":"BreadcrumbList","@id":"https:\/\/www.delmetals.com\/carbon-sheet\/#breadcrumb","itemListElement":[{"@type":"ListItem","position":1,"name":"Home","item":"https:\/\/www.delmetals.com\/"},{"@type":"ListItem","position":2,"name":"Feuilles d\u2019acier au Carbone"}]},{"@type":"WebSite","@id":"https:\/\/www.delmetals.com\/#website","url":"https:\/\/www.delmetals.com\/","name":"Del Metals","description":"","potentialAction":[{"@type":"SearchAction","target":{"@type":"EntryPoint","urlTemplate":"https:\/\/www.delmetals.com\/?s={search_term_string}"},"query-input":{"@type":"PropertyValueSpecification","valueRequired":true,"valueName":"search_term_string"}}],"inLanguage":"fr-FR"}]}},"_links":{"self":[{"href":"https:\/\/www.delmetals.com\/fr\/wp-json\/wp\/v2\/pages\/1192","targetHints":{"allow":["GET"]}}],"collection":[{"href":"https:\/\/www.delmetals.com\/fr\/wp-json\/wp\/v2\/pages"}],"about":[{"href":"https:\/\/www.delmetals.com\/fr\/wp-json\/wp\/v2\/types\/page"}],"author":[{"embeddable":true,"href":"https:\/\/www.delmetals.com\/fr\/wp-json\/wp\/v2\/users\/2"}],"replies":[{"embeddable":true,"href":"https:\/\/www.delmetals.com\/fr\/wp-json\/wp\/v2\/comments?post=1192"}],"version-history":[{"count":0,"href":"https:\/\/www.delmetals.com\/fr\/wp-json\/wp\/v2\/pages\/1192\/revisions"}],"wp:featuredmedia":[{"embeddable":true,"href":"https:\/\/www.delmetals.com\/fr\/wp-json\/wp\/v2\/media\/1490"}],"wp:attachment":[{"href":"https:\/\/www.delmetals.com\/fr\/wp-json\/wp\/v2\/media?parent=1192"}],"curies":[{"name":"wp","href":"https:\/\/api.w.org\/{rel}","templated":true}]}}