{"id":1191,"date":"2023-12-01T16:16:38","date_gmt":"2023-12-01T20:16:38","guid":{"rendered":"https:\/\/delmetals.wpenginepowered.com\/our-services\/"},"modified":"2024-05-21T13:18:47","modified_gmt":"2024-05-21T17:18:47","slug":"our-services","status":"publish","type":"page","link":"https:\/\/www.delmetals.com\/fr\/our-services\/","title":{"rendered":"Nos Services"},"content":{"rendered":"\r\n<section id=\"centered-content-block_7f1ac6ff2b4617e6cd03a46e81137acd\"\r\n         class=\"orange-block centered-content-block\"\r\n    >\r\n\r\n\r\n    \r\n    <div class=\"container\">\r\n        <div class=\"row\">\r\n            <div class=\"col-12 col-md-10 offset-md-1 col-lg-8 offset-lg-2 content-column\" tabindex=\"0\">\r\n                <div class=\"content-container\">\r\n                                            <h3 style=\"text-align: center;\">Nous investissons dans les derni\u00e8res technologies pour offrir des services de premier plan. D\u00e9couvrez nos services de traitement du m\u00e9tal pour r\u00e9pondre \u00e0 tous vos besoins.<\/h3>\n                <\/div>\r\n            <\/div>\r\n        <\/div>\r\n\r\n\t    \r\n    <\/div>\r\n    \r\n<\/section>\r\n\n\n\t<section id=\"image-link-block_2e7855bed971131ff2c8f02257d43023\"\n\t\t\tclass=\"orange-block image-link-block\" >\n\n\t\t\n\t\t\t\t\n\t\t<div class=\"image-row-container container-fluid\">\n\t\t\t<div class=\"images-wrap row\">\n\t\t\t\t\t\t\t\t\t<a href=\"https:\/\/www.delmetals.com\/fr\/service\/coupe-a-longueur-nivelage-par-etirage\/\" class=\"single-image-link-block has-1-items\">\n\t\t\t\t\t\t<div class=\"background-container\">\n\t\t\t\t\t\t\t<img decoding=\"async\" class=\"box-background\" src=\"https:\/\/www.delmetals.com\/wp-content\/uploads\/2023\/12\/DM_Service_TLL-SAM_0066_Web-1024x576.jpg\" alt=\"Coupe \u00e0 longueur \/ Nivelage par tension pour faible \u00e9paisseur\"\/>\n\t\t\t\t\t\t\t<div class=\"overlay\"><\/div>\n\t\t\t\t\t\t<\/div>\n\t\t\t\t\t\t\t\t\t\t\t\t<p class=\"h2 image-text very-short\">Coupe \u00e0 longueur \/ Nivelage par tension pour faible \u00e9paisseur<\/p>\n\t\t\t\t\t\t\t\t\t\t\t\t\t<div class=\"learn-more-link-container\">\n\t\t\t\t\t\t\t\t<p class=\"learn-more-link fancy-link\">\n\t\t\t\t\t\t\t\t\tVoir le service\t\t\t\t\t\t\t\t<\/p>\n\t\t\t\t\t\t\t<\/div>\n\t\t\t\t\t\t\t\n\t\t\t\t\t<\/a>\n\t\t\t\t\t\t\t\t<\/div>\n\t\t<\/div>\n\n\t<\/section>\n\n\t\n\n\t<section id=\"image-link-block_d31039f7d15c6205954d7ffde058ceec\"\n\t\t\tclass=\"orange-block image-link-block\" >\n\n\t\t\n\t\t\t\t\n\t\t<div class=\"image-row-container container-fluid\">\n\t\t\t<div class=\"images-wrap row\">\n\t\t\t\t\t\t\t\t\t<a href=\"https:\/\/www.delmetals.com\/fr\/service\/coupe-en-longueur-nivelage-par-tension\/\" class=\"single-image-link-block has-2-items\">\n\t\t\t\t\t\t<div class=\"background-container\">\n\t\t\t\t\t\t\t<img decoding=\"async\" class=\"box-background\" src=\"https:\/\/www.delmetals.com\/wp-content\/uploads\/2023\/12\/DM_Service_CTL-DSC_0080_Web-1024x576.jpg\" alt=\"Coupe \u00e0 longueur \/ Nivelage par \u00e9tirement\"\/>\n\t\t\t\t\t\t\t<div class=\"overlay\"><\/div>\n\t\t\t\t\t\t<\/div>\n\t\t\t\t\t\t\t\t\t\t\t\t<p class=\"h2 image-text short\">Coupe \u00e0 longueur \/ Nivelage par \u00e9tirement<\/p>\n\t\t\t\t\t\t\t\t\t\t\t\t\t<div class=\"learn-more-link-container\">\n\t\t\t\t\t\t\t\t<p class=\"learn-more-link fancy-link\">\n\t\t\t\t\t\t\t\t\tVoir le service\t\t\t\t\t\t\t\t<\/p>\n\t\t\t\t\t\t\t<\/div>\n\t\t\t\t\t\t\t\n\t\t\t\t\t<\/a>\n\t\t\t\t\t\t\t\t\t\t<a href=\"https:\/\/www.delmetals.com\/fr\/service\/cut-to-length-ligne-multi-coupe-et-refente\/\" class=\"single-image-link-block has-2-items\">\n\t\t\t\t\t\t<div class=\"background-container\">\n\t\t\t\t\t\t\t<img decoding=\"async\" class=\"box-background\" src=\"https:\/\/www.delmetals.com\/wp-content\/uploads\/2023\/12\/DM_Service_MBL-Picture3_Web-1024x576.jpg\" alt=\"Coupe \u00e0 longueur \/ Ligne multi-coupe et refente\"\/>\n\t\t\t\t\t\t\t<div class=\"overlay\"><\/div>\n\t\t\t\t\t\t<\/div>\n\t\t\t\t\t\t\t\t\t\t\t\t<p class=\"h2 image-text short\">Coupe \u00e0 longueur \/ Ligne multi-coupe et refente<\/p>\n\t\t\t\t\t\t\t\t\t\t\t\t\t<div class=\"learn-more-link-container\">\n\t\t\t\t\t\t\t\t<p class=\"learn-more-link fancy-link\">\n\t\t\t\t\t\t\t\t\tVoir le service\t\t\t\t\t\t\t\t<\/p>\n\t\t\t\t\t\t\t<\/div>\n\t\t\t\t\t\t\t\n\t\t\t\t\t<\/a>\n\t\t\t\t\t\t\t\t<\/div>\n\t\t<\/div>\n\n\t<\/section>\n\n\t\n\n\t<section id=\"image-link-block_cea5ca9b5623156c09299aeb9e2b589e\"\n\t\t\tclass=\"orange-block image-link-block\" >\n\n\t\t\n\t\t\t\t\n\t\t<div class=\"image-row-container container-fluid\">\n\t\t\t<div class=\"images-wrap row\">\n\t\t\t\t\t\t\t\t\t<a href=\"https:\/\/www.delmetals.com\/fr\/service\/cisaillage\/\" class=\"single-image-link-block has-2-items\">\n\t\t\t\t\t\t<div class=\"background-container\">\n\t\t\t\t\t\t\t<img decoding=\"async\" class=\"box-background\" src=\"https:\/\/www.delmetals.com\/wp-content\/uploads\/2023\/12\/DM_Service_Shearing_Picture2_Web-1024x576.jpg\" alt=\"Cisaillage\"\/>\n\t\t\t\t\t\t\t<div class=\"overlay\"><\/div>\n\t\t\t\t\t\t<\/div>\n\t\t\t\t\t\t\t\t\t\t\t\t<p class=\"h2 image-text \">Cisaillage<\/p>\n\t\t\t\t\t\t\t\t\t\t\t\t\t<div class=\"learn-more-link-container\">\n\t\t\t\t\t\t\t\t<p class=\"learn-more-link fancy-link\">\n\t\t\t\t\t\t\t\t\tVoir le service\t\t\t\t\t\t\t\t<\/p>\n\t\t\t\t\t\t\t<\/div>\n\t\t\t\t\t\t\t\n\t\t\t\t\t<\/a>\n\t\t\t\t\t\t\t\t\t\t<a href=\"https:\/\/www.delmetals.com\/fr\/service\/rainurage\/\" class=\"single-image-link-block has-2-items\">\n\t\t\t\t\t\t<div class=\"background-container\">\n\t\t\t\t\t\t\t<img decoding=\"async\" class=\"box-background\" src=\"https:\/\/www.delmetals.com\/wp-content\/uploads\/2023\/12\/DM_Service_RG-untitled-22-of-36-Edit_Web-1024x683.jpg\" alt=\"Rainurage de tuyaux\"\/>\n\t\t\t\t\t\t\t<div class=\"overlay\"><\/div>\n\t\t\t\t\t\t<\/div>\n\t\t\t\t\t\t\t\t\t\t\t\t<p class=\"h2 image-text \">Rainurage de tuyaux<\/p>\n\t\t\t\t\t\t\t\t\t\t\t\t\t<div class=\"learn-more-link-container\">\n\t\t\t\t\t\t\t\t<p class=\"learn-more-link fancy-link\">\n\t\t\t\t\t\t\t\t\tVoir le service\t\t\t\t\t\t\t\t<\/p>\n\t\t\t\t\t\t\t<\/div>\n\t\t\t\t\t\t\t\n\t\t\t\t\t<\/a>\n\t\t\t\t\t\t\t\t<\/div>\n\t\t<\/div>\n\n\t<\/section>\n\n\t\n\n\t<section id=\"image-link-block_bf8899eee2f5d8a82897edd620060019\"\n\t\t\tclass=\"orange-block image-link-block\" >\n\n\t\t\n\t\t\t\t\n\t\t<div class=\"image-row-container container-fluid\">\n\t\t\t<div class=\"images-wrap row\">\n\t\t\t\t\t\t\t\t\t<a href=\"https:\/\/www.delmetals.com\/fr\/service\/filetage\/\" class=\"single-image-link-block has-2-items\">\n\t\t\t\t\t\t<div class=\"background-container\">\n\t\t\t\t\t\t\t<img decoding=\"async\" class=\"box-background\" src=\"https:\/\/www.delmetals.com\/wp-content\/uploads\/2023\/12\/DM_Serivce_Threading-untitled-34-of-36-Edit_Web-1024x682.jpg\" alt=\"Filetage\"\/>\n\t\t\t\t\t\t\t<div class=\"overlay\"><\/div>\n\t\t\t\t\t\t<\/div>\n\t\t\t\t\t\t\t\t\t\t\t\t<p class=\"h2 image-text \">Filetage<\/p>\n\t\t\t\t\t\t\t\t\t\t\t\t\t<div class=\"learn-more-link-container\">\n\t\t\t\t\t\t\t\t<p class=\"learn-more-link fancy-link\">\n\t\t\t\t\t\t\t\t\tVoir le service\t\t\t\t\t\t\t\t<\/p>\n\t\t\t\t\t\t\t<\/div>\n\t\t\t\t\t\t\t\n\t\t\t\t\t<\/a>\n\t\t\t\t\t\t\t\t\t\t<a href=\"https:\/\/www.delmetals.com\/fr\/service\/sciage\/\" class=\"single-image-link-block has-2-items\">\n\t\t\t\t\t\t<div class=\"background-container\">\n\t\t\t\t\t\t\t<img decoding=\"async\" class=\"box-background\" src=\"https:\/\/www.delmetals.com\/wp-content\/uploads\/2023\/12\/DM_Service_Sawing-Picture1-Flip_Web-1024x576.jpg\" alt=\"Sciage\"\/>\n\t\t\t\t\t\t\t<div class=\"overlay\"><\/div>\n\t\t\t\t\t\t<\/div>\n\t\t\t\t\t\t\t\t\t\t\t\t<p class=\"h2 image-text \">Sciage<\/p>\n\t\t\t\t\t\t\t\t\t\t\t\t\t<div class=\"learn-more-link-container\">\n\t\t\t\t\t\t\t\t<p class=\"learn-more-link fancy-link\">\n\t\t\t\t\t\t\t\t\tVoir le service\t\t\t\t\t\t\t\t<\/p>\n\t\t\t\t\t\t\t<\/div>\n\t\t\t\t\t\t\t\n\t\t\t\t\t<\/a>\n\t\t\t\t\t\t\t\t<\/div>\n\t\t<\/div>\n\n\t<\/section>\n\n\t","protected":false},"excerpt":{"rendered":"<p>Du m\u00e9tal qui r\u00e9pond \u00e0 vos besoins. Nous proposons une des coupes de pr\u00e9cision et des traitements pour r\u00e9pondre \u00e0 vos sp\u00e9cifications exactes.<\/p>\n","protected":false},"author":2,"featured_media":1394,"parent":0,"menu_order":26,"comment_status":"closed","ping_status":"closed","template":"","meta":{"footnotes":""},"class_list":["post-1191","page","type-page","status-publish","has-post-thumbnail","hentry"],"acf":[],"yoast_head":"<!-- This site is optimized with the Yoast SEO plugin v27.0 - https:\/\/yoast.com\/product\/yoast-seo-wordpress\/ -->\n<title>Nos Services - Del Metals<\/title>\n<meta name=\"description\" content=\"Du m\u00e9tal qui r\u00e9pond \u00e0 vos besoins. Nous proposons une des coupes de pr\u00e9cision et des traitements pour r\u00e9pondre \u00e0 vos sp\u00e9cifications exactes.\" \/>\n<meta name=\"robots\" content=\"index, follow, max-snippet:-1, max-image-preview:large, max-video-preview:-1\" \/>\n<link rel=\"canonical\" href=\"https:\/\/www.delmetals.com\/fr\/our-services\/\" \/>\n<meta property=\"og:locale\" content=\"fr_FR\" \/>\n<meta property=\"og:type\" content=\"article\" \/>\n<meta property=\"og:title\" content=\"Nos Services - Del Metals\" \/>\n<meta property=\"og:description\" content=\"Du m\u00e9tal qui r\u00e9pond \u00e0 vos besoins. Nous proposons une des coupes de pr\u00e9cision et des traitements pour r\u00e9pondre \u00e0 vos sp\u00e9cifications exactes.\" \/>\n<meta property=\"og:url\" content=\"https:\/\/www.delmetals.com\/fr\/our-services\/\" \/>\n<meta property=\"og:site_name\" content=\"Del Metals\" \/>\n<meta property=\"article:modified_time\" content=\"2024-05-21T17:18:47+00:00\" \/>\n<meta property=\"og:image\" content=\"https:\/\/www.delmetals.com\/wp-content\/uploads\/2023\/12\/DM_Service_Threading_Gallery-untitled-5-of-36-black-sch-40-threadr-pipe-2_Web.jpg\" \/>\n\t<meta property=\"og:image:width\" content=\"2560\" \/>\n\t<meta property=\"og:image:height\" content=\"1675\" \/>\n\t<meta property=\"og:image:type\" content=\"image\/jpeg\" \/>\n<meta name=\"twitter:card\" content=\"summary_large_image\" \/>\n<meta name=\"twitter:label1\" content=\"Dur\u00e9e de lecture estim\u00e9e\" \/>\n\t<meta name=\"twitter:data1\" content=\"1 minute\" \/>\n<script type=\"application\/ld+json\" class=\"yoast-schema-graph\">{\"@context\":\"https:\/\/schema.org\",\"@graph\":[{\"@type\":\"WebPage\",\"@id\":\"https:\/\/www.delmetals.com\/fr\/our-services\/\",\"url\":\"https:\/\/www.delmetals.com\/fr\/our-services\/\",\"name\":\"Nos Services - Del Metals\",\"isPartOf\":{\"@id\":\"https:\/\/www.delmetals.com\/#website\"},\"primaryImageOfPage\":{\"@id\":\"https:\/\/www.delmetals.com\/fr\/our-services\/#primaryimage\"},\"image\":{\"@id\":\"https:\/\/www.delmetals.com\/fr\/our-services\/#primaryimage\"},\"thumbnailUrl\":\"https:\/\/www.delmetals.com\/wp-content\/uploads\/2023\/12\/DM_Service_Threading_Gallery-untitled-5-of-36-black-sch-40-threadr-pipe-2_Web.jpg\",\"datePublished\":\"2023-12-01T20:16:38+00:00\",\"dateModified\":\"2024-05-21T17:18:47+00:00\",\"description\":\"Du m\u00e9tal qui r\u00e9pond \u00e0 vos besoins. Nous proposons une des coupes de pr\u00e9cision et des traitements pour r\u00e9pondre \u00e0 vos sp\u00e9cifications exactes.\",\"breadcrumb\":{\"@id\":\"https:\/\/www.delmetals.com\/fr\/our-services\/#breadcrumb\"},\"inLanguage\":\"fr-FR\",\"potentialAction\":[{\"@type\":\"ReadAction\",\"target\":[\"https:\/\/www.delmetals.com\/fr\/our-services\/\"]}]},{\"@type\":\"ImageObject\",\"inLanguage\":\"fr-FR\",\"@id\":\"https:\/\/www.delmetals.com\/fr\/our-services\/#primaryimage\",\"url\":\"https:\/\/www.delmetals.com\/wp-content\/uploads\/2023\/12\/DM_Service_Threading_Gallery-untitled-5-of-36-black-sch-40-threadr-pipe-2_Web.jpg\",\"contentUrl\":\"https:\/\/www.delmetals.com\/wp-content\/uploads\/2023\/12\/DM_Service_Threading_Gallery-untitled-5-of-36-black-sch-40-threadr-pipe-2_Web.jpg\",\"width\":2560,\"height\":1675},{\"@type\":\"BreadcrumbList\",\"@id\":\"https:\/\/www.delmetals.com\/fr\/our-services\/#breadcrumb\",\"itemListElement\":[{\"@type\":\"ListItem\",\"position\":1,\"name\":\"Home\",\"item\":\"https:\/\/www.delmetals.com\/\"},{\"@type\":\"ListItem\",\"position\":2,\"name\":\"Nos Services\"}]},{\"@type\":\"WebSite\",\"@id\":\"https:\/\/www.delmetals.com\/#website\",\"url\":\"https:\/\/www.delmetals.com\/\",\"name\":\"Del Metals\",\"description\":\"\",\"potentialAction\":[{\"@type\":\"SearchAction\",\"target\":{\"@type\":\"EntryPoint\",\"urlTemplate\":\"https:\/\/www.delmetals.com\/?s={search_term_string}\"},\"query-input\":{\"@type\":\"PropertyValueSpecification\",\"valueRequired\":true,\"valueName\":\"search_term_string\"}}],\"inLanguage\":\"fr-FR\"}]}<\/script>\n<!-- \/ Yoast SEO plugin. -->","yoast_head_json":{"title":"Nos Services - Del Metals","description":"Du m\u00e9tal qui r\u00e9pond \u00e0 vos besoins. Nous proposons une des coupes de pr\u00e9cision et des traitements pour r\u00e9pondre \u00e0 vos sp\u00e9cifications exactes.","robots":{"index":"index","follow":"follow","max-snippet":"max-snippet:-1","max-image-preview":"max-image-preview:large","max-video-preview":"max-video-preview:-1"},"canonical":"https:\/\/www.delmetals.com\/fr\/our-services\/","og_locale":"fr_FR","og_type":"article","og_title":"Nos Services - Del Metals","og_description":"Du m\u00e9tal qui r\u00e9pond \u00e0 vos besoins. Nous proposons une des coupes de pr\u00e9cision et des traitements pour r\u00e9pondre \u00e0 vos sp\u00e9cifications exactes.","og_url":"https:\/\/www.delmetals.com\/fr\/our-services\/","og_site_name":"Del Metals","article_modified_time":"2024-05-21T17:18:47+00:00","og_image":[{"width":2560,"height":1675,"url":"https:\/\/www.delmetals.com\/wp-content\/uploads\/2023\/12\/DM_Service_Threading_Gallery-untitled-5-of-36-black-sch-40-threadr-pipe-2_Web.jpg","type":"image\/jpeg"}],"twitter_card":"summary_large_image","twitter_misc":{"Dur\u00e9e de lecture estim\u00e9e":"1 minute"},"schema":{"@context":"https:\/\/schema.org","@graph":[{"@type":"WebPage","@id":"https:\/\/www.delmetals.com\/fr\/our-services\/","url":"https:\/\/www.delmetals.com\/fr\/our-services\/","name":"Nos Services - Del Metals","isPartOf":{"@id":"https:\/\/www.delmetals.com\/#website"},"primaryImageOfPage":{"@id":"https:\/\/www.delmetals.com\/fr\/our-services\/#primaryimage"},"image":{"@id":"https:\/\/www.delmetals.com\/fr\/our-services\/#primaryimage"},"thumbnailUrl":"https:\/\/www.delmetals.com\/wp-content\/uploads\/2023\/12\/DM_Service_Threading_Gallery-untitled-5-of-36-black-sch-40-threadr-pipe-2_Web.jpg","datePublished":"2023-12-01T20:16:38+00:00","dateModified":"2024-05-21T17:18:47+00:00","description":"Du m\u00e9tal qui r\u00e9pond \u00e0 vos besoins. Nous proposons une des coupes de pr\u00e9cision et des traitements pour r\u00e9pondre \u00e0 vos sp\u00e9cifications exactes.","breadcrumb":{"@id":"https:\/\/www.delmetals.com\/fr\/our-services\/#breadcrumb"},"inLanguage":"fr-FR","potentialAction":[{"@type":"ReadAction","target":["https:\/\/www.delmetals.com\/fr\/our-services\/"]}]},{"@type":"ImageObject","inLanguage":"fr-FR","@id":"https:\/\/www.delmetals.com\/fr\/our-services\/#primaryimage","url":"https:\/\/www.delmetals.com\/wp-content\/uploads\/2023\/12\/DM_Service_Threading_Gallery-untitled-5-of-36-black-sch-40-threadr-pipe-2_Web.jpg","contentUrl":"https:\/\/www.delmetals.com\/wp-content\/uploads\/2023\/12\/DM_Service_Threading_Gallery-untitled-5-of-36-black-sch-40-threadr-pipe-2_Web.jpg","width":2560,"height":1675},{"@type":"BreadcrumbList","@id":"https:\/\/www.delmetals.com\/fr\/our-services\/#breadcrumb","itemListElement":[{"@type":"ListItem","position":1,"name":"Home","item":"https:\/\/www.delmetals.com\/"},{"@type":"ListItem","position":2,"name":"Nos Services"}]},{"@type":"WebSite","@id":"https:\/\/www.delmetals.com\/#website","url":"https:\/\/www.delmetals.com\/","name":"Del Metals","description":"","potentialAction":[{"@type":"SearchAction","target":{"@type":"EntryPoint","urlTemplate":"https:\/\/www.delmetals.com\/?s={search_term_string}"},"query-input":{"@type":"PropertyValueSpecification","valueRequired":true,"valueName":"search_term_string"}}],"inLanguage":"fr-FR"}]}},"_links":{"self":[{"href":"https:\/\/www.delmetals.com\/fr\/wp-json\/wp\/v2\/pages\/1191","targetHints":{"allow":["GET"]}}],"collection":[{"href":"https:\/\/www.delmetals.com\/fr\/wp-json\/wp\/v2\/pages"}],"about":[{"href":"https:\/\/www.delmetals.com\/fr\/wp-json\/wp\/v2\/types\/page"}],"author":[{"embeddable":true,"href":"https:\/\/www.delmetals.com\/fr\/wp-json\/wp\/v2\/users\/2"}],"replies":[{"embeddable":true,"href":"https:\/\/www.delmetals.com\/fr\/wp-json\/wp\/v2\/comments?post=1191"}],"version-history":[{"count":0,"href":"https:\/\/www.delmetals.com\/fr\/wp-json\/wp\/v2\/pages\/1191\/revisions"}],"wp:featuredmedia":[{"embeddable":true,"href":"https:\/\/www.delmetals.com\/fr\/wp-json\/wp\/v2\/media\/1394"}],"wp:attachment":[{"href":"https:\/\/www.delmetals.com\/fr\/wp-json\/wp\/v2\/media?parent=1191"}],"curies":[{"name":"wp","href":"https:\/\/api.w.org\/{rel}","templated":true}]}}