{"id":1187,"date":"2023-12-14T18:36:57","date_gmt":"2023-12-14T18:36:57","guid":{"rendered":"https:\/\/delmetals.wpenginepowered.com\/contact\/"},"modified":"2024-05-15T20:33:11","modified_gmt":"2024-05-15T20:33:11","slug":"contact","status":"publish","type":"page","link":"https:\/\/www.delmetals.com\/fr\/contact\/","title":{"rendered":"Contactez-nous"},"content":{"rendered":"\n\t\t\n\t\t<section id=\"icon-columns-block_ca7d7b9c23e5c4a3a57454681eab0d4f\"\n                 class=\"orange-block icon-columns-block column-layout-horizontal\" >\n            <h2 class=\"screen-reader-text\">Content Columns<\/h2>\n\n\t\t\n\t\t\t<!-- Block title -->\n\t\t\t\t\t\t\t\t<div class=\"container\">\n\t\t\t\t\t\t<div class=\"row\">\n\t\t\t\t\t\t\t<div class=\"col block-title-wrap\">\n\t\t\t\t\t\t\t\t\t\t\t\t\t\t\t\t<h2 class=\"h2 block-title\">Comment pouvons-nous vous aider ?<\/h2>\n\t\t\t\t\t\t\t\t\t\t\t\t\t\t\t\t\t\t\t\t\t\t<\/div>\n\t\t\t\t\t\t<\/div>\n\t\t\t\t\t<\/div>\n\t\t\t\t\t\n\t\t\t<div class=\"container\">\n\n\t\t\t\t<!-- Icon columns -->\n\t\t\t\n\t\t\t\t<ul class=\"row icon-columns-row column-count-3\">\n\n\t\t\t\t\n\t\t\t\t\t\t\t<li class=\"icon-column col\n\t\t\t\t\tno-image\t\t\t\t\tleft\t\t\t\t\t-col\">\n\n\t\t\t\t\t\t\t\t<div class=\"card icon-column-card\">\n\n\t\t\t\t\t\t\t\t\t<!-- Icon or Image -->\n\t\t\t\t\t\t\t\n\t\t\t\t\t\t\t\t\t<div class=\"card-body\">\n\n\t\t\t\t\t\t\t\t\t\t<!-- Title -->\n\t\t\t\t\t\t\t\t\t\t\t\t\t\t\t\t\t\t\t<h3 class=\"h3 card-title\">\u00c9quipe commerciale:<\/h3>\n\t\t\t\t\t\t\t\t\t\t\n\t\t\t\t\t\t\t\t\t\t<!-- Desc -->\n\t\t\t\t\t\t\t\t<h3><\/h3>\n<p>Tel: <a href=\"tel:9055951222\">514.639.1440<\/a><\/p>\n<p>Toll: <a href=\"tel:8006615298\">866.224.2297<\/a><\/p>\n<p>Email: <a href=\"mailto:sales@delmetals.com\">mtlsales@delmetal.ca<\/a><\/p>\n\n\t\t\t\t\t\t\t\t\t\t<!-- Link -->\n\t\t\t\t\t\t\t\t\n\t\t\t\t\t\t\t\t\t<\/div>\n\n\t\t\t\t\t\t\t\t<\/div>\n\n\t\t\t\t\t\t\t<\/li>\n\n\t\t\t\t\t\t\n\t\t\t\t\t\t\t<li class=\"icon-column col\n\t\t\t\t\tno-image\t\t\t\t\tleft\t\t\t\t\t-col\">\n\n\t\t\t\t\t\t\t\t<div class=\"card icon-column-card\">\n\n\t\t\t\t\t\t\t\t\t<!-- Icon or Image -->\n\t\t\t\t\t\t\t\n\t\t\t\t\t\t\t\t\t<div class=\"card-body\">\n\n\t\t\t\t\t\t\t\t\t\t<!-- Title -->\n\t\t\t\t\t\t\t\t\t\t\t\t\t\t\t\t\t\t\t<h3 class=\"h3 card-title\">Notre \u00e9quipe administrative:<\/h3>\n\t\t\t\t\t\t\t\t\t\t\n\t\t\t\t\t\t\t\t\t\t<!-- Desc -->\n\t\t\t\t\t\t\t\t<p>Tel: <a href=\"tel:9055951444\">514.639.9155<\/a><\/p>\n<p>Email: <a href=\"mailto:info@delmetals.com\">mtladmin@delmetal.ca <\/a><\/p>\n\n\t\t\t\t\t\t\t\t\t\t<!-- Link -->\n\t\t\t\t\t\t\t\t\n\t\t\t\t\t\t\t\t\t<\/div>\n\n\t\t\t\t\t\t\t\t<\/div>\n\n\t\t\t\t\t\t\t<\/li>\n\n\t\t\t\t\t\t\n\t\t\t\t\t\t\t<li class=\"icon-column col\n\t\t\t\t\tno-image\t\t\t\t\tleft\t\t\t\t\t-col\">\n\n\t\t\t\t\t\t\t\t<div class=\"card icon-column-card\">\n\n\t\t\t\t\t\t\t\t\t<!-- Icon or Image -->\n\t\t\t\t\t\t\t\n\t\t\t\t\t\t\t\t\t<div class=\"card-body\">\n\n\t\t\t\t\t\t\t\t\t\t<!-- Title -->\n\t\t\t\t\t\t\t\t\t\t\t\t\t\t\t\t\t\t\t<h3 class=\"h3 card-title\">Adresse:<\/h3>\n\t\t\t\t\t\t\t\t\t\t\n\t\t\t\t\t\t\t\t\t\t<!-- Desc -->\n\t\t\t\t\t\t\t\t<p><a href=\"https:\/\/maps.app.goo.gl\/RjQwJFxbRvx6pDKh7\" target=\"_blank\" rel=\"noopener\">125c Bould St. Jospeh<\/a><br \/>\nLachine, Quebec<br \/>\nH85 2K9<\/p>\n\n\t\t\t\t\t\t\t\t\t\t<!-- Link -->\n\t\t\t\t\t\t\t\t\n\t\t\t\t\t\t\t\t\t<\/div>\n\n\t\t\t\t\t\t\t\t<\/div>\n\n\t\t\t\t\t\t\t<\/li>\n\n\t\t\t\t\t\t\n\t\t\t\t<\/ul>\n\n\t\t\t\t\n\t\t\t<\/div>\n\t\t<\/section>\n\n\t\r\n<section id=\"image-text-block_d38e98648e4ac64523697141bfa23d96\" class=\"orange-block image-text-block has-bg-color-image bg-color-light\" >\r\n\r\n    \r\n    <!-- Block title -->\r\n    \r\n    <div class=\"container image-text-block-container\">\r\n\r\n        \r\n                <div class=\"row image-text-row image-left\">\r\n\r\n                    <div class=\"col-12 col-lg-6 image-col\">\r\n                        <div class=\"image-container\">\r\n                            <div class=\"image\" style=\"background-image: url('https:\/\/www.delmetals.com\/wp-content\/uploads\/2024\/03\/CareersPage_CTA_Image.png');\"><\/div>\r\n                        <\/div>\r\n                    <\/div>\r\n\r\n                    <div class=\"col-12 col-lg-6 content-col\">\r\n                        <div class=\"content-container\">\r\n\r\n                            <h2>Rejoignez notre \u00e9quipe !<\/h2>\n<h4>B\u00e2tissez votre carri\u00e8re chez Del Metals.<\/h4>\n<p>Nous croyons que la technologie am\u00e9liore nos capacit\u00e9s, mais ce sont les personnes qui utilisent les technologies et rendent le succ\u00e8s possible.<\/p>\n\r\n                            <div class=\"button-container\">\r\n                                \r\n                                            <a class=\"content-link\" href=\"https:\/\/delmetals.com\/fr\/careers\/\" target=\"_self\">Voir les offres d&#039;emploi<\/a>\r\n                                                                    <\/div>\r\n\r\n                        <\/div>\r\n                    <\/div>\r\n                <\/div>\r\n\r\n            \r\n        \r\n    <\/div>\r\n<\/section>","protected":false},"excerpt":{"rendered":"","protected":false},"author":2,"featured_media":1446,"parent":0,"menu_order":15,"comment_status":"closed","ping_status":"closed","template":"","meta":{"footnotes":""},"class_list":["post-1187","page","type-page","status-publish","has-post-thumbnail","hentry"],"acf":[],"yoast_head":"<!-- This site is optimized with the Yoast SEO plugin v27.0 - https:\/\/yoast.com\/product\/yoast-seo-wordpress\/ -->\n<title>Contactez-nous - Del Metals<\/title>\n<meta name=\"description\" content=\"Contactez-nous pour discuter de vos besoins. Nous avons les connaissances de l&#039;industrie pour vous aider \u00e0 trouver le produit ou le service qui convient \u00e0 votre application.\" \/>\n<meta name=\"robots\" content=\"index, follow, max-snippet:-1, max-image-preview:large, max-video-preview:-1\" \/>\n<link rel=\"canonical\" href=\"https:\/\/www.delmetals.com\/contact\/\" \/>\n<meta property=\"og:locale\" content=\"fr_FR\" \/>\n<meta property=\"og:type\" content=\"article\" \/>\n<meta property=\"og:title\" content=\"Contactez-nous - Del Metals\" \/>\n<meta property=\"og:description\" content=\"Contactez-nous pour discuter de vos besoins. Nous avons les connaissances de l&#039;industrie pour vous aider \u00e0 trouver le produit ou le service qui convient \u00e0 votre application.\" \/>\n<meta property=\"og:url\" content=\"https:\/\/www.delmetals.com\/contact\/\" \/>\n<meta property=\"og:site_name\" content=\"Del Metals\" \/>\n<meta property=\"article:modified_time\" content=\"2024-05-15T20:33:11+00:00\" \/>\n<meta property=\"og:image\" content=\"https:\/\/www.delmetals.com\/wp-content\/uploads\/2024\/03\/Checker-Plate-Coil.jpg\" \/>\n\t<meta property=\"og:image:width\" content=\"1920\" \/>\n\t<meta property=\"og:image:height\" content=\"1192\" \/>\n\t<meta property=\"og:image:type\" content=\"image\/jpeg\" \/>\n<meta name=\"twitter:card\" content=\"summary_large_image\" \/>\n<script type=\"application\/ld+json\" class=\"yoast-schema-graph\">{\"@context\":\"https:\/\/schema.org\",\"@graph\":[{\"@type\":\"WebPage\",\"@id\":\"https:\/\/www.delmetals.com\/contact\/\",\"url\":\"https:\/\/www.delmetals.com\/contact\/\",\"name\":\"Contactez-nous - Del Metals\",\"isPartOf\":{\"@id\":\"https:\/\/www.delmetals.com\/#website\"},\"primaryImageOfPage\":{\"@id\":\"https:\/\/www.delmetals.com\/contact\/#primaryimage\"},\"image\":{\"@id\":\"https:\/\/www.delmetals.com\/contact\/#primaryimage\"},\"thumbnailUrl\":\"https:\/\/www.delmetals.com\/wp-content\/uploads\/2024\/03\/Checker-Plate-Coil.jpg\",\"datePublished\":\"2023-12-14T18:36:57+00:00\",\"dateModified\":\"2024-05-15T20:33:11+00:00\",\"description\":\"Contactez-nous pour discuter de vos besoins. Nous avons les connaissances de l'industrie pour vous aider \u00e0 trouver le produit ou le service qui convient \u00e0 votre application.\",\"breadcrumb\":{\"@id\":\"https:\/\/www.delmetals.com\/contact\/#breadcrumb\"},\"inLanguage\":\"fr-FR\",\"potentialAction\":[{\"@type\":\"ReadAction\",\"target\":[\"https:\/\/www.delmetals.com\/contact\/\"]}]},{\"@type\":\"ImageObject\",\"inLanguage\":\"fr-FR\",\"@id\":\"https:\/\/www.delmetals.com\/contact\/#primaryimage\",\"url\":\"https:\/\/www.delmetals.com\/wp-content\/uploads\/2024\/03\/Checker-Plate-Coil.jpg\",\"contentUrl\":\"https:\/\/www.delmetals.com\/wp-content\/uploads\/2024\/03\/Checker-Plate-Coil.jpg\",\"width\":1920,\"height\":1192},{\"@type\":\"BreadcrumbList\",\"@id\":\"https:\/\/www.delmetals.com\/contact\/#breadcrumb\",\"itemListElement\":[{\"@type\":\"ListItem\",\"position\":1,\"name\":\"Home\",\"item\":\"https:\/\/www.delmetals.com\/\"},{\"@type\":\"ListItem\",\"position\":2,\"name\":\"Contactez-nous\"}]},{\"@type\":\"WebSite\",\"@id\":\"https:\/\/www.delmetals.com\/#website\",\"url\":\"https:\/\/www.delmetals.com\/\",\"name\":\"Del Metals\",\"description\":\"\",\"potentialAction\":[{\"@type\":\"SearchAction\",\"target\":{\"@type\":\"EntryPoint\",\"urlTemplate\":\"https:\/\/www.delmetals.com\/?s={search_term_string}\"},\"query-input\":{\"@type\":\"PropertyValueSpecification\",\"valueRequired\":true,\"valueName\":\"search_term_string\"}}],\"inLanguage\":\"fr-FR\"}]}<\/script>\n<!-- \/ Yoast SEO plugin. -->","yoast_head_json":{"title":"Contactez-nous - Del Metals","description":"Contactez-nous pour discuter de vos besoins. Nous avons les connaissances de l'industrie pour vous aider \u00e0 trouver le produit ou le service qui convient \u00e0 votre application.","robots":{"index":"index","follow":"follow","max-snippet":"max-snippet:-1","max-image-preview":"max-image-preview:large","max-video-preview":"max-video-preview:-1"},"canonical":"https:\/\/www.delmetals.com\/contact\/","og_locale":"fr_FR","og_type":"article","og_title":"Contactez-nous - Del Metals","og_description":"Contactez-nous pour discuter de vos besoins. Nous avons les connaissances de l'industrie pour vous aider \u00e0 trouver le produit ou le service qui convient \u00e0 votre application.","og_url":"https:\/\/www.delmetals.com\/contact\/","og_site_name":"Del Metals","article_modified_time":"2024-05-15T20:33:11+00:00","og_image":[{"width":1920,"height":1192,"url":"https:\/\/www.delmetals.com\/wp-content\/uploads\/2024\/03\/Checker-Plate-Coil.jpg","type":"image\/jpeg"}],"twitter_card":"summary_large_image","schema":{"@context":"https:\/\/schema.org","@graph":[{"@type":"WebPage","@id":"https:\/\/www.delmetals.com\/contact\/","url":"https:\/\/www.delmetals.com\/contact\/","name":"Contactez-nous - Del Metals","isPartOf":{"@id":"https:\/\/www.delmetals.com\/#website"},"primaryImageOfPage":{"@id":"https:\/\/www.delmetals.com\/contact\/#primaryimage"},"image":{"@id":"https:\/\/www.delmetals.com\/contact\/#primaryimage"},"thumbnailUrl":"https:\/\/www.delmetals.com\/wp-content\/uploads\/2024\/03\/Checker-Plate-Coil.jpg","datePublished":"2023-12-14T18:36:57+00:00","dateModified":"2024-05-15T20:33:11+00:00","description":"Contactez-nous pour discuter de vos besoins. Nous avons les connaissances de l'industrie pour vous aider \u00e0 trouver le produit ou le service qui convient \u00e0 votre application.","breadcrumb":{"@id":"https:\/\/www.delmetals.com\/contact\/#breadcrumb"},"inLanguage":"fr-FR","potentialAction":[{"@type":"ReadAction","target":["https:\/\/www.delmetals.com\/contact\/"]}]},{"@type":"ImageObject","inLanguage":"fr-FR","@id":"https:\/\/www.delmetals.com\/contact\/#primaryimage","url":"https:\/\/www.delmetals.com\/wp-content\/uploads\/2024\/03\/Checker-Plate-Coil.jpg","contentUrl":"https:\/\/www.delmetals.com\/wp-content\/uploads\/2024\/03\/Checker-Plate-Coil.jpg","width":1920,"height":1192},{"@type":"BreadcrumbList","@id":"https:\/\/www.delmetals.com\/contact\/#breadcrumb","itemListElement":[{"@type":"ListItem","position":1,"name":"Home","item":"https:\/\/www.delmetals.com\/"},{"@type":"ListItem","position":2,"name":"Contactez-nous"}]},{"@type":"WebSite","@id":"https:\/\/www.delmetals.com\/#website","url":"https:\/\/www.delmetals.com\/","name":"Del Metals","description":"","potentialAction":[{"@type":"SearchAction","target":{"@type":"EntryPoint","urlTemplate":"https:\/\/www.delmetals.com\/?s={search_term_string}"},"query-input":{"@type":"PropertyValueSpecification","valueRequired":true,"valueName":"search_term_string"}}],"inLanguage":"fr-FR"}]}},"_links":{"self":[{"href":"https:\/\/www.delmetals.com\/fr\/wp-json\/wp\/v2\/pages\/1187","targetHints":{"allow":["GET"]}}],"collection":[{"href":"https:\/\/www.delmetals.com\/fr\/wp-json\/wp\/v2\/pages"}],"about":[{"href":"https:\/\/www.delmetals.com\/fr\/wp-json\/wp\/v2\/types\/page"}],"author":[{"embeddable":true,"href":"https:\/\/www.delmetals.com\/fr\/wp-json\/wp\/v2\/users\/2"}],"replies":[{"embeddable":true,"href":"https:\/\/www.delmetals.com\/fr\/wp-json\/wp\/v2\/comments?post=1187"}],"version-history":[{"count":0,"href":"https:\/\/www.delmetals.com\/fr\/wp-json\/wp\/v2\/pages\/1187\/revisions"}],"wp:featuredmedia":[{"embeddable":true,"href":"https:\/\/www.delmetals.com\/fr\/wp-json\/wp\/v2\/media\/1446"}],"wp:attachment":[{"href":"https:\/\/www.delmetals.com\/fr\/wp-json\/wp\/v2\/media?parent=1187"}],"curies":[{"name":"wp","href":"https:\/\/api.w.org\/{rel}","templated":true}]}}