{"id":1183,"date":"2023-12-14T18:40:59","date_gmt":"2023-12-14T18:40:59","guid":{"rendered":"https:\/\/delmetals.wpenginepowered.com\/structural-steel\/"},"modified":"2024-05-21T13:52:14","modified_gmt":"2024-05-21T17:52:14","slug":"structural-steel","status":"publish","type":"page","link":"https:\/\/www.delmetals.com\/fr\/structural-steel\/","title":{"rendered":"Acier Structural"},"content":{"rendered":"\r\n<section id=\"centered-content-block_8f124b39d5cfc19cf15883bf851c0f33\"\r\n         class=\"orange-block centered-content-block\"\r\n    >\r\n\r\n\r\n    \r\n    <div class=\"container\">\r\n        <div class=\"row\">\r\n            <div class=\"col-12 col-md-10 offset-md-1 col-lg-8 offset-lg-2 content-column\" tabindex=\"0\">\r\n                <div class=\"content-container\">\r\n                                            <h3 style=\"text-align: center;\">Qualit\u00e9 et Fiabilit\u00e9 avec l&rsquo;Acier Structural.<\/h3>\n<p style=\"text-align: center;\">Rehaussez vos projets avec des mat\u00e9riaux r\u00e9put\u00e9s pour leur fiabilit\u00e9 et leur qualit\u00e9. Nous proposons une gamme compl\u00e8te d&rsquo;acier structurel pour tout projet. Tout notre acier structurel est stock\u00e9 dans notre entrep\u00f4t \u00e0 temp\u00e9rature contr\u00f4l\u00e9e, afin que vous n&rsquo;obteniez que les meilleurs mat\u00e9riaux pour vos projets.<\/p>\n                <\/div>\r\n            <\/div>\r\n        <\/div>\r\n\r\n\t    \r\n    <\/div>\r\n    \r\n<\/section>\r\n\t<section id=\"product-image-links-block_e8e65212f001d931380b25b0c9f7215c\"\n\t         class=\"image-link-block orange-block product-image-links-block\" >\n\n\t\t\n\t\t\t\t\n\t\t<div class=\"image-row-container container-fluid\">\n\t\t\t<div class=\"images-wrap row\">\n\t\t\t\t\t\t\t\t\t<a href=\"https:\/\/www.delmetals.com\/fr\/product\/poutres-en-h\/\" class=\"single-image-link-block has-3-items\">\n\t\t\t\t\t\t<div class=\"background-container\">\n\t\t\t\t\t\t\t<img decoding=\"async\" class=\"box-background\" src=\"https:\/\/www.delmetals.com\/wp-content\/uploads\/2023\/12\/NZ9_6888-HDR-Edit-Edit-Wide-Flange-Beams.jpg\" alt=\"Poutres en &lsquo;H&rsquo;\" \/>\n\t\t\t\t\t\t\t<div class=\"overlay\"><\/div>\n\t\t\t\t\t\t<\/div>\n                                                ?>\n\t\t\t\t\t\t\n\t\t\t\t\t\t<p class=\"h2 image-text \">Poutres en &lsquo;H&rsquo;<\/p>\n\t\t\t\t\t\t\t\t\t\t\t\t\t<div class=\"learn-more-link-container\">\n\t\t\t\t\t\t\t\t<p class=\"learn-more-link fancy-link\">\n\t\t\t\t\t\t\t\t\tVoir les Produits\t\t\t\t\t\t\t\t<\/p>\n\t\t\t\t\t\t\t<\/div>\n\t\t\t\t\t\t\t\t\t\t\t\t\t\t\t\t\t\t\t\t<div class=\"category-icon-container\">\n\t\t\t\t\t\t\t\t<span class=\"category\">Acier Structural<\/span>\n\t\t\t\t\t\t\t<\/div>\n\t\t\t\t\t\t\t\n\n\t\t\t\t\t<\/a>\n\t\t\t\t\t\t\t\t\t\t<a href=\"https:\/\/www.delmetals.com\/fr\/product\/profiles-en-c-en-acier-structural\/\" class=\"single-image-link-block has-3-items\">\n\t\t\t\t\t\t<div class=\"background-container\">\n\t\t\t\t\t\t\t<img decoding=\"async\" class=\"box-background\" src=\"https:\/\/www.delmetals.com\/wp-content\/uploads\/2023\/12\/NZ9_6812-HDR-Chanels.jpg\" alt=\"Profil\u00e9s en &lsquo;C&rsquo; en acier structural\" \/>\n\t\t\t\t\t\t\t<div class=\"overlay\"><\/div>\n\t\t\t\t\t\t<\/div>\n                                                ?>\n\t\t\t\t\t\t\n\t\t\t\t\t\t<p class=\"h2 image-text short\">Profil\u00e9s en &lsquo;C&rsquo; en acier structural<\/p>\n\t\t\t\t\t\t\t\t\t\t\t\t\t<div class=\"learn-more-link-container\">\n\t\t\t\t\t\t\t\t<p class=\"learn-more-link fancy-link\">\n\t\t\t\t\t\t\t\t\tVoir les Produits\t\t\t\t\t\t\t\t<\/p>\n\t\t\t\t\t\t\t<\/div>\n\t\t\t\t\t\t\t\t\t\t\t\t\t\t\t\t\t\t\t\t<div class=\"category-icon-container\">\n\t\t\t\t\t\t\t\t<span class=\"category\">Acier Structural<\/span>\n\t\t\t\t\t\t\t<\/div>\n\t\t\t\t\t\t\t\n\n\t\t\t\t\t<\/a>\n\t\t\t\t\t\t\t\t\t\t<a href=\"https:\/\/www.delmetals.com\/fr\/product\/barre-plate\/\" class=\"single-image-link-block has-3-items\">\n\t\t\t\t\t\t<div class=\"background-container\">\n\t\t\t\t\t\t\t<img decoding=\"async\" class=\"box-background\" src=\"https:\/\/www.delmetals.com\/wp-content\/uploads\/2023\/12\/NZ9_6797-HDR-Flat-Bar.jpg\" alt=\"Barres plates\" \/>\n\t\t\t\t\t\t\t<div class=\"overlay\"><\/div>\n\t\t\t\t\t\t<\/div>\n                                                ?>\n\t\t\t\t\t\t\n\t\t\t\t\t\t<p class=\"h2 image-text \">Barres plates<\/p>\n\t\t\t\t\t\t\t\t\t\t\t\t\t<div class=\"learn-more-link-container\">\n\t\t\t\t\t\t\t\t<p class=\"learn-more-link fancy-link\">\n\t\t\t\t\t\t\t\t\tVoir les Produits\t\t\t\t\t\t\t\t<\/p>\n\t\t\t\t\t\t\t<\/div>\n\t\t\t\t\t\t\t\t\t\t\t\t\t\t\t\t\t\t\t\t<div class=\"category-icon-container\">\n\t\t\t\t\t\t\t\t<span class=\"category\">Acier Structural<\/span>\n\t\t\t\t\t\t\t<\/div>\n\t\t\t\t\t\t\t\n\n\t\t\t\t\t<\/a>\n\t\t\t\t\t\t\t\t<\/div>\n\t\t<\/div>\n\n\t<\/section>\n\n\t\t<section id=\"product-image-links-block_28cbf7c2401aad01525b9f01f5075038\"\n\t         class=\"image-link-block orange-block product-image-links-block\" >\n\n\t\t\n\t\t\t\t\n\t\t<div class=\"image-row-container container-fluid\">\n\t\t\t<div class=\"images-wrap row\">\n\t\t\t\t\t\t\t\t\t<a href=\"https:\/\/www.delmetals.com\/fr\/product\/barre-ronde\/\" class=\"single-image-link-block has-3-items\">\n\t\t\t\t\t\t<div class=\"background-container\">\n\t\t\t\t\t\t\t<img decoding=\"async\" class=\"box-background\" src=\"https:\/\/www.delmetals.com\/wp-content\/uploads\/2023\/12\/NZ9_6840-HDR-Round-Bar.jpg\" alt=\"Barres rondes\" \/>\n\t\t\t\t\t\t\t<div class=\"overlay\"><\/div>\n\t\t\t\t\t\t<\/div>\n                                                ?>\n\t\t\t\t\t\t\n\t\t\t\t\t\t<p class=\"h2 image-text \">Barres rondes<\/p>\n\t\t\t\t\t\t\t\t\t\t\t\t\t<div class=\"learn-more-link-container\">\n\t\t\t\t\t\t\t\t<p class=\"learn-more-link fancy-link\">\n\t\t\t\t\t\t\t\t\tVoir les Produits\t\t\t\t\t\t\t\t<\/p>\n\t\t\t\t\t\t\t<\/div>\n\t\t\t\t\t\t\t\t\t\t\t\t\t\t\t\t\t\t\t\t<div class=\"category-icon-container\">\n\t\t\t\t\t\t\t\t<span class=\"category\">Acier Structural<\/span>\n\t\t\t\t\t\t\t<\/div>\n\t\t\t\t\t\t\t\n\n\t\t\t\t\t<\/a>\n\t\t\t\t\t\t\t\t\t\t<a href=\"https:\/\/www.delmetals.com\/fr\/product\/barre-carree\/\" class=\"single-image-link-block has-3-items\">\n\t\t\t\t\t\t<div class=\"background-container\">\n\t\t\t\t\t\t\t<img decoding=\"async\" class=\"box-background\" src=\"https:\/\/www.delmetals.com\/wp-content\/uploads\/2023\/12\/NZ9_6746-HDR-Square-Bar.jpg\" alt=\"Barres carr\u00e9es\" \/>\n\t\t\t\t\t\t\t<div class=\"overlay\"><\/div>\n\t\t\t\t\t\t<\/div>\n                                                ?>\n\t\t\t\t\t\t\n\t\t\t\t\t\t<p class=\"h2 image-text \">Barres carr\u00e9es<\/p>\n\t\t\t\t\t\t\t\t\t\t\t\t\t<div class=\"learn-more-link-container\">\n\t\t\t\t\t\t\t\t<p class=\"learn-more-link fancy-link\">\n\t\t\t\t\t\t\t\t\tVoir les Produits\t\t\t\t\t\t\t\t<\/p>\n\t\t\t\t\t\t\t<\/div>\n\t\t\t\t\t\t\t\t\t\t\t\t\t\t\t\t\t\t\t\t<div class=\"category-icon-container\">\n\t\t\t\t\t\t\t\t<span class=\"category\">Acier Structural<\/span>\n\t\t\t\t\t\t\t<\/div>\n\t\t\t\t\t\t\t\n\n\t\t\t\t\t<\/a>\n\t\t\t\t\t\t\t\t\t\t<a href=\"https:\/\/www.delmetals.com\/fr\/product\/acier-darmature\/\" class=\"single-image-link-block has-3-items\">\n\t\t\t\t\t\t<div class=\"background-container\">\n\t\t\t\t\t\t\t<img decoding=\"async\" class=\"box-background\" src=\"https:\/\/www.delmetals.com\/wp-content\/uploads\/2023\/12\/NZ9_6957-HDR-Edit-Rebar-flip.jpg\" alt=\"Acier d&rsquo;armature\" \/>\n\t\t\t\t\t\t\t<div class=\"overlay\"><\/div>\n\t\t\t\t\t\t<\/div>\n                                                ?>\n\t\t\t\t\t\t\n\t\t\t\t\t\t<p class=\"h2 image-text \">Acier d&rsquo;armature<\/p>\n\t\t\t\t\t\t\t\t\t\t\t\t\t<div class=\"learn-more-link-container\">\n\t\t\t\t\t\t\t\t<p class=\"learn-more-link fancy-link\">\n\t\t\t\t\t\t\t\t\tVoir les Produits\t\t\t\t\t\t\t\t<\/p>\n\t\t\t\t\t\t\t<\/div>\n\t\t\t\t\t\t\t\t\t\t\t\t\t\t\t\t\t\t\t\t<div class=\"category-icon-container\">\n\t\t\t\t\t\t\t\t<span class=\"category\">Acier Structural<\/span>\n\t\t\t\t\t\t\t<\/div>\n\t\t\t\t\t\t\t\n\n\t\t\t\t\t<\/a>\n\t\t\t\t\t\t\t\t<\/div>\n\t\t<\/div>\n\n\t<\/section>\n\n\t\t<section id=\"product-image-links-block_06ed7a18daad1db3baa7dbeb02c71df7\"\n\t         class=\"image-link-block orange-block product-image-links-block\" >\n\n\t\t\n\t\t\t\t\n\t\t<div class=\"image-row-container container-fluid\">\n\t\t\t<div class=\"images-wrap row\">\n\t\t\t\t\t\t\t\t\t<a href=\"https:\/\/www.delmetals.com\/fr\/product\/angles\/\" class=\"single-image-link-block has-3-items\">\n\t\t\t\t\t\t<div class=\"background-container\">\n\t\t\t\t\t\t\t<img decoding=\"async\" class=\"box-background\" src=\"https:\/\/www.delmetals.com\/wp-content\/uploads\/2023\/12\/untitled-10-of-36-angle.jpg\" alt=\"Angles\" \/>\n\t\t\t\t\t\t\t<div class=\"overlay\"><\/div>\n\t\t\t\t\t\t<\/div>\n                                                ?>\n\t\t\t\t\t\t\n\t\t\t\t\t\t<p class=\"h2 image-text \">Angles<\/p>\n\t\t\t\t\t\t\t\t\t\t\t\t\t<div class=\"learn-more-link-container\">\n\t\t\t\t\t\t\t\t<p class=\"learn-more-link fancy-link\">\n\t\t\t\t\t\t\t\t\tVoir les Produits\t\t\t\t\t\t\t\t<\/p>\n\t\t\t\t\t\t\t<\/div>\n\t\t\t\t\t\t\t\t\t\t\t\t\t\t\t\t\t\t\t\t<div class=\"category-icon-container\">\n\t\t\t\t\t\t\t\t<span class=\"category\">Acier Structural<\/span>\n\t\t\t\t\t\t\t<\/div>\n\t\t\t\t\t\t\t\n\n\t\t\t\t\t<\/a>\n\t\t\t\t\t\t\t\t\t\t<a href=\"https:\/\/www.delmetals.com\/fr\/product\/tubes-structurels-carrees-et-rectangulaires-hss\/\" class=\"single-image-link-block has-3-items\">\n\t\t\t\t\t\t<div class=\"background-container\">\n\t\t\t\t\t\t\t<img decoding=\"async\" class=\"box-background\" src=\"https:\/\/www.delmetals.com\/wp-content\/uploads\/2023\/12\/NZ9_6701-HDR-Squared-Rectangular-Structural-Sections.jpg\" alt=\"Tubes Structuraux Creux &#8211; Carr\u00e9s et Rectangulaires\u201d (HSS)\" \/>\n\t\t\t\t\t\t\t<div class=\"overlay\"><\/div>\n\t\t\t\t\t\t<\/div>\n                                                ?>\n\t\t\t\t\t\t\n\t\t\t\t\t\t<p class=\"h2 image-text very-short\">Tubes Structuraux Creux &#8211; Carr\u00e9s et Rectangulaires\u201d (HSS)<\/p>\n\t\t\t\t\t\t\t\t\t\t\t\t\t<div class=\"learn-more-link-container\">\n\t\t\t\t\t\t\t\t<p class=\"learn-more-link fancy-link\">\n\t\t\t\t\t\t\t\t\tVoir les Produits\t\t\t\t\t\t\t\t<\/p>\n\t\t\t\t\t\t\t<\/div>\n\t\t\t\t\t\t\t\t\t\t\t\t\t\t\t\t\t\t\t\t<div class=\"category-icon-container\">\n\t\t\t\t\t\t\t\t<span class=\"category\">Acier Structural<\/span>\n\t\t\t\t\t\t\t<\/div>\n\t\t\t\t\t\t\t\n\n\t\t\t\t\t<\/a>\n\t\t\t\t\t\t\t\t\t\t<a href=\"https:\/\/www.delmetals.com\/fr\/product\/tube-mecanique-rond\/\" class=\"single-image-link-block has-3-items\">\n\t\t\t\t\t\t<div class=\"background-container\">\n\t\t\t\t\t\t\t<img decoding=\"async\" class=\"box-background\" src=\"https:\/\/www.delmetals.com\/wp-content\/uploads\/2023\/12\/NZ9_6740-HDR-Edit-Round-Hollow-Structural-Sections.jpg\" alt=\"Tubes m\u00e9caniques ronds creux\" \/>\n\t\t\t\t\t\t\t<div class=\"overlay\"><\/div>\n\t\t\t\t\t\t<\/div>\n                                                ?>\n\t\t\t\t\t\t\n\t\t\t\t\t\t<p class=\"h2 image-text \">Tubes m\u00e9caniques ronds creux<\/p>\n\t\t\t\t\t\t\t\t\t\t\t\t\t<div class=\"learn-more-link-container\">\n\t\t\t\t\t\t\t\t<p class=\"learn-more-link fancy-link\">\n\t\t\t\t\t\t\t\t\tVoir les Produits\t\t\t\t\t\t\t\t<\/p>\n\t\t\t\t\t\t\t<\/div>\n\t\t\t\t\t\t\t\t\t\t\t\t\t\t\t\t\t\t\t\t<div class=\"category-icon-container\">\n\t\t\t\t\t\t\t\t<span class=\"category\">Acier Structural<\/span>\n\t\t\t\t\t\t\t<\/div>\n\t\t\t\t\t\t\t\n\n\t\t\t\t\t<\/a>\n\t\t\t\t\t\t\t\t<\/div>\n\t\t<\/div>\n\n\t<\/section>\n\n\t","protected":false},"excerpt":{"rendered":"","protected":false},"author":2,"featured_media":1473,"parent":0,"menu_order":42,"comment_status":"closed","ping_status":"closed","template":"","meta":{"footnotes":""},"class_list":["post-1183","page","type-page","status-publish","has-post-thumbnail","hentry"],"acf":[],"yoast_head":"<!-- This site is optimized with the Yoast SEO plugin v27.0 - https:\/\/yoast.com\/product\/yoast-seo-wordpress\/ -->\n<title>Acier Structural - Del Metals<\/title>\n<meta name=\"description\" content=\"Rehaussez vos projets avec des mat\u00e9riaux r\u00e9put\u00e9s pour leur fiabilit\u00e9 et leur qualit\u00e9. Nous proposons une gamme compl\u00e8te d&#039;acier structurel pour tout projet. Tout notre acier structurel est stock\u00e9 dans notre entrep\u00f4t \u00e0 temp\u00e9rature contr\u00f4l\u00e9e, afin que vous n&#039;obteniez que les meilleurs mat\u00e9riaux pour vos projets.\" \/>\n<meta name=\"robots\" content=\"index, follow, max-snippet:-1, max-image-preview:large, max-video-preview:-1\" \/>\n<link rel=\"canonical\" href=\"https:\/\/www.delmetals.com\/fr\/structural-steel\/\" \/>\n<meta property=\"og:locale\" content=\"fr_FR\" \/>\n<meta property=\"og:type\" content=\"article\" \/>\n<meta property=\"og:title\" content=\"Acier Structural - Del Metals\" \/>\n<meta property=\"og:description\" content=\"Rehaussez vos projets avec des mat\u00e9riaux r\u00e9put\u00e9s pour leur fiabilit\u00e9 et leur qualit\u00e9. Nous proposons une gamme compl\u00e8te d&#039;acier structurel pour tout projet. Tout notre acier structurel est stock\u00e9 dans notre entrep\u00f4t \u00e0 temp\u00e9rature contr\u00f4l\u00e9e, afin que vous n&#039;obteniez que les meilleurs mat\u00e9riaux pour vos projets.\" \/>\n<meta property=\"og:url\" content=\"https:\/\/www.delmetals.com\/fr\/structural-steel\/\" \/>\n<meta property=\"og:site_name\" content=\"Del Metals\" \/>\n<meta property=\"article:modified_time\" content=\"2024-05-21T17:52:14+00:00\" \/>\n<meta property=\"og:image\" content=\"https:\/\/www.delmetals.com\/wp-content\/uploads\/2024\/03\/NZ9_6824-HDR-Chanels.jpg\" \/>\n\t<meta property=\"og:image:width\" content=\"1920\" \/>\n\t<meta property=\"og:image:height\" content=\"1441\" \/>\n\t<meta property=\"og:image:type\" content=\"image\/jpeg\" \/>\n<meta name=\"twitter:card\" content=\"summary_large_image\" \/>\n<script type=\"application\/ld+json\" class=\"yoast-schema-graph\">{\"@context\":\"https:\/\/schema.org\",\"@graph\":[{\"@type\":\"WebPage\",\"@id\":\"https:\/\/www.delmetals.com\/fr\/structural-steel\/\",\"url\":\"https:\/\/www.delmetals.com\/fr\/structural-steel\/\",\"name\":\"Acier Structural - Del Metals\",\"isPartOf\":{\"@id\":\"https:\/\/www.delmetals.com\/#website\"},\"primaryImageOfPage\":{\"@id\":\"https:\/\/www.delmetals.com\/fr\/structural-steel\/#primaryimage\"},\"image\":{\"@id\":\"https:\/\/www.delmetals.com\/fr\/structural-steel\/#primaryimage\"},\"thumbnailUrl\":\"https:\/\/www.delmetals.com\/wp-content\/uploads\/2024\/03\/NZ9_6824-HDR-Chanels.jpg\",\"datePublished\":\"2023-12-14T18:40:59+00:00\",\"dateModified\":\"2024-05-21T17:52:14+00:00\",\"description\":\"Rehaussez vos projets avec des mat\u00e9riaux r\u00e9put\u00e9s pour leur fiabilit\u00e9 et leur qualit\u00e9. Nous proposons une gamme compl\u00e8te d'acier structurel pour tout projet. Tout notre acier structurel est stock\u00e9 dans notre entrep\u00f4t \u00e0 temp\u00e9rature contr\u00f4l\u00e9e, afin que vous n'obteniez que les meilleurs mat\u00e9riaux pour vos projets.\",\"breadcrumb\":{\"@id\":\"https:\/\/www.delmetals.com\/fr\/structural-steel\/#breadcrumb\"},\"inLanguage\":\"fr-FR\",\"potentialAction\":[{\"@type\":\"ReadAction\",\"target\":[\"https:\/\/www.delmetals.com\/fr\/structural-steel\/\"]}]},{\"@type\":\"ImageObject\",\"inLanguage\":\"fr-FR\",\"@id\":\"https:\/\/www.delmetals.com\/fr\/structural-steel\/#primaryimage\",\"url\":\"https:\/\/www.delmetals.com\/wp-content\/uploads\/2024\/03\/NZ9_6824-HDR-Chanels.jpg\",\"contentUrl\":\"https:\/\/www.delmetals.com\/wp-content\/uploads\/2024\/03\/NZ9_6824-HDR-Chanels.jpg\",\"width\":1920,\"height\":1441},{\"@type\":\"BreadcrumbList\",\"@id\":\"https:\/\/www.delmetals.com\/fr\/structural-steel\/#breadcrumb\",\"itemListElement\":[{\"@type\":\"ListItem\",\"position\":1,\"name\":\"Home\",\"item\":\"https:\/\/www.delmetals.com\/\"},{\"@type\":\"ListItem\",\"position\":2,\"name\":\"Acier Structural\"}]},{\"@type\":\"WebSite\",\"@id\":\"https:\/\/www.delmetals.com\/#website\",\"url\":\"https:\/\/www.delmetals.com\/\",\"name\":\"Del Metals\",\"description\":\"\",\"potentialAction\":[{\"@type\":\"SearchAction\",\"target\":{\"@type\":\"EntryPoint\",\"urlTemplate\":\"https:\/\/www.delmetals.com\/?s={search_term_string}\"},\"query-input\":{\"@type\":\"PropertyValueSpecification\",\"valueRequired\":true,\"valueName\":\"search_term_string\"}}],\"inLanguage\":\"fr-FR\"}]}<\/script>\n<!-- \/ Yoast SEO plugin. -->","yoast_head_json":{"title":"Acier Structural - Del Metals","description":"Rehaussez vos projets avec des mat\u00e9riaux r\u00e9put\u00e9s pour leur fiabilit\u00e9 et leur qualit\u00e9. Nous proposons une gamme compl\u00e8te d'acier structurel pour tout projet. Tout notre acier structurel est stock\u00e9 dans notre entrep\u00f4t \u00e0 temp\u00e9rature contr\u00f4l\u00e9e, afin que vous n'obteniez que les meilleurs mat\u00e9riaux pour vos projets.","robots":{"index":"index","follow":"follow","max-snippet":"max-snippet:-1","max-image-preview":"max-image-preview:large","max-video-preview":"max-video-preview:-1"},"canonical":"https:\/\/www.delmetals.com\/fr\/structural-steel\/","og_locale":"fr_FR","og_type":"article","og_title":"Acier Structural - Del Metals","og_description":"Rehaussez vos projets avec des mat\u00e9riaux r\u00e9put\u00e9s pour leur fiabilit\u00e9 et leur qualit\u00e9. Nous proposons une gamme compl\u00e8te d'acier structurel pour tout projet. Tout notre acier structurel est stock\u00e9 dans notre entrep\u00f4t \u00e0 temp\u00e9rature contr\u00f4l\u00e9e, afin que vous n'obteniez que les meilleurs mat\u00e9riaux pour vos projets.","og_url":"https:\/\/www.delmetals.com\/fr\/structural-steel\/","og_site_name":"Del Metals","article_modified_time":"2024-05-21T17:52:14+00:00","og_image":[{"width":1920,"height":1441,"url":"https:\/\/www.delmetals.com\/wp-content\/uploads\/2024\/03\/NZ9_6824-HDR-Chanels.jpg","type":"image\/jpeg"}],"twitter_card":"summary_large_image","schema":{"@context":"https:\/\/schema.org","@graph":[{"@type":"WebPage","@id":"https:\/\/www.delmetals.com\/fr\/structural-steel\/","url":"https:\/\/www.delmetals.com\/fr\/structural-steel\/","name":"Acier Structural - Del Metals","isPartOf":{"@id":"https:\/\/www.delmetals.com\/#website"},"primaryImageOfPage":{"@id":"https:\/\/www.delmetals.com\/fr\/structural-steel\/#primaryimage"},"image":{"@id":"https:\/\/www.delmetals.com\/fr\/structural-steel\/#primaryimage"},"thumbnailUrl":"https:\/\/www.delmetals.com\/wp-content\/uploads\/2024\/03\/NZ9_6824-HDR-Chanels.jpg","datePublished":"2023-12-14T18:40:59+00:00","dateModified":"2024-05-21T17:52:14+00:00","description":"Rehaussez vos projets avec des mat\u00e9riaux r\u00e9put\u00e9s pour leur fiabilit\u00e9 et leur qualit\u00e9. Nous proposons une gamme compl\u00e8te d'acier structurel pour tout projet. Tout notre acier structurel est stock\u00e9 dans notre entrep\u00f4t \u00e0 temp\u00e9rature contr\u00f4l\u00e9e, afin que vous n'obteniez que les meilleurs mat\u00e9riaux pour vos projets.","breadcrumb":{"@id":"https:\/\/www.delmetals.com\/fr\/structural-steel\/#breadcrumb"},"inLanguage":"fr-FR","potentialAction":[{"@type":"ReadAction","target":["https:\/\/www.delmetals.com\/fr\/structural-steel\/"]}]},{"@type":"ImageObject","inLanguage":"fr-FR","@id":"https:\/\/www.delmetals.com\/fr\/structural-steel\/#primaryimage","url":"https:\/\/www.delmetals.com\/wp-content\/uploads\/2024\/03\/NZ9_6824-HDR-Chanels.jpg","contentUrl":"https:\/\/www.delmetals.com\/wp-content\/uploads\/2024\/03\/NZ9_6824-HDR-Chanels.jpg","width":1920,"height":1441},{"@type":"BreadcrumbList","@id":"https:\/\/www.delmetals.com\/fr\/structural-steel\/#breadcrumb","itemListElement":[{"@type":"ListItem","position":1,"name":"Home","item":"https:\/\/www.delmetals.com\/"},{"@type":"ListItem","position":2,"name":"Acier Structural"}]},{"@type":"WebSite","@id":"https:\/\/www.delmetals.com\/#website","url":"https:\/\/www.delmetals.com\/","name":"Del Metals","description":"","potentialAction":[{"@type":"SearchAction","target":{"@type":"EntryPoint","urlTemplate":"https:\/\/www.delmetals.com\/?s={search_term_string}"},"query-input":{"@type":"PropertyValueSpecification","valueRequired":true,"valueName":"search_term_string"}}],"inLanguage":"fr-FR"}]}},"_links":{"self":[{"href":"https:\/\/www.delmetals.com\/fr\/wp-json\/wp\/v2\/pages\/1183","targetHints":{"allow":["GET"]}}],"collection":[{"href":"https:\/\/www.delmetals.com\/fr\/wp-json\/wp\/v2\/pages"}],"about":[{"href":"https:\/\/www.delmetals.com\/fr\/wp-json\/wp\/v2\/types\/page"}],"author":[{"embeddable":true,"href":"https:\/\/www.delmetals.com\/fr\/wp-json\/wp\/v2\/users\/2"}],"replies":[{"embeddable":true,"href":"https:\/\/www.delmetals.com\/fr\/wp-json\/wp\/v2\/comments?post=1183"}],"version-history":[{"count":0,"href":"https:\/\/www.delmetals.com\/fr\/wp-json\/wp\/v2\/pages\/1183\/revisions"}],"wp:featuredmedia":[{"embeddable":true,"href":"https:\/\/www.delmetals.com\/fr\/wp-json\/wp\/v2\/media\/1473"}],"wp:attachment":[{"href":"https:\/\/www.delmetals.com\/fr\/wp-json\/wp\/v2\/media?parent=1183"}],"curies":[{"name":"wp","href":"https:\/\/api.w.org\/{rel}","templated":true}]}}