{"id":1182,"date":"2023-12-14T18:41:18","date_gmt":"2023-12-14T18:41:18","guid":{"rendered":"https:\/\/delmetals.wpenginepowered.com\/pipe\/"},"modified":"2024-05-15T20:33:29","modified_gmt":"2024-05-15T20:33:29","slug":"pipe","status":"publish","type":"page","link":"https:\/\/www.delmetals.com\/fr\/pipe\/","title":{"rendered":"Tuyaux"},"content":{"rendered":"\r\n<section id=\"centered-content-block_123c5218e8509b108c63cf29af37a9c1\"\r\n         class=\"orange-block centered-content-block\"\r\n    >\r\n\r\n\r\n    \r\n    <div class=\"container\">\r\n        <div class=\"row\">\r\n            <div class=\"col-12 col-md-10 offset-md-1 col-lg-8 offset-lg-2 content-column\" tabindex=\"0\">\r\n                <div class=\"content-container\">\r\n                                            <h3 style=\"text-align: center;\">Nous sommes les leaders de l&rsquo;industrie dans la distribution de tuyaux.<\/h3>\n<p style=\"text-align: center;\">Quels que soient vos besoins, nous disposons de l&rsquo;inventaire pour vous aider. Nous avons \u00e9tabli de solides fondations dans l&rsquo;industrie des tuyaux et nous avons contribu\u00e9 \u00e0 r\u00e9diger les sp\u00e9cifications de nombreux produits. Trouvez les mat\u00e9riaux dont vous avez besoin.<\/p>\n                <\/div>\r\n            <\/div>\r\n        <\/div>\r\n\r\n\t    \r\n    <\/div>\r\n    \r\n<\/section>\r\n\t<section id=\"product-image-links-block_beb3e8ab7dc94c278abc00da3c2ae665\"\n\t         class=\"image-link-block orange-block product-image-links-block\" >\n\n\t\t\n\t\t\t\t\n\t\t<div class=\"image-row-container container-fluid\">\n\t\t\t<div class=\"images-wrap row\">\n\t\t\t\t\t\t\t\t\t<a href=\"https:\/\/www.delmetals.com\/fr\/product\/a-53-noir-galvanise\/\" class=\"single-image-link-block has-2-items\">\n\t\t\t\t\t\t<div class=\"background-container\">\n\t\t\t\t\t\t\t<img decoding=\"async\" class=\"box-background\" src=\"https:\/\/www.delmetals.com\/wp-content\/uploads\/2023\/12\/NZ9_7143-HDR-A-35-Black-Galvanized.jpg\" alt=\"A-53 Noirs &amp; Galvanis\u00e9s\" \/>\n\t\t\t\t\t\t\t<div class=\"overlay\"><\/div>\n\t\t\t\t\t\t<\/div>\n                                                ?>\n\t\t\t\t\t\t\n\t\t\t\t\t\t<p class=\"h2 image-text \">A-53 Noirs &amp; Galvanis\u00e9s<\/p>\n\t\t\t\t\t\t\t\t\t\t\t\t\t<div class=\"learn-more-link-container\">\n\t\t\t\t\t\t\t\t<p class=\"learn-more-link fancy-link\">\n\t\t\t\t\t\t\t\t\tVoir les Produits\t\t\t\t\t\t\t\t<\/p>\n\t\t\t\t\t\t\t<\/div>\n\t\t\t\t\t\t\t\t\t\t\t\t\t\t\t\t\t\t\t\t<div class=\"category-icon-container\">\n\t\t\t\t\t\t\t\t<span class=\"category\">Tuyaux<\/span>\n\t\t\t\t\t\t\t<\/div>\n\t\t\t\t\t\t\t\n\n\t\t\t\t\t<\/a>\n\t\t\t\t\t\t\t\t\t\t<a href=\"https:\/\/www.delmetals.com\/fr\/product\/a-795-et-a-135-noir-galvanise\/\" class=\"single-image-link-block has-2-items\">\n\t\t\t\t\t\t<div class=\"background-container\">\n\t\t\t\t\t\t\t<img decoding=\"async\" class=\"box-background\" src=\"https:\/\/www.delmetals.com\/wp-content\/uploads\/2023\/12\/NZ9_7080-HDR-Edit-A-795-A-135-Black-Galvanized.jpg\" alt=\"A-795 et A-135 Noirs &amp; Galvanis\u00e9s\" \/>\n\t\t\t\t\t\t\t<div class=\"overlay\"><\/div>\n\t\t\t\t\t\t<\/div>\n                                                ?>\n\t\t\t\t\t\t\n\t\t\t\t\t\t<p class=\"h2 image-text \">A-795 et A-135 Noirs &amp; Galvanis\u00e9s<\/p>\n\t\t\t\t\t\t\t\t\t\t\t\t\t<div class=\"learn-more-link-container\">\n\t\t\t\t\t\t\t\t<p class=\"learn-more-link fancy-link\">\n\t\t\t\t\t\t\t\t\tVoir les Produits\t\t\t\t\t\t\t\t<\/p>\n\t\t\t\t\t\t\t<\/div>\n\t\t\t\t\t\t\t\t\t\t\t\t\t\t\t\t\t\t\t\t<div class=\"category-icon-container\">\n\t\t\t\t\t\t\t\t<span class=\"category\">Tuyaux<\/span>\n\t\t\t\t\t\t\t<\/div>\n\t\t\t\t\t\t\t\n\n\t\t\t\t\t<\/a>\n\t\t\t\t\t\t\t\t<\/div>\n\t\t<\/div>\n\n\t<\/section>\n\n\t\t<section id=\"product-image-links-block_1abaecd282e2cf3af132a46401c168c7\"\n\t         class=\"image-link-block orange-block product-image-links-block\" >\n\n\t\t\n\t\t\t\t\n\t\t<div class=\"image-row-container container-fluid\">\n\t\t\t<div class=\"images-wrap row\">\n\t\t\t\t\t\t\t\t\t<a href=\"https:\/\/www.delmetals.com\/fr\/product\/tuyau-de-cloture-galvanise\/\" class=\"single-image-link-block has-2-items\">\n\t\t\t\t\t\t<div class=\"background-container\">\n\t\t\t\t\t\t\t<img decoding=\"async\" class=\"box-background\" src=\"https:\/\/www.delmetals.com\/wp-content\/uploads\/2023\/12\/NZ9_7095-HDR-Galvanized-Fence-Pipe.jpg\" alt=\"Tuyaux de cl\u00f4ture galvanis\u00e9s\" \/>\n\t\t\t\t\t\t\t<div class=\"overlay\"><\/div>\n\t\t\t\t\t\t<\/div>\n                                                ?>\n\t\t\t\t\t\t\n\t\t\t\t\t\t<p class=\"h2 image-text \">Tuyaux de cl\u00f4ture galvanis\u00e9s<\/p>\n\t\t\t\t\t\t\t\t\t\t\t\t\t<div class=\"learn-more-link-container\">\n\t\t\t\t\t\t\t\t<p class=\"learn-more-link fancy-link\">\n\t\t\t\t\t\t\t\t\tVoir les Produits\t\t\t\t\t\t\t\t<\/p>\n\t\t\t\t\t\t\t<\/div>\n\t\t\t\t\t\t\t\t\t\t\t\t\t\t\t\t\t\t\t\t<div class=\"category-icon-container\">\n\t\t\t\t\t\t\t\t<span class=\"category\">Tuyaux<\/span>\n\t\t\t\t\t\t\t<\/div>\n\t\t\t\t\t\t\t\n\n\t\t\t\t\t<\/a>\n\t\t\t\t\t\t\t\t\t\t<a href=\"https:\/\/www.delmetals.com\/fr\/product\/tuyau-de-cloture-noir-peint-a-la-poudre\/\" class=\"single-image-link-block has-2-items\">\n\t\t\t\t\t\t<div class=\"background-container\">\n\t\t\t\t\t\t\t<img decoding=\"async\" class=\"box-background\" src=\"https:\/\/www.delmetals.com\/wp-content\/uploads\/2023\/12\/Powder-Black-Fence-Pipe-best-one.jpg\" alt=\"Tuyaux de cl\u00f4ture noirs peints \u00e0 la poudre\" \/>\n\t\t\t\t\t\t\t<div class=\"overlay\"><\/div>\n\t\t\t\t\t\t<\/div>\n                                                ?>\n\t\t\t\t\t\t\n\t\t\t\t\t\t<p class=\"h2 image-text short\">Tuyaux de cl\u00f4ture noirs peints \u00e0 la poudre<\/p>\n\t\t\t\t\t\t\t\t\t\t\t\t\t<div class=\"learn-more-link-container\">\n\t\t\t\t\t\t\t\t<p class=\"learn-more-link fancy-link\">\n\t\t\t\t\t\t\t\t\tVoir les Produits\t\t\t\t\t\t\t\t<\/p>\n\t\t\t\t\t\t\t<\/div>\n\t\t\t\t\t\t\t\t\t\t\t\t\t\t\t\t\t\t\t\t<div class=\"category-icon-container\">\n\t\t\t\t\t\t\t\t<span class=\"category\">Tuyaux<\/span>\n\t\t\t\t\t\t\t<\/div>\n\t\t\t\t\t\t\t\n\n\t\t\t\t\t<\/a>\n\t\t\t\t\t\t\t\t<\/div>\n\t\t<\/div>\n\n\t<\/section>\n\n\t","protected":false},"excerpt":{"rendered":"","protected":false},"author":2,"featured_media":1475,"parent":0,"menu_order":35,"comment_status":"closed","ping_status":"closed","template":"","meta":{"footnotes":""},"class_list":["post-1182","page","type-page","status-publish","has-post-thumbnail","hentry"],"acf":[],"yoast_head":"<!-- This site is optimized with the Yoast SEO plugin v27.0 - https:\/\/yoast.com\/product\/yoast-seo-wordpress\/ -->\n<title>Tuyaux - Del Metals<\/title>\n<meta name=\"description\" content=\"Nous sommes les leaders de l&#039;industrie dans la distribution de tuyaux. Quels que soient vos besoins, nous disposons de l&#039;inventaire pour vous aider. Nous avons \u00e9tabli de solides fondations dans l&#039;industrie des tuyaux et nous avons contribu\u00e9 \u00e0 r\u00e9diger les sp\u00e9cifications de nombreux produits.\" \/>\n<meta name=\"robots\" content=\"index, follow, max-snippet:-1, max-image-preview:large, max-video-preview:-1\" \/>\n<link rel=\"canonical\" href=\"https:\/\/www.delmetals.com\/pipe\/\" \/>\n<meta property=\"og:locale\" content=\"fr_FR\" \/>\n<meta property=\"og:type\" content=\"article\" \/>\n<meta property=\"og:title\" content=\"Tuyaux - Del Metals\" \/>\n<meta property=\"og:description\" content=\"Nous sommes les leaders de l&#039;industrie dans la distribution de tuyaux. Quels que soient vos besoins, nous disposons de l&#039;inventaire pour vous aider. Nous avons \u00e9tabli de solides fondations dans l&#039;industrie des tuyaux et nous avons contribu\u00e9 \u00e0 r\u00e9diger les sp\u00e9cifications de nombreux produits.\" \/>\n<meta property=\"og:url\" content=\"https:\/\/www.delmetals.com\/pipe\/\" \/>\n<meta property=\"og:site_name\" content=\"Del Metals\" \/>\n<meta property=\"article:modified_time\" content=\"2024-05-15T20:33:29+00:00\" \/>\n<meta property=\"og:image\" content=\"https:\/\/www.delmetals.com\/wp-content\/uploads\/2024\/03\/NZ9_7077-HDR-A-795-A-135-Black-Galvanized.jpg\" \/>\n\t<meta property=\"og:image:width\" content=\"1920\" \/>\n\t<meta property=\"og:image:height\" content=\"1250\" \/>\n\t<meta property=\"og:image:type\" content=\"image\/jpeg\" \/>\n<meta name=\"twitter:card\" content=\"summary_large_image\" \/>\n<script type=\"application\/ld+json\" class=\"yoast-schema-graph\">{\"@context\":\"https:\/\/schema.org\",\"@graph\":[{\"@type\":\"WebPage\",\"@id\":\"https:\/\/www.delmetals.com\/pipe\/\",\"url\":\"https:\/\/www.delmetals.com\/pipe\/\",\"name\":\"Tuyaux - Del Metals\",\"isPartOf\":{\"@id\":\"https:\/\/www.delmetals.com\/#website\"},\"primaryImageOfPage\":{\"@id\":\"https:\/\/www.delmetals.com\/pipe\/#primaryimage\"},\"image\":{\"@id\":\"https:\/\/www.delmetals.com\/pipe\/#primaryimage\"},\"thumbnailUrl\":\"https:\/\/www.delmetals.com\/wp-content\/uploads\/2024\/03\/NZ9_7077-HDR-A-795-A-135-Black-Galvanized.jpg\",\"datePublished\":\"2023-12-14T18:41:18+00:00\",\"dateModified\":\"2024-05-15T20:33:29+00:00\",\"description\":\"Nous sommes les leaders de l'industrie dans la distribution de tuyaux. Quels que soient vos besoins, nous disposons de l'inventaire pour vous aider. Nous avons \u00e9tabli de solides fondations dans l'industrie des tuyaux et nous avons contribu\u00e9 \u00e0 r\u00e9diger les sp\u00e9cifications de nombreux produits.\",\"breadcrumb\":{\"@id\":\"https:\/\/www.delmetals.com\/pipe\/#breadcrumb\"},\"inLanguage\":\"fr-FR\",\"potentialAction\":[{\"@type\":\"ReadAction\",\"target\":[\"https:\/\/www.delmetals.com\/pipe\/\"]}]},{\"@type\":\"ImageObject\",\"inLanguage\":\"fr-FR\",\"@id\":\"https:\/\/www.delmetals.com\/pipe\/#primaryimage\",\"url\":\"https:\/\/www.delmetals.com\/wp-content\/uploads\/2024\/03\/NZ9_7077-HDR-A-795-A-135-Black-Galvanized.jpg\",\"contentUrl\":\"https:\/\/www.delmetals.com\/wp-content\/uploads\/2024\/03\/NZ9_7077-HDR-A-795-A-135-Black-Galvanized.jpg\",\"width\":1920,\"height\":1250},{\"@type\":\"BreadcrumbList\",\"@id\":\"https:\/\/www.delmetals.com\/pipe\/#breadcrumb\",\"itemListElement\":[{\"@type\":\"ListItem\",\"position\":1,\"name\":\"Home\",\"item\":\"https:\/\/www.delmetals.com\/\"},{\"@type\":\"ListItem\",\"position\":2,\"name\":\"Tuyaux\"}]},{\"@type\":\"WebSite\",\"@id\":\"https:\/\/www.delmetals.com\/#website\",\"url\":\"https:\/\/www.delmetals.com\/\",\"name\":\"Del Metals\",\"description\":\"\",\"potentialAction\":[{\"@type\":\"SearchAction\",\"target\":{\"@type\":\"EntryPoint\",\"urlTemplate\":\"https:\/\/www.delmetals.com\/?s={search_term_string}\"},\"query-input\":{\"@type\":\"PropertyValueSpecification\",\"valueRequired\":true,\"valueName\":\"search_term_string\"}}],\"inLanguage\":\"fr-FR\"}]}<\/script>\n<!-- \/ Yoast SEO plugin. -->","yoast_head_json":{"title":"Tuyaux - Del Metals","description":"Nous sommes les leaders de l'industrie dans la distribution de tuyaux. Quels que soient vos besoins, nous disposons de l'inventaire pour vous aider. Nous avons \u00e9tabli de solides fondations dans l'industrie des tuyaux et nous avons contribu\u00e9 \u00e0 r\u00e9diger les sp\u00e9cifications de nombreux produits.","robots":{"index":"index","follow":"follow","max-snippet":"max-snippet:-1","max-image-preview":"max-image-preview:large","max-video-preview":"max-video-preview:-1"},"canonical":"https:\/\/www.delmetals.com\/pipe\/","og_locale":"fr_FR","og_type":"article","og_title":"Tuyaux - Del Metals","og_description":"Nous sommes les leaders de l'industrie dans la distribution de tuyaux. Quels que soient vos besoins, nous disposons de l'inventaire pour vous aider. Nous avons \u00e9tabli de solides fondations dans l'industrie des tuyaux et nous avons contribu\u00e9 \u00e0 r\u00e9diger les sp\u00e9cifications de nombreux produits.","og_url":"https:\/\/www.delmetals.com\/pipe\/","og_site_name":"Del Metals","article_modified_time":"2024-05-15T20:33:29+00:00","og_image":[{"width":1920,"height":1250,"url":"https:\/\/www.delmetals.com\/wp-content\/uploads\/2024\/03\/NZ9_7077-HDR-A-795-A-135-Black-Galvanized.jpg","type":"image\/jpeg"}],"twitter_card":"summary_large_image","schema":{"@context":"https:\/\/schema.org","@graph":[{"@type":"WebPage","@id":"https:\/\/www.delmetals.com\/pipe\/","url":"https:\/\/www.delmetals.com\/pipe\/","name":"Tuyaux - Del Metals","isPartOf":{"@id":"https:\/\/www.delmetals.com\/#website"},"primaryImageOfPage":{"@id":"https:\/\/www.delmetals.com\/pipe\/#primaryimage"},"image":{"@id":"https:\/\/www.delmetals.com\/pipe\/#primaryimage"},"thumbnailUrl":"https:\/\/www.delmetals.com\/wp-content\/uploads\/2024\/03\/NZ9_7077-HDR-A-795-A-135-Black-Galvanized.jpg","datePublished":"2023-12-14T18:41:18+00:00","dateModified":"2024-05-15T20:33:29+00:00","description":"Nous sommes les leaders de l'industrie dans la distribution de tuyaux. Quels que soient vos besoins, nous disposons de l'inventaire pour vous aider. Nous avons \u00e9tabli de solides fondations dans l'industrie des tuyaux et nous avons contribu\u00e9 \u00e0 r\u00e9diger les sp\u00e9cifications de nombreux produits.","breadcrumb":{"@id":"https:\/\/www.delmetals.com\/pipe\/#breadcrumb"},"inLanguage":"fr-FR","potentialAction":[{"@type":"ReadAction","target":["https:\/\/www.delmetals.com\/pipe\/"]}]},{"@type":"ImageObject","inLanguage":"fr-FR","@id":"https:\/\/www.delmetals.com\/pipe\/#primaryimage","url":"https:\/\/www.delmetals.com\/wp-content\/uploads\/2024\/03\/NZ9_7077-HDR-A-795-A-135-Black-Galvanized.jpg","contentUrl":"https:\/\/www.delmetals.com\/wp-content\/uploads\/2024\/03\/NZ9_7077-HDR-A-795-A-135-Black-Galvanized.jpg","width":1920,"height":1250},{"@type":"BreadcrumbList","@id":"https:\/\/www.delmetals.com\/pipe\/#breadcrumb","itemListElement":[{"@type":"ListItem","position":1,"name":"Home","item":"https:\/\/www.delmetals.com\/"},{"@type":"ListItem","position":2,"name":"Tuyaux"}]},{"@type":"WebSite","@id":"https:\/\/www.delmetals.com\/#website","url":"https:\/\/www.delmetals.com\/","name":"Del Metals","description":"","potentialAction":[{"@type":"SearchAction","target":{"@type":"EntryPoint","urlTemplate":"https:\/\/www.delmetals.com\/?s={search_term_string}"},"query-input":{"@type":"PropertyValueSpecification","valueRequired":true,"valueName":"search_term_string"}}],"inLanguage":"fr-FR"}]}},"_links":{"self":[{"href":"https:\/\/www.delmetals.com\/fr\/wp-json\/wp\/v2\/pages\/1182","targetHints":{"allow":["GET"]}}],"collection":[{"href":"https:\/\/www.delmetals.com\/fr\/wp-json\/wp\/v2\/pages"}],"about":[{"href":"https:\/\/www.delmetals.com\/fr\/wp-json\/wp\/v2\/types\/page"}],"author":[{"embeddable":true,"href":"https:\/\/www.delmetals.com\/fr\/wp-json\/wp\/v2\/users\/2"}],"replies":[{"embeddable":true,"href":"https:\/\/www.delmetals.com\/fr\/wp-json\/wp\/v2\/comments?post=1182"}],"version-history":[{"count":0,"href":"https:\/\/www.delmetals.com\/fr\/wp-json\/wp\/v2\/pages\/1182\/revisions"}],"wp:featuredmedia":[{"embeddable":true,"href":"https:\/\/www.delmetals.com\/fr\/wp-json\/wp\/v2\/media\/1475"}],"wp:attachment":[{"href":"https:\/\/www.delmetals.com\/fr\/wp-json\/wp\/v2\/media?parent=1182"}],"curies":[{"name":"wp","href":"https:\/\/api.w.org\/{rel}","templated":true}]}}