{"id":1179,"date":"2023-12-14T18:45:52","date_gmt":"2023-12-14T22:45:52","guid":{"rendered":"https:\/\/delmetals.wpenginepowered.com\/products\/"},"modified":"2024-05-21T13:12:45","modified_gmt":"2024-05-21T17:12:45","slug":"products","status":"publish","type":"page","link":"https:\/\/www.delmetals.com\/fr\/products\/","title":{"rendered":"Nos Produits"},"content":{"rendered":"\r\n<section id=\"centered-content-block_1c68669d9502377bcd810dd15ff61dbf\"\r\n         class=\"orange-block centered-content-block\"\r\n    >\r\n\r\n\r\n    \r\n    <div class=\"container\">\r\n        <div class=\"row\">\r\n            <div class=\"col-12 content-column\" tabindex=\"0\">\r\n                <div class=\"content-container\">\r\n                                            <h3>Explorez notre gamme compl\u00e8te de mat\u00e9riaux.<\/h3>\n<p>La qualit\u00e9 \u00e9lev\u00e9e et la pr\u00e9cision sont notre priorit\u00e9. Nous proposons une vari\u00e9t\u00e9 de m\u00e9taux avec une gamme d&rsquo;options de taille, de qualit\u00e9 et de finition. Les investissements dans les meilleures technologies nous permettent de fournir une qualit\u00e9 sup\u00e9rieure et des mat\u00e9riaux pr\u00e9cis pour toute application. Les entrep\u00f4ts en Ontario et au Qu\u00e9bec rendent possible la livraison juste-\u00e0-temps \u00e0 vos installations.<\/p>\n<p>Collaborez avec notre \u00e9quipe pour trouver le mat\u00e9riel adapt\u00e9 \u00e0 vos besoins.<\/p>\n                <\/div>\r\n            <\/div>\r\n        <\/div>\r\n\r\n\t    \r\n    <\/div>\r\n    \r\n<\/section>\r\n\n\n\t<section id=\"image-link-block_2e671504aa3f334bff5f2bd9cd5cffb3\"\n\t\t\tclass=\"orange-block image-link-block\" >\n\n\t\t\n\t\t\t\t\n\t\t<div class=\"image-row-container container-fluid\">\n\t\t\t<div class=\"images-wrap row\">\n\t\t\t\t\t\t\t\t\t<a href=\"https:\/\/www.delmetals.com\/fr\/carbon-sheet\/\" class=\"single-image-link-block has-1-items\">\n\t\t\t\t\t\t<div class=\"background-container\">\n\t\t\t\t\t\t\t<img decoding=\"async\" class=\"box-background\" src=\"https:\/\/www.delmetals.com\/wp-content\/uploads\/2024\/03\/Checker-Plate-Sheet-2-1024x486.jpg\" alt=\"Feuilles d\u2019acier au Carbone\"\/>\n\t\t\t\t\t\t\t<div class=\"overlay\"><\/div>\n\t\t\t\t\t\t<\/div>\n\t\t\t\t\t\t\t\t\t\t\t\t<p class=\"h2 image-text \">Feuilles d\u2019acier au Carbone<\/p>\n\t\t\t\t\t\t\t\t\t\t\t\t\t<div class=\"learn-more-link-container\">\n\t\t\t\t\t\t\t\t<p class=\"learn-more-link fancy-link\">\n\t\t\t\t\t\t\t\t\tVoir les Produits\t\t\t\t\t\t\t\t<\/p>\n\t\t\t\t\t\t\t<\/div>\n\t\t\t\t\t\t\t\n\t\t\t\t\t<\/a>\n\t\t\t\t\t\t\t\t<\/div>\n\t\t<\/div>\n\n\t<\/section>\n\n\t\n\n\t<section id=\"image-link-block_d5495db87d61a6faae52434d82f41dc6\"\n\t\t\tclass=\"orange-block image-link-block\" >\n\n\t\t\n\t\t\t\t\n\t\t<div class=\"image-row-container container-fluid\">\n\t\t\t<div class=\"images-wrap row\">\n\t\t\t\t\t\t\t\t\t<a href=\"https:\/\/www.delmetals.com\/fr\/non-ferrous\/\" class=\"single-image-link-block has-3-items\">\n\t\t\t\t\t\t<div class=\"background-container\">\n\t\t\t\t\t\t\t<img decoding=\"async\" class=\"box-background\" src=\"https:\/\/www.delmetals.com\/wp-content\/uploads\/2024\/03\/NZ9_6527-HDR-Aluminum-Sheet-1024x661.jpg\" alt=\"Non-ferreux\"\/>\n\t\t\t\t\t\t\t<div class=\"overlay\"><\/div>\n\t\t\t\t\t\t<\/div>\n\t\t\t\t\t\t\t\t\t\t\t\t<p class=\"h2 image-text \">Non-ferreux<\/p>\n\t\t\t\t\t\t\t\t\t\t\t\t\t<div class=\"learn-more-link-container\">\n\t\t\t\t\t\t\t\t<p class=\"learn-more-link fancy-link\">\n\t\t\t\t\t\t\t\t\tVoir les Produits\t\t\t\t\t\t\t\t<\/p>\n\t\t\t\t\t\t\t<\/div>\n\t\t\t\t\t\t\t\n\t\t\t\t\t<\/a>\n\t\t\t\t\t\t\t\t\t\t<a href=\"https:\/\/www.delmetals.com\/fr\/structural-steel\/\" class=\"single-image-link-block has-3-items\">\n\t\t\t\t\t\t<div class=\"background-container\">\n\t\t\t\t\t\t\t<img decoding=\"async\" class=\"box-background\" src=\"https:\/\/www.delmetals.com\/wp-content\/uploads\/2024\/03\/NZ9_6824-HDR-Chanels-1024x769.jpg\" alt=\"Acier Structural\"\/>\n\t\t\t\t\t\t\t<div class=\"overlay\"><\/div>\n\t\t\t\t\t\t<\/div>\n\t\t\t\t\t\t\t\t\t\t\t\t<p class=\"h2 image-text \">Acier Structural<\/p>\n\t\t\t\t\t\t\t\t\t\t\t\t\t<div class=\"learn-more-link-container\">\n\t\t\t\t\t\t\t\t<p class=\"learn-more-link fancy-link\">\n\t\t\t\t\t\t\t\t\tVoir les Produits\t\t\t\t\t\t\t\t<\/p>\n\t\t\t\t\t\t\t<\/div>\n\t\t\t\t\t\t\t\n\t\t\t\t\t<\/a>\n\t\t\t\t\t\t\t\t\t\t<a href=\"https:\/\/www.delmetals.com\/fr\/pipe\/\" class=\"single-image-link-block has-3-items\">\n\t\t\t\t\t\t<div class=\"background-container\">\n\t\t\t\t\t\t\t<img decoding=\"async\" class=\"box-background\" src=\"https:\/\/www.delmetals.com\/wp-content\/uploads\/2024\/03\/NZ9_7077-HDR-A-795-A-135-Black-Galvanized-1024x667.jpg\" alt=\"Tuyaux\"\/>\n\t\t\t\t\t\t\t<div class=\"overlay\"><\/div>\n\t\t\t\t\t\t<\/div>\n\t\t\t\t\t\t\t\t\t\t\t\t<p class=\"h2 image-text \">Tuyaux<\/p>\n\t\t\t\t\t\t\t\t\t\t\t\t\t<div class=\"learn-more-link-container\">\n\t\t\t\t\t\t\t\t<p class=\"learn-more-link fancy-link\">\n\t\t\t\t\t\t\t\t\tVoir les Produits\t\t\t\t\t\t\t\t<\/p>\n\t\t\t\t\t\t\t<\/div>\n\t\t\t\t\t\t\t\n\t\t\t\t\t<\/a>\n\t\t\t\t\t\t\t\t<\/div>\n\t\t<\/div>\n\n\t<\/section>\n\n\t","protected":false},"excerpt":{"rendered":"","protected":false},"author":2,"featured_media":1673,"parent":0,"menu_order":23,"comment_status":"closed","ping_status":"closed","template":"","meta":{"footnotes":""},"class_list":["post-1179","page","type-page","status-publish","has-post-thumbnail","hentry"],"acf":[],"yoast_head":"<!-- This site is optimized with the Yoast SEO plugin v27.0 - https:\/\/yoast.com\/product\/yoast-seo-wordpress\/ -->\n<title>Nos Produits - Del Metals<\/title>\n<meta name=\"description\" content=\"Nous proposons une vari\u00e9t\u00e9 de m\u00e9taux avec une gamme d&#039;options de taille, de qualit\u00e9 et de finition. Les investissements dans les meilleures technologies nous permettent de fournir une qualit\u00e9 sup\u00e9rieure et des mat\u00e9riaux pr\u00e9cis pour toute application.\" \/>\n<meta name=\"robots\" content=\"index, follow, max-snippet:-1, max-image-preview:large, max-video-preview:-1\" \/>\n<link rel=\"canonical\" href=\"https:\/\/www.delmetals.com\/fr\/products\/\" \/>\n<meta property=\"og:locale\" content=\"fr_FR\" \/>\n<meta property=\"og:type\" content=\"article\" \/>\n<meta property=\"og:title\" content=\"Nos Produits - Del Metals\" \/>\n<meta property=\"og:description\" content=\"Nous proposons une vari\u00e9t\u00e9 de m\u00e9taux avec une gamme d&#039;options de taille, de qualit\u00e9 et de finition. Les investissements dans les meilleures technologies nous permettent de fournir une qualit\u00e9 sup\u00e9rieure et des mat\u00e9riaux pr\u00e9cis pour toute application.\" \/>\n<meta property=\"og:url\" content=\"https:\/\/www.delmetals.com\/fr\/products\/\" \/>\n<meta property=\"og:site_name\" content=\"Del Metals\" \/>\n<meta property=\"article:modified_time\" content=\"2024-05-21T17:12:45+00:00\" \/>\n<meta property=\"og:image\" content=\"https:\/\/www.delmetals.com\/wp-content\/uploads\/2024\/03\/Powder-Black-Fence-Pipe-14-Flip.jpg\" \/>\n\t<meta property=\"og:image:width\" content=\"1920\" \/>\n\t<meta property=\"og:image:height\" content=\"1222\" \/>\n\t<meta property=\"og:image:type\" content=\"image\/jpeg\" \/>\n<meta name=\"twitter:card\" content=\"summary_large_image\" \/>\n<meta name=\"twitter:label1\" content=\"Dur\u00e9e de lecture estim\u00e9e\" \/>\n\t<meta name=\"twitter:data1\" content=\"1 minute\" \/>\n<script type=\"application\/ld+json\" class=\"yoast-schema-graph\">{\"@context\":\"https:\/\/schema.org\",\"@graph\":[{\"@type\":\"WebPage\",\"@id\":\"https:\/\/www.delmetals.com\/fr\/products\/\",\"url\":\"https:\/\/www.delmetals.com\/fr\/products\/\",\"name\":\"Nos Produits - Del Metals\",\"isPartOf\":{\"@id\":\"https:\/\/www.delmetals.com\/#website\"},\"primaryImageOfPage\":{\"@id\":\"https:\/\/www.delmetals.com\/fr\/products\/#primaryimage\"},\"image\":{\"@id\":\"https:\/\/www.delmetals.com\/fr\/products\/#primaryimage\"},\"thumbnailUrl\":\"https:\/\/www.delmetals.com\/wp-content\/uploads\/2024\/03\/Powder-Black-Fence-Pipe-14-Flip.jpg\",\"datePublished\":\"2023-12-14T22:45:52+00:00\",\"dateModified\":\"2024-05-21T17:12:45+00:00\",\"description\":\"Nous proposons une vari\u00e9t\u00e9 de m\u00e9taux avec une gamme d'options de taille, de qualit\u00e9 et de finition. Les investissements dans les meilleures technologies nous permettent de fournir une qualit\u00e9 sup\u00e9rieure et des mat\u00e9riaux pr\u00e9cis pour toute application.\",\"breadcrumb\":{\"@id\":\"https:\/\/www.delmetals.com\/fr\/products\/#breadcrumb\"},\"inLanguage\":\"fr-FR\",\"potentialAction\":[{\"@type\":\"ReadAction\",\"target\":[\"https:\/\/www.delmetals.com\/fr\/products\/\"]}]},{\"@type\":\"ImageObject\",\"inLanguage\":\"fr-FR\",\"@id\":\"https:\/\/www.delmetals.com\/fr\/products\/#primaryimage\",\"url\":\"https:\/\/www.delmetals.com\/wp-content\/uploads\/2024\/03\/Powder-Black-Fence-Pipe-14-Flip.jpg\",\"contentUrl\":\"https:\/\/www.delmetals.com\/wp-content\/uploads\/2024\/03\/Powder-Black-Fence-Pipe-14-Flip.jpg\",\"width\":1920,\"height\":1222},{\"@type\":\"BreadcrumbList\",\"@id\":\"https:\/\/www.delmetals.com\/fr\/products\/#breadcrumb\",\"itemListElement\":[{\"@type\":\"ListItem\",\"position\":1,\"name\":\"Home\",\"item\":\"https:\/\/www.delmetals.com\/\"},{\"@type\":\"ListItem\",\"position\":2,\"name\":\"Nos Produits\"}]},{\"@type\":\"WebSite\",\"@id\":\"https:\/\/www.delmetals.com\/#website\",\"url\":\"https:\/\/www.delmetals.com\/\",\"name\":\"Del Metals\",\"description\":\"\",\"potentialAction\":[{\"@type\":\"SearchAction\",\"target\":{\"@type\":\"EntryPoint\",\"urlTemplate\":\"https:\/\/www.delmetals.com\/?s={search_term_string}\"},\"query-input\":{\"@type\":\"PropertyValueSpecification\",\"valueRequired\":true,\"valueName\":\"search_term_string\"}}],\"inLanguage\":\"fr-FR\"}]}<\/script>\n<!-- \/ Yoast SEO plugin. -->","yoast_head_json":{"title":"Nos Produits - Del Metals","description":"Nous proposons une vari\u00e9t\u00e9 de m\u00e9taux avec une gamme d'options de taille, de qualit\u00e9 et de finition. Les investissements dans les meilleures technologies nous permettent de fournir une qualit\u00e9 sup\u00e9rieure et des mat\u00e9riaux pr\u00e9cis pour toute application.","robots":{"index":"index","follow":"follow","max-snippet":"max-snippet:-1","max-image-preview":"max-image-preview:large","max-video-preview":"max-video-preview:-1"},"canonical":"https:\/\/www.delmetals.com\/fr\/products\/","og_locale":"fr_FR","og_type":"article","og_title":"Nos Produits - Del Metals","og_description":"Nous proposons une vari\u00e9t\u00e9 de m\u00e9taux avec une gamme d'options de taille, de qualit\u00e9 et de finition. Les investissements dans les meilleures technologies nous permettent de fournir une qualit\u00e9 sup\u00e9rieure et des mat\u00e9riaux pr\u00e9cis pour toute application.","og_url":"https:\/\/www.delmetals.com\/fr\/products\/","og_site_name":"Del Metals","article_modified_time":"2024-05-21T17:12:45+00:00","og_image":[{"width":1920,"height":1222,"url":"https:\/\/www.delmetals.com\/wp-content\/uploads\/2024\/03\/Powder-Black-Fence-Pipe-14-Flip.jpg","type":"image\/jpeg"}],"twitter_card":"summary_large_image","twitter_misc":{"Dur\u00e9e de lecture estim\u00e9e":"1 minute"},"schema":{"@context":"https:\/\/schema.org","@graph":[{"@type":"WebPage","@id":"https:\/\/www.delmetals.com\/fr\/products\/","url":"https:\/\/www.delmetals.com\/fr\/products\/","name":"Nos Produits - Del Metals","isPartOf":{"@id":"https:\/\/www.delmetals.com\/#website"},"primaryImageOfPage":{"@id":"https:\/\/www.delmetals.com\/fr\/products\/#primaryimage"},"image":{"@id":"https:\/\/www.delmetals.com\/fr\/products\/#primaryimage"},"thumbnailUrl":"https:\/\/www.delmetals.com\/wp-content\/uploads\/2024\/03\/Powder-Black-Fence-Pipe-14-Flip.jpg","datePublished":"2023-12-14T22:45:52+00:00","dateModified":"2024-05-21T17:12:45+00:00","description":"Nous proposons une vari\u00e9t\u00e9 de m\u00e9taux avec une gamme d'options de taille, de qualit\u00e9 et de finition. Les investissements dans les meilleures technologies nous permettent de fournir une qualit\u00e9 sup\u00e9rieure et des mat\u00e9riaux pr\u00e9cis pour toute application.","breadcrumb":{"@id":"https:\/\/www.delmetals.com\/fr\/products\/#breadcrumb"},"inLanguage":"fr-FR","potentialAction":[{"@type":"ReadAction","target":["https:\/\/www.delmetals.com\/fr\/products\/"]}]},{"@type":"ImageObject","inLanguage":"fr-FR","@id":"https:\/\/www.delmetals.com\/fr\/products\/#primaryimage","url":"https:\/\/www.delmetals.com\/wp-content\/uploads\/2024\/03\/Powder-Black-Fence-Pipe-14-Flip.jpg","contentUrl":"https:\/\/www.delmetals.com\/wp-content\/uploads\/2024\/03\/Powder-Black-Fence-Pipe-14-Flip.jpg","width":1920,"height":1222},{"@type":"BreadcrumbList","@id":"https:\/\/www.delmetals.com\/fr\/products\/#breadcrumb","itemListElement":[{"@type":"ListItem","position":1,"name":"Home","item":"https:\/\/www.delmetals.com\/"},{"@type":"ListItem","position":2,"name":"Nos Produits"}]},{"@type":"WebSite","@id":"https:\/\/www.delmetals.com\/#website","url":"https:\/\/www.delmetals.com\/","name":"Del Metals","description":"","potentialAction":[{"@type":"SearchAction","target":{"@type":"EntryPoint","urlTemplate":"https:\/\/www.delmetals.com\/?s={search_term_string}"},"query-input":{"@type":"PropertyValueSpecification","valueRequired":true,"valueName":"search_term_string"}}],"inLanguage":"fr-FR"}]}},"_links":{"self":[{"href":"https:\/\/www.delmetals.com\/fr\/wp-json\/wp\/v2\/pages\/1179","targetHints":{"allow":["GET"]}}],"collection":[{"href":"https:\/\/www.delmetals.com\/fr\/wp-json\/wp\/v2\/pages"}],"about":[{"href":"https:\/\/www.delmetals.com\/fr\/wp-json\/wp\/v2\/types\/page"}],"author":[{"embeddable":true,"href":"https:\/\/www.delmetals.com\/fr\/wp-json\/wp\/v2\/users\/2"}],"replies":[{"embeddable":true,"href":"https:\/\/www.delmetals.com\/fr\/wp-json\/wp\/v2\/comments?post=1179"}],"version-history":[{"count":0,"href":"https:\/\/www.delmetals.com\/fr\/wp-json\/wp\/v2\/pages\/1179\/revisions"}],"wp:featuredmedia":[{"embeddable":true,"href":"https:\/\/www.delmetals.com\/fr\/wp-json\/wp\/v2\/media\/1673"}],"wp:attachment":[{"href":"https:\/\/www.delmetals.com\/fr\/wp-json\/wp\/v2\/media?parent=1179"}],"curies":[{"name":"wp","href":"https:\/\/api.w.org\/{rel}","templated":true}]}}